{"id":10433,"date":"2015-06-17T08:08:27","date_gmt":"2015-06-17T06:08:27","guid":{"rendered":"http:\/\/www.schnauzerclub.sk\/?page_id=10433&#038;lang=en"},"modified":"2021-01-05T21:14:29","modified_gmt":"2021-01-05T19:14:29","slug":"2005-schnauzer","status":"publish","type":"page","link":"https:\/\/www.schnauzerclub.sk\/en\/stud-book\/2005-schnauzer\/","title":{"rendered":"2005 Schnauzer"},"content":{"rendered":"<p><em><strong>Schnauzer Mittelschlag\/<\/strong><\/em><\/p>\n<p><em><b>Danube\u00b4s heritage<\/b> (\u010dierny)<\/em><\/p>\n<p>Moln\u00e1rov\u00e1 Jana Ing.<br \/>\nJ\u00f3kaiho 36,\u00a0821 06 Bratislava<br \/>\n07.03.2005<br \/>\nSIMONS MARVEL ot Barbatsutsy\/RKF 124196<br \/>\nYOYO BLACK Grand Calvera\/SPKP 1222<br \/>\n1254 \u00a0 P AARON<br \/>\n1255 \u00a0 P ANGEL<br \/>\n1256 \u00a0 P ARDEN<br \/>\n1257 \u00a0 P ARYS<br \/>\n1258 \u00a0 P ATHOS<br \/>\n1259 \u00a0 P AXEL<br \/>\n1260 \u00a0 S AALIYAH<br \/>\n1261 \u00a0 S AVRIL<\/p>\n<p><strong><em>Kad-Mil (\u010dierny)<\/em><\/strong><\/p>\n<p>Kadlecajov\u00e1 Andrea Ing.<br \/>\nMierov\u00e1 32,\u00a0900 44 Tom\u00e1\u0161ov<br \/>\n21.05.2005<br \/>\nAGBAR od Casia\/SPKP 1077<br \/>\nKENDIE Kad-Mil\/SPKP 1145<br \/>\n1265 \u00a0 P LERY<br \/>\n1266 \u00a0 P LONDON<br \/>\n1267 \u00a0 P LORD<br \/>\n1268 \u00a0 P LUK<br \/>\n1269 \u00a0 S LUNA<\/p>\n","protected":false},"excerpt":{"rendered":"<p>Schnauzer Mittelschlag\/ Danube\u00b4s heritage (\u010dierny) Moln\u00e1rov\u00e1 Jana Ing. J\u00f3kaiho 36,\u00a0821 06 Bratislava 07.03.2005 SIMONS MARVEL ot Barbatsutsy\/RKF 124196 YOYO BLACK Grand Calvera\/SPKP 1222 1254 \u00a0 P AARON 1255 \u00a0 P ANGEL 1256 \u00a0 P ARDEN 1257 \u00a0 P ARYS 1258 \u00a0 P ATHOS 1259 \u00a0 P AXEL 1260 \u00a0 S AALIYAH 1261 \u00a0 S AVRIL [&hellip;]<\/p>\n","protected":false},"author":2,"featured_media":0,"parent":2990,"menu_order":0,"comment_status":"closed","ping_status":"closed","template":"","meta":{"slim_seo":{"title":"2005 Schnauzer - KCHPB","description":"Schnauzer Mittelschlag\/ Danube\u00b4s heritage (\u010dierny) Moln\u00e1rov\u00e1 Jana Ing. J\u00f3kaiho 36,\u00a0821 06 Bratislava 07.03.2005 SIMONS MARVEL ot Barbatsutsy\/RKF 124196 YOYO BLA"},"footnotes":""},"class_list":["post-10433","page","type-page","status-publish","hentry"],"_links":{"self":[{"href":"https:\/\/www.schnauzerclub.sk\/en\/wp-json\/wp\/v2\/pages\/10433","targetHints":{"allow":["GET"]}}],"collection":[{"href":"https:\/\/www.schnauzerclub.sk\/en\/wp-json\/wp\/v2\/pages"}],"about":[{"href":"https:\/\/www.schnauzerclub.sk\/en\/wp-json\/wp\/v2\/types\/page"}],"author":[{"embeddable":true,"href":"https:\/\/www.schnauzerclub.sk\/en\/wp-json\/wp\/v2\/users\/2"}],"replies":[{"embeddable":true,"href":"https:\/\/www.schnauzerclub.sk\/en\/wp-json\/wp\/v2\/comments?post=10433"}],"version-history":[{"count":0,"href":"https:\/\/www.schnauzerclub.sk\/en\/wp-json\/wp\/v2\/pages\/10433\/revisions"}],"up":[{"embeddable":true,"href":"https:\/\/www.schnauzerclub.sk\/en\/wp-json\/wp\/v2\/pages\/2990"}],"wp:attachment":[{"href":"https:\/\/www.schnauzerclub.sk\/en\/wp-json\/wp\/v2\/media?parent=10433"}],"curies":[{"name":"wp","href":"https:\/\/api.w.org\/{rel}","templated":true}]}}