{"id":11603,"date":"2015-06-17T08:35:12","date_gmt":"2015-06-17T06:35:12","guid":{"rendered":"http:\/\/www.schnauzerclub.sk\/?page_id=11603&#038;lang=en"},"modified":"2021-01-05T21:22:50","modified_gmt":"2021-01-05T19:22:50","slug":"2002-rriesenschnauzer-2","status":"publish","type":"page","link":"https:\/\/www.schnauzerclub.sk\/en\/stud-book\/2002-rriesenschnauzer-2\/","title":{"rendered":"2002 Riesenschnauzer"},"content":{"rendered":"<p><em><b>Riesenschnauzer\/<\/b><\/em><\/p>\n<p><em><b>Triumetal <\/b>(\u010dierny)<\/em><\/p>\n<p>Sla\u010dkov\u00e1 Jaroslava Ing.<br \/>\nPriebe\u017en\u00e1 489\/9,\u00a0031 04 Liptovsk\u00fd Mikul\u00e1\u0161<br \/>\n10.01.2002<br \/>\nREMIX Gloris\/\u010cMKU 4436\/9<br \/>\nJESSICA Sarah Radinie\/SPKP 1212<br \/>\n1340 \u00a0 P RAINMAKER<br \/>\n1341 \u00a0 P REDHOT ROCK<br \/>\n1342 \u00a0 P ROYAL RUBYS<br \/>\n1343 \u00a0 S RISING SUN<br \/>\n1344 \u00a0 S RUDDY RAINBOW<\/p>\n<p><b><i>Neiro Garden <\/i><\/b><i>(\u010dierny)<\/i><\/p>\n<p>Horv\u00e1th Marcel<br \/>\n053 22 Jamn\u00edk 196<br \/>\n10.04.2002<br \/>\nDORN .\/HR 10375<br \/>\nGRIGUS Sea-Shell\/SPKP 1151<br \/>\n1346 \u00a0 P ISTER<br \/>\n1347 \u00a0 P IRIS<br \/>\n1348 \u00a0 P IDOL<br \/>\n1349 \u00a0 P ING. DORN<br \/>\n1350 \u00a0 P ADAHO<br \/>\n1351 \u00a0 P IMON<br \/>\n1352 \u00a0 S IZABELA<br \/>\n1353 \u00a0 S INEZ<br \/>\n1354 \u00a0 S IRANA<br \/>\n1355 \u00a0 S IMAGINE<\/p>\n<p><em><strong>Triumetal (\u010dierny)<\/strong><\/em><\/p>\n<p>Sla\u010dkov\u00e1 Jaroslava Ing.<br \/>\nPriebe\u017en\u00e1 489\/9,\u00a0031 04 Liptovsk\u00fd Mikul\u00e1\u0161<br \/>\n27.04.2002<br \/>\nICEBREAKER Radinie\/SPKP 1196<br \/>\nBRIGITTA Radinie\/SHPK 00194<br \/>\n1356 \u00a0 P SMART SKYLINE<br \/>\n1357 \u00a0 P SQUARE STONE<br \/>\n1358 \u00a0 S SILVER STAR<br \/>\n1359 \u00a0 S SPRING SUNSET<br \/>\n1360 \u00a0 S STELLAR STYLE<br \/>\n1361 \u00a0 S SWANG SONG<\/p>\n<p><strong><em>Gajam\u00edr (\u010dierny)<\/em><\/strong><\/p>\n<p>Gaj Pavol<br \/>\nHoll\u00e9ho 85,\u00a0036 01 Martin<br \/>\n15.05.2002<br \/>\nICEBREAKER Radinie\/SPKP 1196<br \/>\nJENY Gajami\/SPKP 1021<br \/>\n1362 \u00a0 P CLIFF<br \/>\n1363 \u00a0 P CONNY<br \/>\n1364 \u00a0 P CORO<\/p>\n<p><em><strong>Triumetal (\u010dierny)<\/strong><\/em><\/p>\n<p>Sla\u010dkov\u00e1 Jaroslava Ing.<br \/>\nPriebe\u017en\u00e1 489\/9,\u00a0031 04 Liptovsk\u00fd Mikul\u00e1\u0161<br \/>\n24.06.2002<br \/>\nICEBREAKER Radinie\/SPKP 1196<br \/>\nBARBARA Triumetal\/SHPK 00307<br \/>\n1365 \u00a0 P TERMINATOR<br \/>\n1366 \u00a0 P TORNADO<br \/>\n1367 \u00a0 P TYPHOON<br \/>\n1368 \u00a0 P TWISTER<br \/>\n1369 \u00a0 S TARANTULA<br \/>\n1370 \u00a0 S TORRID TONIGHT<br \/>\n1371 \u00a0 S TRIGGER EFFECT<br \/>\n1372 \u00a0 S TRUE TIGRESS<\/p>\n<p><em><strong>OK-ER (\u010dierny)<\/strong><\/em><\/p>\n<p>Okruhlica Erik<br \/>\nSmetanova 9,\u00a0927 00 \u0160a\u013ea<br \/>\n02.08.2002<br \/>\nBORO z Rodhavky\/SPKP 1015<br \/>\nMOON LIGHT Triumetal\/SPKP 1226<br \/>\n1373 \u00a0 P ALFRED<br \/>\n1374 \u00a0 P ARCO<br \/>\n1375 \u00a0 S ANNET<br \/>\n1376 \u00a0 S ALIEN<br \/>\n1377 \u00a0 S ALEXA<\/p>\n<p><strong><em>Dersy (\u010dierny)<\/em><\/strong><\/p>\n<p>Pau\u010do Jozef<br \/>\n\u017delezni\u010dn\u00e1 233\/2,\u00a0962 02 V\u00edg\u013ea\u0161<br \/>\n13.09.2002<br \/>\nICEBREAKER Radinie\/SPKP 1196<br \/>\nARSIA z Hnedej skaly\/SPKP 1183<br \/>\n1378 \u00a0 P ADON<br \/>\n1379 \u00a0 P AGAR<br \/>\n1380 \u00a0 P AJDAR<br \/>\n1381 \u00a0 P ATHOS<br \/>\n1382 \u00a0 S ADELA<br \/>\n1383 \u00a0 S AFRIA<br \/>\n1384 \u00a0 S AJDA<br \/>\n1385 \u00a0 S ANTISA<br \/>\n1386 \u00a0 S ASTA<br \/>\n1387 \u00a0 S AXELL<\/p>\n","protected":false},"excerpt":{"rendered":"<p>Riesenschnauzer\/ Triumetal (\u010dierny) Sla\u010dkov\u00e1 Jaroslava Ing. Priebe\u017en\u00e1 489\/9,\u00a0031 04 Liptovsk\u00fd Mikul\u00e1\u0161 10.01.2002 REMIX Gloris\/\u010cMKU 4436\/9 JESSICA Sarah Radinie\/SPKP 1212 1340 \u00a0 P RAINMAKER 1341 \u00a0 P REDHOT ROCK 1342 \u00a0 P ROYAL RUBYS 1343 \u00a0 S RISING SUN 1344 \u00a0 S RUDDY RAINBOW Neiro Garden (\u010dierny) Horv\u00e1th Marcel 053 22 Jamn\u00edk 196 10.04.2002 DORN .\/HR [&hellip;]<\/p>\n","protected":false},"author":2,"featured_media":0,"parent":2990,"menu_order":0,"comment_status":"closed","ping_status":"closed","template":"","meta":{"slim_seo":{"title":"2002 Riesenschnauzer - KCHPB","description":"Riesenschnauzer\/ Triumetal (\u010dierny) Sla\u010dkov\u00e1 Jaroslava Ing. Priebe\u017en\u00e1 489\/9,\u00a0031 04 Liptovsk\u00fd Mikul\u00e1\u0161 10.01.2002 REMIX Gloris\/\u010cMKU 4436\/9 JESSICA Sarah Radinie\/"},"footnotes":""},"class_list":["post-11603","page","type-page","status-publish","hentry"],"_links":{"self":[{"href":"https:\/\/www.schnauzerclub.sk\/en\/wp-json\/wp\/v2\/pages\/11603","targetHints":{"allow":["GET"]}}],"collection":[{"href":"https:\/\/www.schnauzerclub.sk\/en\/wp-json\/wp\/v2\/pages"}],"about":[{"href":"https:\/\/www.schnauzerclub.sk\/en\/wp-json\/wp\/v2\/types\/page"}],"author":[{"embeddable":true,"href":"https:\/\/www.schnauzerclub.sk\/en\/wp-json\/wp\/v2\/users\/2"}],"replies":[{"embeddable":true,"href":"https:\/\/www.schnauzerclub.sk\/en\/wp-json\/wp\/v2\/comments?post=11603"}],"version-history":[{"count":0,"href":"https:\/\/www.schnauzerclub.sk\/en\/wp-json\/wp\/v2\/pages\/11603\/revisions"}],"up":[{"embeddable":true,"href":"https:\/\/www.schnauzerclub.sk\/en\/wp-json\/wp\/v2\/pages\/2990"}],"wp:attachment":[{"href":"https:\/\/www.schnauzerclub.sk\/en\/wp-json\/wp\/v2\/media?parent=11603"}],"curies":[{"name":"wp","href":"https:\/\/api.w.org\/{rel}","templated":true}]}}