{"id":11637,"date":"2015-05-04T21:22:42","date_gmt":"2015-05-04T19:22:42","guid":{"rendered":"http:\/\/www.schnauzerclub.sk\/?page_id=11637&#038;lang=en"},"modified":"2021-01-05T21:19:34","modified_gmt":"2021-01-05T19:19:34","slug":"2003-zwergschnauzer","status":"publish","type":"page","link":"https:\/\/www.schnauzerclub.sk\/en\/stud-book\/2003-zwergschnauzer\/","title":{"rendered":"2003 Zwergschnauzer"},"content":{"rendered":"<p><b>Zwergschnauzer<\/b>\/<\/p>\n<p><b><i>zo \u017ditavy (korenie a so\u013e)<\/i><\/b><\/p>\n<p>O\u010dadl\u00edk R\u00f3bert<br \/>\nL\u00faky 1115\/22,\u00a0952 01 Vr\u00e1ble<br \/>\n24.11.2002<br \/>\nFILA Emi-Pat\/PKR 19577<br \/>\nDANCING QUEEN Astronaut\/SPKP 1330<br \/>\n1499 \u00a0 S CAMY<br \/>\n1500 \u00a0 S CANDY<br \/>\n1501 \u00a0 S CESSY<br \/>\n1502 \u00a0 S CITA<br \/>\n1503 \u00a0 S CONNIE<\/p>\n<p><b><i>Ikina (\u010diernostrieborn\u00fd)<\/i><\/b><\/p>\n<p>Jan\u010dikov\u00e1 Henrieta<br \/>\nDargovsk\u00e1 3,\u00a0040 01 Ko\u0161ice<br \/>\n06.01.2003<br \/>\nSANTA KNYRYS Omar Sherif\/\u010cMKU 5098\/0<br \/>\nDONNATHELA Posledn\u00ed skaut\/SPKP 1293<br \/>\n1506 \u00a0 P AERON<br \/>\n1507 \u00a0 P AKIM<br \/>\n1508 \u00a0 S AEMY<br \/>\n1509 \u00a0 S AIRIN<br \/>\n1510 \u00a0 S ALISON<\/p>\n<p><b><i>Bikin dvor (\u010dierny)<\/i><\/b><\/p>\n<p>Havl\u00edkov\u00e1 Zuzana<br \/>\nSv\u00e4tourbansk\u00e1 40,\u00a0949 01 Nitra<br \/>\n26.01.2003<br \/>\nPLAYBOY Rezlark\/\u010cMKU 4662<br \/>\nTRIXIE QUEEN z Hofjaru\/SPKP 1058<br \/>\n1511 \u00a0 P DIZZY DEVIL<br \/>\n1512 \u00a0 S DEBBIE DANCER<br \/>\n1513 \u00a0 S DEBORAH DEE<br \/>\n1514 \u00a0 S DEE DEE DOLL<br \/>\n1515 \u00a0 S DOLLY DEA DANDY<\/p>\n<p><b><i>z \u0160ardanu (\u010dierny)<\/i><\/b><\/p>\n<p>Koll\u00e1rov\u00e1 \u0160\u00e1rka<br \/>\nKla\u010dno 17,\u00a0034 01 Ru\u017eomberok<br \/>\n30.01.2003<br \/>\nJACKPOT IN VEGA Rezlark\/SPKP 1287<br \/>\nGRACIA MISS Rezlark\/SPKP 1181<br \/>\n1516 \u00a0 P GAUNER<br \/>\n1517 \u00a0 P GEDEON<br \/>\n1518 \u00a0 P GENTLEMAN<br \/>\n1519 \u00a0 P GREG GENIUS<br \/>\n1520 \u00a0 S GINGER<br \/>\n1521 \u00a0 S GRETA GARBO<br \/>\n1522 \u00a0 S GWENN GIRL<\/p>\n<p><b><i>Acer (\u010dierny)<\/i><\/b><\/p>\n<p>\u0160kablov\u00e1 Kl\u00e1ra<br \/>\nHornozoborsk\u00e1 104,\u00a0949 01 Nitra<br \/>\n27.01.2003<br \/>\nXMAGICMAN van de Havenstad\/\u010cMKU 4194<br \/>\nHELLOU DOLLY Rezlark\/SPKP 1278<br \/>\n1523 \u00a0 P BLACK BEN<br \/>\n1524 \u00a0 P BUFFY BU<\/p>\n<p>G<br \/>\n1525 \u00a0 S BESS BELLADONA<br \/>\n1526 \u00a0 S BINA BAJA<br \/>\n1527 \u00a0 S BAMBI BUBA<\/p>\n<p><b><i>z \u0160ardanu (\u010dierny)<\/i><\/b><\/p>\n<p>Koll\u00e1rov\u00e1 \u0160\u00e1rka<br \/>\nKla\u010dno 17,\u00a0034 01 Ru\u017eomberok<br \/>\n08.03.2003<br \/>\nJACKPOT IN VEGA Rezlark\/SPKP 1287<br \/>\nBROOKE SHIELDS z \u0160ardanu\/SPKP 1351<br \/>\n1530 \u00a0 P HELLOU HARRY<\/p>\n<p><b><i>Belenus (\u010diernostrieborn\u00fd)<\/i><\/b><\/p>\n<p>Iv\u00e1nyiov\u00e1 Libu\u0161a<br \/>\nTranovsk\u00e9ho 33,\u00a0841 02 Bratislava 42<br \/>\n07.04.2003<br \/>\nLUKE Bohemia Vulkan\/SPKP 1188<br \/>\nBORA Felicia Belisima\/SPKP 1248<br \/>\n1532 \u00a0 P AARON<br \/>\n1533 \u00a0 P AZOR<br \/>\n1534 \u00a0 S ABRA<br \/>\n1535 \u00a0 S ANGIE<br \/>\n1536 \u00a0 S ARGA<\/p>\n<p><b><i>z Doln\u00e9ho Turca (\u010diernostrieborn\u00fd)<\/i><\/b><\/p>\n<p>Chorv\u00e1th Juraj MVDr.<br \/>\nVetern\u00e1 55,\u00a0036 01 Martin<br \/>\n11.04.2003<br \/>\nARON KNM\/SHPK 00280<br \/>\nFANNY z Doln\u00e9ho Turca\/SHPK 00241<br \/>\n1537 \u00a0 P KENY<br \/>\n1538 \u00a0 P KORIN<\/p>\n<div class=\"et_pb_row et_pb_row_0 et_pb_row_1-4_1-2_1-4\">\n<div class=\"et_pb_column et_pb_column_1_2 et_pb_column_1\">\n<div class=\"et_pb_text et_pb_module et_pb_bg_layout_light et_pb_text_align_left et_pb_text_0\">\n<p><b>Zwergschnauzer<\/b>\/<\/p>\n<p><b><i>zo \u017ditavy (korenie a so\u013e)<\/i><\/b><\/p>\n<p>O\u010dadl\u00edk R\u00f3bert<br \/>\nL\u00faky 1115\/22,\u00a0952 01 Vr\u00e1ble<br \/>\n24.11.2002<br \/>\nFILA Emi-Pat\/PKR 19577<br \/>\nDANCING QUEEN Astronaut\/SPKP 1330<br \/>\n1499 \u00a0 S CAMY<br \/>\n1500 \u00a0 S CANDY<br \/>\n1501 \u00a0 S CESSY<br \/>\n1502 \u00a0 S CITA<br \/>\n1503 \u00a0 S CONNIE<\/p>\n<p><b><i>Ikina (\u010diernostrieborn\u00fd)<\/i><\/b><\/p>\n<p>Jan\u010dikov\u00e1 Henrieta<br \/>\nDargovsk\u00e1 3,\u00a0040 01 Ko\u0161ice<br \/>\n06.01.2003<br \/>\nSANTA KNYRYS Omar Sherif\/\u010cMKU 5098\/0<br \/>\nDONNATHELA Posledn\u00ed skaut\/SPKP 1293<br \/>\n1506 \u00a0 P AERON<br \/>\n1507 \u00a0 P AKIM<br \/>\n1508 \u00a0 S AEMY<br \/>\n1509 \u00a0 S AIRIN<br \/>\n1510 \u00a0 S ALISON<\/p>\n<p><b><i>Bikin dvor (\u010dierny)<\/i><\/b><\/p>\n<p>Havl\u00edkov\u00e1 Zuzana<br \/>\nSv\u00e4tourbansk\u00e1 40,\u00a0949 01 Nitra<br \/>\n26.01.2003<br \/>\nPLAYBOY Rezlark\/\u010cMKU 4662<br \/>\nTRIXIE QUEEN z Hofjaru\/SPKP 1058<br \/>\n1511 \u00a0 P DIZZY DEVIL<br \/>\n1512 \u00a0 S DEBBIE DANCER<br \/>\n1513 \u00a0 S DEBORAH DEE<br \/>\n1514 \u00a0 S DEE DEE DOLL<br \/>\n1515 \u00a0 S DOLLY DEA DANDY<\/p>\n<p><b><i>z \u0160ardanu (\u010dierny)<\/i><\/b><\/p>\n<p>Koll\u00e1rov\u00e1 \u0160\u00e1rka<br \/>\nKla\u010dno 17,\u00a0034 01 Ru\u017eomberok<br \/>\n30.01.2003<br \/>\nJACKPOT IN VEGA Rezlark\/SPKP 1287<br \/>\nGRACIA MISS Rezlark\/SPKP 1181<br \/>\n1516 \u00a0 P GAUNER<br \/>\n1517 \u00a0 P GEDEON<br \/>\n1518 \u00a0 P GENTLEMAN<br \/>\n1519 \u00a0 P GREG GENIUS<br \/>\n1520 \u00a0 S GINGER<br \/>\n1521 \u00a0 S GRETA GARBO<br \/>\n1522 \u00a0 S GWENN GIRL<\/p>\n<p><b><i>Acer (\u010dierny)<\/i><\/b><\/p>\n<p>\u0160kablov\u00e1 Kl\u00e1ra<br \/>\nHornozoborsk\u00e1 104,\u00a0949 01 Nitra<br \/>\n27.01.2003<br \/>\nXMAGICMAN van de Havenstad\/\u010cMKU 4194<br \/>\nHELLOU DOLLY Rezlark\/SPKP 1278<br \/>\n1523 \u00a0 P BLACK BEN<br \/>\n1524 \u00a0 P BUFFY BUG<br \/>\n1525 \u00a0 S BESS BELLADONA<br \/>\n1526 \u00a0 S BINA BAJA<br \/>\n1527 \u00a0 S BAMBI BUBA<\/p>\n<p><b><i>z \u0160ardanu (\u010dierny)<\/i><\/b><\/p>\n<p>Koll\u00e1rov\u00e1 \u0160\u00e1rka<br \/>\nKla\u010dno 17,\u00a0034 01 Ru\u017eomberok<br \/>\n08.03.2003<br \/>\nJACKPOT IN VEGA Rezlark\/SPKP 1287<br \/>\nBROOKE SHIELDS z \u0160ardanu\/SPKP 1351<br \/>\n1530 \u00a0 P HELLOU HARRY<\/p>\n<p><b><i>Belenus (\u010diernostrieborn\u00fd)<\/i><\/b><\/p>\n<p>Iv\u00e1nyiov\u00e1 Libu\u0161a<br \/>\nTranovsk\u00e9ho 33,\u00a0841 02 Bratislava 42<br \/>\n07.04.2003<br \/>\nLUKE Bohemia Vulkan\/SPKP 1188<br \/>\nBORA Felicia Belisima\/SPKP 1248<br \/>\n1532 \u00a0 P AARON<br \/>\n1533 \u00a0 P AZOR<br \/>\n1534 \u00a0 S ABRA<br \/>\n1535 \u00a0 S ANGIE<br \/>\n1536 \u00a0 S ARGA<\/p>\n<p><b><i>z Doln\u00e9ho Turca (\u010diernostrieborn\u00fd)<\/i><\/b><\/p>\n<p>Chorv\u00e1th Juraj MVDr.<br \/>\nVetern\u00e1 55,\u00a0036 01 Martin<br \/>\n11.04.2003<br \/>\nARON KNM\/SHPK 00280<br \/>\nFANNY z Doln\u00e9ho Turca\/SHPK 00241<br \/>\n1537 \u00a0 P KENY<br \/>\n1538 \u00a0 P KORIN<\/p>\n<p><b><i>Ivica (korenie a so\u013e)<\/i><\/b><\/p>\n<p>Klu\u010dka Jaroslav Ing.<br \/>\nSlne\u010dn\u00e1 34,\u00a0942 01\u00a0 \u0160urany<br \/>\n28.05.2003<br \/>\nUNICUM Silver Senator\/SHPK 00716<br \/>\nBEKY Kada\u0148ka SK\/SPKP 1129<br \/>\n1539 \u00a0 P BENJI<\/p>\n<p><b><i>\u010cierny blesk (\u010dierny)<\/i><\/b><\/p>\n<p>Kuzmov\u00e1 Iveta<br \/>\nKoce\u013eova 34,\u00a0821 08 Bratislava<br \/>\n13.06.2003<br \/>\nJACKPOT IN VEGA Rezlark\/SPKP 1287<br \/>\nBULLOCK SANDRA z \u0160ardanu\/SPKP 1352<br \/>\n1540 \u00a0 P ACHETATON<br \/>\n1541 \u00a0 P ACHNATON<br \/>\n1542 \u00a0 P AMENOFIS<br \/>\n1543 \u00a0 P AMON<br \/>\n1544 \u00a0 P ATON<br \/>\n1545 \u00a0 S AIANTA<br \/>\n1546 \u00a0 S AIETA<br \/>\n1547 \u00a0 S AISON<\/p>\n<p><b><i>Pedibus (\u010diernostrieborn\u00fd)<\/i><\/b><\/p>\n<p>Mr\u00e1zik Roman MVDr.<br \/>\n956 12 Prese\u013eany 268,\u00a012.07.2003<br \/>\nLUKE Bohemia Vulkan\/SPKP 1188<br \/>\nARTA Regius\/SHPK 0261<br \/>\n1548 \u00a0 P DIX<br \/>\n1549 \u00a0 S DIXI<br \/>\n1550 \u00a0 S DAISY<\/p>\n<p><b><i>Siv\u00fd tie\u0148 (korenie a so\u013e)<\/i><\/b><\/p>\n<p>Roho\u017en\u00edk Du\u0161an<br \/>\n985 31 Trebe\u013eovce 157<br \/>\n30.06.2003<br \/>\nVICTORY FLASH Moldau North\/\u010cMKU 4586\/9<br \/>\nAJA spod Orlieho kr\u00eddla\/SPKP 1107<br \/>\n1551 \u00a0 P CHARLY<br \/>\n1552 \u00a0 P CHRIS<br \/>\n1553 \u00a0 S CIRA<br \/>\n1554 \u00a0 S CORA<br \/>\n1555 \u00a0 S CL\u00c1RA<\/p>\n<p><b><i>Agape (\u010diernostrieborn\u00fd)<\/i><\/b><\/p>\n<p>Kro\u010danov\u00e1 Marta<br \/>\nDudv\u00e1\u017eska 12,\u00a0821 07 Bratislava<br \/>\n17.07.2003<br \/>\nSANTA KNYRYS Omar Sherif\/\u010cMKU 5098\/0<br \/>\nAT\u00c9 Crazzy Darling\/SPKP 1310<br \/>\n1556 \u00a0 S ALESSANDRA<br \/>\n1557 \u00a0 S ANETT<\/p>\n<p><b><i>Triumetal (\u010dierny)<\/i><\/b><\/p>\n<p>Sla\u010dkov\u00e1 Jaroslava Ing.<br \/>\nPriebe\u017en\u00e1 489\/9,\u00a0031 04 Liptovsk\u00fd Mikul\u00e1\u0161<br \/>\n07.09.2003<br \/>\nINTER LEADER Rezlark\/\u010cMKU 4348<br \/>\nBROOKE SHIELDS z \u0160ardanu\/SPKP 1351<br \/>\n1560 \u00a0 S YESSIE<br \/>\n1561 \u00a0 S YONICCE<br \/>\n1562 \u00a0 S YVETTE<br \/>\n1563 \u00a0 S YVONNE<\/p>\n<p><b><i>\u010cerven\u00e9 zlato (\u010dierny)<\/i><\/b><\/p>\n<p>Filip\u010d\u00edkov\u00e1 Zlatica<\/p>\n<p>Mileti\u010dov\u00e1 63,\u00a0821 09 Bratislava<br \/>\n15.10.2003<br \/>\nINTER LEADER Rezlark\/\u010cMKU 4348<br \/>\nDOLLY-SARA z \u0160ardanu\/SPKP 1395<br \/>\n1565 \u00a0 P ANDY<br \/>\n1566 \u00a0 P ASHLY<br \/>\n1567 \u00a0 P ASTERIX<br \/>\n1568 \u00a0 P ATREI<\/p>\n<p><b><i>Musis Amica (\u010diernostrieborn\u00fd)<\/i><\/b><\/p>\n<p>Galu\u0161kov\u00e1 Michaela<br \/>\nSuvorovova 8,\u00a0010 01 \u017dilina<br \/>\n28.10.2003<br \/>\nCRUISE TOM z Dixie\/\u010cMKU 4068<br \/>\nAMBRA Crazzy Darling\/SPKP 1309<br \/>\n1569 \u00a0 P BAXTER<br \/>\n1570 \u00a0 P BURKY<br \/>\n1571 \u00a0 S BESSY<\/p>\n<p><b><i>Bikin dvor (\u010dierny)<\/i><\/b><\/p>\n<p>Havl\u00edkov\u00e1 Zuzana<br \/>\nSv\u00e4tourbansk\u00e1 40,\u00a0949 01 Nitra<br \/>\n20.10.2003<br \/>\nDON\u00b4T FORGET ME v.d. Spikke\/NHSB 238903<br \/>\nBLACK LADY Bikin dvor\/SPKP 1361<br \/>\n1572 \u00a0 P EDDY ENJOY<br \/>\n1573 \u00a0 P ELROY EFECT<br \/>\n1574 \u00a0 S EARRIN EXCELENT<br \/>\n1575 \u00a0 S EBBY EISFLOWER<br \/>\n1576 \u00a0 S ELIS EISPRINCES<br \/>\n1577 \u00a0 S EYLLIN ELEGANCE<\/p>\n<\/div>\n<\/div>\n<\/div>\n<p>&nbsp;<\/p>\n","protected":false},"excerpt":{"rendered":"<p>Zwergschnauzer\/ zo \u017ditavy (korenie a so\u013e) O\u010dadl\u00edk R\u00f3bert L\u00faky 1115\/22,\u00a0952 01 Vr\u00e1ble 24.11.2002 FILA Emi-Pat\/PKR 19577 DANCING QUEEN Astronaut\/SPKP 1330 1499 \u00a0 S CAMY 1500 \u00a0 S CANDY 1501 \u00a0 S CESSY 1502 \u00a0 S CITA 1503 \u00a0 S CONNIE Ikina (\u010diernostrieborn\u00fd) Jan\u010dikov\u00e1 Henrieta Dargovsk\u00e1 3,\u00a0040 01 Ko\u0161ice 06.01.2003 SANTA KNYRYS Omar Sherif\/\u010cMKU 5098\/0 DONNATHELA [&hellip;]<\/p>\n","protected":false},"author":2,"featured_media":0,"parent":2990,"menu_order":0,"comment_status":"closed","ping_status":"closed","template":"","meta":{"slim_seo":{"title":"2003 Zwergschnauzer - KCHPB","description":"Zwergschnauzer \/ zo \u017ditavy (korenie a so\u013e) O\u010dadl\u00edk R\u00f3bert L\u00faky 1115\/22,\u00a0952 01 Vr\u00e1ble 24.11.2002 FILA Emi-Pat\/PKR 19577 DANCING QUEEN Astronaut\/SPKP 1330 1499 \u00a0"},"footnotes":""},"class_list":["post-11637","page","type-page","status-publish","hentry"],"_links":{"self":[{"href":"https:\/\/www.schnauzerclub.sk\/en\/wp-json\/wp\/v2\/pages\/11637","targetHints":{"allow":["GET"]}}],"collection":[{"href":"https:\/\/www.schnauzerclub.sk\/en\/wp-json\/wp\/v2\/pages"}],"about":[{"href":"https:\/\/www.schnauzerclub.sk\/en\/wp-json\/wp\/v2\/types\/page"}],"author":[{"embeddable":true,"href":"https:\/\/www.schnauzerclub.sk\/en\/wp-json\/wp\/v2\/users\/2"}],"replies":[{"embeddable":true,"href":"https:\/\/www.schnauzerclub.sk\/en\/wp-json\/wp\/v2\/comments?post=11637"}],"version-history":[{"count":0,"href":"https:\/\/www.schnauzerclub.sk\/en\/wp-json\/wp\/v2\/pages\/11637\/revisions"}],"up":[{"embeddable":true,"href":"https:\/\/www.schnauzerclub.sk\/en\/wp-json\/wp\/v2\/pages\/2990"}],"wp:attachment":[{"href":"https:\/\/www.schnauzerclub.sk\/en\/wp-json\/wp\/v2\/media?parent=11637"}],"curies":[{"name":"wp","href":"https:\/\/api.w.org\/{rel}","templated":true}]}}