{"id":11640,"date":"2015-05-09T11:25:27","date_gmt":"2015-05-09T09:25:27","guid":{"rendered":"http:\/\/www.schnauzerclub.sk\/?page_id=11640&#038;lang=en"},"modified":"2021-01-05T21:20:23","modified_gmt":"2021-01-05T19:20:23","slug":"2003-schnauzer","status":"publish","type":"page","link":"https:\/\/www.schnauzerclub.sk\/en\/stud-book\/2003-schnauzer\/","title":{"rendered":"2003 Schnauzer"},"content":{"rendered":"<p><b>Schnauzer Mittelschlag\/<\/b><\/p>\n<p><b><i>Macadamian (korenie a\u00a0so\u013e)<\/i><\/b><\/p>\n<p>Horv\u00e1thov\u00e1 Jana<br \/>\n930 51 Ve\u013ek\u00e1 Paka 329,\u00a005.01.2003<br \/>\nSIBER Hossz\u00fabereki-Cs\u00e1sz\u00e1r\/SPKP 1062<br \/>\nBENINA Padi-\u0160ach\/SHPK 00238<br \/>\n1210 \u00a0 P DANTE<br \/>\n1211 \u00a0 S DARKA<br \/>\n1212 \u00a0 P DEXTER<br \/>\n1213 \u00a0 P DIRG<br \/>\n1214 \u00a0 P DORN<br \/>\n1215 \u00a0 S DARA<br \/>\n1216 \u00a0 S DEA<br \/>\n1217 \u00a0 S DERA<br \/>\n1218 \u00a0 S DIRA<br \/>\n1219 \u00a0 S DYRA<\/p>\n<p><b><i>z Klatoviansk\u00e9ho \u00fadolia (korenie a\u00a0so\u013e)<\/i><\/b><\/p>\n<p>Zembjakovci Jaroslav a M\u00e1ria<br \/>\nMikov\u00edniho 2,\u00a0040 11 Ko\u0161ice<br \/>\n10.07.2003<br \/>\nTEXAS Rodeo\/PKR 39879<br \/>\nDORKA z Klatoviansk\u00e9ho \u00fadolia\/SPKP 1150<br \/>\n1224 \u00a0 P FRANKO<br \/>\n1225 \u00a0 S FREDA<\/p>\n<p><b><i>St\u00b4Martin Jesensk\u00fd (korenie a\u00a0so\u013e)<\/i><\/b><\/p>\n<p>Jesensk\u00fd Jozef<br \/>\nRuppeldtova 44,\u00a0036 01 Martin<br \/>\n18.08.2003<br \/>\nSIBER Hossz\u00fabereki-Cs\u00e1sz\u00e1r\/SPKP 1062<br \/>\nASKJA Macadamian\/SPKP 1110<br \/>\n1227 \u00a0 P \u00c1GIS<br \/>\n1228 \u00a0 P AR\u00c9S<\/p>\n","protected":false},"excerpt":{"rendered":"<p>Schnauzer Mittelschlag\/ Macadamian (korenie a\u00a0so\u013e) Horv\u00e1thov\u00e1 Jana 930 51 Ve\u013ek\u00e1 Paka 329,\u00a005.01.2003 SIBER Hossz\u00fabereki-Cs\u00e1sz\u00e1r\/SPKP 1062 BENINA Padi-\u0160ach\/SHPK 00238 1210 \u00a0 P DANTE 1211 \u00a0 S DARKA 1212 \u00a0 P DEXTER 1213 \u00a0 P DIRG 1214 \u00a0 P DORN 1215 \u00a0 S DARA 1216 \u00a0 S DEA 1217 \u00a0 S DERA 1218 \u00a0 S DIRA 1219 [&hellip;]<\/p>\n","protected":false},"author":2,"featured_media":0,"parent":2990,"menu_order":0,"comment_status":"closed","ping_status":"closed","template":"","meta":{"slim_seo":{"title":"2003 Schnauzer - KCHPB","description":"Schnauzer Mittelschlag\/ Macadamian (korenie a\u00a0so\u013e) Horv\u00e1thov\u00e1 Jana 930 51 Ve\u013ek\u00e1 Paka 329,\u00a005.01.2003 SIBER Hossz\u00fabereki-Cs\u00e1sz\u00e1r\/SPKP 1062 BENINA Padi-\u0160ach\/SHPK"},"footnotes":""},"class_list":["post-11640","page","type-page","status-publish","hentry"],"_links":{"self":[{"href":"https:\/\/www.schnauzerclub.sk\/en\/wp-json\/wp\/v2\/pages\/11640","targetHints":{"allow":["GET"]}}],"collection":[{"href":"https:\/\/www.schnauzerclub.sk\/en\/wp-json\/wp\/v2\/pages"}],"about":[{"href":"https:\/\/www.schnauzerclub.sk\/en\/wp-json\/wp\/v2\/types\/page"}],"author":[{"embeddable":true,"href":"https:\/\/www.schnauzerclub.sk\/en\/wp-json\/wp\/v2\/users\/2"}],"replies":[{"embeddable":true,"href":"https:\/\/www.schnauzerclub.sk\/en\/wp-json\/wp\/v2\/comments?post=11640"}],"version-history":[{"count":0,"href":"https:\/\/www.schnauzerclub.sk\/en\/wp-json\/wp\/v2\/pages\/11640\/revisions"}],"up":[{"embeddable":true,"href":"https:\/\/www.schnauzerclub.sk\/en\/wp-json\/wp\/v2\/pages\/2990"}],"wp:attachment":[{"href":"https:\/\/www.schnauzerclub.sk\/en\/wp-json\/wp\/v2\/media?parent=11640"}],"curies":[{"name":"wp","href":"https:\/\/api.w.org\/{rel}","templated":true}]}}