{"id":11644,"date":"2015-05-05T13:37:58","date_gmt":"2015-05-05T11:37:58","guid":{"rendered":"http:\/\/www.schnauzerclub.sk\/?page_id=11644&#038;lang=en"},"modified":"2021-01-05T21:21:51","modified_gmt":"2021-01-05T19:21:51","slug":"2003-riesenschnauzer","status":"publish","type":"page","link":"https:\/\/www.schnauzerclub.sk\/en\/stud-book\/2003-riesenschnauzer\/","title":{"rendered":"2003 Riesenschnauzer"},"content":{"rendered":"<p><em><strong>Riesenschnauzer\/<\/strong><\/em><\/p>\n<p><em><strong>Triumetal (\u010dierny)<\/strong><\/em><\/p>\n<p>Sla\u010dkov\u00e1 Jaroslava Ing.<br \/>\nPriebe\u017en\u00e1 489\/9,\u00a0031 04 Liptovsk\u00fd Mikul\u00e1\u0161<br \/>\n14.02.2003<br \/>\nPERSEUS REX Radinie\/\u010cMKU 4763<br \/>\nBARBARA Triumetal\/SHPK 00307<br \/>\n1389 \u00a0 P UNESCO<br \/>\n1390 \u00a0 P UNION<br \/>\n1391 \u00a0 P UNO<br \/>\n1392 \u00a0 P URAGAN<br \/>\n1393 \u00a0 P URAN<br \/>\n1394 \u00a0 S UGANDA<br \/>\n1395 \u00a0 S ULRIQUE<br \/>\n1396 \u00a0 S UNIQUE<br \/>\n1397 \u00a0 S URSULLA<\/p>\n<p><strong><i>Triumetal <\/i><i>(\u010dierny)<\/i><\/strong><\/p>\n<p>Sla\u010dkov\u00e1 Jaroslava Ing.<br \/>\nPriebe\u017en\u00e1 489\/9,\u00a0031 04 Liptovsk\u00fd Mikul\u00e1\u0161<br \/>\n31.03.2003<br \/>\nICEBREAKER Radinie\/SPKP 1196<br \/>\nJESSICA Sarah Radinie\/SPKP 1212<br \/>\n1398 \u00a0 P VOLCANO<br \/>\n1399 \u00a0 P VALIANT<br \/>\n1400 \u00a0 P VANGUARD<br \/>\n1401 \u00a0 P VELVET<br \/>\n1402 \u00a0 P VIPER<br \/>\n1403 \u00a0 P VALENTINO<br \/>\n1404 \u00a0 S VANESSA<br \/>\n1405 \u00a0 S VANILLA<br \/>\n1406 \u00a0 S VIOLA<br \/>\n1407 \u00a0 S VITTORIA<br \/>\n1408 \u00a0 S VICKY<br \/>\n1409 \u00a0 S VIRGINIA<br \/>\n1410 \u00a0 S VIVIAN<\/p>\n<p><strong><em>Z\u00b4eridanu dog love (korenie a\u00a0so\u013e)<\/em><\/strong><\/p>\n<p>Langov\u00e1 Georgina<br \/>\n943 52 Mu\u017ela 680<br \/>\n04.06.2003<br \/>\nARON Polonus Rankor\/PKR 53916<br \/>\nABDUL Alcanzar Una Estrella\/SPKP 1247<br \/>\n1411 \u00a0 P DAIMONT<br \/>\n1412 \u00a0 P DEWILL<br \/>\n1413 \u00a0 P DINAMIC<br \/>\n1414 \u00a0 P DEAKON<br \/>\n1415 \u00a0 P DUSTIN<br \/>\n1416 \u00a0 S DOMINICA<br \/>\n1417 \u00a0 S DIANA<br \/>\n1418 \u00a0 S DOROTHEA<\/p>\n<p><em><strong>Triumetal (\u010dierny)<\/strong><\/em><\/p>\n<p>Sla\u010dkov\u00e1 Jaroslava Ing.<br \/>\nPriebe\u017en\u00e1 489\/9,\u00a0031 04 Liptovsk\u00fd Mikul\u00e1\u0161<br \/>\n13.06.2003<br \/>\nICEBREAKER Radinie\/SPKP 1196<br \/>\nBRIGITTA Radinie\/SHPK 00194<br \/>\n1419 \u00a0 P WHISPER<br \/>\n1420 \u00a0 P WRANGLER<br \/>\n1421 \u00a0 S WATTERLILY<br \/>\n1422 \u00a0 S WONDERFULL<\/p>\n<p><em><strong>Triumetal (\u010dierny)<\/strong><\/em><\/p>\n<p>Sla\u010dkov\u00e1 Jaroslava Ing.<br \/>\nPriebe\u017en\u00e1 489\/9,\u00a0031 04 Liptovsk\u00fd Mikul\u00e1\u0161<br \/>\n11.07.2003<br \/>\nPERSEUS REX Radinie\/\u010cMKU 4763<br \/>\nORNELLA MUTTI Triumetal\/SPKP 1288<br \/>\n1423 \u00a0 P XANTOS<br \/>\n1424 \u00a0 P XEDIOS<br \/>\n1425 \u00a0 P XANDRO<br \/>\n1426 \u00a0 S XARA<br \/>\n1427 \u00a0 S XENIA<\/p>\n<p><em><strong>spod Str\u00e1n\u00ed (korenie a\u00a0so\u013e)<\/strong><\/em><\/p>\n<p>Cengel Imrich<br \/>\nBrig\u00e1dnick\u00e1 12,\u00a0036 01 Martin<br \/>\n29.08.2003<br \/>\nANGI Gauada\/SPKP 1253<br \/>\nALIMA Alcanzar Una Estrella\/SPKP 1248<br \/>\n1428 \u00a0 P ADOR<br \/>\n1429 \u00a0 P ANDIE<br \/>\n1430 \u00a0 P ARON<br \/>\n1431 \u00a0 P ATOS<br \/>\n1432 \u00a0 P AUGIE<br \/>\n1433 \u00a0 P AXEL<br \/>\n1434 \u00a0 S AGGI<br \/>\n1435 \u00a0 S ALISA<br \/>\n1436 \u00a0 S ARIET<\/p>\n<p><em><strong>Ra\u010diansky potok (\u010dierny)<\/strong><\/em><\/p>\n<p>Lenhart Roman<br \/>\nBrig\u00e1dnick\u00e1 1,\u00a0972 51 Handlov\u00e1<br \/>\n06.09.2003<br \/>\nZOCO de Clotet\/SPKP 1005<br \/>\nFITA Bradlan SK\/SPKP 1156<br \/>\n1437 \u00a0 P BASIR<br \/>\n1438 \u00a0 P BENNET<br \/>\n1439 \u00a0 P BADIS<br \/>\n1440 \u00a0 P BAX<br \/>\n1441 \u00a0 P BARGO<br \/>\n1442 \u00a0 P BAXEN<br \/>\n1443 \u00a0 S BRITNEY<br \/>\n1444 \u00a0 S BRIA<br \/>\n1445 \u00a0 S BROXA<br \/>\n1446 \u00a0 S BIA<br \/>\n1447 \u00a0 S BESTY<\/p>\n","protected":false},"excerpt":{"rendered":"<p>Riesenschnauzer\/ Triumetal (\u010dierny) Sla\u010dkov\u00e1 Jaroslava Ing. Priebe\u017en\u00e1 489\/9,\u00a0031 04 Liptovsk\u00fd Mikul\u00e1\u0161 14.02.2003 PERSEUS REX Radinie\/\u010cMKU 4763 BARBARA Triumetal\/SHPK 00307 1389 \u00a0 P UNESCO 1390 \u00a0 P UNION 1391 \u00a0 P UNO 1392 \u00a0 P URAGAN 1393 \u00a0 P URAN 1394 \u00a0 S UGANDA 1395 \u00a0 S ULRIQUE 1396 \u00a0 S UNIQUE 1397 \u00a0 S URSULLA [&hellip;]<\/p>\n","protected":false},"author":2,"featured_media":0,"parent":2990,"menu_order":0,"comment_status":"closed","ping_status":"closed","template":"","meta":{"slim_seo":{"title":"2003 Riesenschnauzer - KCHPB","description":"Riesenschnauzer\/ Triumetal (\u010dierny) Sla\u010dkov\u00e1 Jaroslava Ing. Priebe\u017en\u00e1 489\/9,\u00a0031 04 Liptovsk\u00fd Mikul\u00e1\u0161 14.02.2003 PERSEUS REX Radinie\/\u010cMKU 4763 BARBARA Triumetal"},"footnotes":""},"class_list":["post-11644","page","type-page","status-publish","hentry"],"_links":{"self":[{"href":"https:\/\/www.schnauzerclub.sk\/en\/wp-json\/wp\/v2\/pages\/11644","targetHints":{"allow":["GET"]}}],"collection":[{"href":"https:\/\/www.schnauzerclub.sk\/en\/wp-json\/wp\/v2\/pages"}],"about":[{"href":"https:\/\/www.schnauzerclub.sk\/en\/wp-json\/wp\/v2\/types\/page"}],"author":[{"embeddable":true,"href":"https:\/\/www.schnauzerclub.sk\/en\/wp-json\/wp\/v2\/users\/2"}],"replies":[{"embeddable":true,"href":"https:\/\/www.schnauzerclub.sk\/en\/wp-json\/wp\/v2\/comments?post=11644"}],"version-history":[{"count":0,"href":"https:\/\/www.schnauzerclub.sk\/en\/wp-json\/wp\/v2\/pages\/11644\/revisions"}],"up":[{"embeddable":true,"href":"https:\/\/www.schnauzerclub.sk\/en\/wp-json\/wp\/v2\/pages\/2990"}],"wp:attachment":[{"href":"https:\/\/www.schnauzerclub.sk\/en\/wp-json\/wp\/v2\/media?parent=11644"}],"curies":[{"name":"wp","href":"https:\/\/api.w.org\/{rel}","templated":true}]}}