{"id":11646,"date":"2015-05-05T20:51:51","date_gmt":"2015-05-05T18:51:51","guid":{"rendered":"http:\/\/www.schnauzerclub.sk\/?page_id=11646&#038;lang=en"},"modified":"2021-01-05T21:08:22","modified_gmt":"2021-01-05T19:08:22","slug":"2007-schnauzer","status":"publish","type":"page","link":"https:\/\/www.schnauzerclub.sk\/en\/stud-book\/2007-schnauzer\/","title":{"rendered":"2007 Schnauzer"},"content":{"rendered":"<p><b>Schnauzer Mittelschlag\/<\/b><\/p>\n<p><em><strong>Kad-Mil<\/strong><\/em><\/p>\n<p>Kadlecajov\u00e1 Andrea Ing.,<br \/>\nMierov\u00e1 32,\u00a0900 44 Tom\u00e1\u0161ov<br \/>\n23.03.2007<br \/>\nHAN Bohemia Cardinal\/\u010cMKU 6580\/0<br \/>\nKENDIE Kad-Mil\/SPKP 1145<br \/>\n1317 \u00a0 P NICK<br \/>\n1318 \u00a0 P NORD<br \/>\n1319 \u00a0 S NANDY<br \/>\n1320 \u00a0 S NELLY<br \/>\n1321 \u00a0 S NINA<br \/>\n1322 \u00a0 S NORA<\/p>\n<p><em><strong>z Hrhovsk\u00e9ho dvora<\/strong><\/em><\/p>\n<p>Kuch\u010d\u00e1kov\u00e1 M\u00e1ria<br \/>\nPribi\u0161ova 42,\u00a0053 02 Spi\u0161sk\u00fd Hrhov<br \/>\n15.03.2007<br \/>\nEDDIE z Klatoviansk\u00e9ho \u00fadolia\/SPKP 1202<br \/>\nAMBRA Demitra\/SPKP 1250<br \/>\n1323 \u00a0 P AJKO<br \/>\n1324 \u00a0 P ASKO<br \/>\n1325 \u00a0 P AXEL<br \/>\n1326 \u00a0 S AIBI<br \/>\n1327 \u00a0 S ARKA<br \/>\n1328 \u00a0 S A\u0160KA<\/p>\n<p>&nbsp;<\/p>\n","protected":false},"excerpt":{"rendered":"<p>Schnauzer Mittelschlag\/ Kad-Mil Kadlecajov\u00e1 Andrea Ing., Mierov\u00e1 32,\u00a0900 44 Tom\u00e1\u0161ov 23.03.2007 HAN Bohemia Cardinal\/\u010cMKU 6580\/0 KENDIE Kad-Mil\/SPKP 1145 1317 \u00a0 P NICK 1318 \u00a0 P NORD 1319 \u00a0 S NANDY 1320 \u00a0 S NELLY 1321 \u00a0 S NINA 1322 \u00a0 S NORA z Hrhovsk\u00e9ho dvora Kuch\u010d\u00e1kov\u00e1 M\u00e1ria Pribi\u0161ova 42,\u00a0053 02 Spi\u0161sk\u00fd Hrhov 15.03.2007 EDDIE z [&hellip;]<\/p>\n","protected":false},"author":2,"featured_media":0,"parent":2990,"menu_order":0,"comment_status":"closed","ping_status":"closed","template":"","meta":{"slim_seo":{"title":"2007 Schnauzer - KCHPB","description":"Schnauzer Mittelschlag\/ Kad-Mil Kadlecajov\u00e1 Andrea Ing., Mierov\u00e1 32,\u00a0900 44 Tom\u00e1\u0161ov 23.03.2007 HAN Bohemia Cardinal\/\u010cMKU 6580\/0 KENDIE Kad-Mil\/SPKP 1145 1317 \u00a0"},"footnotes":""},"class_list":["post-11646","page","type-page","status-publish","hentry"],"_links":{"self":[{"href":"https:\/\/www.schnauzerclub.sk\/en\/wp-json\/wp\/v2\/pages\/11646","targetHints":{"allow":["GET"]}}],"collection":[{"href":"https:\/\/www.schnauzerclub.sk\/en\/wp-json\/wp\/v2\/pages"}],"about":[{"href":"https:\/\/www.schnauzerclub.sk\/en\/wp-json\/wp\/v2\/types\/page"}],"author":[{"embeddable":true,"href":"https:\/\/www.schnauzerclub.sk\/en\/wp-json\/wp\/v2\/users\/2"}],"replies":[{"embeddable":true,"href":"https:\/\/www.schnauzerclub.sk\/en\/wp-json\/wp\/v2\/comments?post=11646"}],"version-history":[{"count":0,"href":"https:\/\/www.schnauzerclub.sk\/en\/wp-json\/wp\/v2\/pages\/11646\/revisions"}],"up":[{"embeddable":true,"href":"https:\/\/www.schnauzerclub.sk\/en\/wp-json\/wp\/v2\/pages\/2990"}],"wp:attachment":[{"href":"https:\/\/www.schnauzerclub.sk\/en\/wp-json\/wp\/v2\/media?parent=11646"}],"curies":[{"name":"wp","href":"https:\/\/api.w.org\/{rel}","templated":true}]}}