{"id":11648,"date":"2015-05-09T09:38:22","date_gmt":"2015-05-09T07:38:22","guid":{"rendered":"http:\/\/www.schnauzerclub.sk\/?page_id=11648&#038;lang=en"},"modified":"2021-01-05T21:16:49","modified_gmt":"2021-01-05T19:16:49","slug":"2004-zwergschnauzer","status":"publish","type":"page","link":"https:\/\/www.schnauzerclub.sk\/en\/stud-book\/2004-zwergschnauzer\/","title":{"rendered":"2004 Zwergschnauzer"},"content":{"rendered":"<p><b>Zwergschnauzer \/ Brad\u00e1\u010d mal\u00fd<\/b><\/p>\n<p><b><i>z \u0160ardanu (\u010dierny)<\/i><\/b><\/p>\n<p>Koll\u00e1rov\u00e1 \u0160\u00e1rka<br \/>\nJanka Magu 132,\u00a0034 91 \u0160vo\u0161ov<br \/>\n24.03.2004<br \/>\nJACKPOT IN VEGA Rezlark\/SPKP 1287<br \/>\nBARBERO Black Nelor\/SPKP 1077<br \/>\n1582 \u00a0 S IDEAL<br \/>\n1583 \u00a0 S INDIANA<br \/>\n1584 \u00a0 S IN-GRID<br \/>\n1585 \u00a0 S ISABELLE<br \/>\n1586 \u00a0 S ISSA<\/p>\n<p><b><i>Bikin dvor (\u010dierny)<\/i><\/b><\/p>\n<p>Havl\u00edkov\u00e1 Zuzana<br \/>\nSv\u00e4tourbansk\u00e1 40,\u00a0949 01 Nitra<br \/>\n24.03.2004<br \/>\nXMAGICMAN van de Havenstad\/\u010cMKU 4194<br \/>\nCORN\u00c9LIA CL\u00c1RA Bikin dvor\/SPKP 1437<br \/>\n1587 \u00a0 P GEORG GAVALIER<br \/>\n1588 \u00a0 P GILBERTO GILMOR<br \/>\n1589 \u00a0 P GOLDEN GAUNER<br \/>\n1590 \u00a0 P GREG GENTLEMAN<br \/>\n1591 \u00a0 S GERMANICA GR\u00c1ZI<br \/>\n1592 \u00a0 S GLADIS GRASIELA<\/p>\n<p><b><i>Reginka (\u010diernostrieborn\u00fd)<\/i><\/b><\/p>\n<p>Renker Stanislav MUDr.<br \/>\nKremnick\u00e1 29,\u00a0040 01 Ko\u0161ice<br \/>\n29.04.2004<br \/>\nEDDY Moldau North\/SPKP 1389<br \/>\nCIRA od Casia\/SPKP 1280<br \/>\n1595 \u00a0 S ADINA<br \/>\n1596 \u00a0 S AISHA<br \/>\n1597 \u00a0 S ANGI<\/p>\n<p><b><i>Dona Slovakia (\u010diernostrieborn\u00fd)<\/i><\/b><\/p>\n<p>\u0160vihor\u00edk Jaroslav<br \/>\n951 48 Jarok 206,\u00a028.04.2004<br \/>\nQUICK SILVER Bohemia Vulkan\/SPKP 1498<br \/>\nGLORIA spod T\u00f3partu\/SPKP 1368<br \/>\n1599 \u00a0 P A\u0160O<br \/>\n1600 \u00a0 S ANAST\u00c1ZIA<\/p>\n<p><b><i>Bianca Rosa (biely)<\/i><\/b><\/p>\n<p>Detko \u013dubom\u00edr<br \/>\nNa Karasiny 37\/8,\u00a0971 01 Prievidza<br \/>\n26.06.2004<br \/>\nEURO SNOWWHITE v.d. Spikke\/NHSB 23890<br \/>\nISABELLE NICOLL \u0160varcava\/SPKP 1528<br \/>\n1603 \u00a0 P AYMIL<br \/>\n1604 \u00a0 P ANDR\u00c9<br \/>\n1605 \u00a0 S ALYAH<br \/>\n1606 \u00a0 S AYRIN<br \/>\n1607 \u00a0 S ARIZEL<\/p>\n<p><b><i>Tossgold (\u010dierny)<\/i><\/b><\/p>\n<p>Hlavat\u00fd Alexander Ing.<br \/>\nSNP 38,\u00a0942 01 \u0160urany<br \/>\n13.06.2004<br \/>\nBONY Ketrys\/SPKP 1013<br \/>\nALBA ABADO Acer\/SPKP 1425<br \/>\n1608 \u00a0 P CARLO<br \/>\n1609 \u00a0 P CEZAR<br \/>\n1610 \u00a0 P CORO<br \/>\n1611 \u00a0 S CARLA<br \/>\n1612 \u00a0 S CINKA<br \/>\n1613 \u00a0 S CMUKY<br \/>\n1614 \u00a0 S CYNDA<\/p>\n<p><b><i>Mal\u00e9 u\u0161ko (\u010diernostrieborn\u00fd)<\/i><\/b><\/p>\n<p>Hamerl\u00edkov\u00e1 Jana<br \/>\nHurbanova 743<br \/>\n906 32 Jablonica,\u00a022.06.2004<br \/>\nLUKE Bohemia Vulkan\/SPKP 1188<br \/>\nALKA Mal\u00e9 u\u0161ko\/SPKP 1253<br \/>\n1615 \u00a0 P DARO<br \/>\n1616 \u00a0 P DESI<br \/>\n1617 \u00a0 P DIXI<br \/>\n1618 \u00a0 S DESA<br \/>\n1619 \u00a0 S DITA<br \/>\n1620 \u00a0 S DOXA<\/p>\n<p><b><i>Agape (\u010diernostrieborn\u00fd)<\/i><\/b><\/p>\n<p>Kro\u010danov\u00e1 Marta<br \/>\nDudv\u00e1\u017eska 12,\u00a0821 07 Bratislava<br \/>\n28.06.2004<br \/>\nQUICK SILVER Bohemia Vulkan\/SPKP 1498<br \/>\nAT\u00c9 Crazzy Darling\/SPKP 1310<br \/>\n1623 \u00a0 P BARRY<br \/>\n1624 \u00a0 S BEAUTY<br \/>\n1625 \u00a0 S BETTY<\/p>\n<p><b><i>Tossgold (\u010dierny)<\/i><\/b><\/p>\n<p>Hlavat\u00fd Alexander Ing.<br \/>\nSNP 38,\u00a0942 01 \u0160urany<br \/>\n20.07.2004<br \/>\nBONY Ketrys\/SPKP 1013<br \/>\nARIBA ARIES Acer\/SPKP 1424<br \/>\n1626 \u00a0 P DAREX<br \/>\n1627 \u00a0 P DENDY<br \/>\n1628 \u00a0 P DENNY<br \/>\n1629 \u00a0 P DERIK<br \/>\n1630 \u00a0 P DINO<br \/>\n1631 \u00a0 P DUX<br \/>\n1632 \u00a0 S D\u017dINA<\/p>\n<p><b><i>Somnus (\u010dierny)<\/i><\/b><\/p>\n<p>Fedorov\u00e1 Viera MVDr.<br \/>\nPokroku 18,\u00a0040 11 Ko\u0161ice<br \/>\n04.08.2004<br \/>\nQUANDARY Androis\/\u010cMKU 3861\/9<br \/>\nBRITNEY SPEARS z \u0160ardanu\/SPKP 1350<br \/>\n1633 \u00a0 P BRUTUS<br \/>\n1634 \u00a0 S BRISEIDA<\/p>\n<p><b><i>Regenbogen (\u010dierny)<\/i><\/b><\/p>\n<p>Krivo\u0161\u00edkov\u00e1 Vlasta<br \/>\nHorno\u010depensk\u00e1 1500\/40,\u00a0926 01 Sere\u010f<br \/>\n25.07.2004<br \/>\nBONY Ketrys\/SPKP 1013<br \/>\nBABETA od Je\u017ek\u016f\/SPKP 1564<br \/>\n1635 \u00a0 P AMOR<br \/>\n1636 \u00a0 P ARGO<br \/>\n1637 \u00a0 S AIDA<br \/>\n1638 \u00a0 S ANETA<br \/>\n1639 \u00a0 S ASTRA<\/p>\n<p><b><i>z \u0160ardanu (\u010dierny)<\/i><\/b><\/p>\n<p>Koll\u00e1rov\u00e1 \u0160\u00e1rka<br \/>\nJanka Magu 132,\u00a0034 91 \u0160vo\u0161ov<br \/>\n10.08.2004<br \/>\nWIZARD Androis\/\u010cMKU 4232<br \/>\nFIBI-DANAE z \u0160ardanu\/SPKP 1430<br \/>\n1641 \u00a0 P JUNIOR JACK<br \/>\n1642 \u00a0 S JANINA<br \/>\n1643 \u00a0 S JENIFER<br \/>\n1644 \u00a0 S JULIA<\/p>\n<p><b><i>z Doln\u00e9ho Turca (\u010diernostrieborn\u00fd)<\/i><\/b><\/p>\n<p>Chorv\u00e1th Juraj MVDr.<br \/>\nVetern\u00e1 55,\u00a0036 01 Martin<br \/>\n18.08.2004<br \/>\nQUICK SILVER Bohemia Vulkan\/SPKP 1498<br \/>\nINKA Zimn\u00fd potok\/SPKP 1091<br \/>\n1645 \u00a0 P LUCKY<br \/>\n1646 \u00a0 S LAJKA<br \/>\n1647 \u00a0 S LIDKA<br \/>\n1648 \u00a0 S LINDA<br \/>\n1649 \u00a0 S LINKA<br \/>\n1650 \u00a0 S LUCKA<\/p>\n<p><b><i>Fandor (\u010dierny)<\/i><\/b><\/p>\n<p>Gendiar Miroslav<br \/>\nGum\u00e1rensk\u00e1 461\/33,\u00a0958 01 Partiz\u00e1nske<br \/>\n03.09.2004<br \/>\nBONY Ketrys\/SPKP 1013<br \/>\nFANTAG\u00cdRO z \u0160ardanu\/SPKP 1429<br \/>\n1651 \u00a0 P ANDIE<br \/>\n1652 \u00a0 P ARCHIE<br \/>\n1653 \u00a0 S AISCHA<br \/>\n1654 \u00a0 S ALISTAIR<br \/>\n1655 \u00a0 S ANASTASY<br \/>\n1656 \u00a0 S ANGEL<br \/>\n1657 \u00a0 S ANGIE<br \/>\n1658 \u00a0 S ASHLEY<\/p>\n<p><b><i>Humensk\u00e1 (\u010diernostrieborn\u00fd)<\/i><\/b><\/p>\n<p>Merav\u00fd Viliam Ing.<br \/>\nNemocni\u010dn\u00e1 32,\u00a0066 01 Humenn\u00e9<br \/>\n24.09.2004<br \/>\nEDY Bohemia Clementine\/SPKP 1182<br \/>\nCINDY z Kraje Vltav\u00ednu\/SPKP 1531<br \/>\n1660 \u00a0 S DEBORAH<br \/>\n1661 \u00a0 S DULA<br \/>\n1662 \u00a0 S DARA<\/p>\n<p><b><i>z Hrdo\u0161a (\u010dierny)<\/i><\/b><\/p>\n<p>Vol\u00e1rik \u013dudov\u00edt Ing.<br \/>\nSkalky 178,\u00a0034 91 \u0160vo\u0161ov<br \/>\n05.09.2004<br \/>\nBOCELLI ANDREA z \u0160ardanu\/SPKP 1345<br \/>\nGRACIA MISS Rezlark\/SPKP 1181<br \/>\n1663 \u00a0 P ANDY<br \/>\n1664 \u00a0 S AMY<br \/>\n1665 \u00a0 S ALIZZE<br \/>\n1666 \u00a0 S ANGELINA<\/p>\n<p><b><i>z \u0160ardanu (\u010dierny)<\/i><\/b><\/p>\n<p>Koll\u00e1rov\u00e1 \u0160\u00e1rka<br \/>\nJanka Magu 132,\u00a0034 91 \u0160vo\u0161ov<br \/>\n08.10.2004<br \/>\nJACKPOT IN VEGA Rezlark\/SPKP 1287<br \/>\nBARBERO Black Nelor\/SPKP 1077<br \/>\n1667 \u00a0 P KENNETH KEN<br \/>\n1668 \u00a0 P KLENOT-KEN<br \/>\n1669 \u00a0 S KELLY-KIARA<\/p>\n<p><b><i>Fra-\u0160te (\u010dierny)<\/i><\/b><\/p>\n<p>Fra\u0148o \u0160tefan<br \/>\nGalantsk\u00e1 438,\u00a0925 63 Doln\u00e1 Streda<br \/>\n17.11.2004<br \/>\nJACKPOT IN VEGA Rezlark\/SPKP 1287<br \/>\nB\u00c1RA od Je\u017ek\u016f\/SPKP 1559<br \/>\n1671 \u00a0 P ALAN<br \/>\n1672 \u00a0 P ANDY<br \/>\n1673 \u00a0 P ARIS<br \/>\n1674 \u00a0 P ALI<br \/>\n1675 \u00a0 S ASTA<br \/>\n1676 \u00a0 S AXA<br \/>\n1677 \u00a0 S AFRA<\/p>\n<p><b><i>Tossgold (\u010dierny)<\/i><\/b><\/p>\n<p>Hlavat\u00fd Alexander Ing.<br \/>\nSNP 38,\u00a0942 01 \u0160urany<br \/>\n04.11.2004<br \/>\nBONY Ketrys\/SPKP 1013<br \/>\nAMELDA ARLENE Acer\/SPKP 1426<br \/>\n1678 \u00a0 P EMIR<br \/>\n1679 \u00a0 S ELEANOR<br \/>\n1680 \u00a0 S ELIZABETH<\/p>\n","protected":false},"excerpt":{"rendered":"<p>Zwergschnauzer \/ Brad\u00e1\u010d mal\u00fd z \u0160ardanu (\u010dierny) Koll\u00e1rov\u00e1 \u0160\u00e1rka Janka Magu 132,\u00a0034 91 \u0160vo\u0161ov 24.03.2004 JACKPOT IN VEGA Rezlark\/SPKP 1287 BARBERO Black Nelor\/SPKP 1077 1582 \u00a0 S IDEAL 1583 \u00a0 S INDIANA 1584 \u00a0 S IN-GRID 1585 \u00a0 S ISABELLE 1586 \u00a0 S ISSA Bikin dvor (\u010dierny) Havl\u00edkov\u00e1 Zuzana Sv\u00e4tourbansk\u00e1 40,\u00a0949 01 Nitra 24.03.2004 XMAGICMAN [&hellip;]<\/p>\n","protected":false},"author":2,"featured_media":0,"parent":2990,"menu_order":0,"comment_status":"closed","ping_status":"closed","template":"","meta":{"slim_seo":{"title":"2004 Zwergschnauzer - KCHPB","description":"Zwergschnauzer \/ Brad\u00e1\u010d mal\u00fd z \u0160ardanu (\u010dierny) Koll\u00e1rov\u00e1 \u0160\u00e1rka Janka Magu 132,\u00a0034 91 \u0160vo\u0161ov 24.03.2004 JACKPOT IN VEGA Rezlark\/SPKP 1287 BARBERO Black Nelor\/S"},"footnotes":""},"class_list":["post-11648","page","type-page","status-publish","hentry"],"_links":{"self":[{"href":"https:\/\/www.schnauzerclub.sk\/en\/wp-json\/wp\/v2\/pages\/11648","targetHints":{"allow":["GET"]}}],"collection":[{"href":"https:\/\/www.schnauzerclub.sk\/en\/wp-json\/wp\/v2\/pages"}],"about":[{"href":"https:\/\/www.schnauzerclub.sk\/en\/wp-json\/wp\/v2\/types\/page"}],"author":[{"embeddable":true,"href":"https:\/\/www.schnauzerclub.sk\/en\/wp-json\/wp\/v2\/users\/2"}],"replies":[{"embeddable":true,"href":"https:\/\/www.schnauzerclub.sk\/en\/wp-json\/wp\/v2\/comments?post=11648"}],"version-history":[{"count":0,"href":"https:\/\/www.schnauzerclub.sk\/en\/wp-json\/wp\/v2\/pages\/11648\/revisions"}],"up":[{"embeddable":true,"href":"https:\/\/www.schnauzerclub.sk\/en\/wp-json\/wp\/v2\/pages\/2990"}],"wp:attachment":[{"href":"https:\/\/www.schnauzerclub.sk\/en\/wp-json\/wp\/v2\/media?parent=11648"}],"curies":[{"name":"wp","href":"https:\/\/api.w.org\/{rel}","templated":true}]}}