{"id":11650,"date":"2015-05-09T16:02:52","date_gmt":"2015-05-09T14:02:52","guid":{"rendered":"http:\/\/www.schnauzerclub.sk\/?page_id=11650&#038;lang=en"},"modified":"2021-01-05T21:17:36","modified_gmt":"2021-01-05T19:17:36","slug":"2004-schnauzer","status":"publish","type":"page","link":"https:\/\/www.schnauzerclub.sk\/en\/stud-book\/2004-schnauzer\/","title":{"rendered":"2004 Schnauzer"},"content":{"rendered":"<p><b>Schnauzer Mittelschlag\/<\/b><\/p>\n<p><b><i>Imprese (korenie a\u00a0so\u013e)<\/i><\/b><\/p>\n<p>Maz\u00e1kov\u00e1 Jana<br \/>\nRomanova 44,\u00a0851 02 Bratislava<br \/>\n16.01.2004<br \/>\nAVE CONCORDE Mont-Blanc\/\u010cMKU 5427-9<br \/>\nBIRA Padi-\u0160ach\/SHPK 00234<br \/>\n1230 \u00a0 P GASTON<br \/>\n1231 \u00a0 P GERY<br \/>\n1232 \u00a0 P GINO<br \/>\n1233 \u00a0 S GENNY LEE<br \/>\n1234 \u00a0 S GWENN<br \/>\n1235 \u00a0 S GL\u00d3RIS<br \/>\n1236 \u00a0 S GREIS<br \/>\n1237 \u00a0 S GLARIS<\/p>\n<p><b><i>spod T\u00f3partu (\u010dierny)<\/i><\/b><\/p>\n<p>Vere\u0161 Bohu\u0161<br \/>\nHlavn\u00e1 1949<br \/>\n951 32 Horn\u00e1 Kr\u00e1\u013eov\u00e1<br \/>\n20.08.2004<br \/>\nCHRIS v.d. Spitzenstadt\/SPKP 1186<br \/>\nDEMI MOORE spod T\u00f3partu\/SPKP 1165<br \/>\n1240 \u00a0 P EDGARD DAVY<br \/>\n1241 \u00a0 P EDWARD HARRY<br \/>\n1242 \u00a0 P ELLO GARLIC<br \/>\n1243 \u00a0 S ELLEN SUE<br \/>\n1244 \u00a0 S ELLIS GLAND<br \/>\n1245 \u00a0 S ELZA MOORE<\/p>\n<p><b><i>Demitra (korenie a\u00a0so\u013e)<\/i><\/b><\/p>\n<p>Bo\u010dekova Margita<br \/>\nLiptovsk\u00e1 \u0160tiavnica 188,\u00a0034 01 Ru\u017eomberok<br \/>\n19.10.2004<br \/>\nAVE CONCORDE Mont-Blanc\/\u010cMKU 5427-9<br \/>\nELIS Imprese\/SPKP 1199<br \/>\n1246 \u00a0 P AGBAR<br \/>\n1247 \u00a0 P ARAN<br \/>\n1248 \u00a0 P AZAR<br \/>\n1249 \u00a0 S AIDA<br \/>\n1250 \u00a0 S AMBRA<br \/>\n1251 \u00a0 S ARIETA<\/p>\n<p>&nbsp;<\/p>\n","protected":false},"excerpt":{"rendered":"<p>Schnauzer Mittelschlag\/ Imprese (korenie a\u00a0so\u013e) Maz\u00e1kov\u00e1 Jana Romanova 44,\u00a0851 02 Bratislava 16.01.2004 AVE CONCORDE Mont-Blanc\/\u010cMKU 5427-9 BIRA Padi-\u0160ach\/SHPK 00234 1230 \u00a0 P GASTON 1231 \u00a0 P GERY 1232 \u00a0 P GINO 1233 \u00a0 S GENNY LEE 1234 \u00a0 S GWENN 1235 \u00a0 S GL\u00d3RIS 1236 \u00a0 S GREIS 1237 \u00a0 S GLARIS spod T\u00f3partu (\u010dierny) [&hellip;]<\/p>\n","protected":false},"author":2,"featured_media":0,"parent":2990,"menu_order":0,"comment_status":"closed","ping_status":"closed","template":"","meta":{"slim_seo":{"title":"2004 Schnauzer - KCHPB","description":"Schnauzer Mittelschlag\/ Imprese (korenie a\u00a0so\u013e) Maz\u00e1kov\u00e1 Jana Romanova 44,\u00a0851 02 Bratislava 16.01.2004 AVE CONCORDE Mont-Blanc\/\u010cMKU 5427-9 BIRA Padi-\u0160ach\/SHPK"},"footnotes":""},"class_list":["post-11650","page","type-page","status-publish","hentry"],"_links":{"self":[{"href":"https:\/\/www.schnauzerclub.sk\/en\/wp-json\/wp\/v2\/pages\/11650","targetHints":{"allow":["GET"]}}],"collection":[{"href":"https:\/\/www.schnauzerclub.sk\/en\/wp-json\/wp\/v2\/pages"}],"about":[{"href":"https:\/\/www.schnauzerclub.sk\/en\/wp-json\/wp\/v2\/types\/page"}],"author":[{"embeddable":true,"href":"https:\/\/www.schnauzerclub.sk\/en\/wp-json\/wp\/v2\/users\/2"}],"replies":[{"embeddable":true,"href":"https:\/\/www.schnauzerclub.sk\/en\/wp-json\/wp\/v2\/comments?post=11650"}],"version-history":[{"count":0,"href":"https:\/\/www.schnauzerclub.sk\/en\/wp-json\/wp\/v2\/pages\/11650\/revisions"}],"up":[{"embeddable":true,"href":"https:\/\/www.schnauzerclub.sk\/en\/wp-json\/wp\/v2\/pages\/2990"}],"wp:attachment":[{"href":"https:\/\/www.schnauzerclub.sk\/en\/wp-json\/wp\/v2\/media?parent=11650"}],"curies":[{"name":"wp","href":"https:\/\/api.w.org\/{rel}","templated":true}]}}