{"id":11652,"date":"2015-05-05T13:36:56","date_gmt":"2015-05-05T11:36:56","guid":{"rendered":"http:\/\/www.schnauzerclub.sk\/?page_id=11652&#038;lang=en"},"modified":"2021-01-05T21:18:11","modified_gmt":"2021-01-05T19:18:11","slug":"2004-riesenschnauzer","status":"publish","type":"page","link":"https:\/\/www.schnauzerclub.sk\/en\/stud-book\/2004-riesenschnauzer\/","title":{"rendered":"2004 Riesenschnauzer"},"content":{"rendered":"<p><b><i>Riesenschnauzer\/Brad\u00e1\u010d ve\u013ek\u00fd<\/i><\/b><b><i>\u00a0<\/i><\/b><\/p>\n<p><b><i>OK-ER (\u010dierny)<\/i><\/b><\/p>\n<p>Okruhlica Erik<br \/>\nSmetanova 9,\u00a0927 00 \u0160a\u013ea<br \/>\n15.01.2004<br \/>\nIVON Gajami\/SHPK 00270<br \/>\nMOON LIGHT Triumetal\/SPKP 1226<br \/>\n1448 \u00a0 P BARNEY<br \/>\n1449 \u00a0 P BRIAN<br \/>\n1450 \u00a0 P BRUNO<br \/>\n1451 \u00a0 P BILLY<br \/>\n1452 \u00a0 P BONNO<br \/>\n1453 \u00a0 S BIANCA<br \/>\n1454 \u00a0 S BETTY<\/p>\n<p><b><i>Bramado (\u010dierny)<\/i><\/b><\/p>\n<p>Vlkovi\u010d Peter<br \/>\nN.Teslu 13,\u00a0921 01 Pie\u0161\u0165any<br \/>\n09.01.2004<br \/>\nZOCO de Clotet\/SPKP 1005<br \/>\nBRAJA Gaslaniro\/SPKP 1284<br \/>\n1455 \u00a0 P AMOR<br \/>\n1456 \u00a0 P ARON<br \/>\n1457 \u00a0 P ASTON<br \/>\n1458 \u00a0 P ATOS<br \/>\n1459 \u00a0 S AIRIN<br \/>\n1460 \u00a0 S ASIA<\/p>\n<p><b><i>Triumetal (\u010dierny)<\/i><\/b><\/p>\n<p>Sla\u010dkov\u00e1 Jaroslava Ing.<br \/>\nPriebe\u017en\u00e1 489\/9,\u00a0031 04 Liptovsk\u00fd Mikul\u00e1\u0161<br \/>\n26.01.2004<br \/>\nFANTASTIC Dream Radinie\/SPKP 1063<br \/>\nRUDDY RAINBOW Triumetal\/SPKP 1344<br \/>\n1461 \u00a0 P ZELOSO ZAPPER<br \/>\n1462 \u00a0 P ZERO ZILCH<br \/>\n1463 \u00a0 P ZESTFUL ZULU<br \/>\n1464 \u00a0 P ZOOM ZEPHYR<br \/>\n1465 \u00a0 S ZARATHUSTRA<br \/>\n1466 \u00a0 S ZINGY ZINGARA<br \/>\n1467 \u00a0 S ZODIACAL LIGHT<br \/>\n1468 \u00a0 S ZYDECO<\/p>\n<p><b><i>Triumetal (\u010dierny)<\/i><\/b><\/p>\n<p>Sla\u010dkov\u00e1 Jaroslava Ing.<br \/>\nPriebe\u017en\u00e1 489\/9,\u00a0031 04 Liptovsk\u00fd Mikul\u00e1\u0161<br \/>\n05.02.2004<br \/>\nPERSEUS REX Radinie\/\u010cMKU 4763<br \/>\nNEW ORLEANS Triumetal\/SPKP 1268<br \/>\n1469 \u00a0 P ABSOLUTE ACE<br \/>\n1470 \u00a0 P ACCLAMATION<br \/>\n1471 \u00a0 P ALABASTER<br \/>\n1472 \u00a0 P ALL-STAR<br \/>\n1473 \u00a0 P AMERICAN DREAM<br \/>\n1474 \u00a0 P ARMAGEDDON<br \/>\n1475 \u00a0 P AVALANCHE<br \/>\n1476 \u00a0 S ALASKA<br \/>\n1477 \u00a0 S ANDALUSIA<br \/>\n1478 \u00a0 S ARABESQUE<\/p>\n<p><b><i>Triumetal ( \u010dierny)<\/i><\/b><\/p>\n<p>Sla\u010dkov\u00e1 Jaroslava Ing.<br \/>\nPriebe\u017en\u00e1 489\/9,\u00a0031 04 Liptovsk\u00fd Mikul\u00e1\u0161<br \/>\n11.02.2004<br \/>\nICEBREAKER Radinie\/SPKP 1196<br \/>\nBARBARA Triumetal\/SHPK 00307<br \/>\n1479 \u00a0 P BANDOLERO<br \/>\n1480 \u00a0 P BANGAL LIGHT<br \/>\n1481 \u00a0 P BLACK DIAMOND<br \/>\n1482 \u00a0 P BLUE BLIZZARD<br \/>\n1483 \u00a0 P BODYGUARD<br \/>\n1484 \u00a0 P BOOGIE-WOOGIE<br \/>\n1485 \u00a0 S BORA BORA<\/p>\n<p><b><i>Gorina (\u010dierny)<\/i><\/b><\/p>\n<p>Mentelov\u00e1 Michaela<br \/>\nVajnorsk\u00e1 43,\u00a0900 25 Chorv\u00e1tsky Grob<br \/>\n04.03.2004<br \/>\nFANTASTIC Dream Radinie\/SPKP 1063<br \/>\nPIECE OF LUCK Triumetal\/SPKP 1311<br \/>\n1486 \u00a0 P ABUFFON<br \/>\n1487 \u00a0 P ATOTTI<br \/>\n1488 \u00a0 P ASAM<br \/>\n1489 \u00a0 P AGUTI<br \/>\n1490 \u00a0 P ABONO<br \/>\n1491 \u00a0 P AKAZAN<br \/>\n1492 \u00a0 P ATOS<br \/>\n1493 \u00a0 S AROCCA<br \/>\n1494 \u00a0 S ABRECA<br \/>\n1495 \u00a0 S ATARA<\/p>\n<p><b><i>Triumetal (\u010dierny)<\/i><\/b><\/p>\n<p>Sla\u010dkov\u00e1 Jaroslava Ing.<br \/>\nPriebe\u017en\u00e1 489\/9,\u00a0031 04 Liptovsk\u00fd Mikul\u00e1\u0161<br \/>\n01.11.2004<br \/>\nINCREASE SPEED Triumetal\/SPKP 1127<br \/>\nNIGHT STORM Triumetal\/SPKP 1270<br \/>\n1500 \u00a0 P CARAT<br \/>\n1501 \u00a0 P CLAY<br \/>\n1502 \u00a0 P CRAZY COWBOY<br \/>\n1503 \u00a0 S CALABRIA<br \/>\n1504 \u00a0 S CALIFORNIA<br \/>\n1505 \u00a0 S CATHERINE<br \/>\n1506 \u00a0 S CINDERELLA<br \/>\n1507 \u00a0 S COLLEEN<\/p>\n<p><b><i>Neiro Garden (\u010dierny)<\/i><\/b><\/p>\n<p>Horv\u00e1th Marcel<br \/>\n053 22 Jamn\u00edk 196<br \/>\n25.12.2004<br \/>\nELAN de Pichera\/PKR 77282<br \/>\nGRIGUS Sea-Shell\/SPKP 1151<br \/>\n1508 \u00a0 P JERRY<br \/>\n1509 \u00a0 S JESSY<br \/>\n1510 \u00a0 S JENNY<br \/>\n1511 \u00a0 S JAMELIA<br \/>\n1512 \u00a0 S JANE<br \/>\n1513 \u00a0 S JORDANA<br \/>\n1514 \u00a0 S JASMINA<br \/>\n1515 \u00a0 S JADE<\/p>\n","protected":false},"excerpt":{"rendered":"<p>Riesenschnauzer\/Brad\u00e1\u010d ve\u013ek\u00fd\u00a0 OK-ER (\u010dierny) Okruhlica Erik Smetanova 9,\u00a0927 00 \u0160a\u013ea 15.01.2004 IVON Gajami\/SHPK 00270 MOON LIGHT Triumetal\/SPKP 1226 1448 \u00a0 P BARNEY 1449 \u00a0 P BRIAN 1450 \u00a0 P BRUNO 1451 \u00a0 P BILLY 1452 \u00a0 P BONNO 1453 \u00a0 S BIANCA 1454 \u00a0 S BETTY Bramado (\u010dierny) Vlkovi\u010d Peter N.Teslu 13,\u00a0921 01 Pie\u0161\u0165any 09.01.2004 [&hellip;]<\/p>\n","protected":false},"author":2,"featured_media":0,"parent":2990,"menu_order":0,"comment_status":"closed","ping_status":"closed","template":"","meta":{"slim_seo":{"title":"2004 Riesenschnauzer - KCHPB","description":"Riesenschnauzer\/Brad\u00e1\u010d ve\u013ek\u00fd \u00a0 OK-ER (\u010dierny) Okruhlica Erik Smetanova 9,\u00a0927 00 \u0160a\u013ea 15.01.2004 IVON Gajami\/SHPK 00270 MOON LIGHT Triumetal\/SPKP 1226 1448 \u00a0 P"},"footnotes":""},"class_list":["post-11652","page","type-page","status-publish","hentry"],"_links":{"self":[{"href":"https:\/\/www.schnauzerclub.sk\/en\/wp-json\/wp\/v2\/pages\/11652","targetHints":{"allow":["GET"]}}],"collection":[{"href":"https:\/\/www.schnauzerclub.sk\/en\/wp-json\/wp\/v2\/pages"}],"about":[{"href":"https:\/\/www.schnauzerclub.sk\/en\/wp-json\/wp\/v2\/types\/page"}],"author":[{"embeddable":true,"href":"https:\/\/www.schnauzerclub.sk\/en\/wp-json\/wp\/v2\/users\/2"}],"replies":[{"embeddable":true,"href":"https:\/\/www.schnauzerclub.sk\/en\/wp-json\/wp\/v2\/comments?post=11652"}],"version-history":[{"count":0,"href":"https:\/\/www.schnauzerclub.sk\/en\/wp-json\/wp\/v2\/pages\/11652\/revisions"}],"up":[{"embeddable":true,"href":"https:\/\/www.schnauzerclub.sk\/en\/wp-json\/wp\/v2\/pages\/2990"}],"wp:attachment":[{"href":"https:\/\/www.schnauzerclub.sk\/en\/wp-json\/wp\/v2\/media?parent=11652"}],"curies":[{"name":"wp","href":"https:\/\/api.w.org\/{rel}","templated":true}]}}