{"id":11654,"date":"2015-05-04T21:26:01","date_gmt":"2015-05-04T19:26:01","guid":{"rendered":"http:\/\/www.schnauzerclub.sk\/?page_id=11654&#038;lang=en"},"modified":"2021-01-05T21:09:38","modified_gmt":"2021-01-05T19:09:38","slug":"2007-riesenschnauzer","status":"publish","type":"page","link":"https:\/\/www.schnauzerclub.sk\/en\/stud-book\/2007-riesenschnauzer\/","title":{"rendered":"2007 Riesenschnauzer"},"content":{"rendered":"<p><em><b>Riesenschnauzer\/<\/b><\/em><\/p>\n<p><strong><em>Ar-Cha-Bar (\u010dierny)<\/em><\/strong><\/p>\n<p>Jane\u010dek Vikt\u00f3ria a Andrej<br \/>\nBakossov\u00e1 37,\u00a0974 01 Bansk\u00e1 Bystrica<br \/>\n27.02.2007<br \/>\nTRIBESMAN Hanno Veto\/SPKP 1388<br \/>\nBAILEYS Sweet Home\/SPKP 1231<br \/>\n1637 \u00a0 P BART<br \/>\n1638 \u00a0 P BRODIE<br \/>\n1639 \u00a0 P BUTTERFLY<br \/>\n1640 \u00a0 S BABY<br \/>\n1641 \u00a0 S BIANCA<\/p>\n<p><strong><em>z\u00a0Nakahosa (\u010dierny)<\/em><\/strong><\/p>\n<p>Nagy Karol<br \/>\n925 03 Horn\u00e9 Saliby 669<br \/>\n19.03.2007<br \/>\nXANDRO Radinie\/SPKP 1497<br \/>\nALEXA OK-ER\/SPKP 1377<br \/>\n1642 \u00a0 P BLACK<br \/>\n1643 \u00a0 P BRANDON<br \/>\n1644 \u00a0 P BRIT<br \/>\n1645 \u00a0 P BRUTUS<br \/>\n1646 \u00a0 S BARBI<br \/>\n1647 \u00a0 S BEKY<br \/>\n1648 \u00a0 S BONY<br \/>\n1649 \u00a0 S BOSZI<br \/>\n1650 \u00a0 S BRENDA<\/p>\n<p><strong><em>Kalimantana (\u010dierny)<\/em><\/strong><\/p>\n<p>Koct\u00farov\u00e1 Janka<br \/>\nPoustaleck\u00e1 4,\u00a0974 09 Bansk\u00e1 Bystrica<br \/>\n16.03.2007<\/p>\n<p>TRIBESMAN Hanno Veto\/SPKP 1388<br \/>\nASKA Vatik\u00e1n\/SPKP 1195<br \/>\n1651 \u00a0 P ARIVAL 1.<br \/>\n1652 \u00a0 S AMBRA EXCELENNT<br \/>\n1653 \u00a0 S ARLIN S\u00c1GA<br \/>\n1654 \u00a0 S ARVEN AMINA<br \/>\n1655 \u00a0 S ASMAR MISS<br \/>\n1656 \u00a0 S AST\u00c9KA<\/p>\n<p><strong><em>Triumetal (\u010dierny)<\/em><\/strong><\/p>\n<p>Sla\u010dkov\u00e1 Jaroslava Ing.<br \/>\nPriebe\u017en\u00e1 489\/9,\u00a0031 04 Liptovsk\u00fd Mikul\u00e1\u0161<br \/>\n04.05.2007<br \/>\nICEBREAKER Radinie\/SPKP 1196<br \/>\nUNIQUE Triumetal\/SPKP 1396<br \/>\n1657 \u00a0 P KARAT<br \/>\n1658 \u00a0 S KRIST\u00cdNKA<\/p>\n<p><strong><em>Triumetal (\u010dierny)<\/em><\/strong><\/p>\n<p>Sla\u010dkov\u00e1 Jaroslava Ing.<br \/>\nPriebe\u017en\u00e1 489\/9,\u00a0031 04 Liptovsk\u00fd Mikul\u00e1\u0161<br \/>\n24.05.2007<br \/>\nXANDRO Radinie\/SPKP 1497<br \/>\nJESSICA Sarah Radinie\/SPKP 1212<br \/>\n1659 \u00a0 P LAWMAKER<br \/>\n1660 \u00a0 P LEOPARD<br \/>\n1661 \u00a0 P LUCIFER<br \/>\n1662 \u00a0 S LADY DIANA<br \/>\n1663 \u00a0 S LAKE OF ROSES<br \/>\n1664 \u00a0 S LIONESS LIANA<br \/>\n1665 \u00a0 S LONELY LASSIE<br \/>\n1666 \u00a0 S LOVELY LUCY<br \/>\n1667 \u00a0 S LUCKY LAURENCE<\/p>\n<p><strong><em>Enel fenomen (korenie a\u00a0so\u013e)<\/em><\/strong><\/p>\n<p>Butykov\u00e1 Miriam<br \/>\nSlne\u010dn\u00e1 33,\u00a0900 29 Nov\u00e1 Dedinka<br \/>\n13.06.2007<br \/>\nQUINTUS Silver Senator\/MET 6094<br \/>\nELIZABETH QUEEN Z\u00b4eridanu dog love\/SPKP 1533<br \/>\n1668 \u00a0 P ACROBAT<br \/>\n1669 \u00a0 P ACHILES<br \/>\n1670 \u00a0 P ATLANTIS<br \/>\n1671 \u00a0 S ATARA<br \/>\n1672 \u00a0 S ALIA<br \/>\n1673 \u00a0 S ARTEMIS<br \/>\n1674 \u00a0 S ARETA<br \/>\n1675 \u00a0 S AR\u00c9NA<br \/>\n1676 \u00a0 S AQA<\/p>\n<p><strong><em>Kelador (\u010dierny)<\/em><\/strong><\/p>\n<p>Strakov\u00e1 Zuzana<br \/>\nBrig\u00e1dnick\u00e1 5,\u00a0841 10 Bratislava<br \/>\n24.06.2007<br \/>\nTYCHO Vestiga Ares\/HR 10587<br \/>\nREWARD FOR LOVE Wind of Dream\/SPKP 1496<br \/>\n1677 \u00a0 P DARSON<br \/>\n1678 \u00a0 P DARWEEN<br \/>\n1679 \u00a0 P DASKERWILL<br \/>\n1680 \u00a0 P DENVER<br \/>\n1681 \u00a0 P DORN DEVIL<br \/>\n1682 \u00a0 S DARK ANGEL<br \/>\n1683 \u00a0 S DELLA ROSE<br \/>\n1684 \u00a0 S DESIREE<br \/>\n1685 \u00a0 S DESTINY<br \/>\n1686 \u00a0 S DORSEY<\/p>\n<p><strong><em>Camisa negra (\u010dierny)<\/em><\/strong><\/p>\n<p>Pisan\u010d\u00edk Vladim\u00edr Ing.<br \/>\nMakarenkova 102,\u00a0080 06 \u013dubotice<br \/>\n10.10.2007<br \/>\nXANDRO Radinie\/SPKP 1497<br \/>\nVICKY Triumetal\/SPKP 1408<br \/>\n1687 \u00a0 P ARCO<br \/>\n1688 \u00a0 P ASSAN<br \/>\n1689 \u00a0 S ADDIE<br \/>\n1690 \u00a0 S AIMEE<br \/>\n1691 \u00a0 S ANGIE<br \/>\n1692 \u00a0 S ARCA<\/p>\n<p><strong><em>OK-ER (\u010dierny)<\/em><\/strong><\/p>\n<p>Okruhlica Erik<br \/>\nSmetanova 9,\u00a0927 00 \u0160a\u013ea<br \/>\n09.11.2007<br \/>\nDARK DAEMON Triumetal\/SPKP 1517<br \/>\nMOON LIGHT Triumetal\/SPKP 1226<br \/>\n1693 \u00a0 P HENRY FORD<br \/>\n1694 \u00a0 P HUGO BOSS<br \/>\n1695 \u00a0 S HERIET HANNAH<\/p>\n<p><strong><em>Triumetal (\u010dierny)<\/em><\/strong><\/p>\n<p>Sla\u010dkov\u00e1 Jaroslava Ing.<br \/>\nPriebe\u017en\u00e1 489\/9,\u00a0031 04 Liptovsk\u00fd Mikul\u00e1\u0161<br \/>\n09.12.2007<br \/>\nXANDRO Radinie\/SPKP 1497<br \/>\nRUDDY RAINBOW Triumetal\/SPKP 1344<br \/>\n1696 \u00a0 P MACKENZIE<br \/>\n1697 \u00a0 P MAJESTIC MAN<br \/>\n1698 \u00a0 P MASCOT<br \/>\n1699 \u00a0 P MASSACHUSETS<br \/>\n1700 \u00a0 P MATTERHORN<br \/>\n1701 \u00a0 P MONT BLANC<br \/>\n1702 \u00a0 S MADAM<br \/>\n1703 \u00a0 S MAGIC MIRAGE<br \/>\n1704 \u00a0 S MIDNIGHT LIGHT<\/p>\n","protected":false},"excerpt":{"rendered":"<p>Riesenschnauzer\/ Ar-Cha-Bar (\u010dierny) Jane\u010dek Vikt\u00f3ria a Andrej Bakossov\u00e1 37,\u00a0974 01 Bansk\u00e1 Bystrica 27.02.2007 TRIBESMAN Hanno Veto\/SPKP 1388 BAILEYS Sweet Home\/SPKP 1231 1637 \u00a0 P BART 1638 \u00a0 P BRODIE 1639 \u00a0 P BUTTERFLY 1640 \u00a0 S BABY 1641 \u00a0 S BIANCA z\u00a0Nakahosa (\u010dierny) Nagy Karol 925 03 Horn\u00e9 Saliby 669 19.03.2007 XANDRO Radinie\/SPKP 1497 ALEXA [&hellip;]<\/p>\n","protected":false},"author":2,"featured_media":0,"parent":2990,"menu_order":0,"comment_status":"closed","ping_status":"closed","template":"","meta":{"slim_seo":{"title":"2007 Riesenschnauzer - KCHPB","description":"Riesenschnauzer\/ Ar-Cha-Bar (\u010dierny) Jane\u010dek Vikt\u00f3ria a Andrej Bakossov\u00e1 37,\u00a0974 01 Bansk\u00e1 Bystrica 27.02.2007 TRIBESMAN Hanno Veto\/SPKP 1388 BAILEYS Sweet Home"},"footnotes":""},"class_list":["post-11654","page","type-page","status-publish","hentry"],"_links":{"self":[{"href":"https:\/\/www.schnauzerclub.sk\/en\/wp-json\/wp\/v2\/pages\/11654","targetHints":{"allow":["GET"]}}],"collection":[{"href":"https:\/\/www.schnauzerclub.sk\/en\/wp-json\/wp\/v2\/pages"}],"about":[{"href":"https:\/\/www.schnauzerclub.sk\/en\/wp-json\/wp\/v2\/types\/page"}],"author":[{"embeddable":true,"href":"https:\/\/www.schnauzerclub.sk\/en\/wp-json\/wp\/v2\/users\/2"}],"replies":[{"embeddable":true,"href":"https:\/\/www.schnauzerclub.sk\/en\/wp-json\/wp\/v2\/comments?post=11654"}],"version-history":[{"count":0,"href":"https:\/\/www.schnauzerclub.sk\/en\/wp-json\/wp\/v2\/pages\/11654\/revisions"}],"up":[{"embeddable":true,"href":"https:\/\/www.schnauzerclub.sk\/en\/wp-json\/wp\/v2\/pages\/2990"}],"wp:attachment":[{"href":"https:\/\/www.schnauzerclub.sk\/en\/wp-json\/wp\/v2\/media?parent=11654"}],"curies":[{"name":"wp","href":"https:\/\/api.w.org\/{rel}","templated":true}]}}