{"id":11658,"date":"0204-12-31T11:48:41","date_gmt":"0204-12-31T09:48:41","guid":{"rendered":"http:\/\/www.schnauzerclub.sk\/?page_id=11658&#038;lang=en"},"modified":"2021-01-05T20:28:54","modified_gmt":"2021-01-05T18:28:54","slug":"2014-riesenschnauzer","status":"publish","type":"page","link":"https:\/\/www.schnauzerclub.sk\/en\/stud-book\/2014-riesenschnauzer\/","title":{"rendered":"2014 Riesenschnauzer"},"content":{"rendered":"<p>&nbsp;<\/p>\n<table cellspacing=\"0\" cellpadding=\"0\">\n<tbody>\n<tr>\n<td colspan=\"2\" valign=\"bottom\"><span style=\"color: #000000;\"><span style=\"font-family: Cambria; font-size: medium;\"><b>Riesenschnauzer<\/b><\/span><span style=\"font-family: 'Courier New'; font-size: medium;\"><b>\/<\/b><\/span><\/span><\/td>\n<\/tr>\n<tr>\n<td valign=\"bottom\"><\/td>\n<td valign=\"bottom\"><\/td>\n<\/tr>\n<tr>\n<td colspan=\"2\" valign=\"bottom\"><span style=\"color: #000000; font-family: 'Courier New'; font-size: small;\"><b><i>Triumetal (\u010dierny)<\/i><\/b><\/span><\/td>\n<\/tr>\n<tr>\n<td colspan=\"2\" valign=\"bottom\"><span style=\"color: #000000; font-family: 'Courier New'; font-size: small;\">Sla\u010dkov\u00e1 Jaroslava Ing.<span class=\"Apple-converted-space\">\u00a0 \u00a0 \u00a0<\/span><\/span><\/td>\n<\/tr>\n<tr>\n<td colspan=\"2\" valign=\"bottom\"><span style=\"color: #000000; font-family: 'Courier New'; font-size: small;\">Priebe\u017en\u00e1 489\/9<span class=\"Apple-converted-space\">\u00a0 \u00a0 \u00a0 \u00a0 \u00a0 \u00a0 \u00a0<\/span><\/span><\/td>\n<\/tr>\n<tr>\n<td colspan=\"2\" valign=\"bottom\"><span style=\"color: #000000; font-family: 'Courier New'; font-size: small;\">031 04 Liptovsk\u00fd Mikul\u00e1\u0161 <span class=\"Apple-converted-space\">\u00a0 \u00a0<\/span><\/span><\/td>\n<\/tr>\n<tr>\n<td valign=\"bottom\"><span style=\"color: #000000; font-family: 'Courier New'; font-size: small;\">30.10.2013<\/span><\/td>\n<td valign=\"bottom\"><\/td>\n<\/tr>\n<tr>\n<td colspan=\"2\" valign=\"bottom\"><span style=\"color: #000000; font-family: 'Courier New'; font-size: small;\">URIAH HEEP Radinie\/SPKP 1733\u00a0<\/span><\/td>\n<\/tr>\n<tr>\n<td colspan=\"2\" valign=\"bottom\"><span style=\"color: #000000; font-family: 'Courier New'; font-size: small;\">CRISSTIE SARAH BohemiaNess\/SPKP 1847\u00a0<\/span><\/td>\n<\/tr>\n<tr>\n<td colspan=\"2\" valign=\"bottom\"><span style=\"color: #000000; font-family: 'Courier New'; font-size: small;\">1936 <span class=\"Apple-converted-space\">\u00a0 <\/span>P VAGABOND<\/span><\/td>\n<\/tr>\n<tr>\n<td colspan=\"2\" valign=\"bottom\"><span style=\"color: #000000; font-family: 'Courier New'; font-size: small;\">1937 <span class=\"Apple-converted-space\">\u00a0 <\/span>P VAMPIRE<\/span><\/td>\n<\/tr>\n<tr>\n<td colspan=\"2\" valign=\"bottom\"><span style=\"color: #000000; font-family: 'Courier New'; font-size: small;\">1938 <span class=\"Apple-converted-space\">\u00a0 <\/span>P VERSO<\/span><\/td>\n<\/tr>\n<tr>\n<td colspan=\"2\" valign=\"bottom\"><span style=\"color: #000000; font-family: 'Courier New'; font-size: small;\">1939 <span class=\"Apple-converted-space\">\u00a0 <\/span>P VERMONT<\/span><\/td>\n<\/tr>\n<tr>\n<td colspan=\"2\" valign=\"bottom\"><span style=\"color: #000000; font-family: 'Courier New'; font-size: small;\">1940 <span class=\"Apple-converted-space\">\u00a0 <\/span>P VETO<\/span><\/td>\n<\/tr>\n<tr>\n<td colspan=\"2\" valign=\"bottom\"><span style=\"color: #000000; font-family: 'Courier New'; font-size: small;\">1941 <span class=\"Apple-converted-space\">\u00a0 <\/span>P VULCAN<\/span><\/td>\n<\/tr>\n<tr>\n<td colspan=\"2\" valign=\"bottom\"><span style=\"color: #000000; font-family: 'Courier New'; font-size: small;\">1942 <span class=\"Apple-converted-space\">\u00a0 <\/span>S VALENCIA<\/span><\/td>\n<\/tr>\n<tr>\n<td colspan=\"2\" valign=\"bottom\"><span style=\"color: #000000; font-family: 'Courier New'; font-size: small;\">1943 <span class=\"Apple-converted-space\">\u00a0 <\/span>S VANDA<\/span><\/td>\n<\/tr>\n<tr>\n<td colspan=\"2\" valign=\"bottom\"><span style=\"color: #000000; font-family: 'Courier New'; font-size: small;\">1944 <span class=\"Apple-converted-space\">\u00a0 <\/span>S VENUS<\/span><\/td>\n<\/tr>\n<tr>\n<td colspan=\"2\" valign=\"bottom\"><span style=\"color: #000000; font-family: 'Courier New'; font-size: small;\">1945 <span class=\"Apple-converted-space\">\u00a0 <\/span>S VESPER<\/span><\/td>\n<\/tr>\n<tr>\n<td colspan=\"2\" valign=\"bottom\"><span style=\"color: #000000; font-family: 'Courier New'; font-size: small;\">1946 <span class=\"Apple-converted-space\">\u00a0 <\/span>S VICTORIA<\/span><\/td>\n<\/tr>\n<tr>\n<td colspan=\"2\" valign=\"bottom\"><span style=\"color: #000000; font-family: 'Courier New'; font-size: small;\">1947 <span class=\"Apple-converted-space\">\u00a0 <\/span>S VIVIENNE<\/span><\/td>\n<\/tr>\n<tr>\n<td valign=\"bottom\"><\/td>\n<td valign=\"bottom\"><\/td>\n<\/tr>\n<tr>\n<td colspan=\"2\" valign=\"bottom\"><span style=\"color: #000000; font-family: 'Courier New'; font-size: small;\"><b><i>OK-ER (\u010dierny)<\/i><\/b><\/span><\/td>\n<\/tr>\n<tr>\n<td colspan=\"2\" valign=\"bottom\"><span style=\"color: #000000; font-family: 'Courier New'; font-size: small;\">Okruhlica Erik <span class=\"Apple-converted-space\">\u00a0 \u00a0 \u00a0 \u00a0 \u00a0 \u00a0 \u00a0<\/span><\/span><\/td>\n<\/tr>\n<tr>\n<td colspan=\"2\" valign=\"bottom\"><span style=\"color: #000000; font-family: 'Courier New'; font-size: small;\">Smetanova 9<span class=\"Apple-converted-space\">\u00a0 \u00a0 \u00a0 \u00a0 \u00a0 \u00a0 \u00a0 \u00a0 \u00a0<\/span><\/span><\/td>\n<\/tr>\n<tr>\n<td colspan=\"2\" valign=\"bottom\"><span style=\"color: #000000; font-family: 'Courier New'; font-size: small;\">927 00 \u0160a\u013ea<span class=\"Apple-converted-space\">\u00a0 \u00a0 \u00a0 \u00a0 \u00a0 \u00a0 \u00a0 \u00a0 \u00a0<\/span><\/span><\/td>\n<\/tr>\n<tr>\n<td valign=\"bottom\"><span style=\"color: #000000; font-family: 'Courier New'; font-size: small;\">07.04.2014<\/span><\/td>\n<td valign=\"bottom\"><\/td>\n<\/tr>\n<tr>\n<td colspan=\"2\" valign=\"bottom\"><span style=\"color: #000000; font-family: 'Courier New'; font-size: small;\">DARK DAEMON Triumetal\/SPKP 1517\u00a0<\/span><\/td>\n<\/tr>\n<tr>\n<td colspan=\"2\" valign=\"bottom\"><span style=\"color: #000000; font-family: 'Courier New'; font-size: small;\">OASIS Triumetal\/SPKP 1730\u00a0<\/span><\/td>\n<\/tr>\n<tr>\n<td colspan=\"2\" valign=\"bottom\"><span style=\"color: #000000; font-family: 'Courier New'; font-size: small;\">1950 <span class=\"Apple-converted-space\">\u00a0 <\/span>P PASCALL<\/span><\/td>\n<\/tr>\n<tr>\n<td colspan=\"2\" valign=\"bottom\"><span style=\"color: #000000; font-family: 'Courier New'; font-size: small;\">1951 <span class=\"Apple-converted-space\">\u00a0 <\/span>P PORTOS<\/span><\/td>\n<\/tr>\n<tr>\n<td colspan=\"2\" valign=\"bottom\"><span style=\"color: #000000; font-family: 'Courier New'; font-size: small;\">1952 <span class=\"Apple-converted-space\">\u00a0 <\/span>S PEGGY<\/span><\/td>\n<\/tr>\n<tr>\n<td colspan=\"2\" valign=\"bottom\"><span style=\"color: #000000; font-family: 'Courier New'; font-size: small;\">1953 <span class=\"Apple-converted-space\">\u00a0 <\/span>S PENELOPE<\/span><\/td>\n<\/tr>\n<tr>\n<td colspan=\"2\" valign=\"bottom\"><span style=\"color: #000000; font-family: 'Courier New'; font-size: small;\">1954 <span class=\"Apple-converted-space\">\u00a0 <\/span>S POLIX<\/span><\/td>\n<\/tr>\n<tr>\n<td valign=\"bottom\"><\/td>\n<td valign=\"bottom\"><\/td>\n<\/tr>\n<tr>\n<td colspan=\"2\" valign=\"bottom\"><span style=\"color: #000000; font-family: 'Courier New'; font-size: small;\"><b><i>Triumetal (\u010dierny)<\/i><\/b><\/span><\/td>\n<\/tr>\n<tr>\n<td colspan=\"2\" valign=\"bottom\"><span style=\"color: #000000; font-family: 'Courier New'; font-size: small;\">Sla\u010dkov\u00e1 Jaroslava Ing.<span class=\"Apple-converted-space\">\u00a0 \u00a0 \u00a0<\/span><\/span><\/td>\n<\/tr>\n<tr>\n<td colspan=\"2\" valign=\"bottom\"><span style=\"color: #000000; font-family: 'Courier New'; font-size: small;\">Priebe\u017en\u00e1 489\/9<span class=\"Apple-converted-space\">\u00a0 \u00a0 \u00a0 \u00a0 \u00a0 \u00a0 \u00a0<\/span><\/span><\/td>\n<\/tr>\n<tr>\n<td colspan=\"2\" valign=\"bottom\"><span style=\"color: #000000; font-family: 'Courier New'; font-size: small;\">031 04 Liptovsk\u00fd Mikul\u00e1\u0161 <span class=\"Apple-converted-space\">\u00a0 \u00a0<\/span><\/span><\/td>\n<\/tr>\n<tr>\n<td valign=\"bottom\"><span style=\"color: #000000; font-family: 'Courier New'; font-size: small;\">05.04.2014<\/span><\/td>\n<td valign=\"bottom\"><\/td>\n<\/tr>\n<tr>\n<td colspan=\"2\" valign=\"bottom\"><span style=\"color: #000000; font-family: 'Courier New'; font-size: small;\">SNOW FROST Gloris\/SPKP 1848\u00a0<\/span><\/td>\n<\/tr>\n<tr>\n<td colspan=\"2\" valign=\"bottom\"><span style=\"color: #000000; font-family: 'Courier New'; font-size: small;\">NEVERMORE Triumetal\/SPKP 1720\u00a0<\/span><\/td>\n<\/tr>\n<tr>\n<td colspan=\"2\" valign=\"bottom\"><span style=\"color: #000000; font-family: 'Courier New'; font-size: small;\">1955 <span class=\"Apple-converted-space\">\u00a0 <\/span>P WEST WIND<\/span><\/td>\n<\/tr>\n<tr>\n<td colspan=\"2\" valign=\"bottom\"><span style=\"color: #000000; font-family: 'Courier New'; font-size: small;\">1956 <span class=\"Apple-converted-space\">\u00a0 <\/span>P WILD RAIN<\/span><\/td>\n<\/tr>\n<tr>\n<td colspan=\"2\" valign=\"bottom\"><span style=\"color: #000000; font-family: 'Courier New'; font-size: small;\">1957 <span class=\"Apple-converted-space\">\u00a0 <\/span>S WEEPING WILLOW<\/span><\/td>\n<\/tr>\n<tr>\n<td colspan=\"2\" valign=\"bottom\"><span style=\"color: #000000; font-family: 'Courier New'; font-size: small;\">1958 <span class=\"Apple-converted-space\">\u00a0 <\/span>S WHITE WOMAN<\/span><\/td>\n<\/tr>\n<tr>\n<td colspan=\"2\" valign=\"bottom\"><span style=\"color: #000000; font-family: 'Courier New'; font-size: small;\">1959 <span class=\"Apple-converted-space\">\u00a0 <\/span>S WHORTLEBERRY<\/span><\/td>\n<\/tr>\n<tr>\n<td colspan=\"2\" valign=\"bottom\"><span style=\"color: #000000; font-family: 'Courier New'; font-size: small;\">1960 <span class=\"Apple-converted-space\">\u00a0 <\/span>S WILDERNESS<\/span><\/td>\n<\/tr>\n<tr>\n<td colspan=\"2\" valign=\"bottom\"><span style=\"color: #000000; font-family: 'Courier New'; font-size: small;\">1961 <span class=\"Apple-converted-space\">\u00a0 <\/span>S WISHING<\/span><\/td>\n<\/tr>\n<tr>\n<td colspan=\"2\" valign=\"bottom\"><span style=\"color: #000000; font-family: 'Courier New'; font-size: small;\">1962 <span class=\"Apple-converted-space\">\u00a0 <\/span>S WONERFULL<\/span><\/td>\n<\/tr>\n<tr>\n<td valign=\"bottom\"><\/td>\n<td valign=\"bottom\"><\/td>\n<\/tr>\n<tr>\n<td colspan=\"2\" valign=\"bottom\"><span style=\"color: #000000; font-family: 'Courier New'; font-size: small;\"><b><i>Enelfenomen (\u010dierny)<\/i><\/b><\/span><\/td>\n<\/tr>\n<tr>\n<td colspan=\"2\" valign=\"bottom\"><span style=\"color: #000000; font-family: 'Courier New'; font-size: small;\">Butykov\u00e1 Miriam<span class=\"Apple-converted-space\">\u00a0 \u00a0 \u00a0 \u00a0 \u00a0 \u00a0 \u00a0<\/span><\/span><\/td>\n<\/tr>\n<tr>\n<td colspan=\"2\" valign=\"bottom\"><span style=\"color: #000000; font-family: 'Courier New'; font-size: small;\">\u010d.137<span class=\"Apple-converted-space\">\u00a0 \u00a0 \u00a0 \u00a0 \u00a0 \u00a0 \u00a0 \u00a0 \u00a0 \u00a0 \u00a0 \u00a0<\/span><\/span><\/td>\n<\/tr>\n<tr>\n<td colspan=\"2\" valign=\"bottom\"><span style=\"color: #000000; font-family: 'Courier New'; font-size: small;\">908 74 Mal\u00e9 Lev\u00e1re <span class=\"Apple-converted-space\">\u00a0 \u00a0 \u00a0 \u00a0 \u00a0<\/span><\/span><\/td>\n<\/tr>\n<tr>\n<td valign=\"bottom\"><span style=\"color: #000000; font-family: 'Courier New'; font-size: small;\">13.04.2014<\/span><\/td>\n<td valign=\"bottom\"><\/td>\n<\/tr>\n<tr>\n<td colspan=\"2\" valign=\"bottom\"><span style=\"color: #000000; font-family: 'Courier New'; font-size: small;\">ANDREAS Zoeira\/SPKP 1905\u00a0<\/span><\/td>\n<\/tr>\n<tr>\n<td colspan=\"2\" valign=\"bottom\"><span style=\"color: #000000; font-family: 'Courier New'; font-size: small;\">RISING LIGHTS Triumetal\/SPKP 1844\u00a0<\/span><\/td>\n<\/tr>\n<tr>\n<td valign=\"bottom\"><span style=\"color: #000000; font-family: 'Courier New'; font-size: small;\">1963 <span class=\"Apple-converted-space\">\u00a0 <\/span>P PAX<\/span><\/td>\n<td valign=\"bottom\"><\/td>\n<\/tr>\n<tr>\n<td colspan=\"2\" valign=\"bottom\"><span style=\"color: #000000; font-family: 'Courier New'; font-size: small;\">1964 <span class=\"Apple-converted-space\">\u00a0 <\/span>P PIRO<\/span><\/td>\n<\/tr>\n<tr>\n<td colspan=\"2\" valign=\"bottom\"><span style=\"color: #000000; font-family: 'Courier New'; font-size: small;\">1965 <span class=\"Apple-converted-space\">\u00a0 <\/span>P PHOENIX<\/span><\/td>\n<\/tr>\n<tr>\n<td colspan=\"2\" valign=\"bottom\"><span style=\"color: #000000; font-family: 'Courier New'; font-size: small;\">1966 <span class=\"Apple-converted-space\">\u00a0 <\/span>P PRIM<\/span><\/td>\n<\/tr>\n<tr>\n<td colspan=\"2\" valign=\"bottom\"><span style=\"color: #000000; font-family: 'Courier New'; font-size: small;\">1967 <span class=\"Apple-converted-space\">\u00a0 <\/span>S PARIS<\/span><\/td>\n<\/tr>\n<tr>\n<td valign=\"bottom\"><\/td>\n<td valign=\"bottom\"><\/td>\n<\/tr>\n<tr>\n<td colspan=\"2\" valign=\"bottom\"><span style=\"color: #000000; font-family: 'Courier New'; font-size: small;\"><b><i>Enelfenomen (korenie a so\u013e)<\/i><\/b><\/span><\/td>\n<\/tr>\n<tr>\n<td colspan=\"2\" valign=\"bottom\"><span style=\"color: #000000; font-family: 'Courier New'; font-size: small;\">Butykov\u00e1 Miriam<span class=\"Apple-converted-space\">\u00a0 \u00a0 \u00a0 \u00a0 \u00a0 \u00a0 \u00a0<\/span><\/span><\/td>\n<\/tr>\n<tr>\n<td colspan=\"2\" valign=\"bottom\"><span style=\"color: #000000; font-family: 'Courier New'; font-size: small;\">\u010d.137<span class=\"Apple-converted-space\">\u00a0 \u00a0 \u00a0 \u00a0 \u00a0 \u00a0 \u00a0 \u00a0 \u00a0 \u00a0 \u00a0 \u00a0<\/span><\/span><\/td>\n<\/tr>\n<tr>\n<td colspan=\"2\" valign=\"bottom\"><span style=\"color: #000000; font-family: 'Courier New'; font-size: small;\">908 74 Mal\u00e9 Lev\u00e1re <span class=\"Apple-converted-space\">\u00a0 \u00a0 \u00a0 \u00a0 \u00a0<\/span><\/span><\/td>\n<\/tr>\n<tr>\n<td valign=\"bottom\"><span style=\"color: #000000; font-family: 'Courier New'; font-size: small;\">19.05.2014<\/span><\/td>\n<td valign=\"bottom\"><\/td>\n<\/tr>\n<tr>\n<td colspan=\"2\" valign=\"bottom\"><span style=\"color: #000000; font-family: 'Courier New'; font-size: small;\">THESEUS KING von Amber\/SPKP 1891\u00a0<\/span><\/td>\n<\/tr>\n<tr>\n<td colspan=\"2\" valign=\"bottom\"><span style=\"color: #000000; font-family: 'Courier New'; font-size: small;\">CHERRYL Enelfenomen\/SPKP 1808\u00a0<\/span><\/td>\n<\/tr>\n<tr>\n<td colspan=\"2\" valign=\"bottom\"><span style=\"color: #000000; font-family: 'Courier New'; font-size: small;\">1968 <span class=\"Apple-converted-space\">\u00a0 <\/span>P TITAN<\/span><\/td>\n<\/tr>\n<tr>\n<td colspan=\"2\" valign=\"bottom\"><span style=\"color: #000000; font-family: 'Courier New'; font-size: small;\">1969 <span class=\"Apple-converted-space\">\u00a0 <\/span>P TAURUS<\/span><\/td>\n<\/tr>\n<tr>\n<td colspan=\"2\" valign=\"bottom\"><span style=\"color: #000000; font-family: 'Courier New'; font-size: small;\">1970 <span class=\"Apple-converted-space\">\u00a0 <\/span>P THESEUS<\/span><\/td>\n<\/tr>\n<tr>\n<td colspan=\"2\" valign=\"bottom\"><span style=\"color: #000000; font-family: 'Courier New'; font-size: small;\">1971 <span class=\"Apple-converted-space\">\u00a0 <\/span>P TONNY<\/span><\/td>\n<\/tr>\n<tr>\n<td colspan=\"2\" valign=\"bottom\"><span style=\"color: #000000; font-family: 'Courier New'; font-size: small;\">1972 <span class=\"Apple-converted-space\">\u00a0 <\/span>P THOR<\/span><\/td>\n<\/tr>\n<tr>\n<td colspan=\"2\" valign=\"bottom\"><span style=\"color: #000000; font-family: 'Courier New'; font-size: small;\">1973 <span class=\"Apple-converted-space\">\u00a0 <\/span>P TORN\u00c1DO<\/span><\/td>\n<\/tr>\n<tr>\n<td colspan=\"2\" valign=\"bottom\"><span style=\"color: #000000; font-family: 'Courier New'; font-size: small;\">1974 <span class=\"Apple-converted-space\">\u00a0 <\/span>S THETYS<\/span><\/td>\n<\/tr>\n<tr>\n<td colspan=\"2\" valign=\"bottom\"><span style=\"color: #000000; font-family: 'Courier New'; font-size: small;\">1975 <span class=\"Apple-converted-space\">\u00a0 <\/span>S TALLY<\/span><\/td>\n<\/tr>\n<tr>\n<td colspan=\"2\" valign=\"bottom\"><span style=\"color: #000000; font-family: 'Courier New'; font-size: small;\">1976 <span class=\"Apple-converted-space\">\u00a0 <\/span>S TENERIFE<\/span><\/td>\n<\/tr>\n<tr>\n<td colspan=\"2\" valign=\"bottom\"><span style=\"color: #000000; font-family: 'Courier New'; font-size: small;\">1977 <span class=\"Apple-converted-space\">\u00a0 <\/span>S TEENEESEE<\/span><\/td>\n<\/tr>\n<tr>\n<td colspan=\"2\" valign=\"bottom\"><span style=\"color: #000000; font-family: 'Courier New'; font-size: small;\">1978 <span class=\"Apple-converted-space\">\u00a0 <\/span>S TSUNAMI<\/span><\/td>\n<\/tr>\n<tr>\n<td colspan=\"2\" valign=\"bottom\"><span style=\"color: #000000; font-family: 'Courier New'; font-size: small;\">1979 <span class=\"Apple-converted-space\">\u00a0 <\/span>S TRINITI<\/span><\/td>\n<\/tr>\n<tr>\n<td valign=\"bottom\"><\/td>\n<td valign=\"bottom\"><\/td>\n<\/tr>\n<\/tbody>\n<\/table>\n<p>&nbsp;<\/p>\n","protected":false},"excerpt":{"rendered":"<p>&nbsp; Riesenschnauzer\/ Triumetal (\u010dierny) Sla\u010dkov\u00e1 Jaroslava Ing.\u00a0 \u00a0 \u00a0 Priebe\u017en\u00e1 489\/9\u00a0 \u00a0 \u00a0 \u00a0 \u00a0 \u00a0 \u00a0 031 04 Liptovsk\u00fd Mikul\u00e1\u0161 \u00a0 \u00a0 30.10.2013 URIAH HEEP Radinie\/SPKP 1733\u00a0 CRISSTIE SARAH BohemiaNess\/SPKP 1847\u00a0 1936 \u00a0 P VAGABOND 1937 \u00a0 P VAMPIRE 1938 \u00a0 P VERSO 1939 \u00a0 P VERMONT 1940 \u00a0 P VETO 1941 \u00a0 P [&hellip;]<\/p>\n","protected":false},"author":2,"featured_media":0,"parent":2990,"menu_order":0,"comment_status":"closed","ping_status":"closed","template":"","meta":{"slim_seo":{"title":"2014 Riesenschnauzer - KCHPB","description":"&nbsp; Riesenschnauzer \/ Triumetal (\u010dierny) Sla\u010dkov\u00e1 Jaroslava Ing. \u00a0 \u00a0 \u00a0 Priebe\u017en\u00e1 489\/9 \u00a0 \u00a0 \u00a0 \u00a0 \u00a0 \u00a0 \u00a0 031 04 Liptovsk\u00fd Mikul\u00e1\u0161 \u00a0 \u00a0 30.10.2013 URIAH HEEP Radin"},"footnotes":""},"class_list":["post-11658","page","type-page","status-publish","hentry"],"_links":{"self":[{"href":"https:\/\/www.schnauzerclub.sk\/en\/wp-json\/wp\/v2\/pages\/11658","targetHints":{"allow":["GET"]}}],"collection":[{"href":"https:\/\/www.schnauzerclub.sk\/en\/wp-json\/wp\/v2\/pages"}],"about":[{"href":"https:\/\/www.schnauzerclub.sk\/en\/wp-json\/wp\/v2\/types\/page"}],"author":[{"embeddable":true,"href":"https:\/\/www.schnauzerclub.sk\/en\/wp-json\/wp\/v2\/users\/2"}],"replies":[{"embeddable":true,"href":"https:\/\/www.schnauzerclub.sk\/en\/wp-json\/wp\/v2\/comments?post=11658"}],"version-history":[{"count":0,"href":"https:\/\/www.schnauzerclub.sk\/en\/wp-json\/wp\/v2\/pages\/11658\/revisions"}],"up":[{"embeddable":true,"href":"https:\/\/www.schnauzerclub.sk\/en\/wp-json\/wp\/v2\/pages\/2990"}],"wp:attachment":[{"href":"https:\/\/www.schnauzerclub.sk\/en\/wp-json\/wp\/v2\/media?parent=11658"}],"curies":[{"name":"wp","href":"https:\/\/api.w.org\/{rel}","templated":true}]}}