{"id":11660,"date":"2015-05-05T13:35:02","date_gmt":"2015-05-05T11:35:02","guid":{"rendered":"http:\/\/www.schnauzerclub.sk\/?page_id=11660&#038;lang=en"},"modified":"2021-01-05T21:15:50","modified_gmt":"2021-01-05T19:15:50","slug":"2005-riesenschnauzer","status":"publish","type":"page","link":"https:\/\/www.schnauzerclub.sk\/en\/stud-book\/2005-riesenschnauzer\/","title":{"rendered":"2005 Riesenschnauzer"},"content":{"rendered":"<p><b><i>Riesenschnauzer\/<\/i><\/b><\/p>\n<p><b><i>Triumetal (\u010dierny)<\/i><\/b><\/p>\n<p>Sla\u010dkov\u00e1 Jaroslava Ing.<br \/>\nPriebe\u017en\u00e1 489\/9,\u00a0031 04 Liptovsk\u00fd Mikul\u00e1\u0161<br \/>\n18.01.2005<br \/>\nREMIX Gloris\/\u010cMKU 4436\/9<br \/>\nJESSICA Sarah Radinie\/SPKP 1212<br \/>\n1516 \u00a0 P DANDY DANIEL<br \/>\n1517 \u00a0 P DARK DAEMON<br \/>\n1518 \u00a0 S DAMASK ROSE<br \/>\n1519 \u00a0 S DANCING GIRL<br \/>\n1520 \u00a0 S DEVIL DANCE<br \/>\n1521 \u00a0 S DENEUVE CATHRIN<br \/>\n1522 \u00a0 S DIAMOND DAISY<br \/>\n1523 \u00a0 S DIANA PRINCESS<br \/>\n1524 \u00a0 S DUSTY PEARL<\/p>\n<p><b><i>Z\u00b4eridanu dog love (korenie a\u00a0so\u013e)<\/i><\/b><\/p>\n<p>Langov\u00e1 Georgina<br \/>\n943 52 Mu\u017ela 680<br \/>\n18.01.2005<br \/>\nRASPUTIN IGNORA Skansen\u00b4s\/AKC 030099<br \/>\nABDUL Alcanzar Una Estrella\/SPKP 1247<br \/>\n1525 \u00a0 P EX\u00b4VAGANSE KING<br \/>\n1526 \u00a0 P ELTON JOHN<br \/>\n1527 \u00a0 P ELVIS PRESLEY<br \/>\n1528 \u00a0 P ENZO FERRARI<br \/>\n1529 \u00a0 P EXPERT EDY<br \/>\n1530 \u00a0 P EBONIT<br \/>\n1531 \u00a0 P EL\u00b4DIABLO EXY<br \/>\n1532 \u00a0 P EXCALIBUR<br \/>\n1533 \u00a0 S ELIZABETH QUEEN<br \/>\n1534 \u00a0 S EXTRA EVITA<\/p>\n<p><b><i>OK-ER (\u010dierny)<\/i><\/b><\/p>\n<p>Okruhlica Erik<br \/>\nSmetanova 9,\u00a0927 00 \u0160a\u013ea<br \/>\n03.02.2005<br \/>\nICEBREAKER Radinie\/SPKP 1196<br \/>\nMOON LIGHT Triumetal\/SPKP 1226<br \/>\n1535 \u00a0 P CLIFORD<br \/>\n1536 \u00a0 P CONNOR<\/p>\n<p><b><i>Triumetal (\u010dierny)<\/i><\/b><\/p>\n<p>Sla\u010dkov\u00e1 Jaroslava Ing.<br \/>\nPriebe\u017en\u00e1 489\/9,\u00a0031 04 Liptovsk\u00fd Mikul\u00e1\u0161<br \/>\n01.02.2005<br \/>\nFANTASTIC Dream Radinie\/SPKP 1063<br \/>\nRUDDY RAINBOW Triumetal\/SPKP 1344<br \/>\n1537 \u00a0 P EARLY WARNING<br \/>\n1538 \u00a0 P EAST SIDE<br \/>\n1539 \u00a0 S EASY ELEGANCY<br \/>\n1540 \u00a0 S ECSTASY EFFECT<br \/>\n1541 \u00a0 S ELECTRIC BLUE<br \/>\n1542 \u00a0 S EVERNING STAR<\/p>\n<p><b><i>z\u00a0Nakahosa (\u010dierny)<\/i><\/b><\/p>\n<p>Nagy Karol<br \/>\n925 03 Horn\u00e9 Saliby 669<br \/>\n24.03.2005<br \/>\nKEVIN COSTNER Triumetal\/SPKP 1197<br \/>\nALEXA OK-ER\/SPKP 1377<br \/>\n1544 \u00a0 P ABDULL<br \/>\n1545 \u00a0 P ALAN PROST<br \/>\n1546 \u00a0 P ALBERTO ASCARI<br \/>\n1547 \u00a0 P ALBORETO<br \/>\n1548 \u00a0 P ALFREDINO<br \/>\n1549 \u00a0 P ALONSO<br \/>\n1550 \u00a0 P ALVAREZ<br \/>\n1551 \u00a0 P ATOM ANTI<br \/>\n1552 \u00a0 P AYRTON SENNA<br \/>\n1553 \u00a0 S AMANDA<\/p>\n<p><b><i>Hart Menhir (\u010dierny)<\/i><\/b><\/p>\n<p>T\u00f6k\u00f6ly Stanislav a Alena<br \/>\nZd.Nejedl\u00e9ho 2,\u00a0052 01 Spi\u0161sk\u00e1 Nov\u00e1 Ves<br \/>\n07.09.2005<br \/>\nALEX Arabona\/\u010cMKU 3745\/9<br \/>\nNOBLE NELLIE Triumetal\/SPKP 1271<br \/>\n1554 \u00a0 P AGARICUS<br \/>\n1555 \u00a0 P ARGUS<br \/>\n1556 \u00a0 P ARONIT<br \/>\n1557 \u00a0 P ARROW<br \/>\n1558 \u00a0 P ASTACUS<br \/>\n1559 \u00a0 S AGARICA<\/p>\n<p><b><i>Triumetal (\u010dierny)<\/i><\/b><\/p>\n<p>Sla\u010dkov\u00e1 Jaroslava Ing.<br \/>\nPriebe\u017en\u00e1 489\/9<br \/>\n031 04 Liptovsk\u00fd Mikul\u00e1\u0161<br \/>\n03.10.2005<br \/>\nXANDRO Radinie\/SPKP 1497<br \/>\nSTELLAR STYLE Triumetal\/SPKP 1360<br \/>\n1560 \u00a0 P FAITHFUL DOG<br \/>\n1561 \u00a0 P FAMOUS FLASH<br \/>\n1562 \u00a0 P FANTASTIC<br \/>\n1563 \u00a0 P FATAL FLAW<br \/>\n1564 \u00a0 P FIREBALL<br \/>\n1565 \u00a0 P FREE FLIGHT<br \/>\n1566 \u00a0 S FORGET-ME-NOT<br \/>\n1567 \u00a0 S FRAIL FAIRY<\/p>\n<p><b><i>Triumetal (\u010dierny)<\/i><\/b><\/p>\n<p>Sla\u010dkov\u00e1 Jaroslava Ing.<br \/>\nPriebe\u017en\u00e1 489\/9,\u00a0031 04 Liptovsk\u00fd Mikul\u00e1\u0161<br \/>\n18.10.2005<br \/>\nKEVIN COSTNER Triumetal\/SPKP 1197<br \/>\nNIGHT STORM Triumetal\/SPKP 1270<br \/>\n1568 \u00a0 P GALLANT<br \/>\n1569 \u00a0 P GENUINE GUN<br \/>\n1570 \u00a0 P GHASTLY GLOOM<br \/>\n1571 \u00a0 P GIANT GIFT<br \/>\n1572 \u00a0 P GUARDIAN<br \/>\n1573 \u00a0 S GEORGIA<br \/>\n1574 \u00a0 S GLAMOROUS GAME<br \/>\n1575 \u00a0 S GLORY GATE<br \/>\n1576 \u00a0 S GRACEFUL GIRL<br \/>\n1577 \u00a0 S GRAND GLOW<\/p>\n","protected":false},"excerpt":{"rendered":"<p>Riesenschnauzer\/ Triumetal (\u010dierny) Sla\u010dkov\u00e1 Jaroslava Ing. Priebe\u017en\u00e1 489\/9,\u00a0031 04 Liptovsk\u00fd Mikul\u00e1\u0161 18.01.2005 REMIX Gloris\/\u010cMKU 4436\/9 JESSICA Sarah Radinie\/SPKP 1212 1516 \u00a0 P DANDY DANIEL 1517 \u00a0 P DARK DAEMON 1518 \u00a0 S DAMASK ROSE 1519 \u00a0 S DANCING GIRL 1520 \u00a0 S DEVIL DANCE 1521 \u00a0 S DENEUVE CATHRIN 1522 \u00a0 S DIAMOND DAISY 1523 [&hellip;]<\/p>\n","protected":false},"author":2,"featured_media":0,"parent":2990,"menu_order":0,"comment_status":"closed","ping_status":"closed","template":"","meta":{"slim_seo":{"title":"2005 Riesenschnauzer - KCHPB","description":"Riesenschnauzer\/ Triumetal (\u010dierny) Sla\u010dkov\u00e1 Jaroslava Ing. Priebe\u017en\u00e1 489\/9,\u00a0031 04 Liptovsk\u00fd Mikul\u00e1\u0161 18.01.2005 REMIX Gloris\/\u010cMKU 4436\/9 JESSICA Sarah Radinie\/"},"footnotes":""},"class_list":["post-11660","page","type-page","status-publish","hentry"],"_links":{"self":[{"href":"https:\/\/www.schnauzerclub.sk\/en\/wp-json\/wp\/v2\/pages\/11660","targetHints":{"allow":["GET"]}}],"collection":[{"href":"https:\/\/www.schnauzerclub.sk\/en\/wp-json\/wp\/v2\/pages"}],"about":[{"href":"https:\/\/www.schnauzerclub.sk\/en\/wp-json\/wp\/v2\/types\/page"}],"author":[{"embeddable":true,"href":"https:\/\/www.schnauzerclub.sk\/en\/wp-json\/wp\/v2\/users\/2"}],"replies":[{"embeddable":true,"href":"https:\/\/www.schnauzerclub.sk\/en\/wp-json\/wp\/v2\/comments?post=11660"}],"version-history":[{"count":0,"href":"https:\/\/www.schnauzerclub.sk\/en\/wp-json\/wp\/v2\/pages\/11660\/revisions"}],"up":[{"embeddable":true,"href":"https:\/\/www.schnauzerclub.sk\/en\/wp-json\/wp\/v2\/pages\/2990"}],"wp:attachment":[{"href":"https:\/\/www.schnauzerclub.sk\/en\/wp-json\/wp\/v2\/media?parent=11660"}],"curies":[{"name":"wp","href":"https:\/\/api.w.org\/{rel}","templated":true}]}}