{"id":11676,"date":"2015-05-08T22:41:02","date_gmt":"2015-05-08T20:41:02","guid":{"rendered":"http:\/\/www.schnauzerclub.sk\/?page_id=11676&#038;lang=en"},"modified":"2021-01-05T21:13:28","modified_gmt":"2021-01-05T19:13:28","slug":"2005-zwergschnauzer","status":"publish","type":"page","link":"https:\/\/www.schnauzerclub.sk\/en\/stud-book\/2005-zwergschnauzer\/","title":{"rendered":"2005 Zwergschnauzer"},"content":{"rendered":"<p><b>Zwergschnauzer\/<\/b><\/p>\n<p><b><i>Agape (\u010diernostrieborn\u00fd)<\/i><\/b><\/p>\n<p>Kro\u010danov\u00e1 Marta<br \/>\nDudv\u00e1\u017eska 12,\u00a0821 07 Bratislava<br \/>\n18.01.2005<br \/>\nQUICK SILVER Bohemia Vulkan\/SPKP 1498<br \/>\nAT\u00c9 Crazzy Darling\/SPKP 1310<br \/>\n1683 \u00a0 P CASPER CRYSTAL<br \/>\n1684 \u00a0 S CATHERINE CL\u00c1RA<\/p>\n<p><b><i>Bikin dvor (\u010dierny)<\/i><\/b><\/p>\n<p>Havl\u00edkov\u00e1 Zuzana<br \/>\nSv\u00e4tourbansk\u00e1 40,\u00a0949 01 Nitra<br \/>\n20.03.2005<br \/>\nXMAGICMAN van de Havenstad\/\u010cMKU 4194<br \/>\nCORN\u00c9LIA CL\u00c1RA Bikin dvor\/SPKP 1437<br \/>\n1686 \u00a0 P HARRY HERCULES<br \/>\n1687 \u00a0 P HILL HOLLIDAY<br \/>\n1688 \u00a0 P HEROLD HARTON<br \/>\n1689 \u00a0 S HALLO HAPPYDAY<br \/>\n1690 \u00a0 S HAPPY HARMONIA<br \/>\n1691 \u00a0 S HEIDI HARMONI<br \/>\n1692 \u00a0 S HERIET HENNY<br \/>\n1693 \u00a0 S HILLARI HELEN<\/p>\n<p><b><i>Humensk\u00e1 (\u010diernostrieborn\u00fd)<\/i><\/b><\/p>\n<p>Merav\u00fd Viliam Ing.<br \/>\nNemocni\u010dn\u00e1 32,\u00a0066 01 Humenn\u00e9<br \/>\n18.05.2005<br \/>\nEDY Bohemia Clementine\/SPKP 1182<br \/>\nCINDY z Kraje Vltav\u00ednu\/SPKP 1531<br \/>\n1695 \u00a0 S EBONY<br \/>\n1696 \u00a0 S ENRICA<br \/>\n1697 \u00a0 S ESPERA<br \/>\n1698 \u00a0 S ESTIMA<\/p>\n<p><b><i>OK-ER (\u010diernostrieborn\u00fd)<\/i><\/b><\/p>\n<p>Okruhlica Erik<br \/>\nSmetanova 9,\u00a0927 00 \u0160a\u013ea<br \/>\n22.05.2005<br \/>\nQUICK SILVER Bohemia Vulkan\/SPKP 1498<br \/>\nDAISY Pedibus\/SPKP 1550<br \/>\n1700 \u00a0 P DAMIAN<br \/>\n1701 \u00a0 P DENNY<br \/>\n1702 \u00a0 S DIANKA<br \/>\n1703 \u00a0 S DOMINIQUE<\/p>\n<p><b><i>Wild Rane (\u010dierny)<\/i><\/b><\/p>\n<p>Adam\u010diakovi Juraj a Andrea<br \/>\n\u017delezni\u010dn\u00e1 955,\u00a0034 95\u00a0 Likavka<br \/>\n30.06.2005<br \/>\nDARTY-DAHN z \u0160ardanu\/SPKP 1390<br \/>\nGWENN GIRL z \u0160ardanu\/SPKP 1522<br \/>\n1705 \u00a0 S BEATRICHE BLACK<br \/>\n1706 \u00a0 S BRITNEY JULIETE<\/p>\n<p><b><i>Verg\u00edlius maro (korenie a so\u013e)<\/i><\/b><\/p>\n<p>Pol\u00e1k Rastislav Mgr.<br \/>\nBetliarska 1,\u00a0048 01 Ro\u017e\u0148ava<br \/>\n31.07.2005<br \/>\nCONNY Z\u00b4Eridanu\/SPKP 1558<br \/>\nBESSI zo Slovensk\u00e9ho raja\/SPKP 1382<br \/>\n1708 \u00a0 P ALEX<br \/>\n1709 \u00a0 S AJA<br \/>\n1710 \u00a0 S ASTRA<\/p>\n<p><b><i>Wild Rane (\u010dierny)<\/i><\/b><\/p>\n<p>Adam\u010diakovi Juraj a Andrea<br \/>\n\u017delezni\u010dn\u00e1 955,\u00a0034 95\u00a0 Likavka<br \/>\n25.07.2005<br \/>\nJACKPOT IN VEGA Rezlark\/SPKP 1287<br \/>\nYVONNE Triumetal\/SPKP 1563<br \/>\n1711 \u00a0 P CANADIAN BLACK<br \/>\n1712 \u00a0 P CARNABY ASHLYE<br \/>\n1713 \u00a0 P CERRY HIGHLAND<br \/>\n1714 \u00a0 P CHARLIE<br \/>\n1715 \u00a0 P CIMBY KEEND<br \/>\n1716 \u00a0 S CARIN FRANCESCA<\/p>\n<p><b><i>z \u0160ardanu (korenie a so\u013e)<\/i><\/b><\/p>\n<p>Koll\u00e1rov\u00e1 \u0160\u00e1rka<br \/>\nJanka Magu 132,\u00a0034 91 \u0160vo\u0161ov<br \/>\n06.10.2005<br \/>\nSTERNENHOCH DIA de Trufas Negras\/FCA 6493<br \/>\nENIGMA Rezlark\/SPKP 1622<br \/>\n1720 \u00a0 P LANCELOT<br \/>\n1721 \u00a0 P LITTLE LARS<br \/>\n1722 \u00a0 S LADY DI<br \/>\n1723 \u00a0 S LA TOYA<\/p>\n<p><b><i>z \u0160ardanu (\u010dierny)<\/i><\/b><\/p>\n<p>Koll\u00e1rov\u00e1 \u0160\u00e1rka<br \/>\nJanka Magu 132,\u00a0034 91 \u0160vo\u0161ov<br \/>\n10.10.2005<br \/>\nJACKPOT IN VEGA Rezlark\/SPKP 1287<br \/>\nBARBERO Black Nelor\/SPKP 1077<br \/>\n1724 \u00a0 P MACBETH<br \/>\n1725 \u00a0 P MALFOY<br \/>\n1726 \u00a0 P MON AMI<br \/>\n1727 \u00a0 S MANON<br \/>\n1728 \u00a0 S MERCI BEAUCOUP<br \/>\n1729 \u00a0 S MONA LISA<\/p>\n<p><b><i>z \u0160ardanu (\u010dierny)<\/i><\/b><\/p>\n<p>Koll\u00e1rov\u00e1 \u0160\u00e1rka<br \/>\nJanka Magu 132,\u00a0034 91 \u0160vo\u0161ov<br \/>\n12.10.2005<br \/>\nDARTY-DAHN z \u0160ardanu\/SPKP 1390<br \/>\nVRANOLUJNA CORA Tan Negro\/SPKP 1578<br \/>\n1730 \u00a0 P NARVIC<br \/>\n1731 \u00a0 P NEW YORK<br \/>\n1732 \u00a0 P NO NO NO<br \/>\n1733 \u00a0 P NUMBER ONE<br \/>\n1734 \u00a0 S NASA<br \/>\n1735 \u00a0 S NEW NENA<\/p>\n<p><b><i>Ganach (\u010diernostrieborn\u00fd)<\/i><\/b><\/p>\n<p>Gajdo\u0161 Jaroslav<br \/>\nTextorisovej 3\/27,\u00a0036 01 Martin<br \/>\n31.10.2005<br \/>\nEDDY Moldau North\/SPKP 1389<br \/>\nISSEXA z Doln\u00e9ho Turca\/SPKP 1405<br \/>\n1736 \u00a0 P AJTO<br \/>\n1737 \u00a0 P AXL<br \/>\n1738 \u00a0 S AISHA<\/p>\n<p><b><i>Mal\u00e9 u\u0161ko (\u010diernostrieborn\u00fd)<\/i><\/b><\/p>\n<p>Hamerl\u00edkov\u00e1 Jana<br \/>\nHurbanova 743,\u00a0906 32 Jablonica<br \/>\n02.10.2005<br \/>\nLUKE Bohemia Vulkan\/SPKP 1188<br \/>\nALKA Mal\u00e9 u\u0161ko\/SPKP 1253<br \/>\n1739 \u00a0 P EGON<br \/>\n1740 \u00a0 P ELEN<br \/>\n1741 \u00a0 S EFRA<br \/>\n1742 \u00a0 S EMMY<br \/>\n1743 \u00a0 S EREA<br \/>\n1744 \u00a0 S ESKA<\/p>\n<p><b><i>Musis Amica (\u010diernostrieborn\u00fd)<\/i><\/b><\/p>\n<p>Galu\u0161kov\u00e1 Michaela<br \/>\nSuvorovova 8,\u00a0010 01 \u017dilina<br \/>\n12.12.2005<br \/>\nEDDY Moldau North\/SPKP 1389<br \/>\nAMBRA Crazzy Darling\/SPKP 1309<br \/>\n1745 \u00a0 P CASH<br \/>\n1746 \u00a0 P CODY<br \/>\n1747 \u00a0 P CZIRO<br \/>\n1748 \u00a0 S CASSIE<br \/>\n1749 \u00a0 S CILLI<\/p>\n","protected":false},"excerpt":{"rendered":"<p>Zwergschnauzer\/ Agape (\u010diernostrieborn\u00fd) Kro\u010danov\u00e1 Marta Dudv\u00e1\u017eska 12,\u00a0821 07 Bratislava 18.01.2005 QUICK SILVER Bohemia Vulkan\/SPKP 1498 AT\u00c9 Crazzy Darling\/SPKP 1310 1683 \u00a0 P CASPER CRYSTAL 1684 \u00a0 S CATHERINE CL\u00c1RA Bikin dvor (\u010dierny) Havl\u00edkov\u00e1 Zuzana Sv\u00e4tourbansk\u00e1 40,\u00a0949 01 Nitra 20.03.2005 XMAGICMAN van de Havenstad\/\u010cMKU 4194 CORN\u00c9LIA CL\u00c1RA Bikin dvor\/SPKP 1437 1686 \u00a0 P HARRY HERCULES 1687 [&hellip;]<\/p>\n","protected":false},"author":2,"featured_media":0,"parent":2990,"menu_order":0,"comment_status":"closed","ping_status":"closed","template":"","meta":{"slim_seo":{"title":"2005 Zwergschnauzer - KCHPB","description":"Zwergschnauzer\/ Agape (\u010diernostrieborn\u00fd) Kro\u010danov\u00e1 Marta Dudv\u00e1\u017eska 12,\u00a0821 07 Bratislava 18.01.2005 QUICK SILVER Bohemia Vulkan\/SPKP 1498 AT\u00c9 Crazzy Darling\/SPK"},"footnotes":""},"class_list":["post-11676","page","type-page","status-publish","hentry"],"_links":{"self":[{"href":"https:\/\/www.schnauzerclub.sk\/en\/wp-json\/wp\/v2\/pages\/11676","targetHints":{"allow":["GET"]}}],"collection":[{"href":"https:\/\/www.schnauzerclub.sk\/en\/wp-json\/wp\/v2\/pages"}],"about":[{"href":"https:\/\/www.schnauzerclub.sk\/en\/wp-json\/wp\/v2\/types\/page"}],"author":[{"embeddable":true,"href":"https:\/\/www.schnauzerclub.sk\/en\/wp-json\/wp\/v2\/users\/2"}],"replies":[{"embeddable":true,"href":"https:\/\/www.schnauzerclub.sk\/en\/wp-json\/wp\/v2\/comments?post=11676"}],"version-history":[{"count":0,"href":"https:\/\/www.schnauzerclub.sk\/en\/wp-json\/wp\/v2\/pages\/11676\/revisions"}],"up":[{"embeddable":true,"href":"https:\/\/www.schnauzerclub.sk\/en\/wp-json\/wp\/v2\/pages\/2990"}],"wp:attachment":[{"href":"https:\/\/www.schnauzerclub.sk\/en\/wp-json\/wp\/v2\/media?parent=11676"}],"curies":[{"name":"wp","href":"https:\/\/api.w.org\/{rel}","templated":true}]}}