{"id":11678,"date":"2006-12-31T22:32:03","date_gmt":"2006-12-31T20:32:03","guid":{"rendered":"http:\/\/www.schnauzerclub.sk\/?page_id=11678&#038;lang=en"},"modified":"2021-01-05T21:10:54","modified_gmt":"2021-01-05T19:10:54","slug":"2006-zwergschnauzer","status":"publish","type":"page","link":"https:\/\/www.schnauzerclub.sk\/en\/stud-book\/2006-zwergschnauzer\/","title":{"rendered":"2006 Zwergschnauzer"},"content":{"rendered":"<p><b>Zwergschnauzer\/<\/b><\/p>\n<p><b><i>z \u0160ardanu (\u010dierny)<\/i><\/b><\/p>\n<p>Koll\u00e1rov\u00e1 \u0160\u00e1rka<br \/>\nJanka Magu 132,\u00a0034 91 \u0160vo\u0161ov<br \/>\n12.01.2006<br \/>\nBK RUSSELL Sailer\u00b4s\/SPKP 1704<br \/>\nGERMANICA GR\u00c1ZI Bikin dvor\/SPKP 1591<br \/>\n1750 \u00a0 P OLIVER TWIST<br \/>\n1751 \u00a0 P OMAR NACHAR<br \/>\n1752 \u00a0 P ODI OF MIDNIGHT<br \/>\n1753 \u00a0 S OCTAVIA<br \/>\n1754 \u00a0 S OBE OF MIDNIGHT<\/p>\n<p><b><i>Rados\u009d\u0165 od Veroniky (\u010dierny)<\/i><\/b><\/p>\n<p>\u0160kor\u00edkov\u00e1 Viera Dpt.<br \/>\nDlh\u00fd rad 173,\u00a0951 35 Ve\u013ek\u00e9 Z\u00e1lu\u017eie<br \/>\n12.02.2006<br \/>\nXMAGICMAN van de Havenstad\/\u010cMKU 4194<br \/>\nCORN\u00c9LIA CL\u00c1RA Bikin dvor\/SPKP 1437<br \/>\n1755 \u00a0 P ADAM<br \/>\n1756 \u00a0 P ALAN<br \/>\n1757 \u00a0 S ALMA<\/p>\n<p><b><i>z Hrdo\u0161a (\u010dierny)<\/i><\/b><\/p>\n<p>Vol\u00e1rik \u013dudov\u00edt Ing.<br \/>\nSkalky 178,\u00a0034 91 \u0160vo\u0161ov<br \/>\n06.04.2006<br \/>\nAQUINNO BAGIRA z \u0160ardanu\/SPKP 1269<br \/>\nGRACIA MISS Rezlark\/SPKP 1181<br \/>\n1759 \u00a0 P BARRY<br \/>\n1760 \u00a0 P BEN<br \/>\n1761 \u00a0 P BERRY<br \/>\n1762 \u00a0 P BEX<br \/>\n1763 \u00a0 P BORO<br \/>\n1764 \u00a0 S BEA<br \/>\n1765 \u00a0 S BEJA<br \/>\n1766 \u00a0 S BESSY<br \/>\n1767 \u00a0 S BETTY<\/p>\n<p><b><i>Perizu (\u010dierny)<\/i><\/b><\/p>\n<p>Hol\u00e1sek Peter<br \/>\nCintor\u00ednska 964\/20,\u00a0951 31 Mo\u010denok<br \/>\n06.04.2006<br \/>\nANTHONY z Anvesu\/SPKP 1443<br \/>\nAQUAMARINE Carboneum\/SPKP 1640<br \/>\n1768 \u00a0 P DENIS<br \/>\n1769 \u00a0 P DARK<br \/>\n1770 \u00a0 P DAK<br \/>\n1771 \u00a0 P DONALD<br \/>\n1772 \u00a0 P DANIEL<br \/>\n1773 \u00a0 S DONA<br \/>\n1774 \u00a0 S DIANA<br \/>\n1775 \u00a0 S DEBORA<\/p>\n<p><b><i>z \u0160ardanu (korenie a so\u013e)<\/i><\/b><\/p>\n<p>Koll\u00e1rov\u00e1 \u0160\u00e1rka<br \/>\nJanka Magu 132,\u00a0034 91 \u0160vo\u0161ov<br \/>\n22.04.2006<br \/>\nGRAND GRIMM Hajan\/PKR 71617<br \/>\nENIGMA Rezlark\/SPKP 1622<br \/>\n1776 \u00a0 P PABLO PIKASSO<br \/>\n1777 \u00a0 P PHOENIX<br \/>\n1778 \u00a0 S PANTHERA<br \/>\n1779 \u00a0 S PHOEBE<br \/>\n1780 \u00a0 S PRETTY WOMAN<br \/>\n1781 \u00a0 S PRINCESS<br \/>\n1782 \u00a0 S PUELLA<\/p>\n<p><b><i>z \u0160ardanu (\u010dierny)<\/i><\/b><\/p>\n<p>Koll\u00e1rov\u00e1 \u0160\u00e1rka<br \/>\nJanka Magu 132,\u00a0034 91 \u0160vo\u0161ov<br \/>\n18.07.2006<br \/>\nBK RUSSELL Sailer\u00b4s\/SPKP 1704<br \/>\nVRANOLUJNA CORA Tan Negro\/SPKP 1578<br \/>\n1787 \u00a0 P QUENTIN QUEED<br \/>\n1788 \u00a0 S QUERCINA<\/p>\n<p><b><i>z \u0160ardanu (korenie a so\u013e)<\/i><\/b><\/p>\n<p>Koll\u00e1rov\u00e1 \u0160\u00e1rka<br \/>\nJanka Magu 132,\u00a0034 91 \u0160vo\u0161ov<br \/>\n19.07.2006<br \/>\nSTERNENHOCH DIA de Trufas Negras\/FCA 6493<br \/>\nDUILWENA SARA Q Dolina Rivendell\/SPKP 1719<br \/>\n1789 \u00a0 P RAMSES<br \/>\n1790 \u00a0 P RAINBOW<br \/>\n1791 \u00a0 P RAYMOND<br \/>\n1792 \u00a0 P ROYAL<br \/>\n1793 \u00a0 P RUSSELL KURT<br \/>\n1794 \u00a0 S REBECA<\/p>\n<p><b><i>Rados\u009d\u0165 od Veroniky (\u010dierny)<\/i><\/b><\/p>\n<p>\u0160kor\u00edkov\u00e1 Viera Dpt.<br \/>\nDlh\u00fd rad 173,\u00a0951 35 Ve\u013ek\u00e9 Z\u00e1lu\u017eie<br \/>\n24.07.2006<br \/>\nFIFTI-FIFTI Rezlark\/SPKP 1707<br \/>\nGERMANICA GR\u00c1ZI Bikin dvor\/SPKP 1591<br \/>\n1795 \u00a0 P BLACK<br \/>\n1796 \u00a0 P BODY<br \/>\n1797 \u00a0 S BEA<br \/>\n1798 \u00a0 S BETY<br \/>\n1799 \u00a0 S BRENDA<br \/>\n1800 \u00a0 S B\u00c1RA<\/p>\n<p><b><i>OK-ER (\u010diernostrieborn\u00fd)<\/i><\/b><\/p>\n<p>Okruhlica Erik<br \/>\nSmetanova 9,\u00a0927 00 \u0160a\u013ea<br \/>\n02.08.2006<br \/>\nQUICK SILVER Bohemia Vulkan\/SPKP 1498<br \/>\nDAISY Pedibus\/SPKP 1550<br \/>\n1801 \u00a0 P FREDERIK<br \/>\n1802 \u00a0 P FRENKIE<br \/>\n1803 \u00a0 S FANNY<\/p>\n<p><em><strong>Jar\u010disko (\u010diernostrieborn\u00fd)<\/strong><\/em><\/p>\n<p>Sitar\u010d\u00edk Jaroslav Bc.<br \/>\nR\u00fabanisko III\/12,\u00a0984 03 Lu\u010denec<br \/>\n14.08.2006<br \/>\nARIK Fafunberk\/SPKP 1240<br \/>\nSARAH Bohemia Vulkan\/SPKP 1681<br \/>\n1804 \u00a0 P ADAM<br \/>\n1805 \u00a0 P ARGO<br \/>\n1806 \u00a0 P ATREJ<br \/>\n1807 \u00a0 S AISCHA<br \/>\n1808 \u00a0 S ASCHLY<\/p>\n<p><b><i>Agape (\u010diernostrieborn\u00fd)<\/i><\/b><\/p>\n<p>Kro\u010danov\u00e1 Marta<br \/>\nDudv\u00e1\u017eska 12,\u00a0821 07 Bratislava<br \/>\n20.08.2006<br \/>\nDANGEROUS D\u00b4ART Hajan Polonia\/PKR 80292<br \/>\nAT\u00c9 Crazzy Darling\/SPKP 1310<br \/>\n1809 \u00a0 P DAR<br \/>\n1810 \u00a0 P DIAMOND<br \/>\n1811 \u00a0 P DYNAMIC<br \/>\n1812 \u00a0 S DARLING DAYA<\/p>\n<p><b><i>z \u0160ardanu (\u010dierny)<\/i><\/b><\/p>\n<p>Koll\u00e1rov\u00e1 \u0160\u00e1rka<\/p>\n<p>Janka Magu 132<\/p>\n<p>034 91 \u0160vo\u0161ov<\/p>\n<p>17.10.2006<\/p>\n<p>BK RUSSELL Sailer\u00b4s\/SPKP 1704<\/p>\n<p>ROKEZA Czar Krakowa\/SPKP 1682<\/p>\n<p>1817 \u00a0 P SAILER<\/p>\n<p>1818 \u00a0 P SING-SING<\/p>\n<p>1819 \u00a0 P SIR ARTHUR<\/p>\n<p>1820 \u00a0 P STUNNING<\/p>\n<p>1821 \u00a0 P SUNNY DAY<\/p>\n<p>1822 \u00a0 S SECRETS<\/p>\n<p><b><i>Mal\u00e9 u\u0161ko (\u010diernostrieborn\u00fd)<\/i><\/b><\/p>\n<p>Hamerl\u00edkov\u00e1 Jana<\/p>\n<p>Hurbanova 743<\/p>\n<p>906 32 Jablonica<\/p>\n<p>14.11.2006<\/p>\n<p>LUKE Bohemia Vulkan\/SPKP 1188<\/p>\n<p>ALKA Mal\u00e9 u\u0161ko\/SPKP 1253<\/p>\n<p>1823 \u00a0 P FARO<\/p>\n<p>1824 \u00a0 P FIDO<\/p>\n<p>1825 \u00a0 P FIRE<\/p>\n<p>1826 \u00a0 P FLIK<\/p>\n<p>1827 \u00a0 P FLOP<\/p>\n<p>1828 \u00a0 S FARA<\/p>\n<p><b><i>Bikin dvor (\u010dierny)<\/i><\/b><\/p>\n<p>Havl\u00edkov\u00e1 Zuzana<\/p>\n<p>Sv\u00e4tourbansk\u00e1 40<\/p>\n<p>949 01 Nitra<\/p>\n<p>20.11.2006<\/p>\n<p>FIFTI-FIFTI Rezlark\/SPKP 1707<\/p>\n<p>BLACK LADY Bikin dvor\/SPKP 1361<\/p>\n<p>1829 \u00a0 P KISS ME KEY<\/p>\n<p>1830 \u00a0 P KRISTIAN KING<\/p>\n<p>1831 \u00a0 P KRISTOPHER<\/p>\n<p>1832 \u00a0 S KAREN KRISTEL<\/p>\n<p>1833 \u00a0 S KLEO DOG-OTHO\u00b4S<\/p>\n<p><b><i>Wild Rane (\u010dierny)<\/i><\/b><\/p>\n<p>Adam\u010diakovi Juraj a Andrea<\/p>\n<p>\u017delezni\u010dn\u00e1 955<\/p>\n<p>034 95\u00a0 Likavka<\/p>\n<p>05.12.2006<\/p>\n<p>ASKEW z \u0160ardanu\/SPKP 1271<\/p>\n<p>YVONNE Triumetal\/SPKP 1563<\/p>\n<p>1834 \u00a0 P DAYTON KING<\/p>\n<p>1835 \u00a0 P DUBLE BLECK<\/p>\n<p>1836 \u00a0 S DAISY JESSY<\/p>\n<p>1837 \u00a0 S DASCHA ARWEN<\/p>\n<p>1838 \u00a0 S DESS ANNE<\/p>\n<p><b><i>Wild Rane (\u010dierny)<\/i><\/b><\/p>\n<p>Adam\u010diakovi Juraj a Andrea<\/p>\n<p>\u017delezni\u010dn\u00e1 955<\/p>\n<p>034 95\u00a0 Likavka<\/p>\n<p>12.12.2006<\/p>\n<p>ASKEW z \u0160ardanu\/SPKP 1271<\/p>\n<p>GWENN GIRL z \u0160ardanu\/SPKP 1522<\/p>\n<p>1839 \u00a0 P ELLEGARD BOSS<\/p>\n<p>1840 \u00a0 P EROSS BREAKER<\/p>\n<p>1841 \u00a0 P ESSEX BENNETY<\/p>\n<p>1842 \u00a0 P EXTREME BEST<\/p>\n<p>1843 \u00a0 P EYCO BLACK<\/p>\n<p>1844 \u00a0 S ELISCA BEATRICE<\/p>\n<p>1845 \u00a0 S ELISSA BIANCA<\/p>\n<p><b><i>Schneeflocke aus Pistien (biely)<\/i><\/b><\/p>\n<p>Drli\u010dkov\u00e1 Katar\u00edna<\/p>\n<p>Koll\u00e1rova 1634\/7<\/p>\n<p>921 01 Pie\u0161\u009d\u0165any<\/p>\n<p>19.12.2006<\/p>\n<p>CERRIDWENS Finndream\/SF 40577\/<\/p>\n<p>ZANNY ZOE Bianco Olgas\/SPKP 1593<\/p>\n<p>1846 \u00a0 P ARTEY WICHTIG<\/p>\n<p>1847 \u00a0 P AZZY GALANT<\/p>\n<p>1848 \u00a0 S AEMY JEAN<\/p>\n<p>1849 \u00a0 S AISCHA GOLD<\/p>\n<p>1850 \u00a0 S AYLLIN LUSTIG<\/p>\n<p>1851 \u00a0 S ASHLEY HERZLICH<\/p>\n","protected":false},"excerpt":{"rendered":"<p>Zwergschnauzer\/ z \u0160ardanu (\u010dierny) Koll\u00e1rov\u00e1 \u0160\u00e1rka Janka Magu 132,\u00a0034 91 \u0160vo\u0161ov 12.01.2006 BK RUSSELL Sailer\u00b4s\/SPKP 1704 GERMANICA GR\u00c1ZI Bikin dvor\/SPKP 1591 1750 \u00a0 P OLIVER TWIST 1751 \u00a0 P OMAR NACHAR 1752 \u00a0 P ODI OF MIDNIGHT 1753 \u00a0 S OCTAVIA 1754 \u00a0 S OBE OF MIDNIGHT Rados\u009d\u0165 od Veroniky (\u010dierny) \u0160kor\u00edkov\u00e1 Viera Dpt. Dlh\u00fd [&hellip;]<\/p>\n","protected":false},"author":2,"featured_media":0,"parent":2990,"menu_order":0,"comment_status":"closed","ping_status":"closed","template":"","meta":{"slim_seo":{"title":"2006 Zwergschnauzer - KCHPB","description":"Zwergschnauzer\/ z \u0160ardanu (\u010dierny) Koll\u00e1rov\u00e1 \u0160\u00e1rka Janka Magu 132,\u00a0034 91 \u0160vo\u0161ov 12.01.2006 BK RUSSELL Sailer\u00b4s\/SPKP 1704 GERMANICA GR\u00c1ZI Bikin dvor\/SPKP 1591 1"},"footnotes":""},"class_list":["post-11678","page","type-page","status-publish","hentry"],"_links":{"self":[{"href":"https:\/\/www.schnauzerclub.sk\/en\/wp-json\/wp\/v2\/pages\/11678","targetHints":{"allow":["GET"]}}],"collection":[{"href":"https:\/\/www.schnauzerclub.sk\/en\/wp-json\/wp\/v2\/pages"}],"about":[{"href":"https:\/\/www.schnauzerclub.sk\/en\/wp-json\/wp\/v2\/types\/page"}],"author":[{"embeddable":true,"href":"https:\/\/www.schnauzerclub.sk\/en\/wp-json\/wp\/v2\/users\/2"}],"replies":[{"embeddable":true,"href":"https:\/\/www.schnauzerclub.sk\/en\/wp-json\/wp\/v2\/comments?post=11678"}],"version-history":[{"count":0,"href":"https:\/\/www.schnauzerclub.sk\/en\/wp-json\/wp\/v2\/pages\/11678\/revisions"}],"up":[{"embeddable":true,"href":"https:\/\/www.schnauzerclub.sk\/en\/wp-json\/wp\/v2\/pages\/2990"}],"wp:attachment":[{"href":"https:\/\/www.schnauzerclub.sk\/en\/wp-json\/wp\/v2\/media?parent=11678"}],"curies":[{"name":"wp","href":"https:\/\/api.w.org\/{rel}","templated":true}]}}