{"id":11680,"date":"2006-12-31T20:54:11","date_gmt":"2006-12-31T18:54:11","guid":{"rendered":"http:\/\/www.schnauzerclub.sk\/?page_id=11680&#038;lang=en"},"modified":"2021-01-05T21:11:39","modified_gmt":"2021-01-05T19:11:39","slug":"2006-schnauzer","status":"publish","type":"page","link":"https:\/\/www.schnauzerclub.sk\/en\/stud-book\/2006-schnauzer\/","title":{"rendered":"2006 Schnauzer"},"content":{"rendered":"<p><strong>Schnauzer Mittelschlag\/<\/strong><\/p>\n<p><em><strong>Demitra<\/strong><\/em><\/p>\n<p>Bo\u010dekova Margita<\/p>\n<p>Liptovsk\u00e1 \u0160tiavnica 188<\/p>\n<p>034 01 Ru\u017eomberok<\/p>\n<p>10.03.2006<\/p>\n<p>EDDIE z Klatoviansk\u00e9ho \u00fadolia\/SPKP 1202<\/p>\n<p>ELIS Imprese\/SPKP 1199<\/p>\n<p>1272 \u00a0 P BRUNO<\/p>\n<p>1273 \u00a0 P BOBO<\/p>\n<p>1274 \u00a0 P BELO<\/p>\n<p>1275 \u00a0 P BAKY<\/p>\n<p>1276 \u00a0 P BENY<\/p>\n<p><em><strong>Imprese<\/strong><\/em><\/p>\n<p>Maz\u00e1kov\u00e1 Jana<\/p>\n<p>Romanova 44<\/p>\n<p>851 02 Bratislava<\/p>\n<p>31.05.2006<\/p>\n<p>SIBER Hossz\u00fabereki-Cs\u00e1sz\u00e1r\/SPKP 1062<\/p>\n<p>GREIS Imprese\/SPKP 1236<\/p>\n<p>1278 \u00a0 P HAKIM<\/p>\n<p>1279 \u00a0 P HASSAN<\/p>\n<p>1280 \u00a0 P HAKON<\/p>\n<p>1281 \u00a0 P HANNY<\/p>\n<p>1282 \u00a0 S HESSI<\/p>\n<p>1283 \u00a0 S H\u00c9RA<\/p>\n<p>1284 \u00a0 S HEXY<\/p>\n<p>1285 \u00a0 S HETTY<\/p>\n<p>1286 \u00a0 S HERRIET<\/p>\n<p>1287 \u00a0 S HENNY<\/p>\n<p>1288 \u00a0 S HAD\u017dA<\/p>\n<p><em><strong>z Romoru<\/strong><\/em><\/p>\n<p>Drli\u010dkov\u00e1 Krist\u00edna<\/p>\n<p>Koll\u00e1rova 1634\/7<\/p>\n<p>921 01 Pie\u0161\u009dany<\/p>\n<p>10.06.2006<\/p>\n<p>ZAR Hossz\u00fabereki-Cs\u00e1sz\u00e1r\/\u00c8MKU 6109-0<\/p>\n<p>GENNY LEE Imprese\/SPKP 1233<\/p>\n<p>1289 \u00a0 P APOLLO BIG DOG<\/p>\n<p>1290 \u00a0 P ALL ABOUT HERO<\/p>\n<p>1291 \u00a0 P AVON FERARRY<\/p>\n<p>1292 \u00a0 P ASCOT LYNN<\/p>\n<p>1293 \u00a0 P AZHAR ABBU<\/p>\n<p>1294 \u00a0 S ASTA DEA<\/p>\n<p>1295 \u00a0 S ABBY-BY LOLE<\/p>\n<p><em><strong>Tambarann<\/strong><\/em><\/p>\n<p>Va\u0161ko Franti\u0161ek Ing.<\/p>\n<p>Neverice 113<\/p>\n<p>951 72<\/p>\n<p>22.07.2006<\/p>\n<p>AGBAR od Casia\/SPKP 1077<\/p>\n<p>GABRA Iringa\/SPKP 1238<\/p>\n<p>1296 \u00a0 P ATICUS<\/p>\n<p>1297 \u00a0 P ARGO<\/p>\n<p>1298 \u00a0 P ALCAPONE<\/p>\n<p>1299 \u00a0 P APOLLO<\/p>\n<p>1300 \u00a0 P AZZARO<\/p>\n<p>1301 \u00a0 S ASTA<\/p>\n<p>1302 \u00a0 S AURA<\/p>\n<p>1303 \u00a0 S ARG\u00d3NIA<\/p>\n<p>1304 \u00a0 S ALASTRA<\/p>\n<p><em><strong>Kad-Mil<\/strong><\/em><\/p>\n<p>Kadlecajov\u00e1 Andrea Ing.<\/p>\n<p>Mierov\u00e1 32<\/p>\n<p>900 44 Tom\u00e1\u0161ov<\/p>\n<p>01.08.2006<\/p>\n<p>CHRIS v.d. Spitzenstadt\/SPKP 1186<\/p>\n<p>KENDIE Kad-Mil\/SPKP 1145<\/p>\n<p>1305 \u00a0 P MARC<\/p>\n<p>1306 \u00a0 P MONTY<\/p>\n<p>1307 \u00a0 S MELODY<\/p>\n<p>1308 \u00a0 S MENDY<\/p>\n<p>1309 \u00a0 S MISS<\/p>\n<p>1310 \u00a0 S MOLLY<\/p>\n<p>1311 \u00a0 S MONA<\/p>\n","protected":false},"excerpt":{"rendered":"<p>Schnauzer Mittelschlag\/ Demitra Bo\u010dekova Margita Liptovsk\u00e1 \u0160tiavnica 188 034 01 Ru\u017eomberok 10.03.2006 EDDIE z Klatoviansk\u00e9ho \u00fadolia\/SPKP 1202 ELIS Imprese\/SPKP 1199 1272 \u00a0 P BRUNO 1273 \u00a0 P BOBO 1274 \u00a0 P BELO 1275 \u00a0 P BAKY 1276 \u00a0 P BENY Imprese Maz\u00e1kov\u00e1 Jana Romanova 44 851 02 Bratislava 31.05.2006 SIBER Hossz\u00fabereki-Cs\u00e1sz\u00e1r\/SPKP 1062 GREIS Imprese\/SPKP 1236 [&hellip;]<\/p>\n","protected":false},"author":2,"featured_media":0,"parent":2990,"menu_order":0,"comment_status":"closed","ping_status":"closed","template":"","meta":{"slim_seo":{"title":"2006 Schnauzer - KCHPB","description":"Schnauzer Mittelschlag\/ Demitra Bo\u010dekova Margita Liptovsk\u00e1 \u0160tiavnica 188 034 01 Ru\u017eomberok 10.03.2006 EDDIE z Klatoviansk\u00e9ho \u00fadolia\/SPKP 1202 ELIS Imprese\/SPKP"},"footnotes":""},"class_list":["post-11680","page","type-page","status-publish","hentry"],"_links":{"self":[{"href":"https:\/\/www.schnauzerclub.sk\/en\/wp-json\/wp\/v2\/pages\/11680","targetHints":{"allow":["GET"]}}],"collection":[{"href":"https:\/\/www.schnauzerclub.sk\/en\/wp-json\/wp\/v2\/pages"}],"about":[{"href":"https:\/\/www.schnauzerclub.sk\/en\/wp-json\/wp\/v2\/types\/page"}],"author":[{"embeddable":true,"href":"https:\/\/www.schnauzerclub.sk\/en\/wp-json\/wp\/v2\/users\/2"}],"replies":[{"embeddable":true,"href":"https:\/\/www.schnauzerclub.sk\/en\/wp-json\/wp\/v2\/comments?post=11680"}],"version-history":[{"count":0,"href":"https:\/\/www.schnauzerclub.sk\/en\/wp-json\/wp\/v2\/pages\/11680\/revisions"}],"up":[{"embeddable":true,"href":"https:\/\/www.schnauzerclub.sk\/en\/wp-json\/wp\/v2\/pages\/2990"}],"wp:attachment":[{"href":"https:\/\/www.schnauzerclub.sk\/en\/wp-json\/wp\/v2\/media?parent=11680"}],"curies":[{"name":"wp","href":"https:\/\/api.w.org\/{rel}","templated":true}]}}