{"id":11682,"date":"2006-12-31T13:31:37","date_gmt":"2006-12-31T11:31:37","guid":{"rendered":"http:\/\/www.schnauzerclub.sk\/?page_id=11682&#038;lang=en"},"modified":"2021-01-05T21:12:30","modified_gmt":"2021-01-05T19:12:30","slug":"2006-riesenschnauzer","status":"publish","type":"page","link":"https:\/\/www.schnauzerclub.sk\/en\/stud-book\/2006-riesenschnauzer\/","title":{"rendered":"2006 Riesenschnauzer"},"content":{"rendered":"<p><b><i>Riesenschnauzer\/<\/i><\/b><\/p>\n<p><b><i>Neiro Garden (\u010dierny)<\/i><\/b><\/p>\n<p>Horv\u00e1th Marcel<br \/>\n053 22 Jamn\u00edk 196<br \/>\n08.03.2006<br \/>\nLASER de che Quin Gos\/PKR 76696<br \/>\nGRIGUS Sea-Shell\/SPKP 1151<br \/>\n1579 \u00a0 S KARLA<\/p>\n<p><b><i>\u010certova z\u00e1hrada (\u010dierny)<\/i><\/b><\/p>\n<p>Michalsk\u00e1 Ivana<br \/>\nF. Urb\u00e1nka 4,\u00a0969 03 Bansk\u00e1 \u0160tiavnica<br \/>\n11.03.2006<br \/>\nRAINMAKER Triumetal\/SPKP 1340<br \/>\nBARETTA Frulipo\/SPKP 1300<br \/>\n1580 \u00a0 P ADONIS<br \/>\n1581 \u00a0 P ALONSO<br \/>\n1582 \u00a0 P ARASH<br \/>\n1583 \u00a0 S AIRA<br \/>\n1584 \u00a0 S ALISMA<br \/>\n1585 \u00a0 S ANASTACIA<br \/>\n1586 \u00a0 S ARIDA<br \/>\n1587 \u00a0 S AVALANCHE<\/p>\n<p><b><i>Kelador (\u010dierny)<\/i><\/b><\/p>\n<p>Strakov\u00e1 Zuzana<br \/>\nBrig\u00e1dnick\u00e1 5,\u00a0841 10 Bratislava<br \/>\n31.03.2006<br \/>\nDRAKKAR NOIRE Nergal\/PKR 50108<br \/>\nREWARD FOR LOVE Wind of Dream\/SPKP 1496<br \/>\n1588 \u00a0 P BARDENS<br \/>\n1589 \u00a0 P BASBAR<br \/>\n1590 \u00a0 P BAYARD<br \/>\n1591 \u00a0 P BOYANN<br \/>\n1592 \u00a0 S BAGHIRA<br \/>\n1593 \u00a0 S BASILEA<br \/>\n1594 \u00a0 S BELLA DONNA<br \/>\n1595 \u00a0 S BORANERA<br \/>\n1596 \u00a0 S BRITTANY<b>\u00a0<\/b><\/p>\n<p><b><i>Kelador (korenie a\u00a0so\u013e)<\/i><\/b><\/p>\n<p>Strakov\u00e1 Zuzana<br \/>\nBrig\u00e1dnick\u00e1 5,\u00a0841 10 Bratislava<br \/>\n08.04.2006<br \/>\nRASPUTIN IGNORA Skansen\u00b4s\/AKC 030099<br \/>\nAMIRRA Gauada\/SPKP 1259<br \/>\n1597 \u00a0 P CARTER<br \/>\n1598 \u00a0 P CLIFFORD<br \/>\n1599 \u00a0 P COLLINS<br \/>\n1600 \u00a0 P CONNOR<br \/>\n1601 \u00a0 P CREDO<br \/>\n1602 \u00a0 S CARYANN<br \/>\n1603 \u00a0 S CASEY<br \/>\n1604 \u00a0 S CELESTE<br \/>\n1605 \u00a0 S CONSTANZE<\/p>\n<p><b>Triumetal <\/b>(\u010dierny)<\/p>\n<p>Sla\u010dkov\u00e1 Jaroslava Ing.<br \/>\nPriebe\u017en\u00e1 489\/9,\u00a0031 04 Liptovsk\u00fd Mikul\u00e1\u0161<br \/>\n11.04.2006<br \/>\nFANTASTIC Dream Radinie\/SPKP 1063<br \/>\nRUDDY RAINBOW Triumetal\/SPKP 1344<br \/>\n1606 \u00a0 P HARD HEAD<br \/>\n1607 \u00a0 P HAZY HAZARD<br \/>\n1608 \u00a0 P HEARTBREAKER<br \/>\n1609 \u00a0 P HEAVY SNOW<br \/>\n1610 \u00a0 P HIGHLANDER<br \/>\n1611 \u00a0 P HOT SUNRICE<br \/>\n1612 \u00a0 P HURRICANE MITCH<br \/>\n1613 \u00a0 S HAPPINESS<\/p>\n<p><b><i>Triumetal (\u010dierny)<\/i><\/b><\/p>\n<p>Sla\u010dkov\u00e1 Jaroslava Ing.<br \/>\nPriebe\u017en\u00e1 489\/9,\u00a0031 04 Liptovsk\u00fd Mikul\u00e1\u0161<br \/>\n20.04.2006<br \/>\nICEBREAKER Radinie\/SPKP 1196<br \/>\nUNIQUE Triumetal\/SPKP 1396<br \/>\n1614 \u00a0 P ICEBREAKER<br \/>\n1615 \u00a0 P IMAGE-MAKER<br \/>\n1616 \u00a0 P INSHORE WIND<br \/>\n1617 \u00a0 S INDIGO-BLUE<br \/>\n1618 \u00a0 S INDONESIA<br \/>\n1619 \u00a0 S INNOCENCE<br \/>\n1620 \u00a0 S IVORY BLACK<\/p>\n<p><b><i>OK-ER (\u010dierny)<\/i><\/b><\/p>\n<p>Okruhlica Erik<br \/>\nSmetanova 9,\u00a0927 00 \u0160a\u013ea<br \/>\n07.05.2006<br \/>\nICEBREAKER Radinie\/SPKP 1196<br \/>\nMOON LIGHT Triumetal\/SPKP 1226<br \/>\n1621 \u00a0 P EDGAR<br \/>\n1622 \u00a0 S EMILLY<br \/>\n1623 \u00a0 S ELIS<br \/>\n1624 \u00a0 S ESHLEY<\/p>\n<p><b><i>Ar-Cha-Bar (\u010dierny)<\/i><\/b><\/p>\n<p>Jane\u010dek Vikt\u00f3ria a Andrej<br \/>\nVa\u017eeck\u00e1 9,\u00a0040 12 Ko\u0161ice<br \/>\n24.06.2006<br \/>\nTRIBESMAN Hanno Veto\/SPKP 1388<br \/>\nBAILEYS Sweet Home\/SPKP 1231<br \/>\n1625 \u00a0 P ACHNATON<br \/>\n1626 \u00a0 P AMENHOTEP<br \/>\n1627 \u00a0 S AKENCHERES<br \/>\n1628 \u00a0 S ANAXUNAMUN<br \/>\n1629 \u00a0 S ANCHESENAMON<br \/>\n1630 \u00a0 S ARSINOE<\/p>\n<p><b><i>Triumetal (\u010dierny)<\/i><\/b><\/p>\n<p>Sla\u010dkov\u00e1 Jaroslava Ing.<br \/>\nPriebe\u017en\u00e1 489\/9,\u00a0031 04 Liptovsk\u00fd Mikul\u00e1\u0161<br \/>\n28.10.2006<br \/>\nXANDRO Radinie\/SPKP 1497<br \/>\nJESSICA Sarah Radinie\/SPKP 1212<br \/>\n1632 \u00a0 P JACK DANIELS<br \/>\n1633 \u00a0 P JIM BEAM<br \/>\n1634 \u00a0 P JOHNNIE WALKER<br \/>\n1635 \u00a0 P JOHN ROSS<\/p>\n","protected":false},"excerpt":{"rendered":"<p>Riesenschnauzer\/ Neiro Garden (\u010dierny) Horv\u00e1th Marcel 053 22 Jamn\u00edk 196 08.03.2006 LASER de che Quin Gos\/PKR 76696 GRIGUS Sea-Shell\/SPKP 1151 1579 \u00a0 S KARLA \u010certova z\u00e1hrada (\u010dierny) Michalsk\u00e1 Ivana F. Urb\u00e1nka 4,\u00a0969 03 Bansk\u00e1 \u0160tiavnica 11.03.2006 RAINMAKER Triumetal\/SPKP 1340 BARETTA Frulipo\/SPKP 1300 1580 \u00a0 P ADONIS 1581 \u00a0 P ALONSO 1582 \u00a0 P ARASH 1583 [&hellip;]<\/p>\n","protected":false},"author":2,"featured_media":0,"parent":2990,"menu_order":0,"comment_status":"closed","ping_status":"closed","template":"","meta":{"slim_seo":{"title":"2006 Riesenschnauzer - KCHPB","description":"Riesenschnauzer\/ Neiro Garden (\u010dierny) Horv\u00e1th Marcel 053 22 Jamn\u00edk 196 08.03.2006 LASER de che Quin Gos\/PKR 76696 GRIGUS Sea-Shell\/SPKP 1151 1579 \u00a0 S KARLA \u010cer"},"footnotes":""},"class_list":["post-11682","page","type-page","status-publish","hentry"],"_links":{"self":[{"href":"https:\/\/www.schnauzerclub.sk\/en\/wp-json\/wp\/v2\/pages\/11682","targetHints":{"allow":["GET"]}}],"collection":[{"href":"https:\/\/www.schnauzerclub.sk\/en\/wp-json\/wp\/v2\/pages"}],"about":[{"href":"https:\/\/www.schnauzerclub.sk\/en\/wp-json\/wp\/v2\/types\/page"}],"author":[{"embeddable":true,"href":"https:\/\/www.schnauzerclub.sk\/en\/wp-json\/wp\/v2\/users\/2"}],"replies":[{"embeddable":true,"href":"https:\/\/www.schnauzerclub.sk\/en\/wp-json\/wp\/v2\/comments?post=11682"}],"version-history":[{"count":0,"href":"https:\/\/www.schnauzerclub.sk\/en\/wp-json\/wp\/v2\/pages\/11682\/revisions"}],"up":[{"embeddable":true,"href":"https:\/\/www.schnauzerclub.sk\/en\/wp-json\/wp\/v2\/pages\/2990"}],"wp:attachment":[{"href":"https:\/\/www.schnauzerclub.sk\/en\/wp-json\/wp\/v2\/media?parent=11682"}],"curies":[{"name":"wp","href":"https:\/\/api.w.org\/{rel}","templated":true}]}}