{"id":11684,"date":"2013-12-31T21:32:50","date_gmt":"2013-12-31T19:32:50","guid":{"rendered":"http:\/\/www.schnauzerclub.sk\/?page_id=11684&#038;lang=en"},"modified":"2015-06-25T13:44:48","modified_gmt":"2015-06-25T11:44:48","slug":"2013-riesenschnauzer","status":"publish","type":"page","link":"https:\/\/www.schnauzerclub.sk\/en\/stud-book\/2013-riesenschnauzer\/","title":{"rendered":"2013 Riesenschnauzer"},"content":{"rendered":"<p>[et_pb_section fullwidth=&#8221;on&#8221; specialty=&#8221;off&#8221;][et_pb_fullwidth_menu admin_label=&#8221;Menu na cel\u00fa \u0161\u00edrku&#8221; menu_id=&#8221;192&#8243; background_color=&#8221;#376796&#8243; background_layout=&#8221;dark&#8221; text_orientation=&#8221;left&#8221; submenu_direction=&#8221;downwards&#8221; \/][\/et_pb_section][et_pb_section][et_pb_row][et_pb_column type=&#8221;1_4&#8243;][et_pb_sidebar admin_label=&#8221;Bo\u010dn\u00fd panel&#8221; orientation=&#8221;left&#8221; area=&#8221;et_pb_widget_area_7&#8243; background_layout=&#8221;light&#8221; remove_border=&#8221;off&#8221; body_line_height=&#8221;2em&#8221; \/][\/et_pb_column][et_pb_column type=&#8221;1_2&#8243;][et_pb_text admin_label=&#8221;Text&#8221; background_layout=&#8221;light&#8221; text_orientation=&#8221;left&#8221;]<\/p>\n<p><b>Riesenschnauzer\/<\/b><\/p>\n<p><b><i>Enel fenomen (korenie a\u00a0so\u013e)<\/i><\/b><\/p>\n<p>Butykov\u00e1 Miriam<br \/>\n\u010d.137,\u00a0908 74 Mal\u00e9 Lev\u00e1re<br \/>\n18.12.2012<br \/>\nGENIAL GOTT Gloris\/SPKP 1785<br \/>\nDORA Allsvinn\/SPKP 1834<br \/>\n1893 \u00a0 P MERLIN<br \/>\n1894 \u00a0 P MAXIM<br \/>\n1895 \u00a0 S MYSTERY<br \/>\n1896 \u00a0 S MENDY<br \/>\n1897 \u00a0 S MELANY<br \/>\n1898 \u00a0 S MEREDITH<br \/>\n1899 \u00a0 S MERCEDES<br \/>\n1900 \u00a0 S MANDRAGORA<br \/>\n1901 \u00a0 S MISSISSIPPI<br \/>\n1902 \u00a0 S MYSTIQUE<br \/>\n1903 \u00a0 S MARRYSOUL<br \/>\n1904 \u00a0 S MOYA<\/p>\n<p><b><i>Triumetal (\u010dierny)<\/i><\/b><\/p>\n<p>Sla\u010dkov\u00e1 Jaroslava Ing.<br \/>\nPriebe\u017en\u00e1 489\/9,\u00a0031 04 Liptovsk\u00fd Mikul\u00e1\u0161<br \/>\n18.01.2013<br \/>\nENZO dePichera\/LOE 178800<br \/>\nROSEMARY Dgentli Bon\/SPKP 1906<br \/>\n1907 \u00a0 P TEDDY BEAR<br \/>\n1908 \u00a0 P TERIFIC STORY<br \/>\n1909 \u00a0 P TORPEDO<br \/>\n1910 \u00a0 P TRIUMPH<br \/>\n1911 \u00a0 S TAMARA<br \/>\n1912 \u00a0 S THUNDERSTORM<br \/>\n1913 \u00a0 S TIP-TOP<br \/>\n1914 \u00a0 S TOFFEE<br \/>\n1915 \u00a0 S TORA TORATORA<\/p>\n<p><b><i>Frumasidus (\u010dierny)<\/i><\/b><\/p>\n<p>\u0160edajov\u00e1 Petra MVDr.<br \/>\nZnievska 38,\u00a0851 06 Bratislava<br \/>\n08.08.2013<br \/>\nFRAJER FRENKIE GoldestDanubius\/CMKU 5798<br \/>\nANABELLE Frumasidus\/SPKP 1761<br \/>\n1917 \u00a0 P DAMIEN BOY<br \/>\n1918 \u00a0 P DANKEN DADDY<br \/>\n1919 \u00a0 P DARK GOLD<br \/>\n1920 \u00a0 S DARSY DIAMOND<br \/>\n1921 \u00a0 S DEBBIE DORE<br \/>\n1922 \u00a0 S DELIGHT BRIE<br \/>\n1923 \u00a0 P DAYTON DUKE<\/p>\n<p><b><i>Triumetal (\u010dierny)<\/i><\/b><\/p>\n<p>Sla\u010dkov\u00e1 Jaroslava Ing.<br \/>\nPriebe\u017en\u00e1 489\/9,\u00a0031 04 Liptovsk\u00fd Mikul\u00e1\u0161<br \/>\n07.10.2013<br \/>\nSNOW FROST Gloris\/SPKP 1848<br \/>\nBARBARA BLACK Madecki\/SPKP 1812<br \/>\n1924 \u00a0 P UHLAN<br \/>\n1925 \u00a0 P ULSTER<br \/>\n1926 \u00a0 P ULYSSES<br \/>\n1927 \u00a0 P UNESCO II.<br \/>\n1928 \u00a0 P URAL<br \/>\n1929 \u00a0 S ULTRA<br \/>\n1930 \u00a0 S UNION II.<br \/>\n1931 \u00a0 S UNIT<br \/>\n1932 \u00a0 S UNIVERSAL<br \/>\n1933 \u00a0 S UPPSALA<br \/>\n1934 \u00a0 S U.S.A.<br \/>\n1935 \u00a0 S UTOPIA<\/p>\n<p>[\/et_pb_text][\/et_pb_column][et_pb_column type=&#8221;1_4&#8243;][et_pb_sidebar admin_label=&#8221;Bo\u010dn\u00fd panel&#8221; orientation=&#8221;right&#8221; area=&#8221;sidebar-1&#8243; background_layout=&#8221;light&#8221; \/][\/et_pb_column][\/et_pb_row][\/et_pb_section]<\/p>\n","protected":false},"excerpt":{"rendered":"<p>[et_pb_section fullwidth=&#8221;on&#8221; specialty=&#8221;off&#8221;][et_pb_fullwidth_menu admin_label=&#8221;Menu na cel\u00fa \u0161\u00edrku&#8221; menu_id=&#8221;192&#8243; background_color=&#8221;#376796&#8243; background_layout=&#8221;dark&#8221; text_orientation=&#8221;left&#8221; submenu_direction=&#8221;downwards&#8221; \/][\/et_pb_section][et_pb_section][et_pb_row][et_pb_column type=&#8221;1_4&#8243;][et_pb_sidebar admin_label=&#8221;Bo\u010dn\u00fd panel&#8221; orientation=&#8221;left&#8221; area=&#8221;et_pb_widget_area_7&#8243; background_layout=&#8221;light&#8221; remove_border=&#8221;off&#8221; body_line_height=&#8221;2em&#8221; \/][\/et_pb_column][et_pb_column type=&#8221;1_2&#8243;][et_pb_text admin_label=&#8221;Text&#8221; background_layout=&#8221;light&#8221; text_orientation=&#8221;left&#8221;] Riesenschnauzer\/ Enel fenomen (korenie a\u00a0so\u013e) Butykov\u00e1 Miriam \u010d.137,\u00a0908 74 Mal\u00e9 Lev\u00e1re 18.12.2012 GENIAL GOTT Gloris\/SPKP 1785 DORA Allsvinn\/SPKP 1834 1893 \u00a0 P MERLIN 1894 \u00a0 P MAXIM 1895 \u00a0 [&hellip;]<\/p>\n","protected":false},"author":2,"featured_media":0,"parent":2990,"menu_order":0,"comment_status":"closed","ping_status":"closed","template":"","meta":{"slim_seo":{"title":"2013 Riesenschnauzer - KCHPB","description":"[et_pb_section fullwidth=\"on\" specialty=\"off\"][et_pb_fullwidth_menu admin_label=\"Menu na cel\u00fa \u0161\u00edrku\" menu_id=\"192\" background_color=\"#376796\" background_layout="},"footnotes":""},"class_list":["post-11684","page","type-page","status-publish","hentry"],"_links":{"self":[{"href":"https:\/\/www.schnauzerclub.sk\/en\/wp-json\/wp\/v2\/pages\/11684","targetHints":{"allow":["GET"]}}],"collection":[{"href":"https:\/\/www.schnauzerclub.sk\/en\/wp-json\/wp\/v2\/pages"}],"about":[{"href":"https:\/\/www.schnauzerclub.sk\/en\/wp-json\/wp\/v2\/types\/page"}],"author":[{"embeddable":true,"href":"https:\/\/www.schnauzerclub.sk\/en\/wp-json\/wp\/v2\/users\/2"}],"replies":[{"embeddable":true,"href":"https:\/\/www.schnauzerclub.sk\/en\/wp-json\/wp\/v2\/comments?post=11684"}],"version-history":[{"count":0,"href":"https:\/\/www.schnauzerclub.sk\/en\/wp-json\/wp\/v2\/pages\/11684\/revisions"}],"up":[{"embeddable":true,"href":"https:\/\/www.schnauzerclub.sk\/en\/wp-json\/wp\/v2\/pages\/2990"}],"wp:attachment":[{"href":"https:\/\/www.schnauzerclub.sk\/en\/wp-json\/wp\/v2\/media?parent=11684"}],"curies":[{"name":"wp","href":"https:\/\/api.w.org\/{rel}","templated":true}]}}