{"id":11688,"date":"2015-06-17T08:30:06","date_gmt":"2015-06-17T06:30:06","guid":{"rendered":"http:\/\/www.schnauzerclub.sk\/?page_id=11688&#038;lang=en"},"modified":"2021-01-05T21:00:34","modified_gmt":"2021-01-05T19:00:34","slug":"2008-schnauzer","status":"publish","type":"page","link":"https:\/\/www.schnauzerclub.sk\/en\/stud-book\/2008-schnauzer\/","title":{"rendered":"2008 Schnauzer"},"content":{"rendered":"<p>&nbsp;<\/p>\n<table cellspacing=\"0\" cellpadding=\"0\">\n<tbody>\n<tr>\n<td valign=\"bottom\"><span style=\"color: #000000; font-family: Calibri; font-size: medium;\"><b><i>Brad\u00e1\u010d stredn\u00fd\/ Schnauzer Mittelschlag<\/i><\/b><\/span><\/td>\n<\/tr>\n<tr>\n<td valign=\"bottom\"><\/td>\n<\/tr>\n<tr>\n<td valign=\"bottom\"><span style=\"color: #000000; font-family: Calibri; font-size: medium;\"><b><i>Tambarann (\u010dierny)<\/i><\/b><\/span><\/td>\n<\/tr>\n<tr>\n<td valign=\"bottom\"><span style=\"color: #000000; font-family: Calibri; font-size: medium;\">Va\u0161ko Franti\u0161ek Ing.<\/span><\/td>\n<\/tr>\n<tr>\n<td valign=\"bottom\"><span style=\"color: #000000; font-family: Calibri; font-size: medium;\">Neverice 113 <span class=\"Apple-converted-space\">\u00a0 \u00a0 \u00a0 \u00a0 \u00a0 \u00a0 \u00a0 \u00a0<\/span><\/span><\/td>\n<\/tr>\n<tr>\n<td valign=\"bottom\"><span style=\"color: #000000; font-family: Calibri; font-size: medium;\">951 72 <span class=\"Apple-converted-space\">\u00a0 \u00a0 \u00a0 \u00a0 \u00a0 \u00a0 \u00a0 \u00a0 \u00a0 \u00a0 \u00a0<\/span><\/span><\/td>\n<\/tr>\n<tr>\n<td valign=\"bottom\"><span style=\"color: #000000; font-family: Calibri; font-size: medium;\">27.05.2008<\/span><\/td>\n<\/tr>\n<tr>\n<td valign=\"bottom\"><span style=\"color: #000000; font-family: Calibri; font-size: medium;\">MR.MADCAP Grand Calvera\/SPKP 1270\u00a0<\/span><\/td>\n<\/tr>\n<tr>\n<td valign=\"bottom\"><span style=\"color: #000000; font-family: Calibri; font-size: medium;\">GABRA Iringa\/SPKP 1238\u00a0<\/span><\/td>\n<\/tr>\n<tr>\n<td valign=\"bottom\"><span style=\"color: #000000; font-family: Calibri; font-size: medium;\">1331 <span class=\"Apple-converted-space\">\u00a0 <\/span>P B-FRANKY<\/span><\/td>\n<\/tr>\n<tr>\n<td valign=\"bottom\"><span style=\"color: #000000; font-family: Calibri; font-size: medium;\">1332 <span class=\"Apple-converted-space\">\u00a0 <\/span>P BASTIEN<\/span><\/td>\n<\/tr>\n<tr>\n<td valign=\"bottom\"><span style=\"color: #000000; font-family: Calibri; font-size: medium;\">1333 <span class=\"Apple-converted-space\">\u00a0 <\/span>P BODDY<\/span><\/td>\n<\/tr>\n<tr>\n<td valign=\"bottom\"><span style=\"color: #000000; font-family: Calibri; font-size: medium;\">1334 <span class=\"Apple-converted-space\">\u00a0 <\/span>S\u00a0BARDOTTE<\/span><\/td>\n<\/tr>\n<tr>\n<td valign=\"bottom\"><span style=\"color: #000000; font-family: Calibri; font-size: medium;\">1335 <span class=\"Apple-converted-space\">\u00a0 <\/span>S\u00a0BEATRIX<\/span><\/td>\n<\/tr>\n<tr>\n<td valign=\"bottom\"><span style=\"color: #000000; font-family: Calibri; font-size: medium;\">1336 <span class=\"Apple-converted-space\">\u00a0 <\/span>S\u00a0BELLINDA<\/span><\/td>\n<\/tr>\n<tr>\n<td valign=\"bottom\"><span style=\"color: #000000; font-family: Calibri; font-size: medium;\">1337 <span class=\"Apple-converted-space\">\u00a0 <\/span>S\u00a0BELLAMI<\/span><\/td>\n<\/tr>\n<tr>\n<td valign=\"bottom\"><span style=\"color: #000000; font-family: Calibri; font-size: medium;\">1338 <span class=\"Apple-converted-space\">\u00a0 <\/span>S\u00a0BRIDGET<\/span><\/td>\n<\/tr>\n<tr>\n<td valign=\"bottom\"><span style=\"color: #000000; font-family: Calibri; font-size: medium;\">1339 <span class=\"Apple-converted-space\">\u00a0 <\/span>S\u00a0BUTTERFLY<\/span><\/td>\n<\/tr>\n<tr>\n<td valign=\"bottom\"><\/td>\n<\/tr>\n<tr>\n<td valign=\"bottom\"><\/td>\n<\/tr>\n<tr>\n<td valign=\"bottom\"><span style=\"color: #000000; font-family: Calibri; font-size: medium;\"><b><i>Kad-Mil (\u010dierny)<\/i><\/b><\/span><\/td>\n<\/tr>\n<tr>\n<td valign=\"bottom\"><span style=\"color: #000000; font-family: Calibri; font-size: medium;\">Kadlecajov\u00e1 Andrea Ing.<span class=\"Apple-converted-space\">\u00a0 \u00a0 \u00a0<\/span><\/span><\/td>\n<\/tr>\n<tr>\n<td valign=\"bottom\"><span style=\"color: #000000; font-family: Calibri; font-size: medium;\">Mierov\u00e1 32 <span class=\"Apple-converted-space\">\u00a0 \u00a0 \u00a0 \u00a0 \u00a0 \u00a0 \u00a0 \u00a0 \u00a0<\/span><\/span><\/td>\n<\/tr>\n<tr>\n<td valign=\"bottom\"><span style=\"color: #000000; font-family: Calibri; font-size: medium;\">900 44 Tom\u00e1\u0161ov <span class=\"Apple-converted-space\">\u00a0 \u00a0 \u00a0 \u00a0 \u00a0 \u00a0 \u00a0<\/span><\/span><\/td>\n<\/tr>\n<tr>\n<td valign=\"bottom\"><span style=\"color: #000000; font-family: Calibri; font-size: medium;\">07.06.2008<\/span><\/td>\n<\/tr>\n<tr>\n<td valign=\"bottom\"><span style=\"color: #000000; font-family: Calibri; font-size: medium;\">HAN Bohemia Cardinal\/\u010cMKU 6580\/0<\/span><\/td>\n<\/tr>\n<tr>\n<td valign=\"bottom\"><span style=\"color: #000000; font-family: Calibri; font-size: medium;\">KENDIE Kad-Mil\/SPKP 1145\u00a0<\/span><\/td>\n<\/tr>\n<tr>\n<td valign=\"bottom\"><span style=\"color: #000000; font-family: Calibri; font-size: medium;\">1340 <span class=\"Apple-converted-space\">\u00a0 <\/span>P ODIN<\/span><\/td>\n<\/tr>\n<tr>\n<td valign=\"bottom\"><span style=\"color: #000000; font-family: Calibri; font-size: medium;\">1341 <span class=\"Apple-converted-space\">\u00a0 <\/span>P OMAR<\/span><\/td>\n<\/tr>\n<tr>\n<td valign=\"bottom\"><span style=\"color: #000000; font-family: Calibri; font-size: medium;\">1342 <span class=\"Apple-converted-space\">\u00a0 <\/span>S ODRIE<\/span><\/td>\n<\/tr>\n<tr>\n<td valign=\"bottom\"><span style=\"color: #000000; font-family: Calibri; font-size: medium;\">1343 <span class=\"Apple-converted-space\">\u00a0 <\/span>S OL\u00cdVIA<\/span><\/td>\n<\/tr>\n<tr>\n<td valign=\"bottom\"><span style=\"color: #000000; font-family: Calibri; font-size: medium;\">1344 <span class=\"Apple-converted-space\">\u00a0 <\/span>S OLYMPIA<\/span><\/td>\n<\/tr>\n<tr>\n<td valign=\"bottom\"><span style=\"color: #000000; font-family: Calibri; font-size: medium;\">1345 <span class=\"Apple-converted-space\">\u00a0 <\/span>S OXANA<\/span><\/td>\n<\/tr>\n<tr>\n<td valign=\"bottom\"><\/td>\n<\/tr>\n<tr>\n<td valign=\"bottom\"><span style=\"color: #000000; font-family: Calibri; font-size: medium;\"><b><i>z Romoru<span class=\"Apple-converted-space\">\u00a0 <\/span>(korenie a\u00a0so\u013e)<\/i><\/b><\/span><\/td>\n<\/tr>\n<tr>\n<td valign=\"bottom\"><span style=\"color: #000000; font-family: Calibri; font-size: medium;\">Drli\u010dkov\u00e1 Krist\u00edna <span class=\"Apple-converted-space\">\u00a0 \u00a0 \u00a0 \u00a0 \u00a0<\/span><\/span><\/td>\n<\/tr>\n<tr>\n<td valign=\"bottom\"><span style=\"color: #000000; font-family: Calibri; font-size: medium;\">Koll\u00e1rova 1634\/7 <span class=\"Apple-converted-space\">\u00a0 \u00a0 \u00a0 \u00a0 \u00a0 \u00a0<\/span><\/span><\/td>\n<\/tr>\n<tr>\n<td valign=\"bottom\"><span style=\"color: #000000; font-family: Calibri; font-size: medium;\">921 01 Pie\u0161\u0165any<span class=\"Apple-converted-space\">\u00a0 \u00a0 \u00a0 \u00a0 \u00a0 \u00a0 \u00a0<\/span><\/span><\/td>\n<\/tr>\n<tr>\n<td valign=\"bottom\"><span style=\"color: #000000; font-family: Calibri; font-size: medium;\">17.07.2008<\/span><\/td>\n<\/tr>\n<tr>\n<td valign=\"bottom\"><span style=\"color: #000000; font-family: Calibri; font-size: medium;\">PEPPERMILL Mohner\u00b4s\/\u010cMKU 7398\u00a0<\/span><\/td>\n<\/tr>\n<tr>\n<td valign=\"bottom\"><span style=\"color: #000000; font-family: Calibri; font-size: medium;\">GENNY LEE Imprese\/SPKP 1233\u00a0<\/span><\/td>\n<\/tr>\n<tr>\n<td valign=\"bottom\"><span style=\"color: #000000; font-family: Calibri; font-size: medium;\">1346 <span class=\"Apple-converted-space\">\u00a0 <\/span>P BALADIN SAXO<\/span><\/td>\n<\/tr>\n<tr>\n<td valign=\"bottom\"><span style=\"color: #000000; font-family: Calibri; font-size: medium;\">1347 <span class=\"Apple-converted-space\">\u00a0 <\/span>P BASTIEN JOKER<\/span><\/td>\n<\/tr>\n<tr>\n<td valign=\"bottom\"><span style=\"color: #000000; font-family: Calibri; font-size: medium;\">1348 <span class=\"Apple-converted-space\">\u00a0 <\/span>P BINGO BOY<\/span><\/td>\n<\/tr>\n<tr>\n<td valign=\"bottom\"><span style=\"color: #000000; font-family: Calibri; font-size: medium;\">1349 <span class=\"Apple-converted-space\">\u00a0 <\/span>P BRODY MAGIC<\/span><\/td>\n<\/tr>\n<tr>\n<td valign=\"bottom\"><span style=\"color: #000000; font-family: Calibri; font-size: medium;\">1350 <span class=\"Apple-converted-space\">\u00a0 <\/span>S BASCHKA BEIRA<\/span><\/td>\n<\/tr>\n<tr>\n<td valign=\"bottom\"><span style=\"color: #000000; font-family: Calibri; font-size: medium;\">1351 <span class=\"Apple-converted-space\">\u00a0 <\/span>S BESSIE DES<\/span><\/td>\n<\/tr>\n<tr>\n<td valign=\"bottom\"><span style=\"color: #000000; font-family: Calibri; font-size: medium;\">1352 <span class=\"Apple-converted-space\">\u00a0 <\/span>S BIANCA MIA<\/span><\/td>\n<\/tr>\n<tr>\n<td valign=\"bottom\"><span style=\"color: #000000; font-family: Calibri; font-size: medium;\">1353 <span class=\"Apple-converted-space\">\u00a0 <\/span>S BONETTA DETTA<\/span><\/td>\n<\/tr>\n<\/tbody>\n<\/table>\n<p>&nbsp;<\/p>\n","protected":false},"excerpt":{"rendered":"<p>&nbsp; Brad\u00e1\u010d stredn\u00fd\/ Schnauzer Mittelschlag Tambarann (\u010dierny) Va\u0161ko Franti\u0161ek Ing. Neverice 113 \u00a0 \u00a0 \u00a0 \u00a0 \u00a0 \u00a0 \u00a0 \u00a0 951 72 \u00a0 \u00a0 \u00a0 \u00a0 \u00a0 \u00a0 \u00a0 \u00a0 \u00a0 \u00a0 \u00a0 27.05.2008 MR.MADCAP Grand Calvera\/SPKP 1270\u00a0 GABRA Iringa\/SPKP 1238\u00a0 1331 \u00a0 P B-FRANKY 1332 \u00a0 P BASTIEN 1333 \u00a0 P BODDY 1334 \u00a0 [&hellip;]<\/p>\n","protected":false},"author":2,"featured_media":0,"parent":2990,"menu_order":0,"comment_status":"closed","ping_status":"closed","template":"","meta":{"slim_seo":{"title":"2008 Schnauzer - KCHPB","description":"&nbsp; Brad\u00e1\u010d stredn\u00fd\/ Schnauzer Mittelschlag Tambarann (\u010dierny) Va\u0161ko Franti\u0161ek Ing. Neverice 113 \u00a0 \u00a0 \u00a0 \u00a0 \u00a0 \u00a0 \u00a0 \u00a0 951 72 \u00a0 \u00a0 \u00a0 \u00a0 \u00a0 \u00a0 \u00a0 \u00a0 \u00a0 \u00a0 \u00a0 27.05.2008 MR.MA"},"footnotes":""},"class_list":["post-11688","page","type-page","status-publish","hentry"],"_links":{"self":[{"href":"https:\/\/www.schnauzerclub.sk\/en\/wp-json\/wp\/v2\/pages\/11688","targetHints":{"allow":["GET"]}}],"collection":[{"href":"https:\/\/www.schnauzerclub.sk\/en\/wp-json\/wp\/v2\/pages"}],"about":[{"href":"https:\/\/www.schnauzerclub.sk\/en\/wp-json\/wp\/v2\/types\/page"}],"author":[{"embeddable":true,"href":"https:\/\/www.schnauzerclub.sk\/en\/wp-json\/wp\/v2\/users\/2"}],"replies":[{"embeddable":true,"href":"https:\/\/www.schnauzerclub.sk\/en\/wp-json\/wp\/v2\/comments?post=11688"}],"version-history":[{"count":0,"href":"https:\/\/www.schnauzerclub.sk\/en\/wp-json\/wp\/v2\/pages\/11688\/revisions"}],"up":[{"embeddable":true,"href":"https:\/\/www.schnauzerclub.sk\/en\/wp-json\/wp\/v2\/pages\/2990"}],"wp:attachment":[{"href":"https:\/\/www.schnauzerclub.sk\/en\/wp-json\/wp\/v2\/media?parent=11688"}],"curies":[{"name":"wp","href":"https:\/\/api.w.org\/{rel}","templated":true}]}}