{"id":11690,"date":"2015-05-05T13:27:07","date_gmt":"2015-05-05T11:27:07","guid":{"rendered":"http:\/\/www.schnauzerclub.sk\/?page_id=11690&#038;lang=en"},"modified":"2021-01-05T21:01:20","modified_gmt":"2021-01-05T19:01:20","slug":"2008-riesenschnauzer","status":"publish","type":"page","link":"https:\/\/www.schnauzerclub.sk\/en\/stud-book\/2008-riesenschnauzer\/","title":{"rendered":"2008 Riesenschnauzer"},"content":{"rendered":"<p><b>Riesenschnauzer\/<\/b><\/p>\n<p><b><i>Enel fenomen (korenie a\u00a0so\u013e)<\/i><\/b><\/p>\n<p>Butykov\u00e1 Miriam<br \/>\nSlne\u010dn\u00e1 33,\u00a0900 29 Nov\u00e1 Dedinka<br \/>\n01.05.2008<br \/>\nANGI Gauada\/SPKP 1253<br \/>\nELIZABETH QUEEN Z\u00b4eridanudog love\/SPKP 1533<br \/>\n1705 \u00a0 P BERNARD<br \/>\n1706 \u00a0 P BALZAC GREY ROC<br \/>\n1707 \u00a0 P BASTIEN<br \/>\n1708 \u00a0 P BIG BOY<br \/>\n1709 \u00a0 P BONES<br \/>\n1710 \u00a0 S BERUSKO CINDY<\/p>\n<p><b><i>Neiro Garden (\u010dierny)<\/i><\/b><\/p>\n<p>Horv\u00e1th Marcel<br \/>\n053 22 Jamn\u00edk 196<br \/>\n11.06.2008<br \/>\nATTACH\u00c9 Hej\u00f5ligeti\/MET 7613<br \/>\nKARLA NeiroGarden\/SPKP 1579<br \/>\n1711 \u00a0 P LARRY<br \/>\n1712 \u00a0 P LAURINT<br \/>\n1713 \u00a0 P LORD<br \/>\n1714 \u00a0 P LOZAN<br \/>\n1715 \u00a0 S LARA<br \/>\n1716 \u00a0 S LAURA<br \/>\n1717 \u00a0 S LUNA<br \/>\n1718 \u00a0 S LIBERTY<\/p>\n<p><b><i>Triumetal (\u010dierny)<\/i><\/b><\/p>\n<p>Sla\u010dkov\u00e1 Jaroslava Ing.<br \/>\nPriebe\u017en\u00e1 489\/9,\u00a0031 04 Liptovsk\u00fd Mikul\u00e1\u0161<br \/>\n13.11.2008<br \/>\nXANDRO Radinie\/SPKP 1497<br \/>\nSTELLAR STYLE Triumetal\/SPKP 1360<br \/>\n1719 \u00a0 P NEVADA<br \/>\n1720 \u00a0 P NEVERMORE<br \/>\n1721 \u00a0 P NIGHTFALL<br \/>\n1722 \u00a0 P NIMBLE NEGRO<br \/>\n1723 \u00a0 P NOSTRADAMUS<br \/>\n1724 \u00a0 S NEW SUNRICE<\/p>\n","protected":false},"excerpt":{"rendered":"<p>Riesenschnauzer\/ Enel fenomen (korenie a\u00a0so\u013e) Butykov\u00e1 Miriam Slne\u010dn\u00e1 33,\u00a0900 29 Nov\u00e1 Dedinka 01.05.2008 ANGI Gauada\/SPKP 1253 ELIZABETH QUEEN Z\u00b4eridanudog love\/SPKP 1533 1705 \u00a0 P BERNARD 1706 \u00a0 P BALZAC GREY ROC 1707 \u00a0 P BASTIEN 1708 \u00a0 P BIG BOY 1709 \u00a0 P BONES 1710 \u00a0 S BERUSKO CINDY Neiro Garden (\u010dierny) Horv\u00e1th Marcel 053 [&hellip;]<\/p>\n","protected":false},"author":2,"featured_media":0,"parent":2990,"menu_order":0,"comment_status":"closed","ping_status":"closed","template":"","meta":{"slim_seo":{"title":"2008 Riesenschnauzer - KCHPB","description":"Riesenschnauzer\/ Enel fenomen (korenie a\u00a0so\u013e) Butykov\u00e1 Miriam Slne\u010dn\u00e1 33,\u00a0900 29 Nov\u00e1 Dedinka 01.05.2008 ANGI Gauada\/SPKP 1253 ELIZABETH QUEEN Z\u00b4eridanudog love"},"footnotes":""},"class_list":["post-11690","page","type-page","status-publish","hentry"],"_links":{"self":[{"href":"https:\/\/www.schnauzerclub.sk\/en\/wp-json\/wp\/v2\/pages\/11690","targetHints":{"allow":["GET"]}}],"collection":[{"href":"https:\/\/www.schnauzerclub.sk\/en\/wp-json\/wp\/v2\/pages"}],"about":[{"href":"https:\/\/www.schnauzerclub.sk\/en\/wp-json\/wp\/v2\/types\/page"}],"author":[{"embeddable":true,"href":"https:\/\/www.schnauzerclub.sk\/en\/wp-json\/wp\/v2\/users\/2"}],"replies":[{"embeddable":true,"href":"https:\/\/www.schnauzerclub.sk\/en\/wp-json\/wp\/v2\/comments?post=11690"}],"version-history":[{"count":0,"href":"https:\/\/www.schnauzerclub.sk\/en\/wp-json\/wp\/v2\/pages\/11690\/revisions"}],"up":[{"embeddable":true,"href":"https:\/\/www.schnauzerclub.sk\/en\/wp-json\/wp\/v2\/pages\/2990"}],"wp:attachment":[{"href":"https:\/\/www.schnauzerclub.sk\/en\/wp-json\/wp\/v2\/media?parent=11690"}],"curies":[{"name":"wp","href":"https:\/\/api.w.org\/{rel}","templated":true}]}}