{"id":11696,"date":"2015-05-05T13:23:16","date_gmt":"2015-05-05T11:23:16","guid":{"rendered":"http:\/\/www.schnauzerclub.sk\/?page_id=11696&#038;lang=en"},"modified":"2021-01-05T20:59:05","modified_gmt":"2021-01-05T18:59:05","slug":"2009-riesenschnauzer","status":"publish","type":"page","link":"https:\/\/www.schnauzerclub.sk\/en\/stud-book\/2009-riesenschnauzer\/","title":{"rendered":"2009 Riesenschnauzer"},"content":{"rendered":"<p><b>Riesenschnauzer\/<\/b><\/p>\n<p><b><i>Triumetal (\u010dierny)<\/i><\/b><\/p>\n<p>Sla\u010dkov\u00e1 Jaroslava Ing.<br \/>\nPriebe\u017en\u00e1 489\/9,\u00a0031 04 Liptovsk\u00fd Mikul\u00e1\u0161<br \/>\n02.01.2009<br \/>\nXANDRO Radinie\/SPKP 1497<br \/>\nGEORGIA Triumetal\/SPKP 1573<br \/>\n1725 \u00a0 P ONTARIO<br \/>\n1726 \u00a0 P OPAL<br \/>\n1727 \u00a0 P OREGON<br \/>\n1728 \u00a0 P ORIENT<br \/>\n1729 \u00a0 P OSCAR<br \/>\n1730 \u00a0 S OASIS<br \/>\n1731 \u00a0 S ODYSSEY<\/p>\n<p><b><i>Kelador (korenie a\u00a0so\u013e)<\/i><\/b><\/p>\n<p>Strakov\u00e1 Zuzana<br \/>\nBrig\u00e1dnick\u00e1 5,\u00a0841 10 Bratislava<br \/>\n05.02.2009<br \/>\nQUINTUS SilverSenator\/MET 6094<br \/>\nCONSTANZE Kelador\/SPKP 1605<br \/>\n1734 \u00a0 P EL NINO<br \/>\n1735 \u00a0 P ELROY<br \/>\n1736 \u00a0 P EVANS<br \/>\n1737 \u00a0 P EXCALIBUR<br \/>\n1738 \u00a0 P EXTRAVAGANT<br \/>\n1739 \u00a0 S ECLIPSE<br \/>\n1740 \u00a0 S ELLAINE<br \/>\n1741 \u00a0 S ELLISEA<br \/>\n1742 \u00a0 S ENIGMA<br \/>\n1743 \u00a0 S EXTASY<\/p>\n<p><b><i>Kelador (\u010dierny)<\/i><\/b><\/p>\n<p>Strakov\u00e1 Zuzana<br \/>\nBrig\u00e1dnick\u00e1 5,\u00a0841 10 Bratislava<br \/>\n20.02.2009<br \/>\nTERCO dePichera\/LOE 146089<br \/>\nREWARD FOR LOVE WindofDream\/SPKP 1496<br \/>\n1744 \u00a0 P FAUST<br \/>\n1745 \u00a0 S FABIA<br \/>\n1746 \u00a0 S FAREA<br \/>\n1747 \u00a0 S FARLEY<br \/>\n1748 \u00a0 S FARRIS<br \/>\n1749 \u00a0 S FELICITAS<br \/>\n1750 \u00a0 S FELLON<br \/>\n1751 \u00a0 S FELISSION<br \/>\n1752 \u00a0 S FRIDA<\/p>\n<p><b><i>Camisa negra (\u010dierny)<\/i><\/b><\/p>\n<p>Pisan\u010d\u00edk Vladim\u00edr Ing.<br \/>\nMakarenkova 102,\u00a0080 06 \u013dubotice<br \/>\n05.03.2009<br \/>\nXANDRO Radinie\/SPKP 1497<br \/>\nVICKY Triumetal\/SPKP 1408<br \/>\n1753 \u00a0 S BIRGIT<br \/>\n1754 \u00a0 S BORA<br \/>\n1755 \u00a0 S BRENDA<br \/>\n1756 \u00a0 S BRITTA<br \/>\n1757 \u00a0 S BRIXA<\/p>\n<p><b><i>Fruma sidus (\u010dierny)<\/i><\/b><\/p>\n<p>\u0160edajov\u00e1 Petra MVDr.<br \/>\nZnievska 38,\u00a0851 06 Bratislava<br \/>\n22.04.2009<br \/>\nCLARK von Klingsgarten\/VDH 103912<br \/>\nABIGAILE BLACK Dvomaro\/SPKP 1543<br \/>\n1758 \u00a0 P ADONIS<br \/>\n1759 \u00a0 S ARWEN<br \/>\n1760 \u00a0 S ARLETTE<br \/>\n1761 \u00a0 S ANABELLE<\/p>\n<p><b><i>Enel fenomen (korenie a\u00a0so\u013e)<\/i><\/b><\/p>\n<p>Butykov\u00e1 Miriam<br \/>\nSlne\u010dn\u00e1 33,\u00a0900 29 Nov\u00e1 Dedinka<br \/>\n03.05.2009<br \/>\nANGI Gauada\/SPKP 1253<br \/>\nELIZABETH QUEEN Z\u00b4eridanudog love\/SPKP 1533<br \/>\n1762 \u00a0 P DRACONIS<br \/>\n1763 \u00a0 S DESTINY<br \/>\n1764 \u00a0 S DIANA<br \/>\n1765 \u00a0 S DOREEN<\/p>\n<p><b><i>Triumetal (\u010dierny)<\/i><\/b><\/p>\n<p>Sla\u010dkov\u00e1 Jaroslava Ing.<br \/>\nPriebe\u017en\u00e1 489\/9,\u00a0031 04 Liptovsk\u00fd Mikul\u00e1\u0161<br \/>\n22.11.2009<br \/>\nXANDRO Radinie\/SPKP 1497<br \/>\nSTELLAR STYLE Triumetal\/SPKP 1360<br \/>\n1770 \u00a0 P PANTHER BLACK<br \/>\n1771 \u00a0 P PERFECT MAN<br \/>\n1772 \u00a0 P PRIZE-WINNWE<br \/>\n1773 \u00a0 P PURPOSE<br \/>\n1774 \u00a0 S PRETTY WOMAN<br \/>\n1775 \u00a0 S POLAR LIGHT<\/p>\n","protected":false},"excerpt":{"rendered":"<p>Riesenschnauzer\/ Triumetal (\u010dierny) Sla\u010dkov\u00e1 Jaroslava Ing. Priebe\u017en\u00e1 489\/9,\u00a0031 04 Liptovsk\u00fd Mikul\u00e1\u0161 02.01.2009 XANDRO Radinie\/SPKP 1497 GEORGIA Triumetal\/SPKP 1573 1725 \u00a0 P ONTARIO 1726 \u00a0 P OPAL 1727 \u00a0 P OREGON 1728 \u00a0 P ORIENT 1729 \u00a0 P OSCAR 1730 \u00a0 S OASIS 1731 \u00a0 S ODYSSEY Kelador (korenie a\u00a0so\u013e) Strakov\u00e1 Zuzana Brig\u00e1dnick\u00e1 5,\u00a0841 10 Bratislava [&hellip;]<\/p>\n","protected":false},"author":2,"featured_media":0,"parent":2990,"menu_order":0,"comment_status":"closed","ping_status":"closed","template":"","meta":{"slim_seo":{"title":"2009 Riesenschnauzer - KCHPB","description":"Riesenschnauzer\/ Triumetal (\u010dierny) Sla\u010dkov\u00e1 Jaroslava Ing. Priebe\u017en\u00e1 489\/9,\u00a0031 04 Liptovsk\u00fd Mikul\u00e1\u0161 02.01.2009 XANDRO Radinie\/SPKP 1497 GEORGIA Triumetal\/SPKP"},"footnotes":""},"class_list":["post-11696","page","type-page","status-publish","hentry"],"_links":{"self":[{"href":"https:\/\/www.schnauzerclub.sk\/en\/wp-json\/wp\/v2\/pages\/11696","targetHints":{"allow":["GET"]}}],"collection":[{"href":"https:\/\/www.schnauzerclub.sk\/en\/wp-json\/wp\/v2\/pages"}],"about":[{"href":"https:\/\/www.schnauzerclub.sk\/en\/wp-json\/wp\/v2\/types\/page"}],"author":[{"embeddable":true,"href":"https:\/\/www.schnauzerclub.sk\/en\/wp-json\/wp\/v2\/users\/2"}],"replies":[{"embeddable":true,"href":"https:\/\/www.schnauzerclub.sk\/en\/wp-json\/wp\/v2\/comments?post=11696"}],"version-history":[{"count":0,"href":"https:\/\/www.schnauzerclub.sk\/en\/wp-json\/wp\/v2\/pages\/11696\/revisions"}],"up":[{"embeddable":true,"href":"https:\/\/www.schnauzerclub.sk\/en\/wp-json\/wp\/v2\/pages\/2990"}],"wp:attachment":[{"href":"https:\/\/www.schnauzerclub.sk\/en\/wp-json\/wp\/v2\/media?parent=11696"}],"curies":[{"name":"wp","href":"https:\/\/api.w.org\/{rel}","templated":true}]}}