{"id":11698,"date":"2015-05-08T22:07:05","date_gmt":"2015-05-08T20:07:05","guid":{"rendered":"http:\/\/www.schnauzerclub.sk\/?page_id=11698&#038;lang=en"},"modified":"2021-01-05T20:36:01","modified_gmt":"2021-01-05T18:36:01","slug":"2010-zwergschnauzer","status":"publish","type":"page","link":"https:\/\/www.schnauzerclub.sk\/en\/stud-book\/2010-zwergschnauzer\/","title":{"rendered":"2010 Zwergschnauzer"},"content":{"rendered":"<p><b>Zwergschnauzer\/<\/b><\/p>\n<p><em><b>Bikin dvor (\u010diernostrieborn\u00fd)<\/b><\/em><\/p>\n<p>Havl\u00edkov\u00e1 Zuzana<br \/>\nSv\u00e4tourbansk\u00e1 40,\u00a0949 01 Nitra<br \/>\n23.02.2010<br \/>\nVAGABOND FOR ME Chottans\/SKKS 41968<br \/>\nLOLA Rezlark\/SPKP 1968<br \/>\n2117 \u00a0 P SAMUEL SILVER<br \/>\n2118 \u00a0 P SIMON SILVER<br \/>\n2119 \u00a0 P STANLEY SILVER<br \/>\n2120 \u00a0 S SUSANE SILVER<br \/>\n2121 \u00a0 S SOFIA SILVER<\/p>\n<p><em><b>z \u0160ardanu (korenie a so\u013e)<\/b><\/em><\/p>\n<p>Koll\u00e1rov\u00e1 \u0160\u00e1rka<br \/>\nJanka Magu 132,\u00a0034 91 \u0160vo\u0161ov<br \/>\n21.03.2010<br \/>\nRAYMOND z \u0160ardanu\/SPKP 1791<br \/>\nELEONORE QUEEN Quattrocento\/SPKP 1991<br \/>\n2122 \u00a0 P LITTLE KING<br \/>\n2123 \u00a0 P LITTLE LORD<br \/>\n2124 \u00a0 P LITTLE PRINCE<br \/>\n2125 \u00a0 S LITTLE QUEEN<\/p>\n<p><em><strong>z \u0160ardanu (\u010dierny)<\/strong><\/em><\/p>\n<p>Koll\u00e1rov\u00e1 \u0160\u00e1rka<br \/>\nJanka Magu 132,\u00a0034 91 \u0160vo\u0161ov<br \/>\n28.03.2010<br \/>\nDRAGON FLY Carboneum\/SPKP 1959<br \/>\nORLANDA Rezlark\/SPKP 1919<br \/>\n2126 \u00a0 P MERLIN<br \/>\n2127 \u00a0 S MICHELLE<br \/>\n2128 \u00a0 S MINA<\/p>\n<p><em><strong>Dastynella elegant (korenie a so\u013e)<\/strong><\/em><\/p>\n<p>Pint\u00e9r Karol<br \/>\nBauerov\u00e1 7,\u00a0040 23 Ko\u0161ice<br \/>\n25.03.2010<br \/>\nHERUNUMEN LORD FROM Dolina Rivendell\/PKR 90346<br \/>\nNARYA CHARM OF Dolina Rivendell\/SPKP 2020<br \/>\n2129 \u00a0 S AMARNA<br \/>\n2130 \u00a0 S ANUKET<br \/>\n2131 \u00a0 S ARSINOE<br \/>\n2132 \u00a0 S ASJ\u00daT<br \/>\n2133 \u00a0 S ASTARTE<\/p>\n<p><em><strong>Bikin dvor (korenie a so\u013e)<\/strong><\/em><\/p>\n<p>Havl\u00edkov\u00e1 Zuzana<br \/>\nSv\u00e4tourbansk\u00e1 40,\u00a0949 01 Nitra<br \/>\n23.03.2010<br \/>\nEARLE GREY Carboneum\/\u010cMKU 6211<br \/>\nSAHARA\u00b4S GIRL\/GT Dog-Otho\u00b4s\/SPKP 1956<br \/>\n2134 \u00a0 P THOMAS PEPPER<br \/>\n2135 \u00a0 P TOBIAS PEPPER<\/p>\n<p><em><strong>Foubrant\u00b4s Pendulum (korenie a so\u013e)<\/strong><\/em><\/p>\n<p>Vavro Branislav Ing.<br \/>\n038 35 Val\u010da 255<br \/>\n14.04.2010<br \/>\nFOUCALT\u00b4S PENDU Kn\u00ed\u017eete Sternenhocha\/SPKP 1694<br \/>\nABIGALE z Pevnosti Malovc\u016f\/SPKP 1594<br \/>\n2136 \u00a0 P ERNIO<br \/>\n2137 \u00a0 P ENRICO<br \/>\n2138 \u00a0 P EDWARD<br \/>\n2139 \u00a0 S EMILIE<\/p>\n<p><em><strong>Foubrant\u00b4s Pendulum (korenie a so\u013e)<\/strong><\/em><\/p>\n<p>Vavro Branislav Ing.<br \/>\n038 35 Val\u010da 255<br \/>\n16.04.2010<br \/>\nFOUCALT\u00b4S PENDU Kn\u00ed\u017eete Sternenhocha\/SPKP 1694<br \/>\nARANKA z Horn\u00ed hr\u00e1ze\/SPKP 1621<br \/>\n2140 \u00a0 S FIBI-DANAE<\/p>\n<p><em><strong>Mal\u00e9 u\u0161ko (\u010diernostrieborn\u00fd)<\/strong><\/em><\/p>\n<p>Hamerl\u00edkov\u00e1 Jana Mgr.<br \/>\nHurbanova 743,\u00a0906 32 Jablonica<br \/>\n26.04.2010<br \/>\nQUICK SILVER Bohemia Vulkan\/SPKP 1498<br \/>\nDESA Mal\u00e9 u\u0161ko\/SPKP 1618<br \/>\n2141 \u00a0 P ILEX<br \/>\n2142 \u00a0 P INTUS<br \/>\n2143 \u00a0 S INKA<br \/>\n2144 \u00a0 S IRIS<\/p>\n<p><em><strong>OK-ER (\u010diernostrieborn\u00fd)<\/strong><\/em><\/p>\n<p>Okruhlica Erik<br \/>\nSmetanova 9,\u00a0927 00 \u0160a\u013ea<br \/>\n28.04.2010<br \/>\nYOU\u00b4RE EVERYTHING z Dixie\/SPKP 1786<br \/>\nDAISY Pedibus\/SPKP 1550<br \/>\n2145 \u00a0 P LEONARD<br \/>\n2146 \u00a0 P LEWIS<br \/>\n2147 \u00a0 P LUCKY<br \/>\n2148 \u00a0 S LILIEN<\/p>\n<p><strong><em>zo Smaldonu (\u010dierny)<\/em><\/strong><\/p>\n<p>Barto\u0161 Franti\u0161ek Dr.<br \/>\nFerien\u010d\u00edkova 16,\u00a0811 08 Bratislava<br \/>\n06.06.2010<br \/>\nDRAGON FLY Carboneum\/SPKP 1959<br \/>\nCHRISTA Perizu\/SPKP 1879<br \/>\n2150 \u00a0 P AKSAMON<br \/>\n2151 \u00a0 P ALLAN<br \/>\n2152 \u00a0 P ANDOTAR<br \/>\n2153 \u00a0 P ANGELLOS<br \/>\n2154 \u00a0 P AXELLON<br \/>\n2155 \u00a0 S ALESSIA<br \/>\n2156 \u00a0 S AKKIRA<br \/>\n2157 \u00a0 S ATTARA<\/p>\n<p><em><strong>zo Starej hor\u00e1rne (\u010dierny)<\/strong><\/em><\/p>\n<p>Mach\u00e1\u0148 Richard Ing.<br \/>\nLanyiho huta 1091,\u00a0049 25 Dob\u0161in\u00e1<br \/>\n08.06.2010<br \/>\nTAMINO IJ Von Portenschlag\/SPKP 1933<br \/>\nAIETA \u010cierny blesk\/SPKP 1546<br \/>\n2158 \u00a0 P CERT BORA<br \/>\n2159 \u00a0 P CIP\u00cdSEK BORA<br \/>\n2160 \u00a0 S CELESTA BORA<br \/>\n2161 \u00a0 S CILJA BORA<br \/>\n2162 \u00a0 S CLARA BORA<\/p>\n<p><em><strong>Danky dog (korenie a so\u013e)<\/strong><\/em><\/p>\n<p>Chrenkov\u00e1 Daniela<br \/>\nE. Necseya 3166\/1,\u00a0010 08 \u017dilina<br \/>\n19.06.2010<br \/>\nROMANOV Mengo Celebration\/SPKP 1914<br \/>\nREBECA z \u0160ardanu\/SPKP 1794<br \/>\n2163 \u00a0 P ARTUR<br \/>\n2164 \u00a0 S AD\u00c9LKA<br \/>\n2165 \u00a0 S AM\u00c1LKA<br \/>\n2166 \u00a0 S ANETKA<\/p>\n<p><em><strong>Enel fenomen (biely)<\/strong><\/em><\/p>\n<p>Butykov\u00e1 Miriam<br \/>\nSlne\u010dn\u00e1 33,\u00a0900 29 Nov\u00e1 Dedinka<br \/>\n28.06.2010<br \/>\nDON\u00b4T STOP ME NOW MM Von Portenschlag\/FCA 16802<br \/>\nHARMONY Rey Prag\/SPKP 1996<br \/>\n2167 \u00a0 P GLADIATOR<br \/>\n2168 \u00a0 P GERALDO<br \/>\n2169 \u00a0 S GIULIETTA<br \/>\n2170 \u00a0 S GENIAL GIRL<\/p>\n<p><em><strong>Enel fenomen (korenie a so\u013e)<\/strong><\/em><\/p>\n<p>Butykov\u00e1 Miriam<br \/>\nSlne\u010dn\u00e1 33,\u00a0900 29 Nov\u00e1 Dedinka<br \/>\n30.06.2010<br \/>\nANDRONICUS Skovsschnauz\/SPKP 2032<br \/>\nI\u00b4M MINI PEPPER z Marzemu\/SPKP 1915<br \/>\n2171 \u00a0 P H\u00c1DES<br \/>\n2172 \u00a0 P HERAKLES<br \/>\n2173 \u00a0 P HORATIOS<br \/>\n2174 \u00a0 P HEFAISTON<br \/>\n2175 \u00a0 S HOT CHILI PEPPER<br \/>\n2176 \u00a0 S HEATHER<\/p>\n<p><em><strong>Wild Rane (\u010dierny)<\/strong><\/em><\/p>\n<p>Adam\u010diakovi Juraj a Andrea<br \/>\n\u017delezni\u010dn\u00e1 955,\u00a0034 95\u00a0 Likavka<br \/>\n13.07.2010<br \/>\nTAMINO IJ Von Portenschlag\/SPKP 1933<br \/>\nFAIRY FRANCES Bohemia Ness\/SPKP 1999<br \/>\n2177 \u00a0 S IBONY FAIRY<br \/>\n2178 \u00a0 S I LOVE YOU FAIRY<br \/>\n2179 \u00a0 S INARA FAIRY<br \/>\n2180 \u00a0 S INVADER FAIRY<br \/>\n2181 \u00a0 S IRIS FAIRY<br \/>\n2182 \u00a0 S ISIRA FAIRY<\/p>\n<p><em><strong>Imprese (korenie a so\u013e)<\/strong><\/em><\/p>\n<p>Maz\u00e1kov\u00e1 Jana<br \/>\nJ\u00e1na Ra\u0161u 570,\u00a0900 86 Budmerice<br \/>\n17.08.2010<br \/>\nDIRECTO AL GRANO Tajinastes\/LOE 157015<br \/>\nCINDERELLA Astronaut\/\u010cMKU 1931<br \/>\n2187 \u00a0 P ILLO<br \/>\n2188 \u00a0 P IRWIN<br \/>\n2189 \u00a0 S ISABELL<br \/>\n2190 \u00a0 S IZERE<br \/>\n2191 \u00a0 S IRIS<\/p>\n<p><em><strong>Verg\u00edlius maro (korenie a so\u013e)<\/strong><\/em><\/p>\n<p>Pol\u00e1k Rastislav Mgr.<br \/>\nBetliarska 1,\u00a0048 01 Ro\u017e\u0148ava<br \/>\n21.09.2010<br \/>\nIGROK IMPORT Russkiy Assorti\u00b4c\/SPKP 1816<br \/>\nGLOREDHELA QUEE Dolina Rivendell\/SPKP 1913<br \/>\n2195 \u00a0 P DASTIN<br \/>\n2196 \u00a0 S DEINAS<br \/>\n2197 \u00a0 S DORIS<\/p>\n<p><em><strong>z \u0160ardanu (\u010dierny)<\/strong><\/em><\/p>\n<p>Koll\u00e1rov\u00e1 \u0160\u00e1rka<br \/>\nJanka Magu 132,\u00a0034 91 \u0160vo\u0161ov<br \/>\n10.10.2010<br \/>\nTAMINO IJ Von Portenschlag\/SPKP 1933<br \/>\nVIVIEN VEE z \u0160ardanu\/SPKP 1911<br \/>\n2198 \u00a0 P NEWTON<br \/>\n2199 \u00a0 P NEW<br \/>\n2200 \u00a0 P NORTON<br \/>\n2201 \u00a0 S NEVADA<br \/>\n2202 \u00a0 S NERETVA<br \/>\n2203 \u00a0 S NERVA<br \/>\n2204 \u00a0 S NICE<\/p>\n<p><em><strong>z Idu\u0161kinej farmy (\u010dierny)<\/strong><\/em><\/p>\n<p>Furikov\u00e1 Ida<br \/>\n\u0160vantnerova 11,\u00a0841 01 Bratislava<br \/>\n20.10.2010<br \/>\nKENNETH KEN z \u0160ardanu\/SPKP 1667<br \/>\nCINKA Tossgold\/SPKP 1612<br \/>\n2205 \u00a0 P ANDY<br \/>\n2206 \u00a0 P ARTHUR<br \/>\n2207 \u00a0 S ADELA<\/p>\n<p><em><strong>Rados\u0165 od Veroniky (\u010dierny)<\/strong><\/em><\/p>\n<p>\u0160kor\u00edkov\u00e1 Viera Dpt.<br \/>\nDlh\u00fd rad 173,\u00a0951 35 Ve\u013ek\u00e9 Z\u00e1lu\u017eie<br \/>\n26.10.2010<br \/>\nFIFTI-FIFTI Rezlark\/SPKP 1707<br \/>\nGERMANICA GR\u00c1ZI Bikin dvor\/SPKP 1591<br \/>\n2208 \u00a0 P JAGO<br \/>\n2209 \u00a0 P JERRT<br \/>\n2210 \u00a0 S JESSIE<br \/>\n2211 \u00a0 S J\u00daLIA<\/p>\n<p><em><strong>Schneeflocke aus Pistien (biely)<\/strong><\/em><\/p>\n<p>Drli\u010dkov\u00e1 Katar\u00edna<br \/>\nKoll\u00e1rova 1634\/7,\u00a0921 01 Pie\u0161\u0165any<br \/>\n13.12.2010<br \/>\nARMANI Genstat\/ZB Nr 001269<br \/>\nASHLEY HERZLICH Schneeflocke aus Pistien\/SPKP 1851<br \/>\n2216 \u00a0 S DAISIE DE LUXE<br \/>\n2217 \u00a0 S DAMILLA DIE CHANCE<\/p>\n","protected":false},"excerpt":{"rendered":"<p>Zwergschnauzer\/ Bikin dvor (\u010diernostrieborn\u00fd) Havl\u00edkov\u00e1 Zuzana Sv\u00e4tourbansk\u00e1 40,\u00a0949 01 Nitra 23.02.2010 VAGABOND FOR ME Chottans\/SKKS 41968 LOLA Rezlark\/SPKP 1968 2117 \u00a0 P SAMUEL SILVER 2118 \u00a0 P SIMON SILVER 2119 \u00a0 P STANLEY SILVER 2120 \u00a0 S SUSANE SILVER 2121 \u00a0 S SOFIA SILVER z \u0160ardanu (korenie a so\u013e) Koll\u00e1rov\u00e1 \u0160\u00e1rka Janka Magu 132,\u00a0034 91 [&hellip;]<\/p>\n","protected":false},"author":2,"featured_media":0,"parent":2990,"menu_order":0,"comment_status":"closed","ping_status":"closed","template":"","meta":{"slim_seo":{"title":"2010 Zwergschnauzer - KCHPB","description":"Zwergschnauzer\/ Bikin dvor (\u010diernostrieborn\u00fd) Havl\u00edkov\u00e1 Zuzana Sv\u00e4tourbansk\u00e1 40,\u00a0949 01 Nitra 23.02.2010 VAGABOND FOR ME Chottans\/SKKS 41968 LOLA Rezlark\/SPKP 1"},"footnotes":""},"class_list":["post-11698","page","type-page","status-publish","hentry"],"_links":{"self":[{"href":"https:\/\/www.schnauzerclub.sk\/en\/wp-json\/wp\/v2\/pages\/11698","targetHints":{"allow":["GET"]}}],"collection":[{"href":"https:\/\/www.schnauzerclub.sk\/en\/wp-json\/wp\/v2\/pages"}],"about":[{"href":"https:\/\/www.schnauzerclub.sk\/en\/wp-json\/wp\/v2\/types\/page"}],"author":[{"embeddable":true,"href":"https:\/\/www.schnauzerclub.sk\/en\/wp-json\/wp\/v2\/users\/2"}],"replies":[{"embeddable":true,"href":"https:\/\/www.schnauzerclub.sk\/en\/wp-json\/wp\/v2\/comments?post=11698"}],"version-history":[{"count":0,"href":"https:\/\/www.schnauzerclub.sk\/en\/wp-json\/wp\/v2\/pages\/11698\/revisions"}],"up":[{"embeddable":true,"href":"https:\/\/www.schnauzerclub.sk\/en\/wp-json\/wp\/v2\/pages\/2990"}],"wp:attachment":[{"href":"https:\/\/www.schnauzerclub.sk\/en\/wp-json\/wp\/v2\/media?parent=11698"}],"curies":[{"name":"wp","href":"https:\/\/api.w.org\/{rel}","templated":true}]}}