{"id":11700,"date":"2014-12-31T13:07:27","date_gmt":"2014-12-31T11:07:27","guid":{"rendered":"http:\/\/www.schnauzerclub.sk\/?page_id=11700&#038;lang=en"},"modified":"2021-01-05T20:25:11","modified_gmt":"2021-01-05T18:25:11","slug":"2014-zwergschnauzer","status":"publish","type":"page","link":"https:\/\/www.schnauzerclub.sk\/en\/stud-book\/2014-zwergschnauzer\/","title":{"rendered":"2014 Zwergschnauzer"},"content":{"rendered":"<p><strong>Zwergschnauzer\/<\/strong><\/p>\n<p><em><strong>OK-ER (\u010diernostrieborn\u00fd)<\/strong><\/em><\/p>\n<p>Okruhlica Erik<br \/>\nSmetanova 9,\u00a0927 00 \u0160a\u013ea<br \/>\n26.01.2014<br \/>\nHIGH EFFECT z Dixie\/SPKP 2186<br \/>\nKITTY OK-ER\/SPKP 2034<br \/>\n2477 \u00a0 P OLIVER<br \/>\n2478 \u00a0 S OXANA<\/p>\n<p><em><strong>Bikin dvor (\u010diernostrieborn\u00fd)<\/strong><\/em><\/p>\n<p>Havl\u00edkov\u00e1 Zuzana<br \/>\nSv\u00e4tourbansk\u00e1 40,\u00a0949 01 Nitra<br \/>\n22.02.2014<br \/>\nRAVEN SILVER Bikin dvor\/SPKP 2093<br \/>\nSOFIA SILVER Bikin dvor\/SPKP 2121<br \/>\n2479 \u00a0 P DEXTER SILVER<br \/>\n2480 \u00a0 P DYLAN SILVER<br \/>\n2481 \u00a0 S DIANA SILVER<br \/>\n2482 \u00a0 S DOROTHEA SILVER<\/p>\n<p><em><strong>z Golianova (korenie a so\u013e)<\/strong><\/em><\/p>\n<p>Mikleov\u00e1 Martina<br \/>\n951 08 Golianovo 256<br \/>\n15.03.2014<br \/>\nIBSEN Kelador\/SPKP 2344<br \/>\nADORA Crazy paws\/SPKP 2231<br \/>\n2483 \u00a0 P EDIE<br \/>\n2484 \u00a0 S EMCA<\/p>\n<p><em><strong>Wild Rane (korenie a so\u013e)<\/strong><\/em><\/p>\n<p>Adam\u010diakovi Juraj a Andrea<br \/>\n\u017delezni\u010dn\u00e1 955,\u00a0034 95\u00a0 Likavka<br \/>\n26.03.2014<br \/>\nIBSEN Kelador\/SPKP 2344<br \/>\nJASMIN GOLDIE Wild Rane\/SPKP 2239<br \/>\n2486 \u00a0 P RESPECT RONY IBSEN<br \/>\n2487 \u00a0 P RICHIE IBSEN<br \/>\n2488 \u00a0 S RADCLIFFA EMMA JAS<br \/>\n2489 \u00a0 S RENESM\u00c9 JASM\u00cdN<\/p>\n<p><em><strong>OK-ER (\u010diernostrieborn\u00fd)<\/strong><\/em><\/p>\n<p>Okruhlica Erik<br \/>\nSmetanova 9,\u00a0927 00 \u0160a\u013ea<br \/>\n08.04.2014<br \/>\nHIGH EFFECT z Dixie\/SPKP 2186<br \/>\nLILIEN OK-ER\/SPKP 2148<br \/>\n2490 \u00a0 P QUENTEEN<br \/>\n2491 \u00a0 S QUEEN-BEE<br \/>\n2492 \u00a0 S QUINCEY<br \/>\n2493 \u00a0 S QWENDI<\/p>\n<p><em><strong>Ante Castrum Lewa (biely)<\/strong><\/em><\/p>\n<p>Berkov\u00e1 Kl\u00e1ra Ing.<br \/>\nul.Zd.Nejedl\u00e9ho 32,\u00a0934 05 Levice<br \/>\n10.03.2014<br \/>\nJONAS Dog-Otho\u00b4s\/SPKP 2250<br \/>\nGIULIETTA Enel fenomen\/SPKP 2169<br \/>\n2494 \u00a0 P BLASIUS<br \/>\n2495 \u00a0 S BECKY<br \/>\n2496 \u00a0 S BESAHAR<br \/>\n2497 \u00a0 S BIANCA<\/p>\n<p><em><strong>Happy Rebels (biely)<\/strong><\/em><\/p>\n<p>\u0160imonov\u00e1 Simona<br \/>\nPriehon 128\/50,\u00a0972 05 Sebedra\u017eie<br \/>\n14.03.2014<br \/>\nMOVES LIKE JAGGER Blaylock\/LOE 207855<br \/>\nTEMPERANCE z \u0160ardanu\/SPKP 2352<br \/>\n2498 \u00a0 P ATAI VAFER<br \/>\n2499 \u00a0 S ANNIE VAFER<br \/>\n2500 \u00a0 S ANGEL VAFER<br \/>\n2501 \u00a0 S ALMOND VAFER<br \/>\n2502 \u00a0 S ALICE VAFER<br \/>\n2503 \u00a0 S ADELE VAFER<\/p>\n<p><em><strong>Wild Rane (\u010dierny)<\/strong><\/em><\/p>\n<p>Adam\u010diakovi Juraj a Andrea<br \/>\n\u017delezni\u010dn\u00e1 955,\u00a0034 95\u00a0 Likavka<br \/>\n26.04.2014<br \/>\nEARNUR STAR FROM Dolina Rivendell\/SPKP 2319<br \/>\nFAIRY FRANCES Bohemia Ness\/SPKP 1999<br \/>\n2507 \u00a0 P SAMSON EARNUR<br \/>\n2508 \u00a0 P SHADOWS EARNUR<br \/>\n2509 \u00a0 P SO LONG EARNUR<br \/>\n2510 \u00a0 S SABINA FAIRY<br \/>\n2511 \u00a0 S SUGAR BABY FAIRY<br \/>\n2512 \u00a0 S SUNSHINE FAIRY<\/p>\n<p><em><strong>Dastynella elegant (\u010diernostrieborn\u00fd)<\/strong><\/em><\/p>\n<p>Pint\u00e9r Karol<br \/>\nBauerov\u00e1 7,\u00a0040 23 Ko\u0161ice<br \/>\n29.04.2014<br \/>\nHERMES-NA Di Casa D\u00b4Andrea\/ROI 58106<br \/>\nPEARL FROM DOLINA RI Jekaterina\u00b4s\/SPKP 2330<br \/>\n2513 \u00a0 P JACK DANIELS<br \/>\n2514 \u00a0 P JEWEL OF EGYPT<br \/>\n2515 \u00a0 P JEWEL OF THE NILE<br \/>\n2516 \u00a0 P JEWEL OF PHARAOH<br \/>\n2517 \u00a0 S JEWEL OF CLEOPATRA<br \/>\n2518 \u00a0 S JEWEL OF THE PYRAMID<\/p>\n<p><em><strong>Enel fenomen (\u010diernostrieborn\u00fd)<\/strong><\/em><\/p>\n<p>Butykov\u00e1 Miriam<br \/>\n\u010d.137,\u00a0908 74 Mal\u00e9 Lev\u00e1re<br \/>\n04.05.2014<br \/>\nGLORFINDER MY SWEETH Dolina Rivendell\/SPKP 2476<br \/>\nPULHERIA Rovelis\/SPKP 2404<br \/>\n2519 \u00a0 P REMUS<br \/>\n2520 \u00a0 P ROMULUS<br \/>\n2521 \u00a0 P REDBULL<br \/>\n2522 \u00a0 S RHEA<br \/>\n2523 \u00a0 S RIGA<br \/>\n2524 \u00a0 S RIA<br \/>\n2525 \u00a0 S RIMINI<\/p>\n<p><em><strong>Enel fenomen (biely)<\/strong><\/em><\/p>\n<p>Butykov\u00e1 Miriam<br \/>\n\u010d.137,\u00a0908 74 Mal\u00e9 Lev\u00e1re<br \/>\n05.05.2014<br \/>\nMAGIC Rey Prag\/SPKP 2218<br \/>\nAGNES WT Rezlark\/SPKP 2405<br \/>\n2526 \u00a0 P SAM<br \/>\n2527 \u00a0 S SALOME<br \/>\n2528 \u00a0 S SAVANNAH<br \/>\n2529 \u00a0 S SUNSHINE KIARA<br \/>\n2530 \u00a0 S SEYCHELY<\/p>\n<p><em><strong>Brabiel (biely)<\/strong><\/em><\/p>\n<p>Drahovsk\u00e1 Zuzana MVDr.,PhD.<br \/>\nTyr\u0161ovo n\u00e1b.2,\u00a0040 01 Ko\u0161ice<br \/>\n25.04.2014<br \/>\nSILMARIL BRILLANTINO Dolina Rivendell\/SPKP 2149<br \/>\nWHITNEY \u0160varcava\/SPKP 2349<br \/>\n2531 \u00a0 P ABSOLUT<br \/>\n2532 \u00a0 P AUDI<br \/>\n2533 \u00a0 P ARTUR<br \/>\n2534 \u00a0 S AG\u00c1TA<br \/>\n2535 \u00a0 S ARIEL<br \/>\n2536 \u00a0 S AMBRA<\/p>\n<p><em><strong>Ante Castrum Lewa (biely)<\/strong><\/em><br \/>\nBerkov\u00e1 Kl\u00e1ra Ing.<br \/>\nul.Zd.Nejedl\u00e9ho 32,\u00a0934 05 Levice<br \/>\n28.05.2014<br \/>\nMAGIC Rey Prag\/SPKP 2218<br \/>\nCALLISTO Enel fenomen\/SPKP 2051<br \/>\n2539 \u00a0 P CAESAR<br \/>\n2540 \u00a0 P CASSIUS<br \/>\n2541 \u00a0 P CLAUDIUS<br \/>\n2542 \u00a0 P CORNELIUS<br \/>\n2543 \u00a0 S CALYPSO<br \/>\n2544 \u00a0 S CASSANDRA<br \/>\n2545 \u00a0 S CLARISSE<\/p>\n<p>Teimoso (\u010diernostrieborn\u00fd)<br \/>\nKrupa Radoslav<br \/>\nGa\u0161tanova 29,\u00a0010 07 \u017dilina<br \/>\n15.06.2014<br \/>\nGARRY AIDA Isabau\/SPKP 2248<br \/>\nLUSSY PERLA Wild Rane\/SPKP 2342<br \/>\n2546 \u00a0 S AISHA LUSSY<br \/>\n2547 \u00a0 S AMANDA LUSSY<br \/>\n2548 \u00a0 S ANETKA LUSSY<br \/>\n2549 \u00a0 S ANGELINA LUSSY<br \/>\n2550 \u00a0 S AYLIN LUSSY<\/p>\n<p><em><strong>Kelador (korenie a so\u013e)<\/strong><\/em><\/p>\n<p>Strakov\u00e1 Zuzana<br \/>\nBrig\u00e1dnick\u00e1 5,\u00a0841 10 Bratislava<br \/>\n01.07.2014<br \/>\nORIGINAL REBEL Astronaut\/SPKP 2116<br \/>\nINDIANA SUMMER Astronaut\/SPKP 2053<br \/>\n2551 \u00a0 P KUBKO<\/p>\n<p><em><strong>Dastynella elegant (\u010dierny)<\/strong><\/em><\/p>\n<p>Pint\u00e9r Karol<br \/>\nBauerov\u00e1 7,\u00a0040 23 Ko\u0161ice<br \/>\n22.07.2014<br \/>\nHAMLET DE de Trufas Negras\/FCA 22658<br \/>\nKAJA z \u0160ardanu\/SPKP 2104<br \/>\n2552 \u00a0 S KLEOPATRA<\/p>\n<p><strong><em>El Fuerte libre (\u010diernostrieborn\u00fd)<\/em><\/strong><\/p>\n<p>Maruniakov\u00e1 Martina<br \/>\nJavorova 3071\/6,\u00a0010 07 \u017dilina<br \/>\n24.07.2014<br \/>\nGARRY AIDA Isabau\/SPKP 2248<br \/>\nSTELLA Posledn\u00ed skaut\/SPKP 2219<br \/>\n2553 \u00a0 S BAXI<br \/>\n2554 \u00a0 S BELLA<br \/>\n2555 \u00a0 S BONY<br \/>\n2556 \u00a0 S BRIA<\/p>\n<p><em><strong>Dastynella elegant (korenie a so\u013e)<\/strong><\/em><\/p>\n<p>Pint\u00e9r Karol<br \/>\nBauerov\u00e1 7,\u00a0040 23 Ko\u0161ice<br \/>\n30.07.2014<br \/>\nIVANHOE Dog-Otho\u00b4s\/FCA 24904<br \/>\nESET Dastynella elegant\/SPKP 2357<br \/>\n2558 \u00a0 S LOSTRIS<\/p>\n<p><em><strong>Wild Rane (korenie a so\u013e)<\/strong><\/em><\/p>\n<p>Adam\u010diakovi Juraj a Andrea<br \/>\n\u017delezni\u010dn\u00e1 955,\u00a0034 95\u00a0 Likavka<br \/>\n18.09.2014<br \/>\nORIGINAL REBEL Astronaut\/SPKP 2116<br \/>\nGOLDIE BEKY z Barokamu\/SPKP 1921<br \/>\n2560 \u00a0 P TRIPP ORIGIN\u00c1L<br \/>\n2561 \u00a0 S THAT\u00b4S BEKY<br \/>\n2562 \u00a0 S THE KYLIE BEKY<br \/>\n2563 \u00a0 S THE PHOEBE BEKY<\/p>\n<p><em><strong>Mal\u00e9 u\u0161ko (\u010diernostrieborn\u00fd)<\/strong><\/em><\/p>\n<p>Hamerl\u00edkov\u00e1 Jana Mgr.<br \/>\nHurbanova 743,\u00a0906 32 Jablonica<br \/>\n09.09.2014<br \/>\nNO FOR SALE Mal\u00fd kaval\u00edr\/CMKU 6098<br \/>\nGINA Mal\u00e9 u\u0161ko\/SPKP 1995<br \/>\n2564 \u00a0 P JESSIE JACK<br \/>\n2565 \u00a0 P JIMMY JOE<br \/>\n2566 \u00a0 P JUST IN TIME<br \/>\n2567 \u00a0 S JENNIFER<br \/>\n2568 \u00a0 S JERRY TARA<\/p>\n<p><em><strong>Dastynella elegant (korenie a so\u013e)<\/strong><\/em><\/p>\n<p>Pint\u00e9r Karol<br \/>\nBauerov\u00e1 7,\u00a0040 23 Ko\u0161ice<br \/>\n03.10.2014<br \/>\nOWEN WILSON Hildebert\u00b4s\/LV 26141<br \/>\nNARYA CHARM OF Dolina Rivendell\/SPKP 2020<br \/>\n2570 \u00a0 P MENKAURE PHARAOH<br \/>\n2571 \u00a0 S MENKHEPERRE MIRACLE<br \/>\n2572 \u00a0 S MENTUHOTEP MIRACLE<br \/>\n2573 \u00a0 S MERENPTAH MIRACLE<\/p>\n","protected":false},"excerpt":{"rendered":"<p>Zwergschnauzer\/ OK-ER (\u010diernostrieborn\u00fd) Okruhlica Erik Smetanova 9,\u00a0927 00 \u0160a\u013ea 26.01.2014 HIGH EFFECT z Dixie\/SPKP 2186 KITTY OK-ER\/SPKP 2034 2477 \u00a0 P OLIVER 2478 \u00a0 S OXANA Bikin dvor (\u010diernostrieborn\u00fd) Havl\u00edkov\u00e1 Zuzana Sv\u00e4tourbansk\u00e1 40,\u00a0949 01 Nitra 22.02.2014 RAVEN SILVER Bikin dvor\/SPKP 2093 SOFIA SILVER Bikin dvor\/SPKP 2121 2479 \u00a0 P DEXTER SILVER 2480 \u00a0 P DYLAN [&hellip;]<\/p>\n","protected":false},"author":2,"featured_media":0,"parent":2990,"menu_order":0,"comment_status":"closed","ping_status":"closed","template":"","meta":{"slim_seo":{"title":"2014 Zwergschnauzer - KCHPB","description":"Zwergschnauzer\/ OK-ER (\u010diernostrieborn\u00fd) Okruhlica Erik Smetanova 9,\u00a0927 00 \u0160a\u013ea 26.01.2014 HIGH EFFECT z Dixie\/SPKP 2186 KITTY OK-ER\/SPKP 2034 2477 \u00a0 P OLIVER"},"footnotes":""},"class_list":["post-11700","page","type-page","status-publish","hentry"],"_links":{"self":[{"href":"https:\/\/www.schnauzerclub.sk\/en\/wp-json\/wp\/v2\/pages\/11700","targetHints":{"allow":["GET"]}}],"collection":[{"href":"https:\/\/www.schnauzerclub.sk\/en\/wp-json\/wp\/v2\/pages"}],"about":[{"href":"https:\/\/www.schnauzerclub.sk\/en\/wp-json\/wp\/v2\/types\/page"}],"author":[{"embeddable":true,"href":"https:\/\/www.schnauzerclub.sk\/en\/wp-json\/wp\/v2\/users\/2"}],"replies":[{"embeddable":true,"href":"https:\/\/www.schnauzerclub.sk\/en\/wp-json\/wp\/v2\/comments?post=11700"}],"version-history":[{"count":0,"href":"https:\/\/www.schnauzerclub.sk\/en\/wp-json\/wp\/v2\/pages\/11700\/revisions"}],"up":[{"embeddable":true,"href":"https:\/\/www.schnauzerclub.sk\/en\/wp-json\/wp\/v2\/pages\/2990"}],"wp:attachment":[{"href":"https:\/\/www.schnauzerclub.sk\/en\/wp-json\/wp\/v2\/media?parent=11700"}],"curies":[{"name":"wp","href":"https:\/\/api.w.org\/{rel}","templated":true}]}}