{"id":11702,"date":"2015-05-05T20:46:53","date_gmt":"2015-05-05T18:46:53","guid":{"rendered":"http:\/\/www.schnauzerclub.sk\/?page_id=11702&#038;lang=en"},"modified":"2021-01-05T20:37:06","modified_gmt":"2021-01-05T18:37:06","slug":"2010-schnauzer","status":"publish","type":"page","link":"https:\/\/www.schnauzerclub.sk\/en\/stud-book\/2010-schnauzer\/","title":{"rendered":"2010 Schnauzer"},"content":{"rendered":"<p><strong>Schnauzer Mittelschlag\/<\/strong><\/p>\n<p><em><strong>Braschnau<\/strong><\/em><\/p>\n<p>Bobkovi\u010dov\u00e1 Zuzana<\/p>\n<p>Hol\u00ed\u010dska 18<\/p>\n<p>851 01 Bratislava<\/p>\n<p>10.03.2010<\/p>\n<p>ESENIN Epoha Kurabo\/RKF 206984<\/p>\n<p>BOOTSIE Bohemia Cardinal\/SPKP 1315<\/p>\n<p>1378 \u00a0 P DARNEL<\/p>\n<p>1379 \u00a0 S DELIA<\/p>\n<p>1380 \u00a0 S DAJA<\/p>\n<p><em><strong>z Romoru<\/strong><\/em><\/p>\n<p>Drli\u010dkov\u00e1 Krist\u00edna<\/p>\n<p>Koll\u00e1rova 1634\/7<\/p>\n<p>921 01 Pie\u0161\u0165any<\/p>\n<p>21.04.2010<\/p>\n<p>LOVEBOY SALTUS ze Z\u00e1hrabsk\u00e9\/HR 10320<\/p>\n<p>GENNY LEE Imprese\/SPKP 1233<\/p>\n<p>1381 \u00a0 P COWBOY CRAZY<\/p>\n<p>1382 \u00a0 P CABALLERO CORDY<\/p>\n<p>1383 \u00a0 P CID TOBIAS<\/p>\n<p>1384 \u00a0 P COR\u00c1DO COOL<\/p>\n<p>1385 \u00a0 P COOPER CROSS<\/p>\n<p>1386 \u00a0 S CATALINE<\/p>\n<p>1387 \u00a0 S CARMEN CLEA<\/p>\n<p>1388 \u00a0 S COCA COLA<\/p>\n<p>1389 \u00a0 S CORRYNA CARJA<\/p>\n<p><em><strong>Estrellas Negro z Trnavy<\/strong><\/em><\/p>\n<p>Kolena Roman<\/p>\n<p>Selezi\u00e1nska 30<\/p>\n<p>917 01 Trnava<\/p>\n<p>07.11.2010<\/p>\n<p>DEEP PURPLE Grand Calvera\/\u010cMKU 7182<\/p>\n<p>CRUELLA BLACK Grand Calvera\/SPKP 1391<\/p>\n<p>1393 \u00a0 P ACHILLES<\/p>\n<p>1394 \u00a0 P ASSLAN<\/p>\n<p>1395 \u00a0 S ALTA<\/p>\n<p>1396 \u00a0 S ANNABELL<\/p>\n<p>1397 \u00a0 S ANTHEIA<\/p>\n<p>1398 \u00a0 S ARWEN<\/p>\n<p>1399 \u00a0 S AURORA<\/p>\n<p>1400 \u00a0 S AQUILA<\/p>\n","protected":false},"excerpt":{"rendered":"<p>Schnauzer Mittelschlag\/ Braschnau Bobkovi\u010dov\u00e1 Zuzana Hol\u00ed\u010dska 18 851 01 Bratislava 10.03.2010 ESENIN Epoha Kurabo\/RKF 206984 BOOTSIE Bohemia Cardinal\/SPKP 1315 1378 \u00a0 P DARNEL 1379 \u00a0 S DELIA 1380 \u00a0 S DAJA z Romoru Drli\u010dkov\u00e1 Krist\u00edna Koll\u00e1rova 1634\/7 921 01 Pie\u0161\u0165any 21.04.2010 LOVEBOY SALTUS ze Z\u00e1hrabsk\u00e9\/HR 10320 GENNY LEE Imprese\/SPKP 1233 1381 \u00a0 P COWBOY CRAZY [&hellip;]<\/p>\n","protected":false},"author":2,"featured_media":0,"parent":2990,"menu_order":0,"comment_status":"closed","ping_status":"closed","template":"","meta":{"slim_seo":{"title":"2010 Schnauzer - KCHPB","description":"Schnauzer Mittelschlag\/ Braschnau Bobkovi\u010dov\u00e1 Zuzana Hol\u00ed\u010dska 18 851 01 Bratislava 10.03.2010 ESENIN Epoha Kurabo\/RKF 206984 BOOTSIE Bohemia Cardinal\/SPKP 1315"},"footnotes":""},"class_list":["post-11702","page","type-page","status-publish","hentry"],"_links":{"self":[{"href":"https:\/\/www.schnauzerclub.sk\/en\/wp-json\/wp\/v2\/pages\/11702","targetHints":{"allow":["GET"]}}],"collection":[{"href":"https:\/\/www.schnauzerclub.sk\/en\/wp-json\/wp\/v2\/pages"}],"about":[{"href":"https:\/\/www.schnauzerclub.sk\/en\/wp-json\/wp\/v2\/types\/page"}],"author":[{"embeddable":true,"href":"https:\/\/www.schnauzerclub.sk\/en\/wp-json\/wp\/v2\/users\/2"}],"replies":[{"embeddable":true,"href":"https:\/\/www.schnauzerclub.sk\/en\/wp-json\/wp\/v2\/comments?post=11702"}],"version-history":[{"count":0,"href":"https:\/\/www.schnauzerclub.sk\/en\/wp-json\/wp\/v2\/pages\/11702\/revisions"}],"up":[{"embeddable":true,"href":"https:\/\/www.schnauzerclub.sk\/en\/wp-json\/wp\/v2\/pages\/2990"}],"wp:attachment":[{"href":"https:\/\/www.schnauzerclub.sk\/en\/wp-json\/wp\/v2\/media?parent=11702"}],"curies":[{"name":"wp","href":"https:\/\/api.w.org\/{rel}","templated":true}]}}