{"id":11706,"date":"2014-12-31T10:47:18","date_gmt":"2014-12-31T08:47:18","guid":{"rendered":"http:\/\/www.schnauzerclub.sk\/?page_id=11706&#038;lang=en"},"modified":"2021-01-05T20:28:03","modified_gmt":"2021-01-05T18:28:03","slug":"2014-schnauzer","status":"publish","type":"page","link":"https:\/\/www.schnauzerclub.sk\/en\/stud-book\/2014-schnauzer\/","title":{"rendered":"2014 Schnauzer"},"content":{"rendered":"<p><b>Schnauzer Mittelschlag<\/b><br \/>\n<span style=\"color: #000000; font-family: 'Courier New'; font-size: small;\"><b><i>z Romoru (korenie a so\u013e)<br \/>\n<\/i><\/b><\/span><span style=\"color: #000000; font-family: 'Courier New'; font-size: small;\">Drli\u010dkov\u00e1 Krist\u00edna <span class=\"Apple-converted-space\"><br \/>\n<\/span><\/span><span style=\"color: #000000; font-family: 'Courier New'; font-size: small;\">Koll\u00e1rova 1634\/7,\u00a0<\/span><span style=\"color: #000000; font-family: 'Courier New'; font-size: small;\">921 01 Pie\u0161\u0165any<br \/>\n<\/span><span style=\"color: #000000; font-family: 'Courier New'; font-size: small;\">22.02.2014<\/span><br \/>\n<span style=\"color: #000000; font-family: 'Courier New'; font-size: small;\">FABRIZIO Gloria Leones\/CMKU 8100\u00a0<\/span><span style=\"color: #000000; font-family: 'Courier New'; font-size: small;\">CARMEN CLEA z Romoru\/SPKP 1387\u00a0<\/span><span style=\"color: #000000; font-family: 'Courier New'; font-size: small;\">1459 <span class=\"Apple-converted-space\"><br \/>\n<\/span>P ELBRUS<\/span><span style=\"color: #000000; font-family: 'Courier New'; font-size: small;\">1460 <span class=\"Apple-converted-space\"><br \/>\n<\/span>P ELDORADO BINGO BOY<\/span><span style=\"color: #000000; font-family: 'Courier New'; font-size: small;\">1461 <span class=\"Apple-converted-space\"><br \/>\n<\/span>S ENIGMA<\/span><span style=\"color: #000000; font-family: 'Courier New'; font-size: small;\">1462 <span class=\"Apple-converted-space\"><br \/>\n<\/span>S ELISETA<\/span><span style=\"color: #000000; font-family: 'Courier New'; font-size: small;\">1463 <span class=\"Apple-converted-space\"><br \/>\n<\/span>S EXIMMA<\/span><span style=\"color: #000000; font-family: 'Courier New'; font-size: small;\">1464 <span class=\"Apple-converted-space\"><br \/>\n<\/span>S ELLERY QUIN<\/span><span style=\"color: #000000; font-family: 'Courier New'; font-size: small;\">1465 <span class=\"Apple-converted-space\"><br \/>\n<\/span>S ETERNA EVITA<\/span><\/p>\n<p><span style=\"color: #000000; font-family: 'Courier New'; font-size: small;\">1466 <span class=\"Apple-converted-space\">\u00a0 <\/span>S ERICHA EFRA<\/span><\/p>\n<p>&nbsp;<\/p>\n","protected":false},"excerpt":{"rendered":"<p>Schnauzer Mittelschlag z Romoru (korenie a so\u013e) Drli\u010dkov\u00e1 Krist\u00edna Koll\u00e1rova 1634\/7,\u00a0921 01 Pie\u0161\u0165any 22.02.2014 FABRIZIO Gloria Leones\/CMKU 8100\u00a0CARMEN CLEA z Romoru\/SPKP 1387\u00a01459 P ELBRUS1460 P ELDORADO BINGO BOY1461 S ENIGMA1462 S ELISETA1463 S EXIMMA1464 S ELLERY QUIN1465 S ETERNA EVITA 1466 \u00a0 S ERICHA EFRA &nbsp;<\/p>\n","protected":false},"author":2,"featured_media":0,"parent":2990,"menu_order":0,"comment_status":"closed","ping_status":"closed","template":"","meta":{"slim_seo":{"title":"2014 Schnauzer - KCHPB","description":"Schnauzer Mittelschlag z Romoru (korenie a so\u013e) Drli\u010dkov\u00e1 Krist\u00edna Koll\u00e1rova 1634\/7,\u00a0 921 01 Pie\u0161\u0165any 22.02.2014 FABRIZIO Gloria Leones\/CMKU 8100\u00a0 CARMEN CLEA z"},"footnotes":""},"class_list":["post-11706","page","type-page","status-publish","hentry"],"_links":{"self":[{"href":"https:\/\/www.schnauzerclub.sk\/en\/wp-json\/wp\/v2\/pages\/11706","targetHints":{"allow":["GET"]}}],"collection":[{"href":"https:\/\/www.schnauzerclub.sk\/en\/wp-json\/wp\/v2\/pages"}],"about":[{"href":"https:\/\/www.schnauzerclub.sk\/en\/wp-json\/wp\/v2\/types\/page"}],"author":[{"embeddable":true,"href":"https:\/\/www.schnauzerclub.sk\/en\/wp-json\/wp\/v2\/users\/2"}],"replies":[{"embeddable":true,"href":"https:\/\/www.schnauzerclub.sk\/en\/wp-json\/wp\/v2\/comments?post=11706"}],"version-history":[{"count":0,"href":"https:\/\/www.schnauzerclub.sk\/en\/wp-json\/wp\/v2\/pages\/11706\/revisions"}],"up":[{"embeddable":true,"href":"https:\/\/www.schnauzerclub.sk\/en\/wp-json\/wp\/v2\/pages\/2990"}],"wp:attachment":[{"href":"https:\/\/www.schnauzerclub.sk\/en\/wp-json\/wp\/v2\/media?parent=11706"}],"curies":[{"name":"wp","href":"https:\/\/api.w.org\/{rel}","templated":true}]}}