{"id":11708,"date":"2015-05-05T07:48:34","date_gmt":"2015-05-05T05:48:34","guid":{"rendered":"http:\/\/www.schnauzerclub.sk\/?page_id=11708&#038;lang=en"},"modified":"2021-01-05T20:46:09","modified_gmt":"2021-01-05T18:46:09","slug":"2010-riesenschnauzer","status":"publish","type":"page","link":"https:\/\/www.schnauzerclub.sk\/en\/stud-book\/2010-riesenschnauzer\/","title":{"rendered":"2010 Riesenschnauzer"},"content":{"rendered":"<p><b>Riesenschnauzer\/<\/b><\/p>\n<p><em><b>Gajam\u00edr (\u010dierny)<\/b><\/em><\/p>\n<p>Gaj Pavol<br \/>\nHoll\u00e9ho 85,\u00a0036 01 Martin<br \/>\n10.01.2010<br \/>\nOVERSHADOW FACE Triumetal\/SPKP 1287<br \/>\nBEGI Gajam\u00edr\/SPKP 1295<br \/>\n1778 \u00a0 P DAG<br \/>\n1779 \u00a0 P DYN<br \/>\n1780 \u00a0 P DRACO<br \/>\n1781 \u00a0 S DENY<br \/>\n1782 \u00a0 S DOLLY<\/p>\n<p><em><b>Triumetal<\/b> <b>(\u010dierny)<\/b><\/em><\/p>\n<p>Sla\u010dkov\u00e1 Jaroslava Ing.<br \/>\nPriebe\u017en\u00e1 489\/9,\u00a0031 04 Liptovsk\u00fd Mikul\u00e1\u0161<br \/>\n04.06.2010<br \/>\nXANDRO Radinie\/SPKP 1497<br \/>\nRUDDY RAINBOW Triumetal\/SPKP 1344<br \/>\n1786 \u00a0 P QUADRAT<br \/>\n1787 \u00a0 P QUEBEC<br \/>\n1788 \u00a0 S QUEEN<br \/>\n1789 \u00a0 S QUITTANCE<\/p>\n<p><em><b>Fruma sidus (\u010dierny)<\/b><\/em><\/p>\n<p>\u0160edajov\u00e1 Petra MVDr.<br \/>\nZnievska 38,\u00a0851 06 Bratislava<br \/>\n26.05.2010<br \/>\nEROS v.WeselerWald\/VDH 610032<br \/>\nABIGAILE BLACK Dvomaro\/SPKP 1543<br \/>\n1790 \u00a0 P BENGAL<br \/>\n1791 \u00a0 P BRANDLEY<br \/>\n1792 \u00a0 S BABETT<\/p>\n<p><em><b>Kelador\u00a0<\/b>(\u010dierny)<\/em><\/p>\n<p>Strakov\u00e1 Zuzana<br \/>\nBrig\u00e1dnick\u00e1 5,\u00a0841 10 Bratislava<br \/>\n28.08.2010<br \/>\nGEORGIO ARMANI v. Lobbachtal\/VDH 610052<br \/>\nBELLA DONNA Kelador\/SPKP 1594<br \/>\n1795 \u00a0 P GALILEO GALILEI<br \/>\n1796 \u00a0 P GARETH<br \/>\n1797 \u00a0 P GORDON<br \/>\n1798 \u00a0 P GULLIVER<br \/>\n1799 \u00a0 P GUS HANSEN<br \/>\n1800 \u00a0 S GAYA<br \/>\n1801 \u00a0 S GENESIS<br \/>\n1802 \u00a0 S GRETA GARBO<\/p>\n<p><em><b>Enel fenomen\u00a0<\/b>(korenie a\u00a0so\u013e)<\/em><\/p>\n<p>Butykov\u00e1 Miriam<br \/>\nSlne\u010dn\u00e1 33,\u00a0900 29 Nov\u00e1 Dedinka<br \/>\n01.09.2010<br \/>\nANTON vomRangau\/VDH 600002<br \/>\nELIZABETH QUEEN Z\u00b4eridanudog love\/SPKP 1533<br \/>\n1803 \u00a0 P CHARLIE<br \/>\n1804 \u00a0 P CHRISTOPER<br \/>\n1805 \u00a0 P CHAVIER<br \/>\n1806 \u00a0 P CHANN<br \/>\n1807 \u00a0 S CHARLOTTE<br \/>\n1808 \u00a0 S CHERRYL<br \/>\n1809 \u00a0 S CHIMA<br \/>\n1810 \u00a0 S CHANTAL<br \/>\n1811 \u00a0 S CHRYZANTEMA<\/p>\n<p><em><b>Neiro Garden<\/b> (\u010dierny)<\/em><\/p>\n<p>Horv\u00e1th Marcel<br \/>\n053 22 Jamn\u00edk 196<br \/>\n16.10.2010<br \/>\nMISTIC DREAM z Tartaku\/PKR 95051<br \/>\nJESSY NeiroGarden\/SPKP 1509<br \/>\n1813 \u00a0 P MARIUS<br \/>\n1814 \u00a0 S MARILYN<br \/>\n1815 \u00a0 S MADISON<br \/>\n1816 \u00a0 S MANDY<br \/>\n1817 \u00a0 S MERYL<\/p>\n<p><em><b>Zorvan\u00a0<\/b>(\u010dierny)<\/em><\/p>\n<p>Sabo Juraj Ing.a Andrea<br \/>\nPovstaleck\u00fdch letcov 77,\u00a0962 21 Zvolen-Zoln\u00e1<br \/>\n06.11.2010<br \/>\nELEGANT MAN GentlyBorn\/RKF 213520<br \/>\nDELLA ROSE Kelador\/SPKP 1683<br \/>\n1818 \u00a0 P NAPOLEON BLACK<br \/>\n1819 \u00a0 P NEPTUN ELEGANT<br \/>\n1820 \u00a0 P NERO ABSOLUTH<br \/>\n1821 \u00a0 P NICKELL AHRAN<br \/>\n1822 \u00a0 P NORIS ANTARESS<br \/>\n1823 \u00a0 P NURMIN COOL<br \/>\n1824 \u00a0 P NUTROLL SEE<br \/>\n1825 \u00a0 S NELLA GOLD<br \/>\n1826 \u00a0 S NEVEDITH AURICA<br \/>\n1827 \u00a0 S NORDICA APRILLIA<\/p>\n<p><em><b>OK-ER\u00a0<\/b>(\u010dierny)<\/em><\/p>\n<p>Okruhlica Erik<br \/>\nSmetanova 9,\u00a0927 00 \u0160a\u013ea<br \/>\n09.11.2010<br \/>\nDARK DAEMON Triumetal\/SPKP 1517<br \/>\nESHLEY OK-ER\/SPKP 1624<br \/>\n1828 \u00a0 S MEGGI<br \/>\n1829 \u00a0 S MONICA<\/p>\n<p><em><b>z\u00a0Nakahosa\u00a0<\/b>(\u010dierny)<\/em><\/p>\n<p>Nagy Karol<br \/>\n925 03 Horn\u00e9 Saliby 669<br \/>\n04.12.2010<br \/>\nDARK DAEMON Triumetal\/SPKP 1517<br \/>\nALEXA OK-ER\/SPKP 1377<br \/>\n1830 \u00a0 P CERBERUS<br \/>\n1831 \u00a0 S CAMELIA<br \/>\n1832 \u00a0 S CLEA<br \/>\n1833 \u00a0 S CLEOPATRA<\/p>\n","protected":false},"excerpt":{"rendered":"<p>Riesenschnauzer\/ Gajam\u00edr (\u010dierny) Gaj Pavol Holl\u00e9ho 85,\u00a0036 01 Martin 10.01.2010 OVERSHADOW FACE Triumetal\/SPKP 1287 BEGI Gajam\u00edr\/SPKP 1295 1778 \u00a0 P DAG 1779 \u00a0 P DYN 1780 \u00a0 P DRACO 1781 \u00a0 S DENY 1782 \u00a0 S DOLLY Triumetal (\u010dierny) Sla\u010dkov\u00e1 Jaroslava Ing. Priebe\u017en\u00e1 489\/9,\u00a0031 04 Liptovsk\u00fd Mikul\u00e1\u0161 04.06.2010 XANDRO Radinie\/SPKP 1497 RUDDY RAINBOW Triumetal\/SPKP 1344 [&hellip;]<\/p>\n","protected":false},"author":2,"featured_media":0,"parent":2990,"menu_order":0,"comment_status":"closed","ping_status":"closed","template":"","meta":{"slim_seo":{"title":"2010 Riesenschnauzer - KCHPB","description":"Riesenschnauzer\/ Gajam\u00edr (\u010dierny) Gaj Pavol Holl\u00e9ho 85,\u00a0036 01 Martin 10.01.2010 OVERSHADOW FACE Triumetal\/SPKP 1287 BEGI Gajam\u00edr\/SPKP 1295 1778 \u00a0 P DAG 1779 \u00a0"},"footnotes":""},"class_list":["post-11708","page","type-page","status-publish","hentry"],"_links":{"self":[{"href":"https:\/\/www.schnauzerclub.sk\/en\/wp-json\/wp\/v2\/pages\/11708","targetHints":{"allow":["GET"]}}],"collection":[{"href":"https:\/\/www.schnauzerclub.sk\/en\/wp-json\/wp\/v2\/pages"}],"about":[{"href":"https:\/\/www.schnauzerclub.sk\/en\/wp-json\/wp\/v2\/types\/page"}],"author":[{"embeddable":true,"href":"https:\/\/www.schnauzerclub.sk\/en\/wp-json\/wp\/v2\/users\/2"}],"replies":[{"embeddable":true,"href":"https:\/\/www.schnauzerclub.sk\/en\/wp-json\/wp\/v2\/comments?post=11708"}],"version-history":[{"count":0,"href":"https:\/\/www.schnauzerclub.sk\/en\/wp-json\/wp\/v2\/pages\/11708\/revisions"}],"up":[{"embeddable":true,"href":"https:\/\/www.schnauzerclub.sk\/en\/wp-json\/wp\/v2\/pages\/2990"}],"wp:attachment":[{"href":"https:\/\/www.schnauzerclub.sk\/en\/wp-json\/wp\/v2\/media?parent=11708"}],"curies":[{"name":"wp","href":"https:\/\/api.w.org\/{rel}","templated":true}]}}