{"id":11710,"date":"2015-05-04T21:30:42","date_gmt":"2015-05-04T19:30:42","guid":{"rendered":"http:\/\/www.schnauzerclub.sk\/?page_id=11710&#038;lang=en"},"modified":"2021-01-03T19:17:08","modified_gmt":"2021-01-03T17:17:08","slug":"2011-zwergschnauzer","status":"publish","type":"page","link":"https:\/\/www.schnauzerclub.sk\/en\/stud-book\/2011-zwergschnauzer\/","title":{"rendered":"2011 Brad\u00e1\u010d mal\u00fd"},"content":{"rendered":"<p><strong>Zwergschnauzer\/<\/strong><\/p>\n<p><em><strong>z \u0160ardanu (korenie a so\u013e)<\/strong><\/em><\/p>\n<p>Koll\u00e1rov\u00e1 \u0160\u00e1rka<br \/>\nJanka Magu 132,\u00a0034 91 \u0160vo\u0161ov<br \/>\n28.01.2011<br \/>\nDAVID Blues Lananasim\/ZB Nr 101484<br \/>\nHISTORY OF MIRACLE Piwowar\/SPKP 2193<br \/>\n2220 \u00a0 P OCEAN<br \/>\n2221 \u00a0 P ORRIN<br \/>\n2222 \u00a0 S OTYLIE<\/p>\n<p><em><strong>Enel fenomen (korenie a so\u013e)<\/strong><\/em><\/p>\n<p>Butykov\u00e1 Miriam<br \/>\nSlne\u010dn\u00e1 33,\u00a0900 29 Nov\u00e1 Dedinka<br \/>\n25.02.2011<br \/>\nADALBERTUS PIPER Praegredior\/SPKP 2215<br \/>\nPRINCESS z \u0160ardanu\/SPKP 1781<br \/>\n2224 \u00a0 S I\u00b4M MINI PRINCES<br \/>\n2225 \u00a0 S IDEAL MENDY<br \/>\n2226 \u00a0 S IRISCH CREAM<br \/>\n2227 \u00a0 S INDIANA NIGHT<br \/>\n2228 \u00a0 S INOVATION MERCEDES<br \/>\n2229 \u00a0 S INSPIRATIONAL HEARTS<\/p>\n<p><em><strong>Crazy paws (korenie a so\u013e)<\/strong><\/em><\/p>\n<p>\u010cemanov\u00e1 Kiskov\u00e1 Ivana Ing.<br \/>\nDostojevsk\u00e9ho 4532\/67,\u00a0058 01 Poprad<br \/>\n01.04.2011<br \/>\nLANCELOT z \u0160ardanu\/SPKP 1720<br \/>\nDOLORES z \u0160ardanu\/SPKP 2017<br \/>\n2230 \u00a0 P ARMANI<br \/>\n2231 \u00a0 S ADORA<br \/>\n2232 \u00a0 S ALEXIA<br \/>\n2233 \u00a0 S ALISA<br \/>\n2234 \u00a0 S AMBROSIA<br \/>\n2235 \u00a0 S ANDROMEDA<br \/>\n2236 \u00a0 S ANGIE<br \/>\n2237 \u00a0 S ASHLEY<\/p>\n<p><em><strong>Wild Rane (korenie a so\u013e)<\/strong><\/em><\/p>\n<p>Adam\u010diakovi Juraj a Andrea<br \/>\n\u017delezni\u010dn\u00e1 955,\u00a0034 95\u00a0 Likavka<br \/>\n03.04.2011<br \/>\nROMANOV Mengo Celebration\/SPKP 1914<br \/>\nGOLDIE BEKY z Barokamu\/SPKP 1921<br \/>\n2238 \u00a0 S JACKIE GOLDIE<br \/>\n2239 \u00a0 S JASMIN GOLDIE<br \/>\n2240 \u00a0 S JUDITH GOLDIE<\/p>\n<p><em><strong>Jatver (\u010dierny)<\/strong><\/em><\/p>\n<p>Tverdik J\u00e1n<br \/>\nRusk\u00e9 Pek\u013eany 36,\u00a0082 42 Bzenov<br \/>\n04.04.2011<br \/>\nTAMINO IJ Von Portenschlag\/SPKP 1933<br \/>\nJENIFER z \u0160ardanu\/SPKP 1643<br \/>\n2241 \u00a0 P BRAD PIT<br \/>\n2242 \u00a0 S BARBARA<\/p>\n<p><em><strong>z Dessylandu (korenie a so\u013e)<\/strong><\/em><\/p>\n<p>Nyitrai Martin<br \/>\nI\u0148a\u010dovce 76,\u00a0072 11 \u010ce\u010dehov<br \/>\n08.04.2011<br \/>\nDAVID Blues Lananasim\/ZB Nr 101484<br \/>\nDESDEMONA z \u0160ardanu\/SPKP 2016<br \/>\n2243 \u00a0 P ABASS<br \/>\n2244 \u00a0 P ADONIS<br \/>\n2245 \u00a0 P ARMIN<br \/>\n2246 \u00a0 S ALISHA<br \/>\n2247 \u00a0 S AMADEA<\/p>\n<p><em><strong>Bikin dvor (korenie a so\u013e)<\/strong><\/em><\/p>\n<p>Havl\u00edkov\u00e1 Zuzana<br \/>\nSv\u00e4tourbansk\u00e1 40,\u00a0949 01 Nitra<br \/>\n17.05.2011<br \/>\nONE EASY BAD BOY IS Sasv\u00e1ri\/MET 7035<br \/>\nWALLA WALLA Dog-Otho\u00b4s\/SPKP 1958<br \/>\n2251 \u00a0 P UNIEK PEPPER<br \/>\n2252 \u00a0 P UNIVER PEPPER<br \/>\n2253 \u00a0 P UNISINO PEPPER<br \/>\n2254 \u00a0 P URSUS PEPPER<br \/>\n2255 \u00a0 P ULTIMO PEPPER<br \/>\n2256 \u00a0 S UNIQUE PEPPER<\/p>\n<p><em><strong>Enel fenomen (\u010dierny)<\/strong><\/em><\/p>\n<p>Butykov\u00e1 Miriam<br \/>\nSlne\u010dn\u00e1 33,\u00a0900 29 Nov\u00e1 Dedinka<br \/>\n28.04.2011<br \/>\nDRAGON FLY Carboneum\/SPKP 1959<br \/>\nVIVIAN Rezlark\/SPKP 2056<br \/>\n2257 \u00a0 P JULIUS CAESAR<br \/>\n2258 \u00a0 P JABARI<br \/>\n2259 \u00a0 P JARED<br \/>\n2260 \u00a0 P JASON<br \/>\n2261 \u00a0 P JAX JIX<br \/>\n2262 \u00a0 S JEANNE D\u00b4ARC<\/p>\n<p><em><strong>Fruma sidus (\u010dierny)<\/strong><\/em><\/p>\n<p>\u0160edajov\u00e1 Petra MVDr.<br \/>\nZnievska 38,\u00a0851 06 Bratislava<br \/>\n14.05.2011<br \/>\nLANCASTER Androis\/\u010cMKU 6652<br \/>\nGWENN GIRL Wild Rane\/SPKP 1901<br \/>\n2263 \u00a0 P CASTIELL<br \/>\n2264 \u00a0 P COLLIN<br \/>\n2265 \u00a0 P CONNOR<br \/>\n2266 \u00a0 P CONSTANTINE<br \/>\n2267 \u00a0 P CRISS<br \/>\n2268 \u00a0 P CURTIS<\/p>\n<p><em><strong>Dastynella elegant (korenie a so\u013e)<\/strong><\/em><\/p>\n<p>Pint\u00e9r Karol<br \/>\nBauerov\u00e1 7,\u00a0040 23 Ko\u0161ice<br \/>\n13.06.2011<br \/>\nDAVID Blues Lananasim\/ZB Nr 101484<br \/>\nNARYA CHARM OF Dolina Rivendell\/SPKP 2020<br \/>\n2269 \u00a0 P BANEBD\u017dET<br \/>\n2270 \u00a0 S BAST<br \/>\n2271 \u00a0 S BASTET<br \/>\n2272 \u00a0 S BOINU<\/p>\n<p><em><strong>Agape (\u010diernostrieborn\u00fd)<\/strong><\/em><\/p>\n<p>Kro\u010danov\u00e1 Marta<br \/>\nDudv\u00e1\u017eska 12,\u00a0821 07 Bratislava<br \/>\n29.05.2011<br \/>\nDESTROY z Dixie\/\u010cMKU 6423<br \/>\nETERNAL Agape\/SPKP 1905<br \/>\n2273 \u00a0 P GIDEON<br \/>\n2274 \u00a0 P GOLI\u00c1\u0160<br \/>\n2275 \u00a0 S GAIA<br \/>\n2276 \u00a0 S GENESIS<br \/>\n2277 \u00a0 S GERDA<br \/>\n2278 \u00a0 S GEVIERA<br \/>\n2279 \u00a0 S GRACE<\/p>\n<p><em><strong>z \u0160ardanu (\u010dierny)<\/strong><\/em><\/p>\n<p>Koll\u00e1rov\u00e1 \u0160\u00e1rka<br \/>\nJanka Magu 132,\u00a0034 91 \u0160vo\u0161ov<br \/>\n05.06.2011<br \/>\nDRAGON FLY Carboneum\/SPKP 1959<br \/>\nORLANDA Rezlark\/SPKP 1919<br \/>\n2281 \u00a0 P PETITE PEPINO<\/p>\n<p><em><strong>z Eskorty (korenie a so\u013e)<\/strong><\/em><\/p>\n<p>Hanaj\u00edk Miroslav<br \/>\nKadav\u00e9ho 832\/9,\u00a0036 01 Martin<br \/>\n29.06.2011<br \/>\nRAYMOND z \u0160ardanu\/SPKP 1791<br \/>\nABIGALE Foubrant\u00b4s Pendulum\/SPKP 1970<br \/>\n2283 \u00a0 P ADAR<br \/>\n2284 \u00a0 P ATREY<br \/>\n2285 \u00a0 P ATTILA<\/p>\n<p><em><strong>Dastynella elegant (\u010dierny)<\/strong><\/em><\/p>\n<p>Pint\u00e9r Karol<br \/>\nBauerov\u00e1 7,\u00a0040 23 Ko\u0161ice<br \/>\n03.07.2011<br \/>\nDRAGON FLY Carboneum\/SPKP 1959<br \/>\nHERMIONA z \u0160ardanu\/SPKP 2077<br \/>\n2286 \u00a0 P CHEOPS<br \/>\n2287 \u00a0 P CHEPR\u00c9R<br \/>\n2288 \u00a0 S CHAFRE<br \/>\n2289 \u00a0 S CHAND\u017dER<br \/>\n2290 \u00a0 S CHETITI<\/p>\n<p><em><strong>Foubrant\u00b4s Pendulum (korenie a so\u013e)<\/strong><\/em><\/p>\n<p>Vavro Branislav Ing.<br \/>\n038 35 Val\u010da 255<br \/>\n03.08.2011<br \/>\nFOUCALT\u00b4S PENDU Kn\u00ed\u017eete Sternenhocha\/SPKP 1694<br \/>\nABIGALE z Pevnosti Malovc\u016f\/SPKP 1594<br \/>\n2293 \u00a0 P GERRY<br \/>\n2294 \u00a0 S GINA<br \/>\n2295 \u00a0 S GRACIE<\/p>\n<p><em><strong>z \u0160ardanu (\u010dierny)<\/strong><\/em><\/p>\n<p>Koll\u00e1rov\u00e1 \u0160\u00e1rka<br \/>\nJanka Magu 132,\u00a0034 91 \u0160vo\u0161ov<br \/>\n27.09.2011<br \/>\nDRAGON FLY Carboneum\/SPKP 1959<br \/>\nVRANOLUJNA CORA Tan Negro\/SPKP 1578<br \/>\n2297 \u00a0 P RAFAEL<br \/>\n2298 \u00a0 P RING THE BELLS<br \/>\n2299 \u00a0 S RACHELL<br \/>\n2300 \u00a0 S RAMADA<br \/>\n2301 \u00a0 S RARITA<\/p>\n<p><em><strong>z \u0160ardanu (biely)<\/strong><\/em><\/p>\n<p>Koll\u00e1rov\u00e1 \u0160\u00e1rka<br \/>\nJanka Magu 132,\u00a0034 91 \u0160vo\u0161ov<br \/>\n09.10.2011<br \/>\nSILMARIL BRILLANTINO Dolina Rivendell\/SPKP 2149<br \/>\nHOPE Blues Lananasim\/SPKP 2214<br \/>\n2302 \u00a0 P SPECIAL AGENT<br \/>\n2303 \u00a0 P SPECIAL EDITION<br \/>\n2304 \u00a0 P SPECIAL FORCE<br \/>\n2305 \u00a0 P SPECIAL FOR ME<br \/>\n2306 \u00a0 S SPECIAL GIFT<br \/>\n2307 \u00a0 S SPECIAL EVENT<br \/>\n2308 \u00a0 S SPECIAL OFFER<\/p>\n<p><em><strong>Wild Rane (\u010dierny)<\/strong><\/em><\/p>\n<p>Adam\u010diakovi Juraj a Andrea<br \/>\n\u017delezni\u010dn\u00e1 955,\u00a0034 95\u00a0 Likavka<br \/>\n29.12.2011<br \/>\nFAITHFUL FRIEND Bohemia Ness\/SPKP 2194<br \/>\nKRIST\u00cdNKA z \u0160ardanu\/SPKP 2106<br \/>\n2311 \u00a0 P KIRBY AXI KRISS<br \/>\n2312 \u00a0 S KAMILKA KRISTINKA<br \/>\n2313 \u00a0 S KASSANDRA KRISTINKA<br \/>\n2314 \u00a0 S KATRINA KRISTINKA<br \/>\n2315 \u00a0 S KISS ME KRISTINKA<\/p>\n","protected":false},"excerpt":{"rendered":"<p>Zwergschnauzer\/ z \u0160ardanu (korenie a so\u013e) Koll\u00e1rov\u00e1 \u0160\u00e1rka Janka Magu 132,\u00a0034 91 \u0160vo\u0161ov 28.01.2011 DAVID Blues Lananasim\/ZB Nr 101484 HISTORY OF MIRACLE Piwowar\/SPKP 2193 2220 \u00a0 P OCEAN 2221 \u00a0 P ORRIN 2222 \u00a0 S OTYLIE Enel fenomen (korenie a so\u013e) Butykov\u00e1 Miriam Slne\u010dn\u00e1 33,\u00a0900 29 Nov\u00e1 Dedinka 25.02.2011 ADALBERTUS PIPER Praegredior\/SPKP 2215 PRINCESS z [&hellip;]<\/p>\n","protected":false},"author":2,"featured_media":0,"parent":2990,"menu_order":0,"comment_status":"closed","ping_status":"closed","template":"","meta":{"slim_seo":{"title":"2011 Brad\u00e1\u010d mal\u00fd - KCHPB","description":"Zwergschnauzer\/ z \u0160ardanu (korenie a so\u013e) Koll\u00e1rov\u00e1 \u0160\u00e1rka Janka Magu 132,\u00a0034 91 \u0160vo\u0161ov 28.01.2011 DAVID Blues Lananasim\/ZB Nr 101484 HISTORY OF MIRACLE Piwowar"},"footnotes":""},"class_list":["post-11710","page","type-page","status-publish","hentry"],"_links":{"self":[{"href":"https:\/\/www.schnauzerclub.sk\/en\/wp-json\/wp\/v2\/pages\/11710","targetHints":{"allow":["GET"]}}],"collection":[{"href":"https:\/\/www.schnauzerclub.sk\/en\/wp-json\/wp\/v2\/pages"}],"about":[{"href":"https:\/\/www.schnauzerclub.sk\/en\/wp-json\/wp\/v2\/types\/page"}],"author":[{"embeddable":true,"href":"https:\/\/www.schnauzerclub.sk\/en\/wp-json\/wp\/v2\/users\/2"}],"replies":[{"embeddable":true,"href":"https:\/\/www.schnauzerclub.sk\/en\/wp-json\/wp\/v2\/comments?post=11710"}],"version-history":[{"count":0,"href":"https:\/\/www.schnauzerclub.sk\/en\/wp-json\/wp\/v2\/pages\/11710\/revisions"}],"up":[{"embeddable":true,"href":"https:\/\/www.schnauzerclub.sk\/en\/wp-json\/wp\/v2\/pages\/2990"}],"wp:attachment":[{"href":"https:\/\/www.schnauzerclub.sk\/en\/wp-json\/wp\/v2\/media?parent=11710"}],"curies":[{"name":"wp","href":"https:\/\/api.w.org\/{rel}","templated":true}]}}