{"id":11714,"date":"2015-05-05T20:44:13","date_gmt":"2015-05-05T18:44:13","guid":{"rendered":"http:\/\/www.schnauzerclub.sk\/?page_id=11714&#038;lang=en"},"modified":"2021-01-05T20:34:03","modified_gmt":"2021-01-05T18:34:03","slug":"2011-bradac-stredny","status":"publish","type":"page","link":"https:\/\/www.schnauzerclub.sk\/en\/stud-book\/2011-bradac-stredny\/","title":{"rendered":"2011 Schnauzer"},"content":{"rendered":"<p><strong>Schnauzer Mittelschlag\/<\/strong><\/p>\n<p><em><strong>z Pekn\u00e9ho po\u013ea<\/strong><\/em><\/p>\n<p>Koll\u00e1rov\u00e1 Zuzana<br \/>\nM. Kopernika 42,\u00a0917 01 Trnava<br \/>\n06.02.2011<br \/>\nPREMIER Ave Concorde\/RKF 221938<br \/>\nHISTORIE Alarm Beskyd\/SPKP 1330<br \/>\n1403 \u00a0 P ALF<br \/>\n1404 \u00a0 P ARES MASAAL<br \/>\n1405 \u00a0 P ARON<br \/>\n1406 \u00a0 P ANDY<br \/>\n1407 \u00a0 S ANETT<br \/>\n1408 \u00a0 S ANITA MASAAL<br \/>\n1409 \u00a0 S ATH\u00c9NA<br \/>\n1410 \u00a0 S ALEX<br \/>\n1411 \u00a0 S ANDREA<\/p>\n<p><em><strong>z Romoru<\/strong><\/em><\/p>\n<p>Drli\u010dkov\u00e1 Krist\u00edna<br \/>\nKoll\u00e1rova 1634\/7,\u00a0921 01 Pie\u0161\u0165any<br \/>\n06.04.2011<br \/>\nZAR Hossz\u00fabereki-Cs\u00e1sz\u00e1r\/\u010cMKU 6109-0<br \/>\nBONETTA DETTA z Romoru\/SPKP 1353<br \/>\n1413 \u00a0 P DIDGERY DEO<br \/>\n1414 \u00a0 P DENCER DIOR<br \/>\n1415 \u00a0 P DRAGO DRU<br \/>\n1416 \u00a0 P DEXTER DAX<br \/>\n1417 \u00a0 P DUKE DIXON<br \/>\n1418 \u00a0 P DARK SHADOW<br \/>\n1419 \u00a0 S DALILLA DEXIA<\/p>\n<p><em><strong>Elba padija<\/strong><\/em><\/p>\n<p>Follaufov\u00e1 Patr\u00edcia<br \/>\n\u0160kolsk\u00e1 194\/48,\u00a0925 21 Sl\u00e1dkovi\u010dovo<br \/>\n24.06.2011<br \/>\nREMEMBER ME BLACK Grand Calvera\/\u010cMKU 6853<br \/>\nELZA MOORE spod T\u00f3partu\/SPKP 1245<br \/>\n1421 \u00a0 P C\u00c9ZAR<br \/>\n1422 \u00a0 P CYPRIAN CARSON<br \/>\n1423 \u00a0 S CARRERA<br \/>\n1424 \u00a0 S CELINE DION<br \/>\n1425 \u00a0 S CLAUDIA CARDINALE<br \/>\n1426 \u00a0 S CLEOPATRA<br \/>\n1427 \u00a0 S CONNI<\/p>\n<p>&nbsp;<\/p>\n","protected":false},"excerpt":{"rendered":"<p>Schnauzer Mittelschlag\/ z Pekn\u00e9ho po\u013ea Koll\u00e1rov\u00e1 Zuzana M. Kopernika 42,\u00a0917 01 Trnava 06.02.2011 PREMIER Ave Concorde\/RKF 221938 HISTORIE Alarm Beskyd\/SPKP 1330 1403 \u00a0 P ALF 1404 \u00a0 P ARES MASAAL 1405 \u00a0 P ARON 1406 \u00a0 P ANDY 1407 \u00a0 S ANETT 1408 \u00a0 S ANITA MASAAL 1409 \u00a0 S ATH\u00c9NA 1410 \u00a0 S ALEX [&hellip;]<\/p>\n","protected":false},"author":2,"featured_media":0,"parent":2990,"menu_order":0,"comment_status":"closed","ping_status":"closed","template":"","meta":{"slim_seo":{"title":"2011 Schnauzer - KCHPB","description":"Schnauzer Mittelschlag\/ z Pekn\u00e9ho po\u013ea Koll\u00e1rov\u00e1 Zuzana M. Kopernika 42,\u00a0917 01 Trnava 06.02.2011 PREMIER Ave Concorde\/RKF 221938 HISTORIE Alarm Beskyd\/SPKP 133"},"footnotes":""},"class_list":["post-11714","page","type-page","status-publish","hentry"],"_links":{"self":[{"href":"https:\/\/www.schnauzerclub.sk\/en\/wp-json\/wp\/v2\/pages\/11714","targetHints":{"allow":["GET"]}}],"collection":[{"href":"https:\/\/www.schnauzerclub.sk\/en\/wp-json\/wp\/v2\/pages"}],"about":[{"href":"https:\/\/www.schnauzerclub.sk\/en\/wp-json\/wp\/v2\/types\/page"}],"author":[{"embeddable":true,"href":"https:\/\/www.schnauzerclub.sk\/en\/wp-json\/wp\/v2\/users\/2"}],"replies":[{"embeddable":true,"href":"https:\/\/www.schnauzerclub.sk\/en\/wp-json\/wp\/v2\/comments?post=11714"}],"version-history":[{"count":0,"href":"https:\/\/www.schnauzerclub.sk\/en\/wp-json\/wp\/v2\/pages\/11714\/revisions"}],"up":[{"embeddable":true,"href":"https:\/\/www.schnauzerclub.sk\/en\/wp-json\/wp\/v2\/pages\/2990"}],"wp:attachment":[{"href":"https:\/\/www.schnauzerclub.sk\/en\/wp-json\/wp\/v2\/media?parent=11714"}],"curies":[{"name":"wp","href":"https:\/\/api.w.org\/{rel}","templated":true}]}}