{"id":11717,"date":"2015-05-05T07:45:14","date_gmt":"2015-05-05T05:45:14","guid":{"rendered":"http:\/\/www.schnauzerclub.sk\/?page_id=11717&#038;lang=en"},"modified":"2021-01-05T20:35:02","modified_gmt":"2021-01-05T18:35:02","slug":"2011-riesenschnauzer","status":"publish","type":"page","link":"https:\/\/www.schnauzerclub.sk\/en\/stud-book\/2011-riesenschnauzer\/","title":{"rendered":"2011 Riesenschnauzer"},"content":{"rendered":"<p><b>Riesenschnauzer\/<\/b><\/p>\n<p><b><i>Triumetal (\u010dierny)<\/i><\/b><\/p>\n<p>Sla\u010dkov\u00e1 Jaroslava Ing.<br \/>\nPriebe\u017en\u00e1 489\/9,\u00a0031 04 Liptovsk\u00fd Mikul\u00e1\u0161<br \/>\n04.02.2011<br \/>\nURIAH HEEP Radinie\/SPKP 1733<br \/>\nIVORY BLACK Triumetal\/SPKP 1620<br \/>\n1835 \u00a0 P RAINMAN<br \/>\n1836 \u00a0 P RAVEL<br \/>\n1837 \u00a0 P RED DEVIL<br \/>\n1838 \u00a0 P REFLEX<br \/>\n1839 \u00a0 P RESPECT<br \/>\n1840 \u00a0 P ROLLING STONES<br \/>\n1841 \u00a0 S RAISE AFFECTION<br \/>\n1842 \u00a0 S RED SUNSHINE<br \/>\n1843 \u00a0 S RHAPSODY<br \/>\n1844 \u00a0 S RISING LIGHTS<br \/>\n1845 \u00a0 S ROSY RUBY<br \/>\n1846 \u00a0 S RUNNING WATER<\/p>\n<p><b><i>Kelador (korenie a\u00a0so\u013e)<\/i><\/b><\/p>\n<p>Strakov\u00e1 Zuzana<br \/>\nBrig\u00e1dnick\u00e1 5,\u00a0841 10 Bratislava<br \/>\n16.05.2011<br \/>\nGENIAL GOTT Gloris\/SPKP 1785<br \/>\nCONSTANZE Kelador\/SPKP 1605<br \/>\n1850 \u00a0 P HARDEN<br \/>\n1851 \u00a0 P HARRITON<br \/>\n1852 \u00a0 P HEARTBREAKER<br \/>\n1853 \u00a0 P HORUS<br \/>\n1854 \u00a0 P HURRICANE<br \/>\n1855 \u00a0 S HEXE<br \/>\n1856 \u00a0 S HESTIA<br \/>\n1857 \u00a0 S HORDIS<\/p>\n<p><b><i>Enel fenomen (korenie a\u00a0so\u013e)<\/i><\/b><\/p>\n<p>Butykov\u00e1 Miriam<br \/>\nSlne\u010dn\u00e1 33,\u00a0900 29 Nov\u00e1 Dedinka<br \/>\n24.10.2011<br \/>\nGENIAL GOTT Gloris\/SPKP 1785<br \/>\nELIZABETH QUEEN Z\u00b4eridanudog love\/SPKP 1533<br \/>\n1859 \u00a0 P KING KONG<br \/>\n1860 \u00a0 P KUNG FU<br \/>\n1861 \u00a0 P KORZAR<br \/>\n1862 \u00a0 P KING ARTHUR<br \/>\n1863 \u00a0 S KAHIRA<br \/>\n1864 \u00a0 S KALIOPE<br \/>\n1865 \u00a0 S KONSTANZ<br \/>\n1866 \u00a0 S KENTUCKY<br \/>\n1867 \u00a0 S KASSIOPEA<\/p>\n","protected":false},"excerpt":{"rendered":"<p>Riesenschnauzer\/ Triumetal (\u010dierny) Sla\u010dkov\u00e1 Jaroslava Ing. Priebe\u017en\u00e1 489\/9,\u00a0031 04 Liptovsk\u00fd Mikul\u00e1\u0161 04.02.2011 URIAH HEEP Radinie\/SPKP 1733 IVORY BLACK Triumetal\/SPKP 1620 1835 \u00a0 P RAINMAN 1836 \u00a0 P RAVEL 1837 \u00a0 P RED DEVIL 1838 \u00a0 P REFLEX 1839 \u00a0 P RESPECT 1840 \u00a0 P ROLLING STONES 1841 \u00a0 S RAISE AFFECTION 1842 \u00a0 S RED [&hellip;]<\/p>\n","protected":false},"author":2,"featured_media":0,"parent":2990,"menu_order":0,"comment_status":"closed","ping_status":"closed","template":"","meta":{"slim_seo":{"title":"2011 Riesenschnauzer - KCHPB","description":"Riesenschnauzer\/ Triumetal (\u010dierny) Sla\u010dkov\u00e1 Jaroslava Ing. Priebe\u017en\u00e1 489\/9,\u00a0031 04 Liptovsk\u00fd Mikul\u00e1\u0161 04.02.2011 URIAH HEEP Radinie\/SPKP 1733 IVORY BLACK Triume"},"footnotes":""},"class_list":["post-11717","page","type-page","status-publish","hentry"],"_links":{"self":[{"href":"https:\/\/www.schnauzerclub.sk\/en\/wp-json\/wp\/v2\/pages\/11717","targetHints":{"allow":["GET"]}}],"collection":[{"href":"https:\/\/www.schnauzerclub.sk\/en\/wp-json\/wp\/v2\/pages"}],"about":[{"href":"https:\/\/www.schnauzerclub.sk\/en\/wp-json\/wp\/v2\/types\/page"}],"author":[{"embeddable":true,"href":"https:\/\/www.schnauzerclub.sk\/en\/wp-json\/wp\/v2\/users\/2"}],"replies":[{"embeddable":true,"href":"https:\/\/www.schnauzerclub.sk\/en\/wp-json\/wp\/v2\/comments?post=11717"}],"version-history":[{"count":0,"href":"https:\/\/www.schnauzerclub.sk\/en\/wp-json\/wp\/v2\/pages\/11717\/revisions"}],"up":[{"embeddable":true,"href":"https:\/\/www.schnauzerclub.sk\/en\/wp-json\/wp\/v2\/pages\/2990"}],"wp:attachment":[{"href":"https:\/\/www.schnauzerclub.sk\/en\/wp-json\/wp\/v2\/media?parent=11717"}],"curies":[{"name":"wp","href":"https:\/\/api.w.org\/{rel}","templated":true}]}}