{"id":11719,"date":"2015-05-04T22:04:45","date_gmt":"2015-05-04T20:04:45","guid":{"rendered":"http:\/\/www.schnauzerclub.sk\/?page_id=11719&#038;lang=en"},"modified":"2021-01-06T21:47:50","modified_gmt":"2021-01-06T19:47:50","slug":"2012-zwergschnauzer","status":"publish","type":"page","link":"https:\/\/www.schnauzerclub.sk\/en\/stud-book\/2012-zwergschnauzer\/","title":{"rendered":"2012 Zwergschnauzer"},"content":{"rendered":"<p><strong>Zwergschnauzer\/<\/strong><\/p>\n<p><em><strong>Rados\u0165 od Veroniky (\u010diernostrieborn\u00fd)<\/strong><\/em><\/p>\n<p>\u0160kor\u00edkov\u00e1 Viera Dpt.<br \/>\nDlh\u00fd rad 173,\u00a0951 35 Ve\u013ek\u00e9 Z\u00e1lu\u017eie<br \/>\n22.01.2012<br \/>\nRAVEN SILVER Bikin dvor\/SPKP 2093<br \/>\nSUSANE SILVER Bikin dvor\/SPKP 2120<br \/>\n2316 \u00a0 P LEVIN<br \/>\n2317 \u00a0 S LUANA<br \/>\n2318 \u00a0 S LEONA<\/p>\n<p><em><strong>Imprese (korenie a so\u013e)<\/strong><\/em><\/p>\n<p>Maz\u00e1kov\u00e1 Jana<br \/>\nJ\u00e1na Ra\u0161u 570,\u00a0900 86 Budmerice<br \/>\n22.01.2012<br \/>\nNORDIC DELIGHT Mac Link\u00b4s\/SKKS 22201<br \/>\nCINDERELLA Astronaut\/\u010cMKU 1931<br \/>\n2322 \u00a0 P JASSON<br \/>\n2323 \u00a0 P JAVAR<br \/>\n2324 \u00a0 P JASPER<br \/>\n2325 \u00a0 P JAVIER<br \/>\n2326 \u00a0 P JARVIS<br \/>\n2327 \u00a0 S JAELYNN<\/p>\n<p><em><strong>Dastynella elegant (\u010dierny)<\/strong><\/em><\/p>\n<p>Pint\u00e9r Karol<br \/>\nBauerov\u00e1 7,\u00a0040 23 Ko\u0161ice<br \/>\n17.03.2012<br \/>\nYOCOTHAI Backout\u00b4s\/FIN 42893<br \/>\nHERMIONA z \u0160ardanu\/SPKP 2077<br \/>\n2331 \u00a0 P DEN<br \/>\n2332 \u00a0 P D\u017dEDEFPTAH<br \/>\n2333 \u00a0 P D\u017dEDKARE ISESI<br \/>\n2334 \u00a0 P D\u017dEDKARE \u0160EMAI<br \/>\n2335 \u00a0 S D\u017dANET RORY<br \/>\n2336 \u00a0 S D\u017dEHUTI<br \/>\n2337 \u00a0 S D\u017dOSERTETI<\/p>\n<p><em><strong>Wild Rane (\u010diernostrieborn\u00fd)<\/strong><\/em><\/p>\n<p>Adam\u010diakovi Juraj a Andrea<br \/>\n\u017delezni\u010dn\u00e1 955,\u00a0034 95\u00a0 Likavka<br \/>\n22.03.2012<br \/>\nRAVEN SILVER Bikin dvor\/SPKP 2093<br \/>\nPERLA TUK MY LOVE FR Dolina Rivendell\/SPKP 2090<br \/>\n2338 \u00a0 P LEONARDO RAWEN<br \/>\n2339 \u00a0 P LUKAS RAWEN<br \/>\n2340 \u00a0 S LAKAYA PERLA<br \/>\n2341 \u00a0 S LANA PERLA<br \/>\n2342 \u00a0 S LUSSY PERLA<br \/>\n2343 \u00a0 S LYNSIE PERLA<\/p>\n<p><em><strong>Kelador (korenie a so\u013e)<\/strong><\/em><\/p>\n<p>Strakov\u00e1 Zuzana<br \/>\nBrig\u00e1dnick\u00e1 5,\u00a0841 10 Bratislava<br \/>\n23.03.2012<br \/>\nKASHMIR Starling\u00b4s\/DK 08851<br \/>\nINDIANA SUMMER Astronaut\/SPKP 2053<br \/>\n2344 \u00a0 P IBSEN<br \/>\n2345 \u00a0 P IDEFIX<br \/>\n2346 \u00a0 P ISAAC<br \/>\n2347 \u00a0 P IZZARD<br \/>\n2348 \u00a0 S ISHTAR<\/p>\n<p><em><strong>Agape (\u010diernostrieborn\u00fd)<\/strong><\/em><\/p>\n<p>Kro\u010danov\u00e1 Marta<br \/>\nDudv\u00e1\u017eska 12,\u00a0821 07 Bratislava<br \/>\n02.05.2012<br \/>\nHACKER Grand Calvera\/\u010cMKU 6194<br \/>\nFRANCESKA FRIDA Agape\/SPKP 1947<br \/>\n2350 \u00a0 S HAIDEE HANNAH SUE<\/p>\n<p><em><strong>z \u0160ardanu (biely)<\/strong><\/em><\/p>\n<p>Koll\u00e1rov\u00e1 \u0160\u00e1rka<br \/>\nJanka Magu 132,\u00a0034 91 \u0160vo\u0161ov<br \/>\n31.05.2012<br \/>\nKOKO JUMBO Sweet Toys\/PKR 104585<br \/>\nHOPE Blues La Nanasim\/SPKP 2214<br \/>\n2351 \u00a0 P THE MAGIC TOUCH<br \/>\n2352 \u00a0 S TEMPERANCE<br \/>\n2353 \u00a0 S THAT\u00b4S THE MAGIE<\/p>\n<p><em><strong>Dastynella elegant (korenie a so\u013e)<\/strong><\/em><\/p>\n<p>Pint\u00e9r Karol<br \/>\nBauerov\u00e1 7,\u00a0040 23 Ko\u0161ice<br \/>\n01.08.2012<br \/>\nRAYMOND z \u0160ardanu\/SPKP 1791<br \/>\nNARYA CHARM OF Dolina Rivendell\/SPKP 2020<br \/>\n2355 \u00a0 P ENJOTEF<br \/>\n2356 \u00a0 S ELEFANTINA<br \/>\n2357 \u00a0 S ESET<br \/>\n2358 \u00a0 S EUFRAT<\/p>\n<p><em><strong>OK-ER (\u010diernostrieborn\u00fd)<\/strong><\/em><\/p>\n<p>Okruhlica Erik<br \/>\nSmetanova 9,\u00a0927 00 \u0160a\u013ea<br \/>\n28.09.2012<br \/>\nHIGH EFFECT z Dixie\/SPKP 2186<br \/>\nLILIEN OK-ER\/SPKP 2148<br \/>\n2359 \u00a0 P NOEL<\/p>\n<p><em><strong>Enel fenomen (korenie a so\u013e)<\/strong><\/em><\/p>\n<p>Butykov\u00e1 Miriam<br \/>\nSlne\u010dn\u00e1 33,\u00a0900 29 Nov\u00e1 Dedinka<br \/>\n03.08.2012<br \/>\nDAVID Blues Lananasim\/SPKP 2309<br \/>\nI\u00b4M MINI PEPPER z Marzemu\/SPKP 1915<br \/>\n2360 \u00a0 S LOTERIA<\/p>\n<p><em><strong>Wild Rane (korenie a so\u013e)<\/strong><\/em><\/p>\n<p>Adam\u010diakovi Juraj a Andrea<br \/>\n\u017delezni\u010dn\u00e1 955,\u00a0034 95\u00a0 Likavka<br \/>\n11.09.2012<br \/>\nBUENOS AIRES TANGO D de Trufas Negras\/FCA 20377<br \/>\nGOLDIE BEKY z Barokamu\/SPKP 1921<br \/>\n2361 \u00a0 S MEDEA BEKY<br \/>\n2362 \u00a0 S MELINDA BEKY<br \/>\n2363 \u00a0 S MIRANDA BEKY<br \/>\n2364 \u00a0 S MONICA BEKY<\/p>\n<p><em><strong>z \u0160ardanu (\u010dierny)<\/strong><\/em><\/p>\n<p>Koll\u00e1rov\u00e1 \u0160\u00e1rka<br \/>\nJanka Magu 132,\u00a0034 91 \u0160vo\u0161ov<br \/>\n24.09.2012<br \/>\nNEWMAN Rezlark\/SPKP 2320<br \/>\nXMAS ANGEL IN RIVEND Wisher\/SPKP 2192<br \/>\n2365 \u00a0 P UNLIMETED<br \/>\n2366 \u00a0 S UNBELIEVABLE<\/p>\n<p><em><strong>Ante Castrum Lewa (\u010dierny)<\/strong><\/em><\/p>\n<p>Berkov\u00e1 Kl\u00e1ra Ing.<br \/>\nul.Zd.Nejedl\u00e9ho 32,\u00a0934 05 Levice<br \/>\n04.10.2012<br \/>\nBANGA Rovelis\/SPKP 2329<br \/>\nVIVIAN Rezlark\/SPKP 2056<br \/>\n2367 \u00a0 P ALEXIUS<br \/>\n2368 \u00a0 P AUGUSTINUS<br \/>\n2369 \u00a0 P AURELIUS<br \/>\n2370 \u00a0 S ALICIA<br \/>\n2371 \u00a0 S AURORA<\/p>\n<p><em><strong>Bikin dvor (korenie a so\u013e)<\/strong><\/em><\/p>\n<p>Havl\u00edkov\u00e1 Zuzana<br \/>\nSv\u00e4tourbansk\u00e1 40,\u00a0949 01 Nitra<br \/>\n15.10.2012<br \/>\nKAVALIR Rezlark\/SPKP 2079<br \/>\nSAHARA\u00b4S GIRL\/GT Dog-Otho\u00b4s\/SPKP 1956<br \/>\n2372 \u00a0 P VELVET PEPPER<br \/>\n2373 \u00a0 P VILIAM PEPPER<br \/>\n2374 \u00a0 S VICTORIA PEPPER<br \/>\n2375 \u00a0 S VINESSA PEPPER<\/p>\n<p><em><strong>Bikin dvor (\u010diernostrieborn\u00fd)<\/strong><\/em><\/p>\n<p>Havl\u00edkov\u00e1 Zuzana<br \/>\nSv\u00e4tourbansk\u00e1 40,\u00a0949 01 Nitra<br \/>\n16.10.2012<br \/>\nJHONAL\u00c9 ALEX Dog-Otho\u00b4s\/SPKP 2249<br \/>\nLOLA Rezlark\/SPKP 1968<br \/>\n2376 \u00a0 P WILLY SILVER<br \/>\n2377 \u00a0 S WALLA SILVER<br \/>\n2378 \u00a0 S WANDA SILVER<br \/>\n2379 \u00a0 S WICKIE SILVER<br \/>\n2380 \u00a0 S WIKI SILVER<br \/>\n2381 \u00a0 S WOOGY SILVER<\/p>\n<p><em><strong>Bikin dvor (\u010diernostrieborn\u00fd)<\/strong><\/em><\/p>\n<p>Havl\u00edkov\u00e1 Zuzana<br \/>\nSv\u00e4tourbansk\u00e1 40,\u00a0949 01 Nitra<br \/>\n17.10.2012<br \/>\nSTANLEY SILVER Bikin dvor\/SPKP 2119<br \/>\nROUT SILVER Bikin dvor\/SPKP 2097<br \/>\n2382 \u00a0 P XARR SILVER<br \/>\n2383 \u00a0 P XENN SILVER<br \/>\n2384 \u00a0 P XERR SILVER<br \/>\n2385 \u00a0 P XILL SILVER<br \/>\n2386 \u00a0 S XANTI SILVER<br \/>\n2387 \u00a0 S XARA SILVER<\/p>\n<p><em><strong>Bikin dvor (\u010dierny)<\/strong><\/em><\/p>\n<p>Havl\u00edkov\u00e1 Zuzana<br \/>\nSv\u00e4tourbansk\u00e1 40,\u00a0949 01 Nitra<br \/>\n30.10.2012<br \/>\nFAITHFUL FRIEND Bohemia Ness\/SPKP 2194<br \/>\nTOOTSIE Rezlark\/SPKP 2030<br \/>\n2388 \u00a0 P YANGO BLACK<br \/>\n2389 \u00a0 P YVESS BLACK<br \/>\n2390 \u00a0 S YELLIE BLACK<br \/>\n2391 \u00a0 S YENNIE BLACK<\/p>\n<p><em><strong>z \u0160ardanu (biely)<\/strong><\/em><\/p>\n<p>Koll\u00e1rov\u00e1 \u0160\u00e1rka<br \/>\nJanka Magu 132,\u00a0034 91 \u0160vo\u0161ov<br \/>\n15.11.2012<br \/>\nADALGRIM TUK BRILLAN Dolina Rivendell\/PKR 107300<br \/>\nKENDRA von der Gondhauzi\/SPKP 2310<br \/>\n2392 \u00a0 P VALENTINO<br \/>\n2393 \u00a0 P VAN HELSING<br \/>\n2394 \u00a0 P VERSACE<\/p>\n","protected":false},"excerpt":{"rendered":"<p>Zwergschnauzer\/ Rados\u0165 od Veroniky (\u010diernostrieborn\u00fd) \u0160kor\u00edkov\u00e1 Viera Dpt. Dlh\u00fd rad 173,\u00a0951 35 Ve\u013ek\u00e9 Z\u00e1lu\u017eie 22.01.2012 RAVEN SILVER Bikin dvor\/SPKP 2093 SUSANE SILVER Bikin dvor\/SPKP 2120 2316 \u00a0 P LEVIN 2317 \u00a0 S LUANA 2318 \u00a0 S LEONA Imprese (korenie a so\u013e) Maz\u00e1kov\u00e1 Jana J\u00e1na Ra\u0161u 570,\u00a0900 86 Budmerice 22.01.2012 NORDIC DELIGHT Mac Link\u00b4s\/SKKS 22201 CINDERELLA [&hellip;]<\/p>\n","protected":false},"author":2,"featured_media":0,"parent":2990,"menu_order":0,"comment_status":"closed","ping_status":"closed","template":"","meta":{"slim_seo":{"title":"2012 Zwergschnauzer - KCHPB","description":"Zwergschnauzer\/ Rados\u0165 od Veroniky (\u010diernostrieborn\u00fd) \u0160kor\u00edkov\u00e1 Viera Dpt. Dlh\u00fd rad 173,\u00a0951 35 Ve\u013ek\u00e9 Z\u00e1lu\u017eie 22.01.2012 RAVEN SILVER Bikin dvor\/SPKP 2093 SUSAN"},"footnotes":""},"class_list":["post-11719","page","type-page","status-publish","hentry"],"_links":{"self":[{"href":"https:\/\/www.schnauzerclub.sk\/en\/wp-json\/wp\/v2\/pages\/11719","targetHints":{"allow":["GET"]}}],"collection":[{"href":"https:\/\/www.schnauzerclub.sk\/en\/wp-json\/wp\/v2\/pages"}],"about":[{"href":"https:\/\/www.schnauzerclub.sk\/en\/wp-json\/wp\/v2\/types\/page"}],"author":[{"embeddable":true,"href":"https:\/\/www.schnauzerclub.sk\/en\/wp-json\/wp\/v2\/users\/2"}],"replies":[{"embeddable":true,"href":"https:\/\/www.schnauzerclub.sk\/en\/wp-json\/wp\/v2\/comments?post=11719"}],"version-history":[{"count":0,"href":"https:\/\/www.schnauzerclub.sk\/en\/wp-json\/wp\/v2\/pages\/11719\/revisions"}],"up":[{"embeddable":true,"href":"https:\/\/www.schnauzerclub.sk\/en\/wp-json\/wp\/v2\/pages\/2990"}],"wp:attachment":[{"href":"https:\/\/www.schnauzerclub.sk\/en\/wp-json\/wp\/v2\/media?parent=11719"}],"curies":[{"name":"wp","href":"https:\/\/api.w.org\/{rel}","templated":true}]}}