{"id":11722,"date":"2015-05-09T11:51:16","date_gmt":"2015-05-09T09:51:16","guid":{"rendered":"http:\/\/www.schnauzerclub.sk\/?page_id=11722&#038;lang=en"},"modified":"2021-01-06T21:43:28","modified_gmt":"2021-01-06T19:43:28","slug":"2012-schnauzer","status":"publish","type":"page","link":"https:\/\/www.schnauzerclub.sk\/en\/stud-book\/2012-schnauzer\/","title":{"rendered":"2012 Schnauzer"},"content":{"rendered":"<p><b><i>Schnauzer Mittelschlag\/<\/i><\/b><\/p>\n<p><b><i>Magic instinct (\u010dierny)<\/i><\/b><\/p>\n<p>Lieskovsk\u00fd Stanislav<br \/>\n951 22 Alek\u0161ince 91<br \/>\n05.01.2012<br \/>\nCHRISTMAS SPRITE Grand Calvera\/\u010cMKU 7403<br \/>\nWALLIS BLACK Grand Calvera\/SPKP 1390<br \/>\n1428 \u00a0 P ASLAN<br \/>\n1429 \u00a0 P ASSAI<br \/>\n1430 \u00a0 S AYLIN<\/p>\n<p><b><i>Elba padija (\u010dierny)<\/i><\/b><\/p>\n<p>Follaufov\u00e1 Patr\u00edcia<br \/>\n\u0160kolsk\u00e1 194\/48,\u00a0925 21 Sl\u00e1dkovi\u010dovo<br \/>\n15.05.2012<br \/>\nREMEMBER ME BLACK Grand Calvera\/\u010cMKU 6853<br \/>\nELZA MOORE spod T\u00f3partu\/SPKP 1245<br \/>\n1432 \u00a0 P ELTON J.<br \/>\n1433 \u00a0 P ELVIS P.<br \/>\n1434 \u00a0 P ENRICCO<br \/>\n1435 \u00a0 P EROS<br \/>\n1436 \u00a0 S EDA CHANTALL<br \/>\n1437 \u00a0 S EDERA SHETAN<br \/>\n1438 \u00a0 S ELECTRA CARMEN<br \/>\n1439 \u00a0 S ELI\u0160KA DIANA<\/p>\n<p><b><i>Imprese (korenie a\u00a0so\u013e)<\/i><\/b><\/p>\n<p>Maz\u00e1kov\u00e1 Jana<br \/>\nJ\u00e1na Ra\u0161u 570,\u00a0900 86 Budmerice<br \/>\n29.07.2012<br \/>\nMAGNIFIQUE Ave Concorde\/RKF 282399<br \/>\nCHIARA Imprese\/SPKP 1360<br \/>\n1440 \u00a0 P KARLO<br \/>\n1441 \u00a0 P KASSIUS<br \/>\n1442 \u00a0 P KASPER<br \/>\n1443 \u00a0 P KEVIN<br \/>\n1444 \u00a0 S KARINA<br \/>\n1445 \u00a0 S KILLY<br \/>\n1446 \u00a0 S KUMIKO<br \/>\n1447 \u00a0 S KAIA SIBERIA<\/p>\n<p><b><i>Filipiak (korenie a\u00a0so\u013e)<\/i><\/b><\/p>\n<p>Nyitray Jozef<br \/>\n\u0160t\u00farova 22,\u00a0073 01 Sobranovce<br \/>\n18.08.2012<br \/>\nDUN LAOGHAIRE Gloria Leones\/SPKP 1392<br \/>\nENIGMA EXPERIENCE Fortuna Moravia\/SPKP 1377<br \/>\n1450 \u00a0 P ALLAN<br \/>\n1451 \u00a0 P ALVARO ALTO<br \/>\n1452 \u00a0 P ANGELLO<br \/>\n1453 \u00a0 P ANTHONY<br \/>\n1454 \u00a0 P APOLLUS<br \/>\n1455 \u00a0 P ARWIN<br \/>\n1456 \u00a0 S ABIGALLE<br \/>\n1457 \u00a0 S ANGIE<\/p>\n","protected":false},"excerpt":{"rendered":"<p>Schnauzer Mittelschlag\/ Magic instinct (\u010dierny) Lieskovsk\u00fd Stanislav 951 22 Alek\u0161ince 91 05.01.2012 CHRISTMAS SPRITE Grand Calvera\/\u010cMKU 7403 WALLIS BLACK Grand Calvera\/SPKP 1390 1428 \u00a0 P ASLAN 1429 \u00a0 P ASSAI 1430 \u00a0 S AYLIN Elba padija (\u010dierny) Follaufov\u00e1 Patr\u00edcia \u0160kolsk\u00e1 194\/48,\u00a0925 21 Sl\u00e1dkovi\u010dovo 15.05.2012 REMEMBER ME BLACK Grand Calvera\/\u010cMKU 6853 ELZA MOORE spod T\u00f3partu\/SPKP 1245 [&hellip;]<\/p>\n","protected":false},"author":2,"featured_media":0,"parent":2990,"menu_order":0,"comment_status":"closed","ping_status":"closed","template":"","meta":{"slim_seo":{"title":"2012 Schnauzer - KCHPB","description":"Schnauzer Mittelschlag\/ Magic instinct (\u010dierny) Lieskovsk\u00fd Stanislav 951 22 Alek\u0161ince 91 05.01.2012 CHRISTMAS SPRITE Grand Calvera\/\u010cMKU 7403 WALLIS BLACK Grand"},"footnotes":""},"class_list":["post-11722","page","type-page","status-publish","hentry"],"_links":{"self":[{"href":"https:\/\/www.schnauzerclub.sk\/en\/wp-json\/wp\/v2\/pages\/11722","targetHints":{"allow":["GET"]}}],"collection":[{"href":"https:\/\/www.schnauzerclub.sk\/en\/wp-json\/wp\/v2\/pages"}],"about":[{"href":"https:\/\/www.schnauzerclub.sk\/en\/wp-json\/wp\/v2\/types\/page"}],"author":[{"embeddable":true,"href":"https:\/\/www.schnauzerclub.sk\/en\/wp-json\/wp\/v2\/users\/2"}],"replies":[{"embeddable":true,"href":"https:\/\/www.schnauzerclub.sk\/en\/wp-json\/wp\/v2\/comments?post=11722"}],"version-history":[{"count":0,"href":"https:\/\/www.schnauzerclub.sk\/en\/wp-json\/wp\/v2\/pages\/11722\/revisions"}],"up":[{"embeddable":true,"href":"https:\/\/www.schnauzerclub.sk\/en\/wp-json\/wp\/v2\/pages\/2990"}],"wp:attachment":[{"href":"https:\/\/www.schnauzerclub.sk\/en\/wp-json\/wp\/v2\/media?parent=11722"}],"curies":[{"name":"wp","href":"https:\/\/api.w.org\/{rel}","templated":true}]}}