{"id":11727,"date":"2015-05-05T07:42:40","date_gmt":"2015-05-05T05:42:40","guid":{"rendered":"http:\/\/www.schnauzerclub.sk\/?page_id=11727&#038;lang=en"},"modified":"2021-01-05T20:32:31","modified_gmt":"2021-01-05T18:32:31","slug":"2012-riesenschnauzer","status":"publish","type":"page","link":"https:\/\/www.schnauzerclub.sk\/en\/stud-book\/2012-riesenschnauzer\/","title":{"rendered":"2012 Riesenschnauzer"},"content":{"rendered":"<p><b>Riesenschnauzer\/<\/b><\/p>\n<p><b><i>Triumetal (\u010dierny)<\/i><\/b><\/p>\n<p>Sla\u010dkov\u00e1 Jaroslava Ing.<br \/>\nPriebe\u017en\u00e1 489\/9,\u00a0031 04 Liptovsk\u00fd Mikul\u00e1\u0161<br \/>\n31.03.2012<br \/>\nSNOW FROST Gloris\/SPKP 1848<br \/>\nNEVERMORE Triumetal\/SPKP 1720<br \/>\n1869 \u00a0 P SHADOWS<br \/>\n1870 \u00a0 P SHARK<br \/>\n1871 \u00a0 P SEPP<br \/>\n1872 \u00a0 S SO LONG<br \/>\n1873 \u00a0 S STARWAY<br \/>\n1874 \u00a0 S SUGAR BABY<br \/>\n1875 \u00a0 S SUNRICE1876 \u00a0 S SUNSHINE<\/p>\n<p><b><i>Neiro Garden (\u010dierny)<\/i><\/b><\/p>\n<p>Horv\u00e1th Marcel<br \/>\n053 22 Jamn\u00edk 196<br \/>\n09.04.2012<br \/>\nART z Olomouck\u00e9 pevn\u016fstky\/\u010cMKU 5871<br \/>\nJESSY NeiroGarden\/SPKP 1509<br \/>\n1877 \u00a0 P NICK<br \/>\n1878 \u00a0 S NEFERTITY<br \/>\n1879 \u00a0 S NIKITA<br \/>\n1880 \u00a0 S NATASHA<br \/>\n1881 \u00a0 S NIRVANA<br \/>\n1882 \u00a0 S NICKY<\/p>\n<p><b><i>Kalimantana (\u010dierny)<\/i><\/b><\/p>\n<p>Koct\u00farov\u00e1 Janka<br \/>\nPoustaleck\u00e1 4,\u00a0974 09 Bansk\u00e1 Bystrica<br \/>\n19.06.2012<br \/>\nDEVIL DENNY GoldestDanubius\/\u010cMKU 5587<br \/>\nASMAR MISS Kalimantana\/SPKP 1655<br \/>\n1883 \u00a0 P BASTIAN<br \/>\n1884 \u00a0 P BARNEY<br \/>\n1885 \u00a0 P BRUNO<br \/>\n1886 \u00a0 S BAGIRA<br \/>\n1887 \u00a0 S BALDINA<br \/>\n1888 \u00a0 S BERTA<br \/>\n1889 \u00a0 S BRENDA<br \/>\n1890 \u00a0 S BRUNELLA<\/p>\n<p>&nbsp;<\/p>\n","protected":false},"excerpt":{"rendered":"<p>Riesenschnauzer\/ Triumetal (\u010dierny) Sla\u010dkov\u00e1 Jaroslava Ing. Priebe\u017en\u00e1 489\/9,\u00a0031 04 Liptovsk\u00fd Mikul\u00e1\u0161 31.03.2012 SNOW FROST Gloris\/SPKP 1848 NEVERMORE Triumetal\/SPKP 1720 1869 \u00a0 P SHADOWS 1870 \u00a0 P SHARK 1871 \u00a0 P SEPP 1872 \u00a0 S SO LONG 1873 \u00a0 S STARWAY 1874 \u00a0 S SUGAR BABY 1875 \u00a0 S SUNRICE1876 \u00a0 S SUNSHINE Neiro Garden (\u010dierny) [&hellip;]<\/p>\n","protected":false},"author":2,"featured_media":0,"parent":2990,"menu_order":0,"comment_status":"closed","ping_status":"closed","template":"","meta":{"slim_seo":{"title":"2012 Riesenschnauzer - KCHPB","description":"Riesenschnauzer\/ Triumetal (\u010dierny) Sla\u010dkov\u00e1 Jaroslava Ing. Priebe\u017en\u00e1 489\/9,\u00a0031 04 Liptovsk\u00fd Mikul\u00e1\u0161 31.03.2012 SNOW FROST Gloris\/SPKP 1848 NEVERMORE Triumetal"},"footnotes":""},"class_list":["post-11727","page","type-page","status-publish","hentry"],"_links":{"self":[{"href":"https:\/\/www.schnauzerclub.sk\/en\/wp-json\/wp\/v2\/pages\/11727","targetHints":{"allow":["GET"]}}],"collection":[{"href":"https:\/\/www.schnauzerclub.sk\/en\/wp-json\/wp\/v2\/pages"}],"about":[{"href":"https:\/\/www.schnauzerclub.sk\/en\/wp-json\/wp\/v2\/types\/page"}],"author":[{"embeddable":true,"href":"https:\/\/www.schnauzerclub.sk\/en\/wp-json\/wp\/v2\/users\/2"}],"replies":[{"embeddable":true,"href":"https:\/\/www.schnauzerclub.sk\/en\/wp-json\/wp\/v2\/comments?post=11727"}],"version-history":[{"count":0,"href":"https:\/\/www.schnauzerclub.sk\/en\/wp-json\/wp\/v2\/pages\/11727\/revisions"}],"up":[{"embeddable":true,"href":"https:\/\/www.schnauzerclub.sk\/en\/wp-json\/wp\/v2\/pages\/2990"}],"wp:attachment":[{"href":"https:\/\/www.schnauzerclub.sk\/en\/wp-json\/wp\/v2\/media?parent=11727"}],"curies":[{"name":"wp","href":"https:\/\/api.w.org\/{rel}","templated":true}]}}