{"id":11729,"date":"2012-12-31T21:21:14","date_gmt":"2012-12-31T19:21:14","guid":{"rendered":"http:\/\/www.schnauzerclub.sk\/?page_id=11729&#038;lang=en"},"modified":"2021-01-05T20:30:38","modified_gmt":"2021-01-05T18:30:38","slug":"2013-zwergschnauzer-2","status":"publish","type":"page","link":"https:\/\/www.schnauzerclub.sk\/en\/stud-book\/2013-zwergschnauzer-2\/","title":{"rendered":"2013 Zwergschnauzer"},"content":{"rendered":"<p><strong>Zwergschnauzer\/<\/strong><\/p>\n<p><em><strong>z \u0160ardanu (\u010dierny)<\/strong><\/em><\/p>\n<p>Koll\u00e1rov\u00e1 \u0160\u00e1rka<br \/>\nJanka Magu 132,\u00a0034 91 \u0160vo\u0161ov<br \/>\n22.01.2013<br \/>\nNEWTON z \u0160ardanu\/SPKP 2198<br \/>\nMICHELLE z \u0160ardanu\/SPKP 2127<br \/>\n2396 \u00a0 P WINTER SECRETS<br \/>\n2397 \u00a0 P WINTER SURPRISE<br \/>\n2398 \u00a0 P WINTER WINNER<br \/>\n2399 \u00a0 S WINTER NIGHT<br \/>\n2400 \u00a0 S WINTER QUEEN<\/p>\n<p><em><strong>Dastynella elegant (\u010dierny)<\/strong><\/em><\/p>\n<p>Pint\u00e9r Karol<br \/>\nBauerov\u00e1 7,\u00a0040 23 Ko\u0161ice<br \/>\n07.05.2013<br \/>\nHAMLET DE de Trufas Negras\/FCA 22658<br \/>\nKAJA z \u0160ardanu\/SPKP 2104<br \/>\n2408 \u00a0 S FARAON QUEEN<\/p>\n<p><em><strong>Bikin dvor (\u010diernostrieborn\u00fd)<\/strong><\/em><\/p>\n<p>Havl\u00edkov\u00e1 Zuzana<br \/>\nSv\u00e4tourbansk\u00e1 40,\u00a0949 01 Nitra<br \/>\n12.05.2013<br \/>\nSTANLEY SILVER Bikin dvor\/SPKP 2119<br \/>\nPAMPITA BIKIN DVOR Dog-Otho\u00b4s\/SPKP 1957<br \/>\n2409 \u00a0 S ZUZI SILVER<\/p>\n<p><em><strong>Bikin dvor (korenie a so\u013e)<\/strong><\/em><\/p>\n<p>Havl\u00edkov\u00e1 Zuzana<br \/>\nSv\u00e4tourbansk\u00e1 40,\u00a0949 01 Nitra<br \/>\n16.05.2013<br \/>\nFORTUNATO Dog-Otho\u00b4s\/FCA 14704<br \/>\nUNIQUE PEPPER Bikin dvor\/SPKP 2256<br \/>\n2410 \u00a0 P ADAM PEPPER<\/p>\n<p><em><strong>Wild Rane (\u010dierny)<\/strong><\/em><br \/>\nAdam\u010diakovi Juraj a Andrea<br \/>\n\u017delezni\u010dn\u00e1 955,\u00a0034 95\u00a0 Likavka<br \/>\n12.05.2013<br \/>\nHAMLET DE de Trufas Negras\/FCA 22658<br \/>\nKRIST\u00cdNKA z \u0160ardanu\/SPKP 2106<br \/>\n2411 \u00a0 P NATAR HAMLET<br \/>\n2412 \u00a0 P NAUGHTY HAMLET<br \/>\n2413 \u00a0 P NEW NOBLE HAMLET<br \/>\n2414 \u00a0 S NICCOL KRIST\u00cdNA<br \/>\n2415 \u00a0 S NO I\u00b4M NOT KRIST\u00cdNA<\/p>\n<p><em><strong>Wild Rane (korenie a so\u013e)<\/strong><\/em><\/p>\n<p>Adam\u010diakovi Juraj a Andrea<br \/>\n\u017delezni\u010dn\u00e1 955,\u00a0034 95\u00a0 Likavka<br \/>\n17.05.2013<br \/>\nFORTUNATO Dog-Otho\u00b4s\/FCA 14704<br \/>\nGOLDIE BEKY z Barokamu\/SPKP 1921<br \/>\n2416 \u00a0 P OCCULT FORTUNATO<br \/>\n2417 \u00a0 P OLIVER TWIST FORTY<br \/>\n2418 \u00a0 S OUR NINA DASTYNELLA<\/p>\n<p><em><strong>Dastynella elegant (\u010dierny)<\/strong><\/em><\/p>\n<p>Pint\u00e9r Karol<br \/>\nBauerov\u00e1 7,\u00a0040 23 Ko\u0161ice<br \/>\n25.05.2013<br \/>\nGOLDEN GATE Carboneum\/CMKU 6545<br \/>\nHERMIONA z \u0160ardanu\/SPKP 2077<br \/>\n2419 \u00a0 P GEB<br \/>\n2420 \u00a0 P GIFT OF THE NILE<br \/>\n2421 \u00a0 P GRYF<br \/>\n2422 \u00a0 S GAZELLE<br \/>\n2423 \u00a0 S GIZA PYRAMIDS<\/p>\n<p><em><strong>Dastynella elegant (\u010diernostrieborn\u00fd)<\/strong><\/em><\/p>\n<p>Pint\u00e9r Karol<br \/>\nBauerov\u00e1 7,\u00a0040 23 Ko\u0161ice<br \/>\n31.05.2013<br \/>\nHUGOBOSS-NA Scedir\/LOI 169897<br \/>\nPEARL FROM DOLINA RI Jekaterina\u00b4s\/SPKP 2330<br \/>\n2424 \u00a0 P HAAIBRE<br \/>\n2425 \u00a0 P HAPEJ<br \/>\n2426 \u00a0 P HOR<br \/>\n2427 \u00a0 P HUNEJ<br \/>\n2428 \u00a0 S HATHOR<br \/>\n2429 \u00a0 S HATSHEPSUT<\/p>\n<p><em><strong>Kelador (korenie a so\u013e)<\/strong><\/em><\/p>\n<p>Strakov\u00e1 Zuzana<br \/>\nBrig\u00e1dnick\u00e1 5,\u00a0841 10 Bratislava<br \/>\n27.05.2013<br \/>\nHONZA-DUTCH VD\u00b4N Oppasser\/NHSB 256204<br \/>\nINDIANA SUMMER Astronaut\/SPKP 2053<br \/>\n2430 \u00a0 S JEANNE D\u00b4ARC<br \/>\n2431 \u00a0 S JESSICA<br \/>\n2432 \u00a0 S JESABELL<br \/>\n2433 \u00a0 S JOYFUL RHEA<\/p>\n<p><em><strong>z \u0160ardanu (biely)<\/strong><\/em><\/p>\n<p>Koll\u00e1rov\u00e1 \u0160\u00e1rka<br \/>\nJanka Magu 132,\u00a0034 91 \u0160vo\u0161ov<br \/>\n30.06.2013<br \/>\nI AMORE-BIANCO of Taita\u00b4s Ushabti\/VDH 430004<br \/>\nKENDRA von der Gondhauzi\/SPKP 2310<br \/>\n2434 \u00a0 P YOU CAN BET<br \/>\n2435 \u00a0 P YOUR FRIEND<br \/>\n2436 \u00a0 P YING AND YANG<br \/>\n2437 \u00a0 S YESHIVA<br \/>\n2438 \u00a0 S YOKER IN POKER<\/p>\n<p><em><strong>z \u0160ardanu (biely)<\/strong><\/em><\/p>\n<p>Koll\u00e1rov\u00e1 \u0160\u00e1rka<br \/>\nJanka Magu 132,\u00a0034 91 \u0160vo\u0161ov<br \/>\n01.07.2013<br \/>\nI AMORE-BIANCO of Taita\u00b4s Ushabti\/VDH 430004<br \/>\nSHALOM SHALOM Blues La Nanasim\/SPKP 2321<br \/>\n2439 \u00a0 P ZIG-ZAG<br \/>\n2440 \u00a0 S ZARA<br \/>\n2441 \u00a0 S ZETA<\/p>\n<p><em><strong>z \u0160ardanu (korenie a so\u013e)<\/strong><\/em><\/p>\n<p>Koll\u00e1rov\u00e1 \u0160\u00e1rka<br \/>\nJanka Magu 132,\u00a0034 91 \u0160vo\u0161ov<br \/>\n19.07.2013<br \/>\nNEWMAN Rezlark\/SPKP 2320<br \/>\nHISTORY OF MIRACLE Piwowar\/SPKP 2193<br \/>\n2442 \u00a0 P ABRACADABRA<br \/>\n2443 \u00a0 P ABSOLUTE ART<br \/>\n2444 \u00a0 P ABSOLUTELY PERFECT<br \/>\n2445 \u00a0 S ABSOLUTE MIRACLE<\/p>\n<p><em><strong>Wild Rane (korenie a so\u013e)<\/strong><\/em><\/p>\n<p>Adam\u010diakovi Juraj a Andrea<br \/>\n\u017delezni\u010dn\u00e1 955,\u00a0034 95\u00a0 Likavka<br \/>\n28.07.2013<br \/>\nRAYMOND z \u0160ardanu\/SPKP 1791<br \/>\nJASMIN GOLDIE Wild Rane\/SPKP 2239<br \/>\n2446 \u00a0 S PETIT ANGE JASMIN<br \/>\n2447 \u00a0 S PHILIPPA BEKY JASMIN<br \/>\n2448 \u00a0 S POLTERGEIST JASMIN<br \/>\n2449 \u00a0 S PRINCESS LEA JASMIN<\/p>\n<p><strong><em>Dastynella elegant (korenie a so\u013e)<\/em><\/strong><\/p>\n<p>Pint\u00e9r Karol<br \/>\nBauerov\u00e1 7,\u00a0040 23 Ko\u0161ice<br \/>\n04.09.2013<br \/>\nRAYMOND z \u0160ardanu\/SPKP 1791<br \/>\nNARYA CHARM OF Dolina Rivendell\/SPKP 2020<br \/>\n2450 \u00a0 P IMHOTEP<br \/>\n2451 \u00a0 S ISIS<\/p>\n<p><em><strong>Enel fenomen (biely)<\/strong><\/em><\/p>\n<p>Butykov\u00e1 Miriam<br \/>\n\u010d.137,\u00a0908 74 Mal\u00e9 Lev\u00e1re<br \/>\n08.08.2013<br \/>\nMAGIC Rey Prag\/SPKP 2218<br \/>\nAGNES WT Rezlark\/SPKP 2405<br \/>\n2452 \u00a0 P NOSTRADAMUS<br \/>\n2453 \u00a0 P NESCAFE<br \/>\n2454 \u00a0 P NATHAN<br \/>\n2455 \u00a0 S NARNIA<br \/>\n2456 \u00a0 S NOBLES<\/p>\n<p><em><strong>Enel fenomen<\/strong> <strong>(\u010diernostrieborn\u00fd)<\/strong><\/em><\/p>\n<p>Butykov\u00e1 Miriam<br \/>\n\u010d.137,\u00a0908 74 Mal\u00e9 Lev\u00e1re<br \/>\n09.08.2013<br \/>\nYOU\u00b4RE MY STAR z Dixie\/SPKP 1815<br \/>\nPULHERIA Rovelis\/SPKP 2404<br \/>\n2457 \u00a0 P ONYX<br \/>\n2458 \u00a0 P OBAMA<br \/>\n2459 \u00a0 S ORIGAMI<br \/>\n2460 \u00a0 S OKLAHOMA<br \/>\n2461 \u00a0 S ORKA<br \/>\n2462 \u00a0 S ODETA<\/p>\n<p><em><strong>Wild Rane (\u010dierny)<\/strong><\/em><\/p>\n<p>Adam\u010diakovi Juraj a Andrea<br \/>\n\u017delezni\u010dn\u00e1 955,\u00a0034 95\u00a0 Likavka<br \/>\n17.10.2013<br \/>\nEARNUR STAR FROM Dolina Rivendell\/SPKP 2319<br \/>\nFAIRY FRANCES Bohemia Ness\/SPKP 1999<br \/>\n2464 \u00a0 P QUINIA SPARKY DENY<br \/>\n2465 \u00a0 S QUEENIE MIA FRANCES<\/p>\n<p><em><strong>Bikin dvor (\u010diernostrieborn\u00fd)<\/strong><\/em><\/p>\n<p>Havl\u00edkov\u00e1 Zuzana<br \/>\nSv\u00e4tourbansk\u00e1 40,\u00a0949 01 Nitra<br \/>\n17.10.2013<br \/>\nJHONAL\u00c9 ALEX Dog-Otho\u00b4s\/SPKP 2249<br \/>\nROUT SILVER Bikin dvor\/SPKP 2097<br \/>\n2466 \u00a0 P CARLO SILVER<br \/>\n2467 \u00a0 P COUDY SILVER<br \/>\n2468 \u00a0 P CRAIG SILVER<br \/>\n2469 \u00a0 S CARMEN SILVER<br \/>\n2470 \u00a0 S CAROLINE SILVER<\/p>\n<p><em><strong>Bikin dvor (\u010dierny)<\/strong><\/em><\/p>\n<p>Havl\u00edkov\u00e1 Zuzana<br \/>\nSv\u00e4tourbansk\u00e1 40,\u00a0949 01 Nitra<br \/>\n15.10.2013<br \/>\nEARNUR STAR FROM Dolina Rivendell\/SPKP 2319<br \/>\nCELEBRATION OF LOVE Victorious Star\/SPKP 2328<br \/>\n2471 \u00a0 P BILLY BLACK<br \/>\n2472 \u00a0 P BRUNO BLACK<br \/>\n2473 \u00a0 S BABE BLACK<br \/>\n2474 \u00a0 S BEATRIX BLACK<br \/>\n2475 \u00a0 S BRIGITTE BLACK<\/p>\n","protected":false},"excerpt":{"rendered":"<p>Zwergschnauzer\/ z \u0160ardanu (\u010dierny) Koll\u00e1rov\u00e1 \u0160\u00e1rka Janka Magu 132,\u00a0034 91 \u0160vo\u0161ov 22.01.2013 NEWTON z \u0160ardanu\/SPKP 2198 MICHELLE z \u0160ardanu\/SPKP 2127 2396 \u00a0 P WINTER SECRETS 2397 \u00a0 P WINTER SURPRISE 2398 \u00a0 P WINTER WINNER 2399 \u00a0 S WINTER NIGHT 2400 \u00a0 S WINTER QUEEN Dastynella elegant (\u010dierny) Pint\u00e9r Karol Bauerov\u00e1 7,\u00a0040 23 Ko\u0161ice 07.05.2013 [&hellip;]<\/p>\n","protected":false},"author":2,"featured_media":0,"parent":2990,"menu_order":0,"comment_status":"closed","ping_status":"closed","template":"","meta":{"slim_seo":{"title":"2013 Zwergschnauzer - KCHPB","description":"Zwergschnauzer\/ z \u0160ardanu (\u010dierny) Koll\u00e1rov\u00e1 \u0160\u00e1rka Janka Magu 132,\u00a0034 91 \u0160vo\u0161ov 22.01.2013 NEWTON z \u0160ardanu\/SPKP 2198 MICHELLE z \u0160ardanu\/SPKP 2127 2396 \u00a0 P WIN"},"footnotes":""},"class_list":["post-11729","page","type-page","status-publish","hentry"],"_links":{"self":[{"href":"https:\/\/www.schnauzerclub.sk\/en\/wp-json\/wp\/v2\/pages\/11729","targetHints":{"allow":["GET"]}}],"collection":[{"href":"https:\/\/www.schnauzerclub.sk\/en\/wp-json\/wp\/v2\/pages"}],"about":[{"href":"https:\/\/www.schnauzerclub.sk\/en\/wp-json\/wp\/v2\/types\/page"}],"author":[{"embeddable":true,"href":"https:\/\/www.schnauzerclub.sk\/en\/wp-json\/wp\/v2\/users\/2"}],"replies":[{"embeddable":true,"href":"https:\/\/www.schnauzerclub.sk\/en\/wp-json\/wp\/v2\/comments?post=11729"}],"version-history":[{"count":0,"href":"https:\/\/www.schnauzerclub.sk\/en\/wp-json\/wp\/v2\/pages\/11729\/revisions"}],"up":[{"embeddable":true,"href":"https:\/\/www.schnauzerclub.sk\/en\/wp-json\/wp\/v2\/pages\/2990"}],"wp:attachment":[{"href":"https:\/\/www.schnauzerclub.sk\/en\/wp-json\/wp\/v2\/media?parent=11729"}],"curies":[{"name":"wp","href":"https:\/\/api.w.org\/{rel}","templated":true}]}}