{"id":25901,"date":"2016-12-31T14:27:42","date_gmt":"2016-12-31T12:27:42","guid":{"rendered":"http:\/\/www.schnauzerclub.sk\/?page_id=25901"},"modified":"2021-01-05T20:15:47","modified_gmt":"2021-01-05T18:15:47","slug":"2016-zwergschnauzer","status":"publish","type":"page","link":"https:\/\/www.schnauzerclub.sk\/en\/stud-book\/2016-zwergschnauzer\/","title":{"rendered":"2016 Zwergschnauzer"},"content":{"rendered":"<p><strong>Archeus (\u010dierny)<\/strong><br \/>\nKov\u00e1cs Pavel Ing.PhD.<br \/>\nPodture\u0148 613,\u00a0033 01 Liptovsk\u00fd Hr\u00e1dok<br \/>\n08.12.2015<br \/>\nHAMLET DE de Trufas Negras\/FCA 22658<br \/>\nKASSANDRA KRISTINKA Wild Rane\/SPKP 2313<br \/>\n2673 S AEMY KASSANDRA<br \/>\n2674 S AGAP\u00c9 KASSANDRA<br \/>\n2675 S ANDREA KASSANDRA<\/p>\n<p><strong>Wild Rane (\u010dierny)<\/strong><br \/>\nAdam\u010diakovi Juraj a Andrea<br \/>\n\u017delezni\u010dn\u00e1 955,\u00a0034 95 Likavka<br \/>\n10.01.2016<br \/>\nATLANTIS SHUTTLE FRO Dolina Rivendell\/PKR 116594<br \/>\nNICCOL KRIST\u00cdNA Wild Rane\/SPKP 2414<br \/>\n2676 P XANDER OZZY ATLANTIS<br \/>\n2677 P XAVIER ATLANTIS<br \/>\n2678 P XERXES ATLANTIS<br \/>\n2679 S XANTHE GWENN NICCOL<br \/>\n2680 S XARINA NICCOL<\/p>\n<p><strong>Danky dog (korenie a so\u013e)<\/strong><br \/>\nChrenkov\u00e1 Daniela<br \/>\nE. Necseya 3166\/1,\u00a0010 08 \u017dilina<br \/>\n24.01.2016<br \/>\nOLIVER KING Astronaut\/SPKP 2574<br \/>\nANETKA Danky dog\/SPKP 2166<br \/>\n2681 P DARKO<br \/>\n2682 P DINKO<br \/>\n2683 S D\u00c1\u0160ENKA<br \/>\n2684 S DOROTKA<\/p>\n<p><strong>Ante Castrum Lewa (\u010dierny)<\/strong><br \/>\nBerkov\u00e1 Kl\u00e1ra Ing.<br \/>\nul.Zd.Nejedl\u00e9ho 32,\u00a0934 05 Levice<br \/>\n22.01.2016<br \/>\nRAVEN SILVER Bikin dvor\/SPKP 2093<br \/>\nJEANNE D\u00b4ARC Enel fenomen\/SPKP 2262<br \/>\n2685 P EDMONDUS<br \/>\n2686 P EDWARDUS<br \/>\n2687 P EUGENIUS<br \/>\n2688 S ELEONORA<br \/>\n2689 S ELIZA<\/p>\n<p><strong>Ante Castrum Lewa (korenie a so\u013e)<\/strong><br \/>\nBerkov\u00e1 Kl\u00e1ra Ing.<br \/>\nul.Zd.Nejedl\u00e9ho 32,\u00a0934 05 Levice<br \/>\n03.02.2016<br \/>\nJESSE JAMES Mal\u00fd kaval\u00edr\/CMKU 7136<br \/>\nCALLISTO Enel fenomen\/SPKP 2051<br \/>\n2690 P FABRICIUS<br \/>\n2691 P FAUNUS<br \/>\n2692 P FELIX<br \/>\n2693 P FORI\u00c1N<br \/>\n2694 P FREDY<br \/>\n2695 S FABI<br \/>\n2696 S FLORA<\/p>\n<p><strong>Dastynella elegant (korenie a so\u013e)<\/strong><br \/>\nPint\u00e9r Karol<br \/>\n044 01 Drienovec 350<br \/>\n23.03.2016<br \/>\nRAYMOND z \u0160ardanu\/SPKP 1791<br \/>\nSEA GHOST FROM Dolina Rivendell\/SPKP 2407<br \/>\n2698 P UBAID<br \/>\n2699 P USIRE<br \/>\n2700 S UN NEFER<br \/>\n2701 S UNUT<br \/>\n2702 S USHABTI<\/p>\n<p><strong>Enel fenomen<\/strong><br \/>\nButykov\u00e1 Miriam<br \/>\n\u010d.137,\u00a0908 74 Mal\u00e9 Lev\u00e1re<br \/>\n27.03.2016<br \/>\nOLIVER KING Astronaut\/SPKP 2574<br \/>\nAGNES WT Rezlark\/SPKP 2405<br \/>\n2703 P X-MAN (\u010dierny)<br \/>\n2704 P XAVI (k+s)<br \/>\n2705 S XANTHE (k+s)<\/p>\n<p><strong>Wild Rane (\u010diernostrieborn\u00fd)<\/strong><br \/>\nAdam\u010diakovi Juraj a Andrea<br \/>\n\u017delezni\u010dn\u00e1 955,\u00a0034 95 Likavka<br \/>\n09.03.2016<br \/>\nEARNUR STAR FROM Dolina Rivendell\/SPKP 2319<br \/>\nSUSANE SILVER Bikin dvor\/SPKP 2120<br \/>\n2706 P YASPER EARNUR STAR<\/p>\n<p><strong>Wild Rane (korenie a so\u013e)<\/strong><br \/>\nAdam\u010diakovi Juraj a Andrea<br \/>\n\u017delezni\u010dn\u00e1 955,\u00a0034 95 Likavka<br \/>\n16.03.2016<br \/>\nOLIVER KING Astronaut\/SPKP 2574<br \/>\nPRINCESS LEA JASMIN Wild Rane\/SPKP 2449<br \/>\n2707 P ZACHARY OLIVER KING<br \/>\n2708 S ZOEY PRINCESS LEA<\/p>\n<p><strong>Agape (\u010diernostrieborn\u00fd)<\/strong><br \/>\nKro\u010danov\u00e1 Marta<br \/>\nDudv\u00e1\u017eska 12,\u00a0821 07 Bratislava<br \/>\n22.03.2016<br \/>\nBABY KING Bohemia Vulkan\/CMKU 8032<br \/>\nHAIDEE HANNAH SUE Agape\/SPKP 2350<br \/>\n2709 P CHRISTIAN LUKE<br \/>\n2710 S CHANEL QUICK SILVER<br \/>\n2711 S CHRISTINA AT\u00c9<\/p>\n<p><strong>Kelador (korenie a so\u013e)<\/strong><br \/>\nStrakov\u00e1 Zuzana<br \/>\nBrig\u00e1dnick\u00e1 5,\u00a0841 10 Bratislava<br \/>\n17.04.2016<br \/>\nKASHMIR Starling\u00b4s\/DK 08851<br \/>\nJESABELL Kelador\/SPKP 2432<br \/>\n2713 P MERLIN<\/p>\n<p><strong>Bikin dvor (\u010diernostrieborn\u00fd)<\/strong><br \/>\nHavl\u00edkov\u00e1 Zuzana<br \/>\nSv\u00e4tourbansk\u00e1 40<br \/>\n949 01 Nitra<br \/>\n03.06.2016<br \/>\nJHONAL\u00c9 ALEX Dog-Otho\u00b4s\/SPKP 2249<br \/>\nSOFIA SILVER Bikin dvor\/SPKP 2121<br \/>\n2714 P IZMAEL SILVER<br \/>\n2715 S IRIS SILVER<br \/>\n2716 S ISOLDA SILVER<br \/>\n2717 S IVETTE SILVER<\/p>\n<p><strong>Enel fenomen (\u010dierny)<\/strong><br \/>\nButykov\u00e1 Miriam<br \/>\n\u010d.137,\u00a0908 74 Mal\u00e9 Lev\u00e1re<br \/>\n16.06.2016<br \/>\nJASON Enel fenomen\/SPKP 2260<br \/>\nORKA Enel fenomen\/SPKP 2461<br \/>\n2718 P AMOR<br \/>\n2719 P AXEL<br \/>\n2720 P AMULET<br \/>\n2721 S A\u0160KA<br \/>\n2722 S ATLANTA<\/p>\n<p><strong>Bikin dvor<\/strong><br \/>\nHavl\u00edkov\u00e1 Zuzana<br \/>\nSv\u00e4tourbansk\u00e1 40,\u00a0949 01 Nitra<br \/>\n26.08.2016<br \/>\nRAVEN SILVER Bikin dvor\/SPKP 2093<br \/>\nCELEBRATION OF LOVE Victorious Star\/SPKP 2328<br \/>\n2723 P JACOB SILVER (\u010dstr)<br \/>\n2724 S JOANNA SILVER (\u010dstr)<br \/>\n2725 S JOHANNA SILVER (\u010dstr)<br \/>\n2726 S JUDITH SILVER (\u010dstr)<br \/>\n2727 S JULIETTA BLACK (\u010dierna)<br \/>\n2728 S JULY BLACK (\u010dierna)<\/p>\n<p><strong>Wild Rane (\u010dierny)<\/strong><br \/>\nAdam\u010diakovi Juraj a Andrea<br \/>\n\u017delezni\u010dn\u00e1 955,\u00a0034 95 Likavka<br \/>\n04.07.2016<br \/>\nNATAR HAMLET Wild Rane\/SPKP 2411<br \/>\nSUGAR BABY FAIRY Wild Rane\/SPKP 2511<br \/>\n2729 P AMIGO BENNY NATAR<br \/>\n2730 P ANDREAS NATAR<br \/>\n2731 P ANGEL TOMI NATAR<br \/>\n2732 S AGLAIA SUGAR<br \/>\n2733 S AMANDA SUGAR<br \/>\n2734 S ANGELIQUE SUGAR<br \/>\n2735 S ANTHEA SUGAR<br \/>\n2736 S ASTER SUGAR<\/p>\n<p><strong>Wild Rane (\u010dierny)<\/strong><br \/>\nAdam\u010diakovi Juraj a Andrea<br \/>\n\u017delezni\u010dn\u00e1 955,\u00a0034 95 Likavka<br \/>\n19.07.2016<br \/>\nEARNUR STAR FROM Dolina Rivendell\/SPKP 2319<br \/>\nNICCOL KRIST\u00cdNA Wild Rane\/SPKP 2414<br \/>\n2737 P BALDWIN EARNUR<br \/>\n2738 P BASILEIUS EARNUR<br \/>\n2739 P BRONSON EARNUR<br \/>\n2740 S BELLA NICCOL<br \/>\n2741 S BELINDA NICCOL<\/p>\n<p><strong>Wild Rane (korenie a so\u013e)<\/strong><br \/>\nAdam\u010diakovi Juraj a Andrea<br \/>\n\u017delezni\u010dn\u00e1 955,\u00a0034 95 Likavka<br \/>\n09.09.2016<br \/>\nOLIVER KING Astronaut\/SPKP 2574<br \/>\nJASMIN GOLDIE Wild Rane\/SPKP 2239<br \/>\n2742 P CALVIN OLIVER KING<br \/>\n2743 P CAMILO OLIVER KING<br \/>\n2744 S CAILEE JASMIN<br \/>\n2745 S CALIOPE JASMIN<br \/>\n2746 S CAMELLIA JASMIN<br \/>\n2747 S CAMMY JASMIN<\/p>\n<p><strong>z Bieleho domu (korenie a so\u013e)<\/strong><br \/>\nStan\u00edk Miroslav<br \/>\nP\u00e1rnica 434,\u00a0026 01 Doln\u00fd Kub\u00edn<br \/>\n30.08.2016<br \/>\nNEWMAN Rezlark\/SPKP 2320<br \/>\nXMAS SNOWFLAKE z \u0160ardanu\/SPKP 2506<br \/>\n2749 P DARWIN<br \/>\n2750 P DENIS<br \/>\n2751 P DODO<br \/>\n2752 S DORY CHILLI<\/p>\n<p><strong>Kamisi Garden (\u010dierny)<\/strong><br \/>\nRoman\u010d\u00edkov\u00e1 Katar\u00edna Mgr.<br \/>\nZ\u00e1hradn\u00e1 1999\/3<br \/>\n909 01 Skalica<br \/>\n11.08.2016<br \/>\nALTAIR Fatalia Arva\/CMKU 6688<br \/>\nANY VICTORY Silver Gotcha\/SPKP 2402<br \/>\n2753 P CARBON MAGNETIK<br \/>\n2754 P CIAN FARELL<br \/>\n2755 P COLT BENNY<br \/>\n2756 P CORAL BRITON<br \/>\n2757 P CRYSTAL WYWERK<br \/>\n2758 S CASSANDRA AGNETTE<br \/>\n2759 S CLEA ALMAZ<\/p>\n<p><strong>Dastynella elegant (\u010dierny)<\/strong><br \/>\nPint\u00e9r Karol<br \/>\n044 01 Drienovec 350<br \/>\n17.09.2016<br \/>\nSHOTGUN-N di Monte Gentile\/PKR 100381<br \/>\nKAJA z \u0160ardanu\/SPKP 2104<br \/>\n2760 P VALLEY OF THE KINGS<br \/>\n2761 P VALLEY OF THE QUEENS<\/p>\n<p><strong>Dastynella elegant (\u010dierny)<\/strong><br \/>\nPint\u00e9r Karol<br \/>\n044 01 Drienovec 350<br \/>\n26.09.2016<br \/>\nSUPER STAR Kelly\u00b4s\/AKC 247967<br \/>\nHERMIONA z \u0160ardanu\/SPKP 2077<br \/>\n2762 S WENUNET<br \/>\n2763 S WESEBTI<\/p>\n<p><strong>Crazy paws (korenie a so\u013e)<\/strong><br \/>\n\u010cemanov\u00e1 Kiskov\u00e1 Ivana Mgr.<br \/>\nDostojevsk\u00e9ho 4532\/67,\u00a0058 01 Poprad<br \/>\n06.10.2016<br \/>\nCAPTAIN CRUNCH Kopykats\/KCSB 037847<br \/>\nANGIE Crazy paws\/SPKP 2236<br \/>\n2764 P FALCO<br \/>\n2765 P FELIX<\/p>\n<p><strong>Bikin dvor (\u010diernostrieborn\u00fd)<\/strong><br \/>\nHavl\u00edkov\u00e1 Zuzana<br \/>\nSv\u00e4tourbansk\u00e1 40,\u00a0949 01 Nitra<br \/>\n28.10.2016<br \/>\nJHONAL\u00c9 ALEX Dog-Otho\u00b4s\/SPKP 2249<br \/>\nXANTI SILVER Bikin dvor\/SPKP 2386<br \/>\n2766 P LUCAS SILVER<br \/>\n2767 S LIANNA SILVER<br \/>\n2768 S LUCY SILVER<\/p>\n<p><strong>Bikin dvor (\u010dierny)<\/strong><br \/>\nHavl\u00edkov\u00e1 Zuzana<br \/>\nSv\u00e4tourbansk\u00e1 40,\u00a0949 01 Nitra<br \/>\n30.10.2016<br \/>\nCABO Quendoline Silesia\/CMKU 8111<br \/>\nEMILY BLACK Bikin dvor\/SPKP 2591<br \/>\n2769 P MARCO BLACK<br \/>\n2770 P MATHEUS BLACK<br \/>\n2771 S MAYA BLACK<\/p>\n<p><strong>Enel fenomen (\u010dierny)<\/strong><br \/>\nButykov\u00e1 Miriam<br \/>\n\u010d.137,\u00a0908 74 Mal\u00e9 Lev\u00e1re<br \/>\n19.10.2016<br \/>\nREMUS Enel fenomen\/SPKP 2519<br \/>\nALEXANDRA ELBA PADIJ z Olomouck\u00e9 pevn\u016fstky\/SPKP 2559<br \/>\n2772 P BRUNO<br \/>\n2773 P BALBOA ROCKY<br \/>\n2774 S BELLA<br \/>\n2775 S BEATA<br \/>\n2776 S BELLATRIX<\/p>\n<p><strong>z Bieleho domu (biely)<\/strong><br \/>\nStan\u00edk Miroslav<br \/>\nP\u00e1rnica 434,\u00a0026 01 Doln\u00fd Kub\u00edn<br \/>\n03.11.2016<br \/>\nJONAS Dog-Otho\u00b4s\/SPKP 2250<br \/>\nSPECIAL EVENT z \u0160ardanu\/SPKP 2307<br \/>\n2777 P ENZO<br \/>\n2778 P EDMOND<br \/>\n2779 P EINSTEIN<br \/>\n2780 S ERRY CON OGI NERE<br \/>\n2781 S ELLA<br \/>\n2782 S EMMA<br \/>\n2783 S ESME<\/p>\n<p><strong>z Bieleho domu (biely)<\/strong><br \/>\nStan\u00edk Miroslav<br \/>\nP\u00e1rnica 434,\u00a0026 01 Doln\u00fd Kub\u00edn<br \/>\n06.11.2016<br \/>\nTRANT Nagyiregi\/MET 219<br \/>\nBELLATRIX LESTRANGE z \u0160ardanu\/SPKP 2505<br \/>\n2784 P FUTURE HERO<br \/>\n2785 P FUTURE KING<br \/>\n2786 P FUTURE PRINCE<br \/>\n2787 S FUTURE QUEEN<br \/>\n2788 S FUTURE PRINCESS<br \/>\n2789 S FUTURE STAR<\/p>\n","protected":false},"excerpt":{"rendered":"<p>Archeus (\u010dierny) Kov\u00e1cs Pavel Ing.PhD. Podture\u0148 613,\u00a0033 01 Liptovsk\u00fd Hr\u00e1dok 08.12.2015 HAMLET DE de Trufas Negras\/FCA 22658 KASSANDRA KRISTINKA Wild Rane\/SPKP 2313 2673 S AEMY KASSANDRA 2674 S AGAP\u00c9 KASSANDRA 2675 S ANDREA KASSANDRA Wild Rane (\u010dierny) Adam\u010diakovi Juraj a Andrea \u017delezni\u010dn\u00e1 955,\u00a0034 95 Likavka 10.01.2016 ATLANTIS SHUTTLE FRO Dolina Rivendell\/PKR 116594 NICCOL KRIST\u00cdNA Wild [&hellip;]<\/p>\n","protected":false},"author":2,"featured_media":0,"parent":2990,"menu_order":0,"comment_status":"closed","ping_status":"closed","template":"","meta":{"slim_seo":{"title":"2016 Zwergschnauzer - KCHPB","description":"Archeus (\u010dierny) Kov\u00e1cs Pavel Ing.PhD. Podture\u0148 613,\u00a0033 01 Liptovsk\u00fd Hr\u00e1dok 08.12.2015 HAMLET DE de Trufas Negras\/FCA 22658 KASSANDRA KRISTINKA Wild Rane\/SPKP"},"footnotes":""},"class_list":["post-25901","page","type-page","status-publish","hentry"],"_links":{"self":[{"href":"https:\/\/www.schnauzerclub.sk\/en\/wp-json\/wp\/v2\/pages\/25901","targetHints":{"allow":["GET"]}}],"collection":[{"href":"https:\/\/www.schnauzerclub.sk\/en\/wp-json\/wp\/v2\/pages"}],"about":[{"href":"https:\/\/www.schnauzerclub.sk\/en\/wp-json\/wp\/v2\/types\/page"}],"author":[{"embeddable":true,"href":"https:\/\/www.schnauzerclub.sk\/en\/wp-json\/wp\/v2\/users\/2"}],"replies":[{"embeddable":true,"href":"https:\/\/www.schnauzerclub.sk\/en\/wp-json\/wp\/v2\/comments?post=25901"}],"version-history":[{"count":0,"href":"https:\/\/www.schnauzerclub.sk\/en\/wp-json\/wp\/v2\/pages\/25901\/revisions"}],"up":[{"embeddable":true,"href":"https:\/\/www.schnauzerclub.sk\/en\/wp-json\/wp\/v2\/pages\/2990"}],"wp:attachment":[{"href":"https:\/\/www.schnauzerclub.sk\/en\/wp-json\/wp\/v2\/media?parent=25901"}],"curies":[{"name":"wp","href":"https:\/\/api.w.org\/{rel}","templated":true}]}}