{"id":25906,"date":"2016-12-31T14:02:02","date_gmt":"2016-12-31T12:02:02","guid":{"rendered":"http:\/\/www.schnauzerclub.sk\/?page_id=25906"},"modified":"2021-01-05T20:17:42","modified_gmt":"2021-01-05T18:17:42","slug":"2016-riesenschnazuer","status":"publish","type":"page","link":"https:\/\/www.schnauzerclub.sk\/en\/stud-book\/2016-riesenschnazuer\/","title":{"rendered":"2016 Riesenschnazuer"},"content":{"rendered":"<p><strong>Aspera Visum (\u010dierny)<\/strong><br \/>\nR\u00e1\u010dkov\u00e1 Iveta<br \/>\nHor\u0161a 53,\u00a0934 01 Levice<br \/>\n01.12.2015<br \/>\nSIR JACK von Elberfeld\/VDH 610104<br \/>\nGRETA GARBO Kelador\/SPKP 1802<br \/>\n2006 P AMAN<br \/>\n2007 S ADONA<br \/>\n2008 S AFRIS<br \/>\n2009 S ARONY<br \/>\n2010 S ARLIN<\/p>\n<p><strong>Kelador (korenie a so\u013e)<\/strong><br \/>\nStrakov\u00e1 Zuzana<br \/>\nBrig\u00e1dnick\u00e1 5,\u00a0841 10 Bratislava<br \/>\n19.01.2016<br \/>\nBADROCK Silver Senator\/MET 10132<br \/>\nHESTIA Kelador\/SPKP 1856<br \/>\n2012 P LERRON<br \/>\n2013 P LEXUS<br \/>\n2014 S LORRAINE<\/p>\n<p><strong>Independent dog (korenie a so\u013e)<\/strong><br \/>\nSvoboda Pavel<br \/>\nA. \u017darnova 34,\u00a001001 \u017dilina<br \/>\n03.03.2016<br \/>\nACHILES Enel fenomen\/SPKP 1669<br \/>\nMISSISSIPPI Enel fenomen\/SPKP 1901<br \/>\n2017 P ALBERTO<br \/>\n2018 S ALLESANDRA<br \/>\n2019 S ANNE HARIE<br \/>\n2020 S ANNA ROZA<\/p>\n<p><strong>Triumetal (\u010dierny)<\/strong><br \/>\nSla\u010dkov\u00e1 Jaroslava Ing.<br \/>\nPriebe\u017en\u00e1 489\/9<br \/>\n031 04 Liptovsk\u00fd Mikul\u00e1\u0161<br \/>\n29.03.2016<br \/>\nURIAH HEEP Radinie\/SPKP 1733<br \/>\nDIANA FRANCIS Radinie\/SPKP 1858<br \/>\n2021 P ACTIVE VOLCANO<br \/>\n2022 P ALL RIGHT<br \/>\n2023 P AMAZING ACCORD<br \/>\n2024 P ARCTIC OCEAN<br \/>\n2025 S ACE ASTERISK<br \/>\n2026 S AFFABLE ANGEL<br \/>\n2027 S ALIGHT STAR<br \/>\n2028 S AMBER BROOCH<br \/>\n2029 S AZURE SEA<\/p>\n<p><strong>Enel fenomen (\u010dierny)<\/strong><br \/>\nButykov\u00e1 Miriam<br \/>\n\u010d.137,\u00a0908 74 Mal\u00e9 Lev\u00e1re<br \/>\n23.04.2016<br \/>\nSNOW FROST Gloris\/SPKP 1848<br \/>\nRISING LIGHTS Triumetal\/SPKP 1844<br \/>\n2030 P YACKIE<br \/>\n2031 P YAGO<br \/>\n2032 P YETTI<br \/>\n2033 P YAENKEE<br \/>\n2034 S YASMIN<br \/>\n2035 S YSABEL<br \/>\n2036 S YESTERDAY NIGHT<br \/>\n2037 S YELLOW SUN<br \/>\n2038 S YAMMARAI<\/p>\n<p><strong>Independent dog (\u010dierny)<\/strong><br \/>\nSvoboda Pavel<br \/>\nA. \u017darnova 34,\u00a001001 \u017dilina<br \/>\n10.06.2016<br \/>\nURIAH HEEP Radinie\/SPKP 1733<br \/>\nUNION II. Triumetal\/SPKP 1930<br \/>\n2039 P BALLE BLACK<br \/>\n2040 P BORNN BLACK<br \/>\n2041 P BRUNO BLACK<br \/>\n2042 S BRITANNI BLACK<\/p>\n<p><strong>Triumetal (\u010dierny)<\/strong><br \/>\nSla\u010dkov\u00e1 Jaroslava Ing.<br \/>\nPriebe\u017en\u00e1 489\/9<br \/>\n031 04 Liptovsk\u00fd Mikul\u00e1\u0161<br \/>\n02.06.2016<br \/>\nFRENKLIN ze Slune\u010dn\u00e9 verandy\/CMKU 6551<br \/>\nFLORENTINA Radinie\/SPKP 1948<br \/>\n2043 P BILL BOY<br \/>\n2044 P BLACK VELVET<br \/>\n2045 P BYE-BYE<br \/>\n2046 S BLACK HOLE SUN<br \/>\n2047 S BOHEMIAN RHAPSODY<\/p>\n<p><strong>Enel fenomen (korenie a so\u013e)<\/strong><br \/>\nButykov\u00e1 Miriam<br \/>\n\u010d.137,\u00a0908 74 Mal\u00e9 Lev\u00e1re<br \/>\n11.05.2016<br \/>\nHUGO BOSS Silver Senator\/SPKP 1916<br \/>\nMENDY Enel fenomen\/SPKP 1896<br \/>\n2049 P ZAF\u00cdR<br \/>\n2050 P ZEUS<\/p>\n","protected":false},"excerpt":{"rendered":"<p>Aspera Visum (\u010dierny) R\u00e1\u010dkov\u00e1 Iveta Hor\u0161a 53,\u00a0934 01 Levice 01.12.2015 SIR JACK von Elberfeld\/VDH 610104 GRETA GARBO Kelador\/SPKP 1802 2006 P AMAN 2007 S ADONA 2008 S AFRIS 2009 S ARONY 2010 S ARLIN Kelador (korenie a so\u013e) Strakov\u00e1 Zuzana Brig\u00e1dnick\u00e1 5,\u00a0841 10 Bratislava 19.01.2016 BADROCK Silver Senator\/MET 10132 HESTIA Kelador\/SPKP 1856 2012 P LERRON [&hellip;]<\/p>\n","protected":false},"author":2,"featured_media":0,"parent":2990,"menu_order":0,"comment_status":"closed","ping_status":"closed","template":"","meta":{"slim_seo":{"title":"2016 Riesenschnazuer - KCHPB","description":"Aspera Visum (\u010dierny) R\u00e1\u010dkov\u00e1 Iveta Hor\u0161a 53,\u00a0934 01 Levice 01.12.2015 SIR JACK von Elberfeld\/VDH 610104 GRETA GARBO Kelador\/SPKP 1802 2006 P AMAN 2007 S ADONA"},"footnotes":""},"class_list":["post-25906","page","type-page","status-publish","hentry"],"_links":{"self":[{"href":"https:\/\/www.schnauzerclub.sk\/en\/wp-json\/wp\/v2\/pages\/25906","targetHints":{"allow":["GET"]}}],"collection":[{"href":"https:\/\/www.schnauzerclub.sk\/en\/wp-json\/wp\/v2\/pages"}],"about":[{"href":"https:\/\/www.schnauzerclub.sk\/en\/wp-json\/wp\/v2\/types\/page"}],"author":[{"embeddable":true,"href":"https:\/\/www.schnauzerclub.sk\/en\/wp-json\/wp\/v2\/users\/2"}],"replies":[{"embeddable":true,"href":"https:\/\/www.schnauzerclub.sk\/en\/wp-json\/wp\/v2\/comments?post=25906"}],"version-history":[{"count":0,"href":"https:\/\/www.schnauzerclub.sk\/en\/wp-json\/wp\/v2\/pages\/25906\/revisions"}],"up":[{"embeddable":true,"href":"https:\/\/www.schnauzerclub.sk\/en\/wp-json\/wp\/v2\/pages\/2990"}],"wp:attachment":[{"href":"https:\/\/www.schnauzerclub.sk\/en\/wp-json\/wp\/v2\/media?parent=25906"}],"curies":[{"name":"wp","href":"https:\/\/api.w.org\/{rel}","templated":true}]}}