{"id":25908,"date":"2016-12-31T16:16:54","date_gmt":"2016-12-31T14:16:54","guid":{"rendered":"http:\/\/www.schnauzerclub.sk\/?page_id=25908"},"modified":"2021-01-05T20:16:26","modified_gmt":"2021-01-05T18:16:26","slug":"2016-bradac-stredny","status":"publish","type":"page","link":"https:\/\/www.schnauzerclub.sk\/en\/stud-book\/2016-bradac-stredny\/","title":{"rendered":"2016 Schnauzer"},"content":{"rendered":"<p><strong>z Romoru (korenie a so\u013e)<\/strong><br \/>\nDrli\u010dkov\u00e1 Krist\u00edna<br \/>\nKoll\u00e1rova 1634\/7,\u00a0921 01 Pie\u0161\u0165any<br \/>\n09.05.2016<br \/>\nFROST Gloria Leones\/CMKU 8105<br \/>\nBONETTA DETTA z Romoru\/SPKP 1353<br \/>\n1486 P FAWO<br \/>\n1487 P FARADAY<br \/>\n1488 P FARWAY<br \/>\n1489 P FAYR PLAY<br \/>\n1490 P FOKER<br \/>\n1491 S FANTASY<br \/>\n1492 S FIESTA<br \/>\n1493 S FL\u00c1VIA<br \/>\n1494 S FATIMA<\/p>\n<p><strong>z Romoru (korenie a so\u013e)<\/strong><br \/>\nDrli\u010dkov\u00e1 Krist\u00edna<br \/>\nKoll\u00e1rova 1634\/7,\u00a0921 01 Pie\u0161\u0165any<br \/>\n11.05.2016<br \/>\nBENTLEY Posledn\u00ed skaut\/SPKP 1485<br \/>\nCARMEN CLEA z Romoru\/SPKP 1387<br \/>\n1495 P GOLDWING<br \/>\n1496 P GRIF<br \/>\n1497 S GRENADA<br \/>\n1498 S GRACIA GERDA<\/p>\n<p><strong>Imprese (korenie a so\u013e)<\/strong><br \/>\nMaz\u00e1kov\u00e1 Jana<br \/>\nJ\u00e1na Ra\u0161u 570,\u00a0900 86 Budmerice<br \/>\n11.08.2016<br \/>\nRAPID REFLEX Alarm Beskyd\/CMKU 8154<br \/>\nKILLY Imprese\/SPKP 1445<br \/>\n1500 P MARLEY<br \/>\n1501 P MAURI<br \/>\n1502 P MARCUS<br \/>\n1503 P MARVIS<br \/>\n1504 S MYSTERY<br \/>\n1505 S MERET<br \/>\n1506 S MAAT<br \/>\n1507 S MEDA<br \/>\n1508 S MEGGI<br \/>\n1509 S MAFIA<\/p>\n","protected":false},"excerpt":{"rendered":"<p>z Romoru (korenie a so\u013e) Drli\u010dkov\u00e1 Krist\u00edna Koll\u00e1rova 1634\/7,\u00a0921 01 Pie\u0161\u0165any 09.05.2016 FROST Gloria Leones\/CMKU 8105 BONETTA DETTA z Romoru\/SPKP 1353 1486 P FAWO 1487 P FARADAY 1488 P FARWAY 1489 P FAYR PLAY 1490 P FOKER 1491 S FANTASY 1492 S FIESTA 1493 S FL\u00c1VIA 1494 S FATIMA z Romoru (korenie a so\u013e) Drli\u010dkov\u00e1 [&hellip;]<\/p>\n","protected":false},"author":2,"featured_media":0,"parent":2990,"menu_order":0,"comment_status":"closed","ping_status":"closed","template":"","meta":{"slim_seo":{"title":"2016 Schnauzer - KCHPB","description":"z Romoru (korenie a so\u013e) Drli\u010dkov\u00e1 Krist\u00edna Koll\u00e1rova 1634\/7,\u00a0921 01 Pie\u0161\u0165any 09.05.2016 FROST Gloria Leones\/CMKU 8105 BONETTA DETTA z Romoru\/SPKP 1353 1486 P F"},"footnotes":""},"class_list":["post-25908","page","type-page","status-publish","hentry"],"_links":{"self":[{"href":"https:\/\/www.schnauzerclub.sk\/en\/wp-json\/wp\/v2\/pages\/25908","targetHints":{"allow":["GET"]}}],"collection":[{"href":"https:\/\/www.schnauzerclub.sk\/en\/wp-json\/wp\/v2\/pages"}],"about":[{"href":"https:\/\/www.schnauzerclub.sk\/en\/wp-json\/wp\/v2\/types\/page"}],"author":[{"embeddable":true,"href":"https:\/\/www.schnauzerclub.sk\/en\/wp-json\/wp\/v2\/users\/2"}],"replies":[{"embeddable":true,"href":"https:\/\/www.schnauzerclub.sk\/en\/wp-json\/wp\/v2\/comments?post=25908"}],"version-history":[{"count":0,"href":"https:\/\/www.schnauzerclub.sk\/en\/wp-json\/wp\/v2\/pages\/25908\/revisions"}],"up":[{"embeddable":true,"href":"https:\/\/www.schnauzerclub.sk\/en\/wp-json\/wp\/v2\/pages\/2990"}],"wp:attachment":[{"href":"https:\/\/www.schnauzerclub.sk\/en\/wp-json\/wp\/v2\/media?parent=25908"}],"curies":[{"name":"wp","href":"https:\/\/api.w.org\/{rel}","templated":true}]}}