{"id":25913,"date":"2017-02-06T14:17:56","date_gmt":"2017-02-06T12:17:56","guid":{"rendered":"http:\/\/www.schnauzerclub.sk\/?page_id=25913"},"modified":"2021-01-05T20:21:25","modified_gmt":"2021-01-05T18:21:25","slug":"2015-zwergschnauzer","status":"publish","type":"page","link":"https:\/\/www.schnauzerclub.sk\/en\/stud-book\/2015-zwergschnauzer\/","title":{"rendered":"2015 Zwergschnauzer"},"content":{"rendered":"<p><strong>Dastynella elegant (biely)<\/strong><br \/>\nPint\u00e9r Karol,\u00a0Bauerov\u00e1 7<br \/>\n040 23 Ko\u0161ice<br \/>\n28.11.2014<br \/>\nSPY champ of the Neighbourhood\/HR 11379<br \/>\nSEA GHOST FROM Dolina Rivendell\/SPKP 2407<br \/>\n2575 P NEBKARE<br \/>\n2576 P NEBRE<br \/>\n2577 P NEFERTUM<br \/>\n2578 P NEPER<br \/>\n2579 P N\u00cdLE<br \/>\n2580 S NEFERTITI<\/p>\n<p><strong>Kamisi Garden (\u010dierny)<\/strong><br \/>\nJozefovi\u010dov\u00e1 Katar\u00edna Mgr.<br \/>\n908 49 Vr\u00e1di\u0161te 205<br \/>\n24.10.2014<br \/>\nJARED Enel fenomen\/SPKP 2259<br \/>\nANY VICTORY Silver Gotcha\/SPKP 24022310.<br \/>\n2581 P ASMAN BRANWEL2311.<br \/>\n2582 S ALBA ELIDOR<br \/>\n2583 S AYWA PALLAS<\/p>\n<p><strong>z Bieleho domu (biely)<\/strong><br \/>\nStan\u00edk Miroslav<br \/>\nP\u00e1rnica 43, 4026 01 Doln\u00fd Kub\u00edn<br \/>\n19.12.2014<br \/>\nVALENTINO z \u0160ardanu\/SPKP 2392<br \/>\nSPECIAL EVENT z \u0160ardanu\/SPKP 2307<br \/>\n2584 P AWESOME BARNEY<br \/>\n2585 P AWESOME MARSHALL<br \/>\n2586 S AWESOME LILY<br \/>\n2587 S AWESOME ROBIN<\/p>\n<p><strong>Bikin dvor<\/strong><br \/>\nHavl\u00edkov\u00e1 Zuzana<br \/>\nSv\u00e4tourbansk\u00e1 40,\u00a0949 01 Nitra<br \/>\n02.02.2015<br \/>\nBANGA Rovelis\/SPKP 2329<br \/>\nCELEBRATION OF LOVE Victorious Star\/SPKP 2328<br \/>\n2588 P EDUARDO BLACK (\u010dierny)<br \/>\n2589 P EMANUEL SILVER (\u010diernostrieborn\u00fd)<br \/>\n2590 P ENRICO SILVER (\u010diernostrieborn\u00fd)<br \/>\n2591 S EMILY BLACK (\u010dierna)<\/p>\n<p><strong>Imprese (korenie a so\u013e)<\/strong><br \/>\nMaz\u00e1kov\u00e1 Jana<br \/>\nJ\u00e1na Ra\u0161u 570,\u00a0900 86 Budmerice<br \/>\n25.01.2015<br \/>\nIBSEN Kelador\/SPKP 2344<br \/>\nYVES z \u0160ardanu\/SPKP 1975<br \/>\n2592 P LUCKY LEE<br \/>\n2593 P LACKY LEE<\/p>\n<p><strong>Wild Rane (\u010dierny)<\/strong><br \/>\nAdam\u010diakovi Juraj a Andrea<br \/>\n\u017delezni\u010dn\u00e1 955,\u00a0034 95 Likavka<br \/>\n20.01.2015<br \/>\nEARNUR STAR FROM Dolina Rivendell\/SPKP 2319<br \/>\nKRIST\u00cdNKA z \u0160ardanu\/SPKP 2106<br \/>\n2594 P UMRAO EARNUR<br \/>\n2595 P URI EARNUR<br \/>\n2596 P URIEL EARNUR<br \/>\n2597 S ULRIKE KRIST\u00cdNA<br \/>\n2598 S UNA GWENN KRIST\u00cdNA<br \/>\n2599 S UNEXPECTED KRIST\u00cdNA<br \/>\n2600 S UNIQUE KRIST\u00cdNA<\/p>\n<p><strong>Crazy paws (korenie a so\u013e)<\/strong><br \/>\n\u010cemanov\u00e1 Kiskov\u00e1 Ivana Mgr.<br \/>\nDostojevsk\u00e9ho 4532\/67,\u00a0058 01 Poprad<br \/>\n11.02.2015<br \/>\nGLAMOUR VISION Piwowar\/PKR 87388<br \/>\nANGIE Crazy paws\/SPKP 2236<br \/>\n2601 S DAISY<br \/>\n2602 S DOLCE<\/p>\n<p><strong>Dastynella elegant (\u010dierny)<\/strong><br \/>\nPint\u00e9r Karol<br \/>\nBauerov\u00e1 7,\u00a0040 23 Ko\u0161ice<br \/>\n21.02.2015<br \/>\nX-TREME AT MENGO CEL Dreamkiss\/RKF 358084<br \/>\nHERMIONA z \u0160ardanu\/SPKP 2077<br \/>\n2605 P OASIS<br \/>\n2606 P ONHURET<br \/>\n2607 P OSORKON<br \/>\n2608 S OSIRIS<\/p>\n<p><strong>Wild Rane (\u010dierny)<\/strong><br \/>\nAdam\u010diakovi Juraj a Andrea<br \/>\n\u017delezni\u010dn\u00e1 955,\u00a0034 95 Likavka<br \/>\n01.06.2015<br \/>\nJONAS Dog-Otho\u00b4s\/SPKP 2250<br \/>\nGOLDIE BEKY z Barokamu\/SPKP 1921<br \/>\n2610 P VALTER JONAS<br \/>\n2611 P VILIBALD JONAS<br \/>\n2612 P VOLKER BARRY JONAS<br \/>\n2613 S VALLERY GOLDIE<br \/>\n2614 S VANESS GOLDIE<br \/>\n2615 S VARVARA JULIE GOLDIE<\/p>\n<p><strong>Dastynella elegant (korenie a so\u013e)<\/strong><br \/>\nPint\u00e9r Karol<br \/>\nBauerov\u00e1 7,\u00a0040 23 Ko\u0161ice<br \/>\n27.04.2015<br \/>\nU2 Dai Medici\/MET 271<br \/>\nESET Dastynella elegant\/SPKP 2357<br \/>\n2616 P PHARAON<br \/>\n2617 P PTOLEMAIOS<br \/>\n2618 S PYRAMID<\/p>\n<p><strong>Dastynella elegant<\/strong><br \/>\nPint\u00e9r Karol<br \/>\nBauerov\u00e1 7,\u00a0040 23 Ko\u0161ice<br \/>\n28.04.2015<br \/>\nHAMLET DE de Trufas Negras\/FCA 22658<br \/>\nPEARL FROM DOLINA RI Jekaterina\u00b4s\/SPKP 2330<br \/>\n2619 P RAMESSE (\u010dierny)<br \/>\n2620 P RAMSES (\u010diernostrieborn\u00fd)<br \/>\n2621 P REVIVAL SCARAB (\u010dierny)<br \/>\n2622 S RABEA (k+s)<\/p>\n<p><strong>Teimoso (\u010diernostrieborn\u00fd)<\/strong><br \/>\nKrupa Radoslav<br \/>\nGa\u0161tanova 29,\u00a0010 07 \u017dilina<br \/>\n30.06.2015<br \/>\nGARRY AIDA Isabau\/SPKP 2248<br \/>\nLUSSY PERLA Wild Rane\/SPKP 2342<br \/>\n2623 P BENNY LUSSY<br \/>\n2624 S BAFFY LUSSY<br \/>\n2625 S BECKY LUSSY<br \/>\n2626 S BELLA LUSSY<br \/>\n2627 S BRITA LUSSY<\/p>\n<p><strong>Enel fenomen (\u010dierny)<\/strong><br \/>\nButykov\u00e1 Miriam<br \/>\n\u010d.137,\u00a0908 74 Mal\u00e9 Lev\u00e1re<br \/>\n09.06.2015<br \/>\nJARED Enel fenomen\/SPKP 2259<br \/>\nALEXANDRA ELBA PADIJ z Olomouck\u00e9 pevn\u016fstky\/SPKP 2559<br \/>\n2628 P URANUS<br \/>\n2629 P UGO<br \/>\n2630 P URAGAN<br \/>\n2631 S ULYANA<br \/>\n2632 S UMA-LILY<br \/>\n2633 S UNA WILD RANE<br \/>\n2634 S ULMA<br \/>\n2635 S UPRIVER<br \/>\n2636 S UMPA LUMPA<\/p>\n<p><strong>Dastynella elegant (biely)<\/strong><br \/>\nPint\u00e9r Karol<br \/>\nBauerov\u00e1 7,\u00a0040 23 Ko\u0161ice<br \/>\n03.08.2015<br \/>\nJONAS Dog-Otho\u00b4s\/SPKP 2250<br \/>\nSEA GHOST FROM Dolina Rivendell\/SPKP 2407<br \/>\n2638 P SCARABEE<br \/>\n2639 P SCORPION<br \/>\n2640 S SAHARA<br \/>\n2641 S SAQQRA<br \/>\n2642 S SPHINX<\/p>\n<p><strong>Dastynella elegant (\u010dierny)<\/strong><br \/>\nPint\u00e9r Karol<br \/>\nBauerov\u00e1 7,\u00a0040 23 Ko\u0161ice<br \/>\n27.08.2015<br \/>\nEARNUR STAR FROM Dolina Rivendell\/SPKP 2319<br \/>\nKAJA z \u0160ardanu\/SPKP 2104<br \/>\n2643 P TUTANKHAMUN<br \/>\n2644 P TANUTAMON<\/p>\n<p><strong>Bikin dvor (\u010diernostrieborn\u00fd)<\/strong><br \/>\nHavl\u00edkov\u00e1 Zuzana<br \/>\nSv\u00e4tourbansk\u00e1 40,\u00a0949 01 Nitra<br \/>\n16.08.2015<br \/>\nGARRY AIDA Isabau\/SPKP 2248<br \/>\nSOFIA SILVER Bikin dvor\/SPKP 2121<br \/>\n2645 P GUSTAVO SILVER<\/p>\n<p><strong>Bikin dvor (\u010diernostrieborn\u00fd)<\/strong><br \/>\nHavl\u00edkov\u00e1 Zuzana<br \/>\nSv\u00e4tourbansk\u00e1 40,\u00a0949 01 Nitra<br \/>\n21.08.2015<br \/>\nBILLY BOB Bohemia Vulkan\/SPKP 2282<br \/>\nLOLA Rezlark\/SPKP 1968<br \/>\n2646 P HENRICH SILVER<br \/>\n2647 S HANAYA SILVER<\/p>\n<p><strong>Wild Rane (korenie a so\u013e)<\/strong><br \/>\nAdam\u010diakovi Juraj a Andrea<br \/>\n\u017delezni\u010dn\u00e1 955,\u00a0034 95 Likavka<br \/>\n13.09.2015<br \/>\nOLIVER KING Astronaut\/SPKP 2574<br \/>\nOUR NINA DASTYNELLA Wild Rane\/SPKP 2418<br \/>\n2648 P WAYAN OLIVER<br \/>\n2649 S WALENTYNKA NINKA<\/p>\n<p><strong>Ante Castrum Lewa (korenie a so\u013e)<\/strong><br \/>\nBerkov\u00e1 Kl\u00e1ra Ing.<br \/>\nul.Zd.Nejedl\u00e9ho 32,\u00a0934 05 Levice<br \/>\n13.09.2015<br \/>\nKAVALIR Rezlark\/SPKP 2079<br \/>\nBUBA Astronaut\/SPKP 2504<br \/>\n2650 P DAVID<\/p>\n<p><strong>Enel fenomen (\u010diernostrieborn\u00fd)<\/strong><br \/>\nButykov\u00e1 Miriam<br \/>\n\u010d.137,\u00a0908 74 Mal\u00e9 Lev\u00e1re<br \/>\n02.10.2015<br \/>\nBILLY BOB Bohemia Vulkan\/SPKP 2282<br \/>\nPULHERIA Rovelis\/SPKP 2404<br \/>\n2651 P WILD WEST<br \/>\n2652 P WILD WIND<br \/>\n2653 S WANAMA<br \/>\n2654 S WISTERIA<br \/>\n2655 S WITCH OF LOVE<br \/>\n2656 S WIND OF THE SOUL<br \/>\n2657 S WINGS OF THE ANGEL<\/p>\n<p><strong>Kamisi Garden (\u010dierny)<\/strong><br \/>\nJozefovi\u010dov\u00e1 Katar\u00edna Mgr.<br \/>\n908 49 Vr\u00e1di\u0161te 205<br \/>\n15.09.2015<br \/>\nJARED Enel fenomen\/SPKP 2259<br \/>\nANY VICTORY Silver Gotcha\/SPKP 2402<br \/>\n2658 P BARY JARRY DARK<br \/>\n2659 P BIG BEN<br \/>\n2660 S BESSY NOX<br \/>\n2661 S BIXI BLACK STAR<br \/>\n2662 S BONNA BELUCCI<br \/>\n2663 S BRIA ARMIA<\/p>\n<p><strong>z Bieleho domu (biely)<\/strong><br \/>\nStan\u00edk Miroslav<br \/>\nP\u00e1rnica 434,\u00a0026 01 Doln\u00fd Kub\u00edn<br \/>\n11.09.2015<br \/>\nCHARLIE z \u0160ardanu\/JR 81246<br \/>\nBELLATRIX LESTRANGE z \u0160ardanu\/SPKP 2505<br \/>\n2664 P BRUNO<br \/>\n2665 S BARBARA<br \/>\n2666 S BJANCA<br \/>\n2667 S BESI<\/p>\n<p><strong>z Bieleho domu (biely)<\/strong><br \/>\nStan\u00edk Miroslav<br \/>\nP\u00e1rnica 434,\u00a0026 01 Doln\u00fd Kub\u00edn<br \/>\n23.11.2015<br \/>\nJONAS Dog-Otho\u00b4s\/SPKP 2250<br \/>\nSPECIAL EVENT z \u0160ardanu\/SPKP 2307<br \/>\n2668 P CASPER<br \/>\n2669 P CHUCKY<br \/>\n2670 P CLEO<br \/>\n2671 S CRYSTAL WINTER<br \/>\n2672 S CANDY<\/p>\n","protected":false},"excerpt":{"rendered":"<p>Dastynella elegant (biely) Pint\u00e9r Karol,\u00a0Bauerov\u00e1 7 040 23 Ko\u0161ice 28.11.2014 SPY champ of the Neighbourhood\/HR 11379 SEA GHOST FROM Dolina Rivendell\/SPKP 2407 2575 P NEBKARE 2576 P NEBRE 2577 P NEFERTUM 2578 P NEPER 2579 P N\u00cdLE 2580 S NEFERTITI Kamisi Garden (\u010dierny) Jozefovi\u010dov\u00e1 Katar\u00edna Mgr. 908 49 Vr\u00e1di\u0161te 205 24.10.2014 JARED Enel fenomen\/SPKP 2259 [&hellip;]<\/p>\n","protected":false},"author":2,"featured_media":0,"parent":2990,"menu_order":0,"comment_status":"closed","ping_status":"closed","template":"","meta":{"slim_seo":{"title":"2015 Zwergschnauzer - KCHPB","description":"Dastynella elegant (biely) Pint\u00e9r Karol,\u00a0Bauerov\u00e1 7 040 23 Ko\u0161ice 28.11.2014 SPY champ of the Neighbourhood\/HR 11379 SEA GHOST FROM Dolina Rivendell\/SPKP 2407 2"},"footnotes":""},"class_list":["post-25913","page","type-page","status-publish","hentry"],"_links":{"self":[{"href":"https:\/\/www.schnauzerclub.sk\/en\/wp-json\/wp\/v2\/pages\/25913","targetHints":{"allow":["GET"]}}],"collection":[{"href":"https:\/\/www.schnauzerclub.sk\/en\/wp-json\/wp\/v2\/pages"}],"about":[{"href":"https:\/\/www.schnauzerclub.sk\/en\/wp-json\/wp\/v2\/types\/page"}],"author":[{"embeddable":true,"href":"https:\/\/www.schnauzerclub.sk\/en\/wp-json\/wp\/v2\/users\/2"}],"replies":[{"embeddable":true,"href":"https:\/\/www.schnauzerclub.sk\/en\/wp-json\/wp\/v2\/comments?post=25913"}],"version-history":[{"count":0,"href":"https:\/\/www.schnauzerclub.sk\/en\/wp-json\/wp\/v2\/pages\/25913\/revisions"}],"up":[{"embeddable":true,"href":"https:\/\/www.schnauzerclub.sk\/en\/wp-json\/wp\/v2\/pages\/2990"}],"wp:attachment":[{"href":"https:\/\/www.schnauzerclub.sk\/en\/wp-json\/wp\/v2\/media?parent=25913"}],"curies":[{"name":"wp","href":"https:\/\/api.w.org\/{rel}","templated":true}]}}