{"id":25916,"date":"2015-12-31T14:12:47","date_gmt":"2015-12-31T12:12:47","guid":{"rendered":"http:\/\/www.schnauzerclub.sk\/?page_id=25916"},"modified":"2021-01-05T20:22:33","modified_gmt":"2021-01-05T18:22:33","slug":"2015-schnauzer","status":"publish","type":"page","link":"https:\/\/www.schnauzerclub.sk\/en\/stud-book\/2015-schnauzer\/","title":{"rendered":"2015 Schnauzer"},"content":{"rendered":"<p><strong>z Pekn\u00e9ho po\u013ea (korenie a\u00a0so\u013e)<\/strong><br \/>\nKoll\u00e1rov\u00e1 Zuzana<br \/>\nM. Kopernika 42,\u00a0917 01 Trnava<br \/>\n04.06.2015<br \/>\nMASAAL MASTER Nois Epoha\/RKF 364795<br \/>\nANETT z Pekn\u00e9ho po\u013ea\/SPKP 1407<br \/>\n1470 P BALU<br \/>\n1471 P BARNEY<br \/>\n1472 P BENNY<br \/>\n1473 P BEST<br \/>\n1474 P BIG BOY<br \/>\n1475 P BLESK<br \/>\n1476 P BOB<br \/>\n1477 P BRED<br \/>\n1478 S BERTA<br \/>\n1479 S BETTY<br \/>\n1480 S BONETT<br \/>\n1481 S BREDA<br \/>\n1482 S BRIGITTE<\/p>\n","protected":false},"excerpt":{"rendered":"<p>z Pekn\u00e9ho po\u013ea (korenie a\u00a0so\u013e) Koll\u00e1rov\u00e1 Zuzana M. Kopernika 42,\u00a0917 01 Trnava 04.06.2015 MASAAL MASTER Nois Epoha\/RKF 364795 ANETT z Pekn\u00e9ho po\u013ea\/SPKP 1407 1470 P BALU 1471 P BARNEY 1472 P BENNY 1473 P BEST 1474 P BIG BOY 1475 P BLESK 1476 P BOB 1477 P BRED 1478 S BERTA 1479 S BETTY 1480 [&hellip;]<\/p>\n","protected":false},"author":2,"featured_media":0,"parent":2990,"menu_order":0,"comment_status":"closed","ping_status":"closed","template":"","meta":{"slim_seo":{"title":"2015 Schnauzer - KCHPB","description":"z Pekn\u00e9ho po\u013ea (korenie a\u00a0so\u013e) Koll\u00e1rov\u00e1 Zuzana M. Kopernika 42,\u00a0917 01 Trnava 04.06.2015 MASAAL MASTER Nois Epoha\/RKF 364795 ANETT z Pekn\u00e9ho po\u013ea\/SPKP 1407 147"},"footnotes":""},"class_list":["post-25916","page","type-page","status-publish","hentry"],"_links":{"self":[{"href":"https:\/\/www.schnauzerclub.sk\/en\/wp-json\/wp\/v2\/pages\/25916","targetHints":{"allow":["GET"]}}],"collection":[{"href":"https:\/\/www.schnauzerclub.sk\/en\/wp-json\/wp\/v2\/pages"}],"about":[{"href":"https:\/\/www.schnauzerclub.sk\/en\/wp-json\/wp\/v2\/types\/page"}],"author":[{"embeddable":true,"href":"https:\/\/www.schnauzerclub.sk\/en\/wp-json\/wp\/v2\/users\/2"}],"replies":[{"embeddable":true,"href":"https:\/\/www.schnauzerclub.sk\/en\/wp-json\/wp\/v2\/comments?post=25916"}],"version-history":[{"count":0,"href":"https:\/\/www.schnauzerclub.sk\/en\/wp-json\/wp\/v2\/pages\/25916\/revisions"}],"up":[{"embeddable":true,"href":"https:\/\/www.schnauzerclub.sk\/en\/wp-json\/wp\/v2\/pages\/2990"}],"wp:attachment":[{"href":"https:\/\/www.schnauzerclub.sk\/en\/wp-json\/wp\/v2\/media?parent=25916"}],"curies":[{"name":"wp","href":"https:\/\/api.w.org\/{rel}","templated":true}]}}