{"id":25919,"date":"2015-12-31T14:09:31","date_gmt":"2015-12-31T12:09:31","guid":{"rendered":"http:\/\/www.schnauzerclub.sk\/?page_id=25919"},"modified":"2021-01-05T20:23:39","modified_gmt":"2021-01-05T18:23:39","slug":"2015-bradac-velky","status":"publish","type":"page","link":"https:\/\/www.schnauzerclub.sk\/en\/stud-book\/2015-bradac-velky\/","title":{"rendered":"2015 Riesenschnauzer"},"content":{"rendered":"<p><strong>Triumetal (\u010dierny)<\/strong><br \/>\nSla\u010dkov\u00e1 Jaroslava Ing.<br \/>\nPriebe\u017en\u00e1 489\/9,\u00a0031 04 Liptovsk\u00fd Mikul\u00e1\u0161<br \/>\n18.12.2014<br \/>\nURIAH HEEP Radinie\/SPKP 1733<br \/>\nCRISSTIE SARAH Bohemia Ness\/SPKP 1847<br \/>\n1982 P XANDRO II.<br \/>\n1983 P XAVIER<br \/>\n1984 P XERXES<br \/>\n1985 S XANTIPA<br \/>\n1986 S XARA II.<\/p>\n<p><strong>Black Androis (\u010dierny)<\/strong><br \/>\nGajd\u00e1rov\u00e1 Jarmila MUDr.<br \/>\nStrm\u00fd v\u0155\u0161ok 70,\u00a0841 06 Bratislava<br \/>\n11.04.2015<br \/>\nFRODO Dyas Poland\/SPKP 1793<br \/>\nARANKA Jesstyno\/SPKP 1987<br \/>\n1991 P ABUBBO<br \/>\n1992 P ADONIS<br \/>\n1993 P ARES<\/p>\n<p><strong>Triumetal (\u010dierny)<\/strong><br \/>\nSla\u010dkov\u00e1 Jaroslava Ing.<br \/>\nPriebe\u017en\u00e1 489\/9,\u00a0031 04 Liptovsk\u00fd Mikul\u00e1\u0161<br \/>\n20.05.2015<br \/>\nAPOLLYON od Dev\u00edti vrb\/SPKP 1849<br \/>\nRED SUNSHINE Triumetal\/SPKP 1842<br \/>\n1994 P YANKEE<br \/>\n1995 P YEOMAN<br \/>\n1996 S YESTERDAY<\/p>\n<p><strong>Enel fenomen (korenie a\u00a0so\u013e)<\/strong><br \/>\nButykov\u00e1 Miriam<br \/>\n\u010d.137,\u00a0908 74 Mal\u00e9 Lev\u00e1re<br \/>\n23.08.2015<br \/>\nHORUS Kelador\/SPKP 1853<br \/>\nCHERRYL Enel fenomen\/SPKP 1808<br \/>\n1998 P VICTORIUS<br \/>\n1999 S VIOLET SKY<br \/>\n2000 S VICTORIA<br \/>\n2001 S VIRGINIA<br \/>\n2002 S VALENCIA<br \/>\n2003 S VENEZUELA<\/p>\n<p><strong>Triumetal (\u010dierny)<\/strong><br \/>\nSla\u010dkov\u00e1 Jaroslava Ing.<br \/>\nPriebe\u017en\u00e1 489\/9,\u00a0031 04 Liptovsk\u00fd Mikul\u00e1\u0161<br \/>\n08.11.2015<br \/>\nFRENKLIN ze Slune\u010dn\u00e9 verandy\/CMKU 6551<br \/>\nFLORENTINA Radinie\/SPKP 1948<br \/>\n2004 S ZAMANTHA<br \/>\n2005 S ZETTA-JONES<\/p>\n","protected":false},"excerpt":{"rendered":"<p>Triumetal (\u010dierny) Sla\u010dkov\u00e1 Jaroslava Ing. Priebe\u017en\u00e1 489\/9,\u00a0031 04 Liptovsk\u00fd Mikul\u00e1\u0161 18.12.2014 URIAH HEEP Radinie\/SPKP 1733 CRISSTIE SARAH Bohemia Ness\/SPKP 1847 1982 P XANDRO II. 1983 P XAVIER 1984 P XERXES 1985 S XANTIPA 1986 S XARA II. Black Androis (\u010dierny) Gajd\u00e1rov\u00e1 Jarmila MUDr. Strm\u00fd v\u0155\u0161ok 70,\u00a0841 06 Bratislava 11.04.2015 FRODO Dyas Poland\/SPKP 1793 ARANKA Jesstyno\/SPKP [&hellip;]<\/p>\n","protected":false},"author":2,"featured_media":0,"parent":2990,"menu_order":0,"comment_status":"closed","ping_status":"closed","template":"","meta":{"slim_seo":{"title":"2015 Riesenschnauzer - KCHPB","description":"Triumetal (\u010dierny) Sla\u010dkov\u00e1 Jaroslava Ing. Priebe\u017en\u00e1 489\/9,\u00a0031 04 Liptovsk\u00fd Mikul\u00e1\u0161 18.12.2014 URIAH HEEP Radinie\/SPKP 1733 CRISSTIE SARAH Bohemia Ness\/SPKP 18"},"footnotes":""},"class_list":["post-25919","page","type-page","status-publish","hentry"],"_links":{"self":[{"href":"https:\/\/www.schnauzerclub.sk\/en\/wp-json\/wp\/v2\/pages\/25919","targetHints":{"allow":["GET"]}}],"collection":[{"href":"https:\/\/www.schnauzerclub.sk\/en\/wp-json\/wp\/v2\/pages"}],"about":[{"href":"https:\/\/www.schnauzerclub.sk\/en\/wp-json\/wp\/v2\/types\/page"}],"author":[{"embeddable":true,"href":"https:\/\/www.schnauzerclub.sk\/en\/wp-json\/wp\/v2\/users\/2"}],"replies":[{"embeddable":true,"href":"https:\/\/www.schnauzerclub.sk\/en\/wp-json\/wp\/v2\/comments?post=25919"}],"version-history":[{"count":0,"href":"https:\/\/www.schnauzerclub.sk\/en\/wp-json\/wp\/v2\/pages\/25919\/revisions"}],"up":[{"embeddable":true,"href":"https:\/\/www.schnauzerclub.sk\/en\/wp-json\/wp\/v2\/pages\/2990"}],"wp:attachment":[{"href":"https:\/\/www.schnauzerclub.sk\/en\/wp-json\/wp\/v2\/media?parent=25919"}],"curies":[{"name":"wp","href":"https:\/\/api.w.org\/{rel}","templated":true}]}}