{"id":27024,"date":"2017-12-31T16:29:11","date_gmt":"2017-12-31T14:29:11","guid":{"rendered":"http:\/\/www.schnauzerclub.sk\/stud-book\/2017-riesenschnauzer\/"},"modified":"2021-01-05T20:07:53","modified_gmt":"2021-01-05T18:07:53","slug":"2017-riesenschnauzer","status":"publish","type":"page","link":"https:\/\/www.schnauzerclub.sk\/en\/stud-book\/2017-riesenschnauzer\/","title":{"rendered":"2017 Riesenschnauzer"},"content":{"rendered":"<p>Riesenschnauzer\/<\/span><\/p>\n<p class=\"p3\"><span class=\"s1\"><b><i>OK-ER (\u010dierny )<br \/>\n<\/i><\/b><\/span><span class=\"s1\">Okruhlica Erik<br \/>\n<\/span><span class=\"s1\">Smetanova 9,\u00a0<\/span><span class=\"s1\">927 00 \u0160a\u013ea<br \/>\n<\/span><span class=\"s1\">16.01.2017<br \/>\n<\/span><span class=\"s1\">URIAH HEEP Radinie\/SPKP 1733<br \/>\n<\/span><span class=\"s1\">OASIS Triumetal\/SPKP 1730<br \/>\n<\/span><span class=\"s1\">2054 S RUDOLFA<\/span><\/p>\n<p class=\"p3\"><span class=\"s1\"><b><i>Independent dog ( korenie a\u00a0so\u013e)<br \/>\n<\/i><\/b><\/span><span class=\"s1\">Svoboda Pavel<br \/>\n<\/span><span class=\"s1\">A. \u017darnova 34,\u00a0<\/span><span class=\"s1\">01001 \u017dilina<br \/>\n<\/span><span class=\"s1\">26.01.2017<br \/>\n<\/span><span class=\"s1\">KING ARTHUR Enel fenomen\/SPKP 1862<br \/>\n<\/span><span class=\"s1\">TALLY Enel fenomen\/SPKP 1975<br \/>\n<\/span><span class=\"s1\">2055 P CAESAR<br \/>\n<\/span><span class=\"s1\">2056 P CAMERON<br \/>\n<\/span><span class=\"s1\">2057 P CARRINGTON<br \/>\n<\/span><span class=\"s1\">2058 P CASIO<br \/>\n<\/span><span class=\"s1\">2059 P CASPER<br \/>\n<\/span><span class=\"s1\">2060 P CEDRIK<br \/>\n<\/span><span class=\"s1\">2061 P CELVIN<br \/>\n<\/span><span class=\"s1\">2062 S CALLIOPE<br \/>\n<\/span><span class=\"s1\">2063 S CAROLINE<br \/>\n<\/span><span class=\"s1\">2064 S CATHERINE<br \/>\n<\/span><span class=\"s1\">2065 S CECILIA<br \/>\n<\/span><span class=\"s1\">2066 S CELEBRITY<\/span><\/p>\n<p class=\"p3\"><span class=\"s1\"><b><i>Ante Castrum Lewa ( korenie a\u00a0so\u013e)<br \/>\n<\/i><\/b><\/span><span class=\"s1\">Berkov\u00e1 Kl\u00e1ra Ing.<br \/>\n<\/span><span class=\"s1\">ul.Zd.Nejedl\u00e9ho 32,\u00a0<\/span><span class=\"s1\">934 05 Levice<br \/>\n<\/span><span class=\"s1\">19.01.2017<br \/>\n<\/span><span class=\"s1\">THESEUS KING von Amber\/SPKP 1891<br \/>\n<\/span><span class=\"s1\">MYSTIQUE Enel fenomen\/SPKP 1902<br \/>\n<\/span><span class=\"s1\">2067 P H\u00c1DES<br \/>\n<\/span><span class=\"s1\">2068 P H\u00c9RAKLES<br \/>\n<\/span><span class=\"s1\">2069 P H\u00c9FAISTOS<br \/>\n<\/span><span class=\"s1\">2070 P HERMES<br \/>\n<\/span><span class=\"s1\">2071 P H\u00c9LIOS<br \/>\n<\/span><span class=\"s1\">2072 P HUGO<br \/>\n<\/span><span class=\"s1\">2073 S H\u00c9RA<br \/>\n<\/span><span class=\"s1\">2074 S HERMION\u00c9<\/span><\/p>\n<p class=\"p3\"><span class=\"s1\"><b><i>Triumetal (\u010dierny )<br \/>\n<\/i><\/b><\/span><span class=\"s1\">Sla\u010dkov\u00e1 Jaroslava Ing.<br \/>\n<\/span><span class=\"s1\">Priebe\u017en\u00e1 489\/9,\u00a0<\/span><span class=\"s1\">031 04 Liptovsk\u00fd Mikul\u00e1\u0161<br \/>\n<\/span><span class=\"s1\">03.04.2017<br \/>\n<\/span><span class=\"s1\">SNOW FROST Gloris\/SPKP 1848<br \/>\n<\/span><span class=\"s1\">NEVERMORE Triumetal\/SPKP 1720<br \/>\n<\/span><span class=\"s1\">2075 P CANYON<br \/>\n<\/span><span class=\"s1\">2076 P CAPRICORN<br \/>\n<\/span><span class=\"s1\">2077 P CARBON<br \/>\n<\/span><span class=\"s1\">2078 P COLORADO<br \/>\n<\/span><span class=\"s1\">2079 P CRYSTAL<br \/>\n<\/span><span class=\"s1\">2080 S CAMELIA<br \/>\n<\/span><span class=\"s1\">2081 S CANADA<br \/>\n<\/span><span class=\"s1\">2082 S CAROLINA<\/span><\/p>\n<p class=\"p3\"><span class=\"s1\"><b><i>Black Androis (\u010dierny )<br \/>\n<\/i><\/b><\/span><span class=\"s1\">Gajd\u00e1rov\u00e1 Jarmila MUDr.<br \/>\n<\/span><span class=\"s1\">Strm\u00fd v\u0155\u0161ok 70,\u00a0<\/span><span class=\"s1\">841 06 Bratislava<br \/>\n<\/span><span class=\"s1\">08.03.2017<br \/>\n<\/span><span class=\"s1\">ARCHER ARROW Earl Black\/CMKU 6939<br \/>\n<\/span><span class=\"s1\">ARANKA Jesstyno\/SPKP 1987<br \/>\n<\/span><span class=\"s1\">2083 S BONNY BLOOM<\/span><\/p>\n<p class=\"p3\"><span class=\"s1\"><b><i>Enel fenomen ( korenie a\u00a0so\u013e)<br \/>\n<\/i><\/b><\/span><span class=\"s1\">Butykov\u00e1 Miriam<br \/>\n<\/span><span class=\"s1\">\u010d.137,\u00a0<\/span><span class=\"s1\">908 74 Mal\u00e9 Lev\u00e1re<br \/>\n<\/span><span class=\"s1\">27.04.2017<br \/>\n<\/span><span class=\"s1\">HUGO BOSS Silver Senator\/SPKP 1916<br \/>\n<\/span><span class=\"s1\">MENDY Enel fenomen\/SPKP 1896<br \/>\n<\/span><span class=\"s1\">2084 P C\u00b4BEAR<br \/>\n<\/span><span class=\"s1\">2085 S CLASH<br \/>\n<\/span><span class=\"s1\">2086 S C\u00b4EST LA VIE<\/span><\/p>\n<p class=\"p3\"><span class=\"s1\"><b><i>Kelador ( korenie a\u00a0so\u013e)<br \/>\n<\/i><\/b><\/span><span class=\"s1\">Strakov\u00e1 Zuzana<br \/>\n<\/span><span class=\"s1\">Brig\u00e1dnick\u00e1 5,\u00a0<\/span><span class=\"s1\">841 10 Bratislava<br \/>\n<\/span><span class=\"s1\">09.04.2017<br \/>\n<\/span><span class=\"s1\">SAMSON El Macho\/ROI 52762<br \/>\n<\/span><span class=\"s1\">HESTIA Kelador\/SPKP 1856<br \/>\n<\/span><span class=\"s1\">2087 P NAZARRO KRIS<br \/>\n<\/span><span class=\"s1\">2088 P NAPOLEON BALU<br \/>\n<\/span><span class=\"s1\">2089 P NICHOLAS<br \/>\n<\/span><span class=\"s1\">2090 P NORMANN<br \/>\n<\/span><span class=\"s1\">2091 P NORTHON<br \/>\n<\/span><span class=\"s1\">2092 S NEFERTARI<\/span><\/p>\n<p class=\"p3\"><span class=\"s1\"><b><i>Aspera Visum (\u010dierny )<br \/>\n<\/i><\/b><\/span><span class=\"s1\">R\u00e1\u010dkov\u00e1 Iveta<br \/>\n<\/span><span class=\"s1\">Hor\u0161a 53,\u00a0<\/span><span class=\"s1\">934 01 Levice<br \/>\n<\/span><span class=\"s1\">22.07.2017<br \/>\n<\/span><span class=\"s1\">IRONICO IRRO Goldest Danubius\/SPKP 1868<br \/>\n<\/span><span class=\"s1\">GRETA GARBO Kelador\/SPKP 1802<br \/>\n<\/span><span class=\"s1\">2094 P BOREN<br \/>\n<\/span><span class=\"s1\">2095 P BRONY<\/span><\/p>\n<p class=\"p3\"><span class=\"s1\"><b><i>Triumetal (\u010dierny )<br \/>\n<\/i><\/b><\/span><span class=\"s1\">Sla\u010dkov\u00e1 Jaroslava Ing.<br \/>\n<\/span><span class=\"s1\">Priebe\u017en\u00e1 489\/9,\u00a0<\/span><span class=\"s1\">031 04 Liptovsk\u00fd Mikul\u00e1\u0161<br \/>\n<\/span><span class=\"s1\">08.10.2017<br \/>\n<\/span><span class=\"s1\">URIAH HEEP Radinie\/SPKP 1733<br \/>\n<\/span><span class=\"s1\">DIANA FRANCIS Radinie\/SPKP 1858<br \/>\n<\/span><span class=\"s1\">2096 P DAEMON<br \/>\n<\/span><span class=\"s1\">2097 P DANIEL<br \/>\n<\/span><span class=\"s1\">2098 P DESPERADO<br \/>\n<\/span><span class=\"s1\">2099 P DUXO<br \/>\n<\/span><span class=\"s1\">2100 S\u00a0DAISY<br \/>\n<\/span><span class=\"s1\">2101 S DARLING<br \/>\n<\/span><span class=\"s1\">2102 S DIANA<br \/>\n<\/span><span class=\"s1\">2103 S DOLLORES<br \/>\n<\/span><span class=\"s1\">2104 S DOROTHY<\/p>\n","protected":false},"excerpt":{"rendered":"<p>Riesenschnauzer\/ OK-ER (\u010dierny ) Okruhlica Erik Smetanova 9,\u00a0927 00 \u0160a\u013ea 16.01.2017 URIAH HEEP Radinie\/SPKP 1733 OASIS Triumetal\/SPKP 1730 2054 S RUDOLFA Independent dog ( korenie a\u00a0so\u013e) Svoboda Pavel A. \u017darnova 34,\u00a001001 \u017dilina 26.01.2017 KING ARTHUR Enel fenomen\/SPKP 1862 TALLY Enel fenomen\/SPKP 1975 2055 P CAESAR 2056 P CAMERON 2057 P CARRINGTON 2058 P CASIO 2059 [&hellip;]<\/p>\n","protected":false},"author":2,"featured_media":0,"parent":2990,"menu_order":0,"comment_status":"closed","ping_status":"closed","template":"","meta":{"slim_seo":{"title":"2017 Riesenschnauzer - KCHPB","description":"Riesenschnauzer\/ OK-ER (\u010dierny ) Okruhlica Erik Smetanova 9,\u00a0 927 00 \u0160a\u013ea 16.01.2017 URIAH HEEP Radinie\/SPKP 1733 OASIS Triumetal\/SPKP 1730 2054 S RUDOLFA Indep"},"footnotes":""},"class_list":["post-27024","page","type-page","status-publish","hentry"],"_links":{"self":[{"href":"https:\/\/www.schnauzerclub.sk\/en\/wp-json\/wp\/v2\/pages\/27024","targetHints":{"allow":["GET"]}}],"collection":[{"href":"https:\/\/www.schnauzerclub.sk\/en\/wp-json\/wp\/v2\/pages"}],"about":[{"href":"https:\/\/www.schnauzerclub.sk\/en\/wp-json\/wp\/v2\/types\/page"}],"author":[{"embeddable":true,"href":"https:\/\/www.schnauzerclub.sk\/en\/wp-json\/wp\/v2\/users\/2"}],"replies":[{"embeddable":true,"href":"https:\/\/www.schnauzerclub.sk\/en\/wp-json\/wp\/v2\/comments?post=27024"}],"version-history":[{"count":0,"href":"https:\/\/www.schnauzerclub.sk\/en\/wp-json\/wp\/v2\/pages\/27024\/revisions"}],"up":[{"embeddable":true,"href":"https:\/\/www.schnauzerclub.sk\/en\/wp-json\/wp\/v2\/pages\/2990"}],"wp:attachment":[{"href":"https:\/\/www.schnauzerclub.sk\/en\/wp-json\/wp\/v2\/media?parent=27024"}],"curies":[{"name":"wp","href":"https:\/\/api.w.org\/{rel}","templated":true}]}}