{"id":27498,"date":"2017-12-31T08:47:10","date_gmt":"2017-12-31T06:47:10","guid":{"rendered":"http:\/\/www.schnauzerclub.sk\/stud-book\/2017-schnauzer-2\/"},"modified":"2021-01-05T20:13:50","modified_gmt":"2021-01-05T18:13:50","slug":"2017-zwergschnauzer","status":"publish","type":"page","link":"https:\/\/www.schnauzerclub.sk\/en\/stud-book\/2017-zwergschnauzer\/","title":{"rendered":"2017 Zwergschnauzer"},"content":{"rendered":"<p><b>Wild Rane (\u010diernostrieborny \/ black&amp;silver)<br \/>\n<\/b>Adam\u010diakovi Juraj a Andrea <span class=\"Apple-converted-space\"><br \/>\n<\/span>\u017delezni\u010dn\u00e1 955,\u00a0034 95<span class=\"Apple-converted-space\">\u00a0 <\/span>Likavka<span class=\"Apple-converted-space\"><br \/>\n<\/span>16.01.2017<br \/>\nHIGH EFFECT z Dixie\/SPKP 2186 <span class=\"Apple-converted-space\"><br \/>\n<\/span>SUSANE SILVER Bikin dvor\/SPKP 2120 <span class=\"Apple-converted-space\"><br \/>\n<\/span><span class=\"Apple-converted-space\">\u00a0<\/span>2837. 2790 <span class=\"Apple-converted-space\">\u00a0 <\/span>P DARLING HIGH EFFECT<\/p>\n<p><b>Ziva dog Family (\u010dierny \/ black)<br \/>\n<\/b>L\u00f6rinczov\u00e1 Zlatica <span class=\"Apple-converted-space\"><br \/>\n<\/span>kpt. N\u00e1lepku 1122\/28,\u00a0972 01 Bojnice <span class=\"Apple-converted-space\"><br \/>\n<\/span>03.01.2017<br \/>\nEARNUR STAR FROM Dolina Rivendell\/SPKP 2319 <span class=\"Apple-converted-space\"><br \/>\n<\/span>NO I\u00b4M NOT KRIST\u00cdNA Wild Rane\/SPKP 2415 <span class=\"Apple-converted-space\">\u00a0<\/span><span class=\"Apple-converted-space\"><br \/>\n<\/span>2791 <span class=\"Apple-converted-space\">\u00a0 <\/span>P FOREST<span class=\"Apple-converted-space\">\u00a0<\/span><\/p>\n<p><b>Archeus (\u010dierny \/ black)<br \/>\n<\/b>Kov\u00e1cs Pavel Ing.PhD.<span class=\"Apple-converted-space\"><br \/>\n<\/span>Podture\u0148 613,\u00a0033 01 Liptovsk\u00fd Hr\u00e1dok<span class=\"Apple-converted-space\"><br \/>\n<\/span>10.02.2017<br \/>\nEARNUR STAR FROM Dolina Rivendell\/SPKP 2319 <span class=\"Apple-converted-space\"><br \/>\n<\/span>KASSANDRA KRISTINKA Wild Rane\/SPKP 2313<span class=\"Apple-converted-space\"><br \/>\n<\/span>2792 <span class=\"Apple-converted-space\">\u00a0 <\/span>S BABY KASSANDRA<br \/>\n2793 <span class=\"Apple-converted-space\">\u00a0 <\/span>S BETTY KASSANDRA<span class=\"Apple-converted-space\"><br \/>\n<\/span>2794 <span class=\"Apple-converted-space\">\u00a0 <\/span>S BEAUTY KASSANDRA<br \/>\n2795 <span class=\"Apple-converted-space\">\u00a0 <\/span>S BELLAMI KASSANDRA<br \/>\n2796 <span class=\"Apple-converted-space\">\u00a0 <\/span>S BRILLIANCY KASSANDRA<br \/>\n2797 <span class=\"Apple-converted-space\">\u00a0 <\/span>S BUTTERFLY KASSANDRA<\/p>\n<p><b>Dastynella elegant (\u010diernostrieborny \/ black&amp;silver)<br \/>\n<\/b>Pint\u00e9r Karol <span class=\"Apple-converted-space\"><br \/>\n<\/span>044 01 Drienovec 350 <span class=\"Apple-converted-space\"><br \/>\n<\/span>14.02.2017<br \/>\nI\u00b4M PUFF THE MAGGIC Dolina Rivendell\/PKR 111631<br \/>\nPEARL FROM DOLINA RI Dolina Rivendell\/SPKP 2330 <span class=\"Apple-converted-space\">\u00a0<\/span><span class=\"Apple-converted-space\"><br \/>\n<\/span>2799 <span class=\"Apple-converted-space\">\u00a0 <\/span>P XERXES<span class=\"Apple-converted-space\"><br \/>\n<\/span>2800 <span class=\"Apple-converted-space\">\u00a0 <\/span>S XANDINE<br \/>\n2801 <span class=\"Apple-converted-space\">\u00a0 <\/span>S XANDRA<br \/>\n2802 <span class=\"Apple-converted-space\">\u00a0 <\/span>S XANTHE<br \/>\n2803 <span class=\"Apple-converted-space\">\u00a0 <\/span>S XANTHIA<br \/>\n2804 <span class=\"Apple-converted-space\">\u00a0 <\/span>S XANTHIPPI<span class=\"Apple-converted-space\">\u00a0<\/span><\/p>\n<p><b>Dastynella elegant (biely \/ white)<br \/>\n<\/b>Pint\u00e9r Karol <span class=\"Apple-converted-space\"><br \/>\n<\/span>044 01 Drienovec 350 <span class=\"Apple-converted-space\"><br \/>\n<\/span>20.03.2017<br \/>\nKOKO JUMBO Sweet Toys\/PKR 104585<br \/>\nMONSERRAT el joyero de la Margaux\/SPKP 2569 <span class=\"Apple-converted-space\"><br \/>\n<\/span>2851. 2805 <span class=\"Apple-converted-space\">\u00a0 <\/span>P YAFEU<br \/>\n2806 <span class=\"Apple-converted-space\">\u00a0 <\/span>P YEN<br \/>\n2807 <span class=\"Apple-converted-space\">\u00a0 <\/span>S YADIRA<br \/>\n2808 <span class=\"Apple-converted-space\">\u00a0 <\/span>S YAHIYA<br \/>\n2809 <span class=\"Apple-converted-space\">\u00a0 <\/span>S YAKIRA<br \/>\n2810 <span class=\"Apple-converted-space\">\u00a0 <\/span>S YASINE<\/p>\n<p><span class=\"Apple-converted-space\">\u00a0<\/span><b>Bikin dvor (\u010dierny \/ black)<br \/>\n<\/b>Havl\u00edkov\u00e1 Zuzana <span class=\"Apple-converted-space\"><br \/>\n<\/span>Sv\u00e4tourbansk\u00e1 40,\u00a0949 01 Nitra <span class=\"Apple-converted-space\"><br \/>\n<\/span>22.04.2017<br \/>\nBANGA Rovelis\/SPKP 2329 <span class=\"Apple-converted-space\"><br \/>\n<\/span>CELEBRATION OF LOVE Victorious Star\/SPKP 2328 <span class=\"Apple-converted-space\"><br \/>\n<\/span>2857. 2813 <span class=\"Apple-converted-space\">\u00a0 <\/span>P NICOLAS BLACK<br \/>\n2814 <span class=\"Apple-converted-space\">\u00a0 <\/span>S NADIJA BLACK<br \/>\n2815 <span class=\"Apple-converted-space\">\u00a0 <\/span>S NARITA BLACK<br \/>\n2816 <span class=\"Apple-converted-space\">\u00a0 <\/span>S NASTASIA BLACK<br \/>\n2817 <span class=\"Apple-converted-space\">\u00a0 <\/span>S NATHALY BLACK<br \/>\n2818 <span class=\"Apple-converted-space\">\u00a0 <\/span>S NICOLETTA BLACK<\/p>\n<p><span class=\"Apple-converted-space\">\u00a0<\/span><b>Dastynella elegant (biely \/ white)<br \/>\n<\/b>Pint\u00e9r Karol <span class=\"Apple-converted-space\"><br \/>\n<\/span>044 01 Drienovec 350 <span class=\"Apple-converted-space\"><br \/>\n<\/span>10.05.2017<br \/>\nATAI VAFER Happy Rebels\/SPKP 2498 <span class=\"Apple-converted-space\"><br \/>\n<\/span>SEA GHOST FROM Dolina Rivendell\/SPKP 2407 <span class=\"Apple-converted-space\"><br \/>\n<\/span>2863. 2819 <span class=\"Apple-converted-space\">\u00a0 <\/span>P ZANNANZA<br \/>\n2820 <span class=\"Apple-converted-space\">\u00a0 <\/span>P ZER<br \/>\n2821 <span class=\"Apple-converted-space\">\u00a0 <\/span>P ZINONFI<br \/>\n2822 <span class=\"Apple-converted-space\">\u00a0 <\/span>S ZAYNAB<br \/>\n2823 <span class=\"Apple-converted-space\">\u00a0 <\/span>S ZARA<span class=\"Apple-converted-space\">\u00a0<\/span><\/p>\n<p><b>Wild Rane (korenie a so\u013e \/ pepper&amp;salt)<br \/>\n<\/b>Adam\u010diakovi Juraj a Andrea <span class=\"Apple-converted-space\"><br \/>\n<\/span>\u017delezni\u010dn\u00e1 955,\u00a0034 95<span class=\"Apple-converted-space\">\u00a0 <\/span>Likavka<span class=\"Apple-converted-space\"><br \/>\n<\/span>01.05.2017<br \/>\nYANKEE ZEPHYR Astronaut\/CMKU 9949 <span class=\"Apple-converted-space\"><br \/>\n<\/span>PRINCESS LEA JASMIN Wild Rane\/SPKP 2449 <span class=\"Apple-converted-space\"><br \/>\n<\/span>2868. 2825 <span class=\"Apple-converted-space\">\u00a0 <\/span>P EICO YENKEE ZEPHYR<br \/>\n2826 <span class=\"Apple-converted-space\">\u00a0 <\/span>P ERROS YANKEE ZEPHYR<br \/>\n2827 <span class=\"Apple-converted-space\">\u00a0 <\/span>P ETHAN YANKEE ZEPHYR<br \/>\n2828 <span class=\"Apple-converted-space\">\u00a0 <\/span>S ELISABETH PRINCESS<br \/>\n2829 <span class=\"Apple-converted-space\">\u00a0 <\/span>S ELLIE PRINCESS LEA<span class=\"Apple-converted-space\">\u00a0<\/span><\/p>\n<p><b>Wild Rane (\u010dierny \/ black)<br \/>\n<\/b>Adam\u010diakovi Juraj a Andrea <span class=\"Apple-converted-space\"><br \/>\n<\/span>\u017delezni\u010dn\u00e1 955,\u00a0034 95<span class=\"Apple-converted-space\">\u00a0 <\/span>Likavka<span class=\"Apple-converted-space\"><br \/>\n<\/span>16.07.2017<br \/>\nRAMESSE Dastynella elegant\/SPKP 2619 <span class=\"Apple-converted-space\"><br \/>\n<\/span>SUGAR BABY FAIRY Wild Rane\/SPKP 2511 <span class=\"Apple-converted-space\"><br \/>\n<\/span>2830 <span class=\"Apple-converted-space\">\u00a0 <\/span>P FIDELIS RAMESSE<br \/>\n2831 <span class=\"Apple-converted-space\">\u00a0 <\/span>P FORREST RAMESSE (korenie a so\u013e \/ pepper&amp;salt)<br \/>\n2832 <span class=\"Apple-converted-space\">\u00a0 <\/span>P FREI RAMESSE<br \/>\n2833 <span class=\"Apple-converted-space\">\u00a0 <\/span>P FABIO RAMESSE<span class=\"Apple-converted-space\"><br \/>\n<\/span>2877. 2834 <span class=\"Apple-converted-space\">\u00a0 <\/span>S FELHIT ASMARA SUGAR<span class=\"Apple-converted-space\"><br \/>\n<\/span>2878. 2835 <span class=\"Apple-converted-space\">\u00a0 <\/span>S FIBBY SUGAR (\u010diernostrieborn\u00fd\/ black&amp;silver)<br \/>\n2879. 2836 <span class=\"Apple-converted-space\">\u00a0 <\/span>S FREDARICA SUGAR<\/p>\n<p><b>z Bieleho domu (biely\/white)<br \/>\n<\/b>Stan\u00edk Miroslav<span class=\"Apple-converted-space\"><br \/>\n<\/span>P\u00e1rnica 434,\u00a0026 01 Doln\u00fd<span class=\"Apple-converted-space\">\u00a0 <\/span>Kub\u00edn<span class=\"Apple-converted-space\"><br \/>\n<\/span>27.10.2017<br \/>\nJONAS Dog-Otho\u00b4s\/SPKP 2250 <span class=\"Apple-converted-space\"><br \/>\n<\/span>SPECIAL EVENT z \u0160ardanu\/SPKP 2307 <span class=\"Apple-converted-space\"><br \/>\n<\/span>2880. 2838 <span class=\"Apple-converted-space\">\u00a0 <\/span>P GASTON<br \/>\n2839 <span class=\"Apple-converted-space\">\u00a0 <\/span>P GOOGLE<br \/>\n2840 <span class=\"Apple-converted-space\">\u00a0 <\/span>P GREAT GATSBY<br \/>\n2841 <span class=\"Apple-converted-space\">\u00a0 <\/span>P GUMMY BEAR<br \/>\n2842 <span class=\"Apple-converted-space\">\u00a0 <\/span>S GINNA<br \/>\n2843 <span class=\"Apple-converted-space\">\u00a0 <\/span>S GRACE<span class=\"Apple-converted-space\">\u00a0<\/span><\/p>\n<p><b>z Bieleho domu (korenie a so\u013e\/pepper&amp;salt)<br \/>\n<\/b>Stan\u00edk Miroslav<span class=\"Apple-converted-space\"><br \/>\n<\/span>P\u00e1rnica 434,\u00a0026 01 Doln\u00fd<span class=\"Apple-converted-space\">\u00a0 <\/span>Kub\u00edn<span class=\"Apple-converted-space\"><br \/>\n<\/span>17.11.2017<br \/>\nJIN JANG Vigdergauz\/SPKP 2811 <span class=\"Apple-converted-space\"><br \/>\n<\/span>XMAS SNOWFLAKE z \u0160ardanu\/SPKP 2506 <span class=\"Apple-converted-space\">\u00a0<\/span><span class=\"Apple-converted-space\"><br \/>\n<\/span>2886. 2844 <span class=\"Apple-converted-space\">\u00a0 <\/span>P HARRY POTTER<br \/>\n2845 <span class=\"Apple-converted-space\">\u00a0 <\/span>S HERMIONA<br \/>\n2846 <span class=\"Apple-converted-space\">\u00a0 <\/span>S HEDVIDA<span class=\"Apple-converted-space\">\u00a0<\/span><\/p>\n<p><b>Wild Rane (korenie a so\u013e\/pepper&amp;salt)<br \/>\n<\/b>Adam\u010diakovi Juraj a Andrea <span class=\"Apple-converted-space\"><br \/>\n<\/span>\u017delezni\u010dn\u00e1 955,\u00a0034 95<span class=\"Apple-converted-space\">\u00a0 <\/span>Likavka<span class=\"Apple-converted-space\"><br \/>\n<\/span>24.11.2017<br \/>\nOLIVER KING Astronaut\/SPKP 2574 <span class=\"Apple-converted-space\"><br \/>\n<\/span>JASMIN GOLDIE Wild Rane\/SPKP 2239 <span class=\"Apple-converted-space\"><br \/>\n<\/span>2889. 2847 <span class=\"Apple-converted-space\">\u00a0 <\/span>P GILBERT R\u00daFUS OLIVER<br \/>\n2848 <span class=\"Apple-converted-space\">\u00a0 <\/span>P GREGORY OLIVER<br \/>\n2849 <span class=\"Apple-converted-space\">\u00a0 <\/span>P GRIFFIN OLIVER<br \/>\n2850 <span class=\"Apple-converted-space\">\u00a0 <\/span>S GAJA JASMIN<br \/>\n2851 <span class=\"Apple-converted-space\">\u00a0 <\/span>S GIANNA JASMIN<br \/>\n2852 <span class=\"Apple-converted-space\">\u00a0 <\/span>S GIGGI JASMIN<br \/>\n2853 <span class=\"Apple-converted-space\">\u00a0 <\/span>S GOLDIE JASMIN<\/p>\n","protected":false},"excerpt":{"rendered":"<p>Wild Rane (\u010diernostrieborny \/ black&amp;silver) Adam\u010diakovi Juraj a Andrea \u017delezni\u010dn\u00e1 955,\u00a0034 95\u00a0 Likavka 16.01.2017 HIGH EFFECT z Dixie\/SPKP 2186 SUSANE SILVER Bikin dvor\/SPKP 2120 \u00a02837. 2790 \u00a0 P DARLING HIGH EFFECT Ziva dog Family (\u010dierny \/ black) L\u00f6rinczov\u00e1 Zlatica kpt. N\u00e1lepku 1122\/28,\u00a0972 01 Bojnice 03.01.2017 EARNUR STAR FROM Dolina Rivendell\/SPKP 2319 NO I\u00b4M NOT KRIST\u00cdNA [&hellip;]<\/p>\n","protected":false},"author":2,"featured_media":0,"parent":2990,"menu_order":0,"comment_status":"closed","ping_status":"closed","template":"","meta":{"slim_seo":{"title":"2017 Zwergschnauzer - KCHPB","description":"Wild Rane (\u010diernostrieborny \/ black&amp;silver) Adam\u010diakovi Juraj a Andrea \u017delezni\u010dn\u00e1 955,\u00a0034 95 \u00a0 Likavka 16.01.2017 HIGH EFFECT z Dixie\/SPKP 2186 SUSANE SILV"},"footnotes":""},"class_list":["post-27498","page","type-page","status-publish","hentry"],"_links":{"self":[{"href":"https:\/\/www.schnauzerclub.sk\/en\/wp-json\/wp\/v2\/pages\/27498","targetHints":{"allow":["GET"]}}],"collection":[{"href":"https:\/\/www.schnauzerclub.sk\/en\/wp-json\/wp\/v2\/pages"}],"about":[{"href":"https:\/\/www.schnauzerclub.sk\/en\/wp-json\/wp\/v2\/types\/page"}],"author":[{"embeddable":true,"href":"https:\/\/www.schnauzerclub.sk\/en\/wp-json\/wp\/v2\/users\/2"}],"replies":[{"embeddable":true,"href":"https:\/\/www.schnauzerclub.sk\/en\/wp-json\/wp\/v2\/comments?post=27498"}],"version-history":[{"count":0,"href":"https:\/\/www.schnauzerclub.sk\/en\/wp-json\/wp\/v2\/pages\/27498\/revisions"}],"up":[{"embeddable":true,"href":"https:\/\/www.schnauzerclub.sk\/en\/wp-json\/wp\/v2\/pages\/2990"}],"wp:attachment":[{"href":"https:\/\/www.schnauzerclub.sk\/en\/wp-json\/wp\/v2\/media?parent=27498"}],"curies":[{"name":"wp","href":"https:\/\/api.w.org\/{rel}","templated":true}]}}