{"id":2926,"date":"2026-01-06T17:30:33","date_gmt":"2026-01-06T15:30:33","guid":{"rendered":"http:\/\/www.schnauzerclub.sk\/?page_id=2926&#038;lang=en"},"modified":"2015-06-16T08:59:12","modified_gmt":"2015-06-16T06:59:12","slug":"faq","status":"publish","type":"page","link":"https:\/\/www.schnauzerclub.sk\/en\/faq\/","title":{"rendered":"FAQ"},"content":{"rendered":"<p>[et_pb_section][et_pb_row][et_pb_column type=&#8221;3_4&#8243;][et_pb_toggle admin_label=&#8221;Sp\u00edna\u010d Ako sa sta\u0165 \u010dlenom klubu?&#8221; title=&#8221;Ako sa sta\u0165 \u010dlenom klubu?&#8221; open=&#8221;off&#8221;]<\/p>\n<p>O\u00a0prihl\u00e1\u0161ku do klubu chovate\u013eov plemena brad\u00e1\u010d m\u00f4\u017eete po\u017eiada\u0165 <strong><a href=\"mailto:adamciakova71@gmail.com\">tajomn\u00edka klubu<\/a><\/strong>, alebo si ju m\u00f4\u017eete stiahnu\u0165\u00a0<strong><a href=\"http:\/\/www.schnauzerclub.sk\/wp-content\/uploads\/2015\/05\/Prihlaska-do-klubu-KCHPB.doc\" target=\"_blank\">TU<\/a><\/strong>.<\/p>\n<p><strong>Z\u00e1pisn\u00e9 nov\u00e9ho \u010dlena je 20,- \u20ac<\/strong><\/p>\n<p><strong>\u010clensk\u00fd poplatok na jeden rok je 15,- \u20ac<\/strong><\/p>\n<p>Nako\u013eko u\u017e nepou\u017e\u00edvame \u010dlensk\u00e9 preukazy, ka\u017ed\u00fd mesiac sa aktualizuje zoznam \u010dlenov na klubovej str\u00e1nke. V\u00a0pr\u00edpade, \u017ee sa tam nen\u00e1jdete, kontaktujte pokladn\u00edka klubu.<\/p>\n<p>\u010clensk\u00fd poplatok je potrebn\u00e9 uhradi\u0165 v\u017edy do konca febru\u00e1ra pr\u00edslu\u0161n\u00e9ho roka, alebo do term\u00ednu uveden\u00e9ho na klubovej str\u00e1nke.<\/p>\n<p><strong>Do spr\u00e1vy pre prij\u00edmate\u013ea je potrebn\u00e9 uvies\u0165 priezvisko a\u00a0\u010dlensk\u00e9 s\u00a0uveden\u00edm roku:<br \/>\n<\/strong>napr. J.Nov\u00fd, \u010dl.\u00a0 2015<\/p>\n<p><strong>Bankov\u00e9 spojenie:<\/strong><br \/>\n\u010c\u00edslo \u00fa\u010dtu 11493314\/900<br \/>\nN\u00e1zov \u00fa\u010dtu: KCHPB<br \/>\nIBAN: SK93 0900 0000 0000 1149 3314<\/p>\n<p>[\/et_pb_toggle][et_pb_toggle admin_label=&#8221;Sp\u00edna\u010d Registr\u00e1cia chovnosti&#8221; title=&#8221;Registr\u00e1cia chovnosti&#8221; open=&#8221;off&#8221;]<\/p>\n<p>M\u00e1te so svojou su\u010dkou\/psom\u00a0<b>splnen\u00e9 klubov\u00e9 podmienky pre zaradenie do chovu<\/b>. Po\u0161lite pr\u00edslu\u0161n\u00e9mu poradcovi chovu <strong><a href=\"http:\/\/www.schnauzerclub.sk\/wp-content\/uploads\/2015\/05\/ziadost_na_zaradenie_do_chovu.doc\" target=\"_blank\">\u017eiados\u0165 o\u00a0zaradenie do chovu<\/a><\/strong>. \u017diados\u0165 m\u00f4\u017eete stiahnu\u0165\u00a0 <strong><a href=\"http:\/\/www.schnauzerclub.sk\/wp-content\/uploads\/2015\/05\/ziadost_na_zaradenie_do_chovu.doc\" target=\"_blank\">TU<\/a>.<\/strong><\/p>\n<p>Ke\u010f V\u00e1m poradca chovu vr\u00e1ti preukaz p\u00f4vodu (PP) so z\u00e1pisom chovn\u00fd, je potrebn\u00e9 posla\u0165 preukaz p\u00f4vodu e\u0161te na <strong>pre<\/strong><b>registr\u00e1ciu do chovu<\/b>\u00a0(\u017eiados\u0165\u00a0<strong><a href=\"http:\/\/www.schnauzerclub.sk\/wp-content\/uploads\/2015\/05\/ziadost_prereg_do_chovu.doc\">TU<\/a><\/strong>) na <strong><a href=\"http:\/\/www.unkk.sk\/phpmenu.php?s=16\" target=\"_blank\">plemenn\u00fa knihu UKK<\/a><\/strong>. Su\u010dku mo\u017eno uchovni\u0165 aj pri\u00a0prvom vrhu.<\/p>\n<p>[\/et_pb_toggle][et_pb_toggle admin_label=&#8221;Sp\u00edna\u010d: ke\u010f chcem uchovni\u0165 psa\/suku?&#8221; title=&#8221;Ako m\u00e1m postupova\u0165, ke\u010f chcem uchovni\u0165 psa\/suku?&#8221; open=&#8221;off&#8221;]<\/p>\n<p><b>Pokia\u013e chcete uchovni\u0165 psa\/suku, mus\u00ed by\u0165 zap\u00edsan\u00fd v\u00a0<a href=\"http:\/\/www.unkk.sk\/phpmenu.php?s=16\">plemennej knihe UKK<\/a>!<\/b><\/p>\n<p><b>Brad\u00e1\u010d mal\u00fd\u00a0<\/b><\/p>\n<ul>\n<li><b>pes \/ suka mus\u00ed dosiahnu\u0165 vek 15 mesiacov<\/b>, aby mohol by\u0165 jedinec uchovnen\u00fd<\/li>\n<li><b>pes \/ suka mus\u00ed absolvova\u0165 2 v\u00fdstavy v\u00a0triede strednej, otvorenej, pracovnej alebo \u0161ampi\u00f3nov,\u00a0<\/b>z\u00a0toho jednu klubom organizovan\u00fa v\u00fdstavu\u00a0 a\u00a0druh\u00fa v\u00fdstavu bu\u010f celo\u0161t\u00e1tnu, n\u00e1rodn\u00fa alebo medzin\u00e1rodn\u00fa v\u00a0SR so zn\u00e1mkou v\u00fdborn\u00fd, ve\u013emi dobr\u00fd<\/li>\n<li>informat\u00edvne vy\u0161etrenie o\u010d\u00ed &#8211; PRA<\/li>\n<\/ul>\n<p><b>Brad\u00e1\u010d\u00a0stredn\u00fd<\/b><\/p>\n<ul>\n<li><b>pes \/ suka mus\u00ed dosiahnu\u0165 vek 15 mesiacov<\/b>, aby mohol by\u0165 jedinec uchovnen\u00fd<\/li>\n<li><b>pes \/ suka mus\u00ed absolvova\u0165 2 v\u00fdstavy v\u00a0triede strednej, otvorenej, pracovnej alebo \u0161ampi\u00f3nov,\u00a0<\/b>z\u00a0toho jednu klubom organizovan\u00fa v\u00fdstavu\u00a0 a\u00a0druh\u00fa v\u00fdstavu bu\u010f celo\u0161t\u00e1tnu, n\u00e1rodn\u00fa alebo medzin\u00e1rodn\u00fa v\u00a0SR so zn\u00e1mkou v\u00fdborn\u00fd, ve\u013emi dobr\u00fd<\/li>\n<li>Potrebujete vyhodnotenie dyspl\u00e1zie bedrov\u00fdch k\u013abov (DBK) \u2013 pes \/ su\u010dka musia dosiahnu\u0165 vek minim\u00e1lne 12 mesiacov, aby bolo mo\u017en\u00e9 urobi\u0165 sn\u00edmok. Po\u017eadovan\u00e9 je vyhodnotenie ma\u0165 zap\u00edsan\u00e9 v\u00a0preukaze p\u00f4vodu a\u00a0na vyhodnoten\u00ed od veterin\u00e1ra.\u00a0<b>Vyhodnotenie DBK (do stup\u0148a 2\/2, C\/C vr\u00e1tane)<\/b><\/li>\n<\/ul>\n<p><b>Brad\u00e1\u010d ve\u013ek\u00fd<\/b><\/p>\n<ul>\n<li><b>pes \/ suka mus\u00ed dosiahnu\u0165 vek 18 mesiacov<\/b>, aby mohol by\u0165 jedinec uchovnen\u00fd<\/li>\n<li><b>pes \/ suka mus\u00ed absolvova\u0165 2 v\u00fdstavy v\u00a0triede strednej, otvorenej, pracovnej alebo \u0161ampi\u00f3nov,\u00a0<\/b>z\u00a0toho jednu klubom organizovan\u00fa v\u00fdstavu\u00a0 a\u00a0druh\u00fa v\u00fdstavu bu\u010f celo\u0161t\u00e1tnu, n\u00e1rodn\u00fa alebo medzin\u00e1rodn\u00fa v SR so zn\u00e1mkou v\u00fdborn\u00fd, ve\u013emi dobr\u00fd<\/li>\n<li>Potrebujete vyhodnotenie dyspl\u00e1zie bedrov\u00fdch k\u013abov (DBK) \u2013 pes \/ su\u010dka musia dosiahnu\u0165 vek minim\u00e1lne 12 mesiacov, aby bolo mo\u017en\u00e9 urobi\u0165 sn\u00edmok. Po\u017eadovan\u00e9 je vyhodnotenie ma\u0165 zap\u00edsan\u00e9 v\u00a0preukaze p\u00f4vodu a\u00a0na vyhodnoten\u00ed od veterin\u00e1ra.\u00a0<b>Vyhodnotenie DBK (do stup\u0148a 2\/2, C\/C vr\u00e1tane)<\/b><\/li>\n<\/ul>\n<p>Na v\u00fdstave poriadanej klubom sa jedincovi skontroluje chrup a\u00a0odmeria sa v\u00fd\u0161ka, d\u013a\u017eka. Povaha sa posudzuje po\u010das t\u00fdchto \u00fakonov. Jedinec si mus\u00ed necha\u0165 bez probl\u00e9mov skontrolova\u0165 chrup a\u00a0mus\u00ed sa necha\u0165 odmera\u0165. Pokia\u013e to nie je mo\u017en\u00e9 urobi\u0165, m\u00f4\u017ee to zopakova\u0165 na \u010fal\u0161\u00edch v\u00fdstav\u00e1ch.<\/p>\n<p>Aby mohol by\u0165 psovi na v\u00fdstave poriadanej klubom skontrolovan\u00fd chrup a\u00a0odmeran\u00e1 v\u00fd\u0161ka, mus\u00ed majite\u013e zasla\u0165 <strong><a href=\"http:\/\/www.schnauzerclub.sk\/wp-content\/uploads\/2015\/05\/Prihlaska-kontrola-chrupu-vysky.doc\">prihl\u00e1\u0161ku<\/a><\/strong>. Stiahnu\u0165 \u00a0<strong><a href=\"http:\/\/www.schnauzerclub.sk\/wp-content\/uploads\/2015\/05\/Prihlaska-kontrola-chrupu-vysky.doc\">TU<\/a><\/strong>.<\/p>\n<p><b><a href=\"https:\/\/www.kvlsr.sk\/cestovanie-so-zvieratom:zoznam-dbk-dlk\">Zoznam veterin\u00e1rnych lek\u00e1rov<\/a><\/b><\/p>\n<p>Po splnen\u00ed v\u0161etk\u00fdch podmienok, za\u0161lete tla\u010divo\u00a0<b>\u017diados\u0165 o uchovnenie\u00a0<\/b>pr\u00edslu\u0161n\u00e9mu poradcovi chovu so v\u0161etk\u00fdmi potrebn\u00fdmi pr\u00edlohami.<\/p>\n<p>[\/et_pb_toggle][et_pb_toggle admin_label=&#8221;Sp\u00edna\u010d Chovate\u013esk\u00e1 stanica&#8221; title=&#8221;Chovate\u013esk\u00e1 stanica&#8221; open=&#8221;off&#8221;]<\/p>\n<p>Su\u010dku je\u00a0u\u017e uchovnen\u00e1! M\u00e1te u\u017e\u00a0<b>medzin\u00e1rodne chr\u00e1nen\u00fd n\u00e1zov chovate\u013eskej<\/b>\u00a0<b>stanice<\/b>? Pokia\u013e nie, je potrebn\u00e9 si ho vybavi\u0165. Vybavenie chr\u00e1nen\u00e9ho n\u00e1zvu trv\u00e1 cca 3 \u2013 4 mesiace.<\/p>\n<p>Tla\u010divo na stiahnutie\u00a0<strong><a href=\"http:\/\/www.schnauzerclub.sk\/wp-content\/uploads\/2015\/05\/ziadost_chov_stanica.doc\">TU<\/a>.<\/strong><\/p>\n<p>[\/et_pb_toggle][et_pb_toggle admin_label=&#8221;Sp\u00edna\u010d Prip\u00fa\u0161\u0165acie povolenie&#8221; title=&#8221;Prip\u00fa\u0161\u0165acie povolenie&#8221; open=&#8221;off&#8221;]<\/p>\n<p><b><a href=\"http:\/\/www.schnauzerclub.sk\/wp-content\/uploads\/2015\/05\/ziadost_pripustacie_povolenie.doc\">Prip\u00fa\u0161\u0165acie povolenie<\/a><\/b>\u00a0si u\u00a0poradcu chovu vy\u017eiadajte min. 6 t\u00fd\u017ed\u0148ov pred predpokladan\u00fdm h\u00e1ran\u00edm suky.<\/p>\n<p><b>Pokia\u013e nem\u00e1te vybran\u00fdch kryc\u00edch psov<\/b>, pora\u010fte sa so sk\u00fasen\u00fdmi chovate\u013emi, alebo s\u00a0pr\u00edslu\u0161n\u00fdm poradcom chovu \u00a0v\u00a0dostato\u010dnom predstihu.<\/p>\n<p><b><a href=\"http:\/\/www.schnauzerclub.sk\/wp-content\/uploads\/2015\/05\/ziadost_pripustacie_povolenie.doc\">\u017diados\u0165 o\u00a0prip\u00fa\u0161\u0165acie povolenie<\/a>\u00a0<\/b>je potrebn\u00e9 vyp\u00edsa\u0165 komplet a\u00a0prilo\u017ei\u0165 k\u00a0nemu v\u0161etky po\u017eadovan\u00e9 materi\u00e1ly. Poradca chovu je tu, aby V\u00e1m poradil! Je to \u010dlen klubu a\u00a0\u010dlovek, ako Vy, tak\u017ee ke\u010f Vy nest\u00edhate, nepo\u017eadujte od neho, aby to za V\u00e1s doh\u00e1\u0148al. Niekedy sa to naozaj ned\u00e1.<\/p>\n<p>\u017diados\u0165 na stiahnutie\u00a0<strong><a href=\"http:\/\/www.schnauzerclub.sk\/wp-content\/uploads\/2015\/05\/ziadost_pripustacie_povolenie.doc\">TU<\/a><\/strong>.<\/p>\n<p>Pokia\u013e ste u\u017e obdr\u017eali prip\u00fa\u0161\u0165acie povolenie a\u00a0nap\u00e1rili su\u010dku, ste povinn\u00fd\u00a0<b>do 5 dn\u00ed<\/b>\u00a0<b>ozn\u00e1mi\u0165 poradcovi chovu uskuto\u010dnen\u00e9 p\u00e1renie<\/b>.<\/p>\n<p>Ke\u010f sa\u00a0<b>narodia \u0161teniatka<\/b>, ste povinn\u00fd\u00a0<b>do 5 dn\u00ed nahl\u00e1si\u0165 to poradcovi chovu<\/b>.<\/p>\n<p><b>\u0160teniatka<\/b>\u00a0vo veku\u00a0<b>od 6 t\u00fd\u017ed\u0148ov<\/b>\u00a0je potrebn\u00e9\u00a0<b>da\u0165 o\u010dipova\u0165<\/b>.<\/p>\n<p>[\/et_pb_toggle][et_pb_toggle admin_label=&#8221;Sp\u00edna\u010d Prihl\u00e1\u0161ka k z\u00e1pisu \u0161teniat&#8221; title=&#8221;Prihl\u00e1\u0161ka k z\u00e1pisu \u0161teniat&#8221; open=&#8221;off&#8221;]<\/p>\n<p>Ke\u010f\u017ee sa v\u00a0na\u0161om klube nerobia fyzick\u00e9 kontroly vrhov, je potrebn\u00e9 zasla\u0165 kompletne vyp\u00edsan\u00fa <b>prihl\u00e1\u0161ku k\u00a0z\u00e1pisu \u0161teniat po o\u010dipovan\u00ed \u0161teniat poradcovi<\/b> <b>chovu<\/b> na potvrdenie prihl\u00e1\u0161ky. Poradca chovu V\u00e1m potvrden\u00fa prihl\u00e1\u0161ku za\u0161le nasp\u00e4\u0165. K\u00a0prihl\u00e1\u0161ke je potrebn\u00e9 dolo\u017ei\u0165 doklad o\u00a0\u00fahrade 3,- \u20ac na \u00fa\u010det klubu za ka\u017ed\u00e9 \u0161te\u0148a uveden\u00e9 v\u00a0prihl\u00e1\u0161ke z\u00e1pisu \u0161teniat.<\/p>\n<p><b>Prihl\u00e1\u0161ku k\u00a0z\u00e1pisu \u0161teniat potvrden\u00fa poradcom chovu je potrebn\u00e9 do 9 t\u00fd\u017ed\u0148ov veku \u0161teniat zasla\u0165 na <a href=\"http:\/\/www.unkk.sk\/phpmenu.php?s=16\">plemenn\u00fa knihu UKK<\/a><\/b>, so v\u0161etk\u00fdmi potrebn\u00fdmi pr\u00edlohami:<\/p>\n<p>a) Origin\u00e1l preukazu p\u00f4vodu su\u010dky, ak t\u00e1to e\u0161te nem\u00e1 registrovan\u00fa chovn\u00fa sp\u00f4sobilos\u0165 v\u00a0Plemennej knihe \u00daKK, priklad\u00e1 spolu s\u00a0tla\u010divom \u017diados\u0165 o\u00a0registr\u00e1ciu chovnej sp\u00f4sobilosti.<\/p>\n<p>b) Fotok\u00f3pie z\u00edskan\u00fdch titulov, \u00a0ocenen\u00ed a\u00a0trval\u00fdch zdravotn\u00fdch vy\u0161etren\u00ed\u00a0 su\u010dky, ktor\u00e9 e\u0161te nie s\u00fa zaregistrovan\u00e9 v\u00a0Plemennej knihe \u00daKK.<\/p>\n<p>c) Origin\u00e1l preukazu p\u00f4vodu krycieho psa, ak tento e\u0161te nem\u00e1 registrovan\u00fa chovn\u00fa sp\u00f4sobilos\u0165 v\u00a0<strong><a href=\"http:\/\/www.unkk.sk\/phpmenu.php?s=16\">Plemennej knihe \u00daKK<\/a><\/strong>, priklad\u00e1 spolu s\u00a0tla\u010divom \u017diados\u0165 o\u00a0registr\u00e1ciu chovnej sp\u00f4sobilosti. V\u00a0pr\u00edpade zahrani\u010dn\u00e9ho krytia je potrebn\u00e9 doda\u0165 \u010ditate\u013en\u00fa fotok\u00f3piu preukazu p\u00f4vodu.<\/p>\n<p>d) Fotok\u00f3pie z\u00edskan\u00fdch titulov, \u00a0ocenen\u00ed a\u00a0trval\u00fdch zdravotn\u00fdch vy\u0161etren\u00ed\u00a0 psa, ktor\u00e9 e\u0161te nie s\u00fa zaregistrovan\u00e9 v\u00a0Plemennej knihe \u00daKK.<\/p>\n<p>Je dobr\u00e9 ke\u010f prilo\u017e\u00edte aj s\u00fapis z\u00edskan\u00fdch ocenen\u00ed a\u00a0titulov oboch rodi\u010dov, jednoduch\u0161ie je potom spracovanie na plemennej knihe a\u00a0m\u00f4\u017eete ma\u0165 sk\u00f4r vybaven\u00e9 preukazy p\u00f4vodu pre \u0161teniatka. V\u00a0pr\u00edpade, \u017ee \u0161teniatka pred\u00e1vate do zahrani\u010dia, je potrebn\u00e9 si vy\u017eiada\u0165 exportn\u00fd preukaz p\u00f4vodu. Ke\u010f viete adresu majite\u013ea v\u00a0zahrani\u010d\u00ed pri zasielan\u00ed prihl\u00e1\u0161ky k\u00a0z\u00e1pisu \u0161teniat, uve\u010fte to tam a\u00a0prilo\u017ete \u017eiados\u0165 o\u00a0exportn\u00fd PP, ktor\u00fa n\u00e1jdete na str\u00e1nke\u00a0<strong><a href=\"http:\/\/www.unkk.sk\" target=\"_blank\">www.unkk.sk<\/a><\/strong>\u00a0v\u00a0tla\u010div\u00e1ch PK. Exportn\u00fd PP sa d\u00e1 vystavi\u0165 aj dodato\u010dne.<\/p>\n<p>K\u00fdm za\u0161lete na Slovensk\u00fa <strong><a href=\"http:\/\/www.unkk.sk\/phpmenu.php?s=16\">plemenn\u00fa knihu psov\/UKK<\/a>\u00a0Prihl\u00e1\u0161ku na z\u00e1pis \u0161teniat,\u00a0<\/strong>je potrebn\u00e9 ma\u0165 pe\u010diatku a\u00a0podpis od dan\u00e9ho poradcu chovu, ktor\u00fd vystavil krycie povolenie.<br \/>\n<strong>\u00a0&#8211; pre mal\u00fdch brad\u00e1\u010dov<\/strong> &#8211;\u00a0<strong><a href=\"mailto:z.havlikova66@gmail.com\" target=\"_blank\">Zuzana Havl\u00edkov\u00e1<\/a><br \/>\n&#8211; pre stredn\u00fd a\u00a0ve\u013ek\u00fdch <\/strong>&#8211;\u00a0<strong><a href=\"mailto:slackova@soselh.sk\" target=\"_blank\">Ing. Jaroslava Sla\u010dkov\u00e1<\/a><\/strong><\/p>\n<p>Prihl\u00e1\u0161ku zasielajte poradcovi chovu vyplnen\u00fa cel\u00fa (\u00fadaje o\u00a0vrhu, men\u00e1 \u0161teniat, farba \u0161teniat,\u00a0meno a\u00a0adresa \u00a0veterin\u00e1rneho lek\u00e1ra), v\u00a0oboch v\u00fdtla\u010dkoch.<br \/>\nPo potvrden\u00ed V\u00e1m dan\u00fd poradca chovu prihl\u00e1\u0161ku vr\u00e1ti na\u00a0Va\u0161u adresu.<\/p>\n<p>Ak nebude na prihl\u00e1\u0161ke podpis a\u00a0pe\u010diatka poradcu chovu (v kol\u00f3nke <strong>Z\u00e1znam o\u00a0kontrole vrhu<\/strong>), nebud\u00fa \u0161teniatkam vystaven\u00e9 preukazy p\u00f4vodu.<\/p>\n<div><\/div>\n<p>[\/et_pb_toggle][et_pb_toggle admin_label=&#8221;Sp\u00edna\u010d Identifik\u00e1cia \u0161teniatok&#8221; title=&#8221;Identifik\u00e1cia \u0161teniatok&#8221; open=&#8221;off&#8221;]<\/p>\n<p>Na z\u00e1klade rozhodnutia v\u00fdboru KCHPB z\u00a025.2.2012 sa ru\u0161\u00ed povinn\u00e9 tetovanie a\u00a0ustanovuje sa sp\u00f4sob z\u00e1pisu \u0161teniec do SPKP <strong><a href=\"http:\/\/www.crsz.sk\">\u010dipovan\u00edm psov<\/a><\/strong>.<\/p>\n<p>Odpor\u00fa\u010da sa chovate\u013eom preveri\u0165 si u\u00a0svojho veterin\u00e1ra cenu za zavedenie mikro\u010dipu a\u00a0pod\u013ea toho sa rozhodn\u00fa\u0165, u\u00a0koho si daj\u00fa \u0161tence za\u010dipova\u0165. Nie v\u0161etci veterin\u00e1rni lek\u00e1ri maj\u00fa opr\u00e1vnenie vyd\u00e1va\u0165 medzin\u00e1rodn\u00fd veterin\u00e1rny preukaz (Pet passport), nevyhnutn\u00fd pri v\u00fdvoze psa do zahrani\u010dia. Zoznam poveren\u00fdch veterin\u00e1rnych lek\u00e1rov, ktor\u00ed maj\u00fa tak\u00e9to opr\u00e1vnenie, je uverejnen\u00fd na str\u00e1nke <strong><a href=\"http:\/\/www.crsz.sk\">www.crsz.sk<\/a><\/strong>.<\/p>\n<div><\/div>\n<p>[\/et_pb_toggle][et_pb_toggle admin_label=&#8221;Sp\u00edna\u010d Import psa&#8221; title=&#8221;Import (dovoz) psa&#8221; open=&#8221;off&#8221;]<\/p>\n<p><strong>K\u00fapili ste si ps\u00edka\/su\u010dku zo zahrani\u010dia?<\/strong>\u00a0Aby mohol by\u0165 prihlasovan\u00fd na v\u00fdstavy, nie je povinn\u00e9 zap\u00edsa\u0165 jedinca do plemennej knihy UKK.<\/p>\n<p>Aby mohol by\u0165 uchovnen\u00fd, mus\u00ed by\u0165 zap\u00edsan\u00fd v\u00a0<a href=\"http:\/\/www.unkk.sk\/phpmenu.php?s=16\">plemennej knihe UKK<\/a>.<\/p>\n<p>Aby mohol by\u0165 zap\u00edsan\u00fd do <a href=\"http:\/\/www.unkk.sk\/phpmenu.php?s=16\">plemennej knihy UKK<\/a>, mus\u00edte ma\u0165 exportn\u00fd preukaz p\u00f4vodu. Postup n\u00e1jdete\u00a0<strong><a href=\"http:\/\/unkk.sk\/phpmenu.php?s=16\" target=\"_blank\">TU<\/a>.<\/strong><\/p>\n<p>[\/et_pb_toggle][et_pb_toggle admin_label=&#8221;Sp\u00edna\u010d Export (v\u00fdvoz) psa&#8221; title=&#8221;Export (v\u00fdvoz) psa&#8221; open=&#8221;off&#8221;]<\/p>\n<p>Podmienky pre vystavenie exportn\u00e9ho PP.<\/p>\n<p>Na <a href=\"http:\/\/www.unkk.sk\/phpmenu.php?s=16\">Plemenn\u00fa knihu UKK<\/a> je\u00a0potrebn\u00e9 zasla\u0165:<br \/>\n1. origin\u00e1l rodokme\u0148 so z\u00e1pisom o zmene majite\u013ea a podpisom chovate\u013ea na zadnej strane PP,<br \/>\n2. vyplnen\u00e9 a podp\u00edsan\u00e9 tla\u010divo &#8211; <strong><a href=\"http:\/\/www.schnauzerclub.sk\/wp-content\/uploads\/2015\/05\/ziadost_exportny_pp.doc\">\u017diados\u0165 o exportn\u00fd preukaz o p\u00f4vode psa<\/a><\/strong>,<\/p>\n<p>Vystaven\u00fd doklad zasielame NA DOBIERKU, neplat\u00ed sa vopred!<br \/>\n\u017diadosti bud\u00fa vybaven\u00e9 v lehote do 30 dn\u00ed od d\u00e1tumu doru\u010denia.<\/p>\n<p>[\/et_pb_toggle][et_pb_toggle admin_label=&#8221;Sp\u00edna\u010d Plemenn\u00e1 kniha UKK&#8221; title=&#8221;Plemenn\u00e1 kniha UKK&#8221; open=&#8221;off&#8221;]<\/p>\n<p>Dokumenty plemennej knihy posielajte na adresu:<\/p>\n<p>\u00dania kynologick\u00fdch klubov<br \/>\nFurmansk\u00e1 9<br \/>\n841 03 Bratislava<\/p>\n<p>V\u0161etky inform\u00e1cie na <strong><a href=\"http:\/\/www.unkk.sk\">webovej str\u00e1nke \u00daKK<\/a>.<\/strong><\/p>\n<p><strong>Kontakty:<\/strong><br \/>\ntpevn\u00e1 linka: 02\/64282691<br \/>\nmobil: 0948 220 924<br \/>\n<a href=\"mailto:melichova@unkk.sk\">melichova@unkk.sk<\/a> (plemenn\u00e1 kniha)<br \/>\n<a href=\"http:\/\/unkk@unkk.sk\">unkk@unkk.sk<\/a> (agenda klubov)<\/p>\n<p>[\/et_pb_toggle][\/et_pb_column][et_pb_column type=&#8221;1_4&#8243;][et_pb_sidebar admin_label=&#8221;Bo\u010dn\u00fd panel&#8221; orientation=&#8221;right&#8221; area=&#8221;sidebar-1&#8243; background_layout=&#8221;light&#8221; \/][\/et_pb_column][\/et_pb_row][\/et_pb_section]<\/p>\n","protected":false},"excerpt":{"rendered":"<p>[et_pb_section][et_pb_row][et_pb_column type=&#8221;3_4&#8243;][et_pb_toggle admin_label=&#8221;Sp\u00edna\u010d Ako sa sta\u0165 \u010dlenom klubu?&#8221; title=&#8221;Ako sa sta\u0165 \u010dlenom klubu?&#8221; open=&#8221;off&#8221;] O\u00a0prihl\u00e1\u0161ku do klubu chovate\u013eov plemena brad\u00e1\u010d m\u00f4\u017eete po\u017eiada\u0165 tajomn\u00edka klubu, alebo si ju m\u00f4\u017eete stiahnu\u0165\u00a0TU. Z\u00e1pisn\u00e9 nov\u00e9ho \u010dlena je 20,- \u20ac \u010clensk\u00fd poplatok na jeden rok je 15,- \u20ac Nako\u013eko u\u017e nepou\u017e\u00edvame \u010dlensk\u00e9 preukazy, ka\u017ed\u00fd mesiac sa aktualizuje zoznam \u010dlenov na [&hellip;]<\/p>\n","protected":false},"author":2,"featured_media":0,"parent":0,"menu_order":0,"comment_status":"closed","ping_status":"closed","template":"","meta":{"slim_seo":{"title":"FAQ - KCHPB","description":"[et_pb_section][et_pb_row][et_pb_column type=\"3_4\"][et_pb_toggle admin_label=\"Sp\u00edna\u010d Ako sa sta\u0165 \u010dlenom klubu?\" title=\"Ako sa sta\u0165 \u010dlenom klubu?\" open=\"off\"] O\u00a0"},"footnotes":""},"class_list":["post-2926","page","type-page","status-publish","hentry"],"_links":{"self":[{"href":"https:\/\/www.schnauzerclub.sk\/en\/wp-json\/wp\/v2\/pages\/2926","targetHints":{"allow":["GET"]}}],"collection":[{"href":"https:\/\/www.schnauzerclub.sk\/en\/wp-json\/wp\/v2\/pages"}],"about":[{"href":"https:\/\/www.schnauzerclub.sk\/en\/wp-json\/wp\/v2\/types\/page"}],"author":[{"embeddable":true,"href":"https:\/\/www.schnauzerclub.sk\/en\/wp-json\/wp\/v2\/users\/2"}],"replies":[{"embeddable":true,"href":"https:\/\/www.schnauzerclub.sk\/en\/wp-json\/wp\/v2\/comments?post=2926"}],"version-history":[{"count":0,"href":"https:\/\/www.schnauzerclub.sk\/en\/wp-json\/wp\/v2\/pages\/2926\/revisions"}],"wp:attachment":[{"href":"https:\/\/www.schnauzerclub.sk\/en\/wp-json\/wp\/v2\/media?parent=2926"}],"curies":[{"name":"wp","href":"https:\/\/api.w.org\/{rel}","templated":true}]}}