{"id":2928,"date":"2024-05-10T09:13:39","date_gmt":"2024-05-10T07:13:39","guid":{"rendered":"http:\/\/www.schnauzerclub.sk\/?page_id=2928&#038;lang=en"},"modified":"2025-12-29T21:57:12","modified_gmt":"2025-12-29T19:57:12","slug":"kennels","status":"publish","type":"page","link":"https:\/\/www.schnauzerclub.sk\/en\/kennels\/","title":{"rendered":"Kennels"},"content":{"rendered":"\t\t<div data-elementor-type=\"wp-page\" data-elementor-id=\"2928\" class=\"elementor elementor-2928 elementor-590\" data-elementor-post-type=\"page\">\n\t\t\t\t\t\t<section class=\"elementor-section elementor-top-section elementor-element elementor-element-88f2d41 elementor-section-full_width elementor-section-height-min-height elementor-section-height-default elementor-section-items-middle\" data-id=\"88f2d41\" data-element_type=\"section\" data-e-type=\"section\" data-settings=\"{&quot;background_background&quot;:&quot;classic&quot;}\">\n\t\t\t\t\t\t<div class=\"elementor-container elementor-column-gap-default\">\n\t\t\t\t\t<div class=\"elementor-column elementor-col-100 elementor-top-column elementor-element elementor-element-04f5da0\" data-id=\"04f5da0\" data-element_type=\"column\" data-e-type=\"column\">\n\t\t\t<div class=\"elementor-widget-wrap\">\n\t\t\t\t\t\t\t<\/div>\n\t\t<\/div>\n\t\t\t\t\t<\/div>\n\t\t<\/section>\n\t\t\t\t<section class=\"elementor-section elementor-top-section elementor-element elementor-element-2a062346 elementor-section-boxed elementor-section-height-default elementor-section-height-default\" data-id=\"2a062346\" data-element_type=\"section\" data-e-type=\"section\">\n\t\t\t\t\t\t<div class=\"elementor-container elementor-column-gap-default\">\n\t\t\t\t\t<div class=\"elementor-column elementor-col-50 elementor-top-column elementor-element elementor-element-448465b2\" data-id=\"448465b2\" data-element_type=\"column\" data-e-type=\"column\" data-settings=\"{&quot;background_background&quot;:&quot;classic&quot;}\">\n\t\t\t<div class=\"elementor-widget-wrap elementor-element-populated\">\n\t\t\t\t\t\t<div class=\"elementor-element elementor-element-f7340d0 elementor-widget-tablet__width-initial elementor-widget elementor-widget-text-editor\" data-id=\"f7340d0\" data-element_type=\"widget\" data-e-type=\"widget\" data-widget_type=\"text-editor.default\">\n\t\t\t\t<div class=\"elementor-widget-container\">\n\t\t\t\t\t\t\t\t\t<h2>Brad\u00e1\u010d mal\u00fd biely<\/h2><hr><p><b>ARTEMISLOVAKIA<br><\/b>D\u00e1vid \u010cill\u00edk, Mal\u00e9 Teriakovce 24, 980 51 Ve\u013ek\u00e9 Teriakovce<br>Kontakt: +421915817253<\/p><p><strong> <a href=\"https:\/\/www.sites.google.com\/site\/castrumlewa\">ANTE CASTRUM LEWA<\/a> <br><\/strong>Ing. Kl\u00e1ra Berkov\u00e1, 935 69 Plav\u00e9 Vozokany 305<br>036\/ 6313963<br>Tel: +421905 532 884<\/p><p><strong>CALEMIALI<\/strong><br>Lenka \u010cajkov\u00e1, Kl\u00e1tovsk\u00e1 206\/45, 044 12 Ni\u017en\u00fd Kl\u00e1tov<br>Kontakt: +421918 118 806<span class=\"Apple-converted-space\"> <\/span><\/p><p><b>CARPATHIAN SUNRICE<br><\/b>Andrea Vandov\u00e1, Karpatsk\u00e1 4, Modra 900 01<br>Kontakt: +421944 095 004<\/p><p><strong> <a href=\"http:\/\/dastynellaelegant.sk\">DASTYNELLA ELEGANT<\/a> <br><\/strong>Karol Pint\u00e9r, 044 01 Drienovec 350<b> <br><\/b>Tel: +421903 655 092<\/p><p><b>KARALMA<br><\/b>Martina Kardhord\u00f3, V\u00fdskumn\u00edcka 5, 947 01 Hurbanovo<br>Tel: +421902 302 269<\/p><p><strong><a href=\"http:\/\/www.zbielehodomu.com\">Z BIELEHO DOMU<\/a><br><\/strong>Stan\u00edk Miroslav, P\u00e1rnica \u010d. 434, 02601 Doln\u00fd Kub\u00edn<br>Tel: +421915849308, +421905542944 <\/p><p><b>STELLA DAL MULINO<br><\/b>Mgr. Nata\u0161a \u0160kripcov\u00e1, E. Kostol\u00e1nyovej 14, <span class=\"Apple-converted-space\">  <\/span>917 08 Trnava<br>Kontakt: +421905857831<\/p><p><strong>VIDA VELVETY<\/strong><br>Vidovi\u010dov\u00e1 M\u00e1ria, 925 51 \u0160intava 738<br>Kontakt: +421 944 182 949<\/p><p><strong>Z DOMU HOBITA<\/strong><br>Peter Varga, 951 42 Zbehy 510<br>+421 908 668404<\/p><hr><h2>Miniature schnauzer black<\/h2><hr><p><strong> <a href=\"https:\/\/www.sites.google.com\/site\/castrumlewa\">ANTE CASTRUM LEWA<\/a> <br><\/strong>Ing. Kl\u00e1ra Berkov\u00e1, 935 69 Plav\u00e9 Vozokany 305<br>036\/ 6313963<br>Tel: +421905 532 884<\/p><p><strong> <a href=\"http:\/\/www.archeus.webnode.sk\" target=\"_blank\" rel=\"noopener noreferrer\">ARCHEUS<\/a> <br><\/strong>Ing. Pavel Kov\u00e1cs PhD, Podture\u0148 613, 03301 Liptovsk\u00fd Hr\u00e1dok<br>Tel: +421905766240<\/p><p><strong> <a href=\"http:\/\/www.bikindvor.com\">BIKIN DVOR<\/a> <\/strong><br>Zuzana Havl\u00edkov\u00e1, Sv\u00e4tourbansk\u00e1 40, 949 01 Nitra<br>Tel: +42137\/7419 249 , 0905 664 631<\/p><p><strong>BRADMIR<\/strong><br>Miroslav Varga, Vini\u010dky 37\/3, 94901 Nitra<br>Tel.: +421902 180 457<\/p><p><strong>CORAJOSA<\/strong><br>Holovani\u0161inov\u00e1 Nicole, \u010c\u00e1\u010dovsk\u00e1 cesta 5338\/87, 905 01 Senica<span class=\"Apple-converted-space\"> <br><\/span>Kontakt: +421 907 261 677<\/p><p><strong> <a href=\"http:\/\/dastynellaelegant.sk\">DASTYNELLA ELEGANT<\/a> <br><\/strong>Karol Pint\u00e9r, 044 01 Drienovec 350<b> <br><\/b>Tel: +421903 655 092<\/p><p><strong> <a href=\"http:\/\/kamisi-garden.webnode.sk\">KAMISI GARDEN<\/a> <br><\/strong>Roman\u010d\u00edkov\u00e1 Katar\u00edna Mgr., Z\u00e1hradn\u00e1 1999\/3, 909 01 Skalica<span class=\"Apple-converted-space\"> <br><\/span>Tel: +421904 450 334<\/p><p><strong>RAGENDORF<\/strong><br>Marco Keszely, P.J.\u0160af\u00e1rika 377\/11, \u0160a\u013ea<span class=\"Apple-converted-space\"> <\/span>92701<\/p><p class=\"s3\"><span class=\"s5\">MAGIC INSTINCT<br><\/span><span class=\"s6\">Stanislav Lieskovsk\u00fd<\/span><span class=\"s6\">, <\/span><span class=\"s6\">Hlavn\u00e1 91<\/span><span class=\"s6\">, 9<\/span><span class=\"s6\">51 22<\/span> <span class=\"s6\">Alek\u0161ince<br><\/span><span class=\"s6\">Tel: +42190<\/span><span class=\"s6\">4<\/span> <span class=\"s6\">88<\/span><span class=\"s6\">2 <\/span><span class=\"s6\">884<\/span><\/p><p><strong>MY ANGEL TOMI<\/strong><br>Nechalovi Jana a Michal, Pribinova 21, Smi\u017eany 053 11<\/p><p><b>Miniature schnauzer black<\/b><\/p><p><b>PREMIUM<br><\/b>MVDr. Jaroslav Slosiarik, \u0160kolsk\u00e1 8, 962 61 Dobr\u00e1 Niva<br>Kontakt: +421905 903 723 <\/p><p><strong><a href=\"http:\/\/www.wildrane.szm.sk\">WILD RANE<\/a><br><\/strong>Bc. Andrea a Juraj Adam\u010diakovci, \u017delezni\u010dn\u00e1 955, 034 95 Likavka<br>Tel: +421905 511 257, 0903 818 735, 044 4331792 <\/p><p><strong> <a href=\"http:\/\/zosmaldonu.webnode.sk\">ZO SMALDONU<\/a> <br><\/strong>Dr. Franti\u0161ek Barto\u0161, Ferien\u010d\u00edkova 16, 811 08 Bratislava<br>Tel: +421905578932<\/p><p class=\"p1\"><strong>VICTORIOUSCERBERUS<br><\/strong>Angela G\u00e1bri\u0161ov\u00e1, \u0160tef\u00e1nikova 363\/85, 900 28 Iv\u00e1nka pri Dunaji<br>+421908 629 203<span class=\"Apple-converted-space\"> <\/span><\/p><p><strong>VIDA VELVETY<\/strong><br>Vidovi\u010dov\u00e1 M\u00e1ria, 925 51 \u0160intava 738<br>Kontakt: +421 944 182 949<\/p><hr><h2>Brad\u00e1\u010d mal\u00fd korenie &amp; so\u013e<\/h2><hr><p><strong><a href=\"http:\/\/www.crazypaws.sk\">CRAZY PAWS<\/a><br><\/strong>Mgr. Ivana \u010cemanov\u00e1 Kiskov\u00e1, Dostojevsk\u00e9ho 4532\/67, 058 01 Poprad<br>Tel: +421905 288 479 <\/p><p><strong> <a href=\"http:\/\/www.bradac-rebeca.wbl.sk\">DANKY DOG<\/a> <br><\/strong>Daniela Chrenkov\u00e1, E. Nesceya 3166\/1, 010 08 \u017dilina<br>Tel: +421905 608248<\/p><p><strong> <a href=\"http:\/\/dastynellaelegant.sk\">DASTYNELLA ELEGANT<\/a> <br><\/strong>Karol Pint\u00e9r, 044 01 Drienovec 350<b> <br><\/b>Tel: +421903 655 092<\/p><p><strong><a href=\"http:\/\/www.imprese.sk\">IMPRESE<\/a><br><\/strong>Mazakov\u00e1 Jana, ul. Jana Ra\u0161u 570, 900 86 Budmerice<br>Tel: +421905 819870,pr.lin.  +421\/033 6448581<\/p><p><strong> <a href=\"http:\/\/www.kelador.com\">KELADOR<\/a> <br><\/strong>Zuzana Strakov\u00e1, Brig\u00e1dnick\u00e1 5, 841 10 Bratislava 46<br>Tel: +421905 411 743, 0903 411 743<\/p><p><b>LAND OF DELLMAR<br><\/b>Jana Kre\u0161k\u00f3ciov\u00e1, Mlynsk\u00e1 zem 491\/31, 951 13 Bran\u010d<br>Tel: +421 911 923 345<\/p><p><strong><a href=\"http:\/\/www.wildrane.szm.sk\">WILD RANE<\/a><br><\/strong>Bc. Andrea a Juraj Adam\u010diakovci, \u017delezni\u010dn\u00e1 955, 034 95 Likavka<br>Tel: +421905 511 257, 0903 818 735, 044 4331792 <\/p><p><b>Z AJ\u0160INHO DVORA<br><\/b>Stanislav Lauko, Nov\u00e1 \u0160tvr\u0165 277, 925081 Diakovce<br>kontakt: +421903 166 030<\/p><p><strong><a href=\"http:\/\/www.zbielehodomu.com\">Z BIELEHO DOMU<\/a><br><\/strong>Stan\u00edk Miroslav, P\u00e1rnica \u010d. 434, 02601 Doln\u00fd Kub\u00edn<br>PhoneTel <\/p><p><b>\u00daRADN\u00cdKOV DVOR<br><\/b>Michal \u00daradn\u00edk, Somorov\u00e1 Ves 698, 972 25 Diviaky nad Nitricou<br>Tel: + 421944 008 151<\/p><hr><h2>Brad\u00e1\u010d mal\u00fd \u010dierno-strieborn\u00fd<\/h2><hr><p><strong> <a href=\"http:\/\/www.agapeschnauzer.com\">AGAPE<\/a> <\/strong><br>Marta Kro\u010danov\u00e1, Dudv\u00e1\u017eska 12, 821 07 Bratislava<\/p><p><strong> <a href=\"http:\/\/www.bikindvor.com\">BIKIN DVOR<\/a> <\/strong><br>Zuzana Havl\u00edkov\u00e1, Sv\u00e4tourbansk\u00e1 40, 949 01 Nitra<br>Tel: +42137\/7419 249 , 0905 664 631<\/p><p><strong> <a href=\"http:\/\/dastynellaelegant.sk\">DASTYNELLA ELEGANT<\/a> <br><\/strong>Karol Pint\u00e9r, 044 01 Drienovec 350<b> <br><\/b>Tel: +421903 655 092<\/p><p><b>DRAGON EPERIA<br><\/b>Ing. Jana Kraf\u010d\u00e1kov\u00e1, Trnkov\u00e1 3, 080 06 Pre\u0161ov<br>Kontakt: +421905181916<\/p><p><strong>EL FUERTE LIBRE<br><\/strong>Martina Maruniakov\u00e1, Javorova 3071\/6, 010 07 \u017dilina<\/p><p><strong>HENRIET\u00b4S GARDEN<\/strong><br>Henrieta Vojta\u0161ov\u00e1, Podhrabina 272, Chme\u013eov 082 15<span class=\"Apple-converted-space\"> <br><\/span>+421 918 547498<\/p><p><b>JERGY<br><\/b>Anna Polomsk\u00e1, Koll\u00e1rova 34, 052 01 Spi\u0161sk\u00e1 Nov\u00e1 Ves<br>Kontakt: +421918 447 119<\/p><p class=\"p1\"><strong>LIPTOVMAX<\/strong><br>Marek Hriv\u0148\u00e1k, 032 14 \u013dube\u013ea 334<br>+421948 330 111<\/p><p><a href=\"http:\/\/www.ok-er.sk\/\"><b>OK-ER<\/b><\/a><b> <br><\/b>Erik Okruhlica, Smetanova 9, 927 00 \u0160a\u013ea<br>Tel: +421 907 701 862, 0907 526 606<span class=\"Apple-converted-space\"> <\/span><\/p><p><b>PEDIBUS<br><\/b>MVDr. Roman Mr\u00e1zik, Vajansk\u00e9ho 18, 955 01 Topo\u013e\u010dany<br>+421905 218 313 <span class=\"Apple-converted-space\"> <\/span><\/p><p><span class=\"s7\">MAL\u00c9 U\u0160KO<\/span><span class=\"s8\"><br><\/span><span class=\"s9\">RNDr. Jana Mare\u010dkov\u00e1 <\/span><span class=\"s10\">, <\/span><span class=\"s10\">H\u00e1jska 30<\/span><span class=\"s10\">, 9<\/span><span class=\"s10\">05 01<\/span> <span class=\"s10\">Senica<\/span><span class=\"s10\"><br><\/span><span class=\"s10\">Tel: +421 9<\/span><span class=\"s10\">15 311 430<\/span><\/p><p><strong>ROSEVELT<\/strong><br>\u0160tef\u00e1nia Moln\u00e1rov\u00e1, 044 61 Zlat\u00e1 Idka 238<span class=\"Apple-converted-space\"> <br><\/span>+421 914123620<\/p><p><strong><a href=\"http:\/\/www.wildrane.szm.sk\">WILD RANE<\/a><br><\/strong>Bc. Andrea a Juraj Adam\u010diakovci, \u017delezni\u010dn\u00e1 955, 034 95 Likavka<br>Tel: +421905 511 257, 0903 818 735, 044 4331792 <\/p><p><strong>Z DOLN\u00c9HO TURCA<br><\/strong>MVDr. Juraj Chorv\u00e1th, Vetern\u00e1 55, 036 01 Martin <\/p><p><strong>Z ROMORU<br><\/strong>Krist\u00edna Drli\u010dkov\u00e1, Koll\u00e1rova 7, 921 01 Pie\u0161\u0165any<br>Tel: +421903 858 557<\/p><hr><h2>Standard schnauzer black<\/h2><hr><p><b>VON<\/b><b> <\/b><b>TREBETE<br><\/b>Ing. Dagmar Pol\u00e1kov\u00e1, Z\u00e1humensk\u00e1 534\/2, 922 10 Trebatice <br>Tel: +421 905 203 193<\/p><p><strong>AB ASTRIS<br><\/strong>Jela Dankov\u00e1, \u010ce\u010dinov\u00e1 18, 82105 Bratislava<br>Tel: +421 948 571 111<\/p><hr><h2>Brad\u00e1\u010d stredn\u00fd korenie &amp; so\u013e<\/h2><hr><p><a href=\"http:\/\/www.imprese.sk\"><b>IMPRESE<\/b><\/a><span class=\"Apple-converted-space\"> <br><\/span>Jana Maz\u00e1kov\u00e1, Dobroho\u0161\u0165 359, 930 31 Vojka<span class=\"Apple-converted-space\"> <br><\/span>Tel: +421 905 819 870<\/p><p><strong>SIOUX WARRIOR<br><\/strong>Matej \u0160lachta, 906 36 Plaveck\u00e9 Podhradie 235<br>Tel: +421 908 473 411<\/p><p><strong>Z BATTY<\/strong><br>Barbora Va\u0161kov\u00e1, Hlohoveck\u00e1 66\/10A, 925 53 Pata<br>Tel: +421 902 351 180<\/p><p><strong><a href=\"http:\/\/www.z-pekneho-pola.sk\">Z PEKN\u00c9HO PO\u013dA<\/a> <\/strong><br>MVDr. Zuzana Koll\u00e1rov\u00e1, M. Kopern\u00edka 42, 917 01 Trnava<br>Tel: +421 907 613 980 <\/p><p><strong><a href=\"http:\/\/www.zcaviazahva.sk\/novinky\">Z ROMORU<\/a> <\/strong><br>Krist\u00edna Drli\u010dkov\u00e1, Koll\u00e1rova 7, 921 01 Pie\u0161\u0165any<br>Tel: +421 903 858 557<\/p><p><strong>Z VOW FARMY<\/strong><br>Ot\u00edlia Wittnerov\u00e1, Z\u00e1borsk\u00e9 197, 082 53 Petrovany<br>Tel: +421 910 954 313<\/p><hr><h2>Giant schnauzer black<\/h2><hr><p><b>ASPERA VISUM<br><\/b>Ing. Iveta Hodekov\u00e1, Hor\u0161a 53, 934 01 Levice<br>Tel: +421 907 586 677<\/p><p><b>HAVANA ICE DAY<\/b><br>Martin Li\u0161ka, Bernol\u00e1kovsk\u00e1 59, 900 28 Iv\u00e1nka pri Dunaji<br>Tel: +421 915 786 300<\/p><p><b>KALIMANTANA<\/b><br>Janka Koct\u00farov\u00e1, Povstaleck\u00e1 cesta 33, 974 09 Bansk\u00e1 Bastrica<br>Tel: +421 907 419 614<\/p><p><strong>LANAX NYPELA<\/strong><br>Petra Nykodymov\u00e1, \u010capajevov\u00e1 2, 040 11 Ko\u0161ice<br>Tel: +421 903 400 245<\/p><p><b><a href=\"http:\/\/www.ok-er.sk\">OK-ER<\/a><span class=\"Apple-converted-space\"> <\/span><\/b><b><br><\/b>Erik Okruhlica, Smetanova 9, 927 00 \u0160a\u013ea<br>Tel: +421 907 701 862, 0907 526 606<\/p><p><strong>NEGROPERLO<\/strong><br>MUDr. Em\u00edlia Kru\u013eov\u00e1, Jasenovsk\u00e1 197, 066 01 Humenn\u00e9<br>Tel: +421 905 825 521 <\/p><p><strong>ZO \u0160TEPN\u00cdC<\/strong><br>Ing. Ren\u00e1ta Lelovsk\u00e1, \u0160tepnick\u00e1 1545\/74, 951 17 Cabaj &#8211; \u010c\u00e1por<br>Tel: +421 948 241 224<\/p><p><b>VON<span class=\"Apple-converted-space\"> <\/span>PODA<span class=\"Apple-converted-space\"> <\/span>ETY<br><\/b>Kubovi\u010d \u0160tefan, P\u00f3dafa 291, 92901 Povoda<br>Tel: +421907595980<\/p><p><a href=\"https:\/\/www.wildrane.sk\"><b>WILD RANE<\/b><\/a> <br>Mgr. Andrea a Juraj Adam\u010diakovi, Likavka 955, 034 95<br>Tel: + 421905511257 <\/p><hr><h2>Brad\u00e1\u010d ve\u013ek\u00fd korenie &amp; so\u013e<\/h2><hr><p><strong><a href=\"http:\/\/www.kelador.com\">KELADOR<\/a><br><\/strong>Zuzana Strakov\u00e1, Brig\u00e1dnick\u00e1 5, 841 10 Bratislava 46<br>Tel: +421 0903 411 743<\/p><p><b>KELA-HEART<\/b><span class=\"Apple-converted-space\"> <br><\/span>Miroslav Susk\u00fd, Horn\u00e9 Zelenice 176, 92052 Hlohovec<span class=\"Apple-converted-space\"> <br><\/span>Tel:<span class=\"Apple-converted-space\"> <\/span>+421 948 359 787<\/p>\t\t\t\t\t\t\t\t<\/div>\n\t\t\t\t<\/div>\n\t\t\t\t\t<\/div>\n\t\t<\/div>\n\t\t\t\t<div class=\"elementor-column elementor-col-50 elementor-top-column elementor-element elementor-element-4b7c0e15 elementor-hidden-phone\" data-id=\"4b7c0e15\" data-element_type=\"column\" data-e-type=\"column\" data-settings=\"{&quot;background_background&quot;:&quot;classic&quot;}\">\n\t\t\t<div class=\"elementor-widget-wrap elementor-element-populated\">\n\t\t\t\t\t\t\t<\/div>\n\t\t<\/div>\n\t\t\t\t\t<\/div>\n\t\t<\/section>\n\t\t\t\t<\/div>\n\t\t","protected":false},"excerpt":{"rendered":"<p>Brad\u00e1\u010d mal\u00fd biely ARTEMISLOVAKIAD\u00e1vid \u010cill\u00edk, Mal\u00e9 Teriakovce 24, 980 51 Ve\u013ek\u00e9 TeriakovceKontakt: +421915817253 ANTE CASTRUM LEWA Ing. Kl\u00e1ra Berkov\u00e1, 935 69 Plav\u00e9 Vozokany 305036\/ 6313963Tel: +421905 532 884 CALEMIALILenka \u010cajkov\u00e1, Kl\u00e1tovsk\u00e1 206\/45, 044 12 Ni\u017en\u00fd Kl\u00e1tovKontakt: +421918 118 806 CARPATHIAN SUNRICEAndrea Vandov\u00e1, Karpatsk\u00e1 4, Modra 900 01Kontakt: +421944 095 004 DASTYNELLA ELEGANT Karol Pint\u00e9r, 044 [&hellip;]<\/p>\n","protected":false},"author":2,"featured_media":41896,"parent":0,"menu_order":0,"comment_status":"closed","ping_status":"closed","template":"","meta":{"slim_seo":{"title":"Kennels - KCHPB","description":"Brad\u00e1\u010d mal\u00fd biely ARTEMISLOVAKIA D\u00e1vid \u010cill\u00edk, Mal\u00e9 Teriakovce 24, 980 51 Ve\u013ek\u00e9 Teriakovce Kontakt: +421915817253 ANTE CASTRUM LEWA Ing. Kl\u00e1ra Berkov\u00e1, 935 69 P"},"footnotes":""},"class_list":["post-2928","page","type-page","status-publish","has-post-thumbnail","hentry"],"_links":{"self":[{"href":"https:\/\/www.schnauzerclub.sk\/en\/wp-json\/wp\/v2\/pages\/2928","targetHints":{"allow":["GET"]}}],"collection":[{"href":"https:\/\/www.schnauzerclub.sk\/en\/wp-json\/wp\/v2\/pages"}],"about":[{"href":"https:\/\/www.schnauzerclub.sk\/en\/wp-json\/wp\/v2\/types\/page"}],"author":[{"embeddable":true,"href":"https:\/\/www.schnauzerclub.sk\/en\/wp-json\/wp\/v2\/users\/2"}],"replies":[{"embeddable":true,"href":"https:\/\/www.schnauzerclub.sk\/en\/wp-json\/wp\/v2\/comments?post=2928"}],"version-history":[{"count":0,"href":"https:\/\/www.schnauzerclub.sk\/en\/wp-json\/wp\/v2\/pages\/2928\/revisions"}],"wp:featuredmedia":[{"embeddable":true,"href":"https:\/\/www.schnauzerclub.sk\/en\/wp-json\/wp\/v2\/media\/41896"}],"wp:attachment":[{"href":"https:\/\/www.schnauzerclub.sk\/en\/wp-json\/wp\/v2\/media?parent=2928"}],"curies":[{"name":"wp","href":"https:\/\/api.w.org\/{rel}","templated":true}]}}