{"id":2941,"date":"2025-09-29T20:47:49","date_gmt":"2025-09-29T18:47:49","guid":{"rendered":"http:\/\/www.schnauzerclub.sk\/?page_id=2941&#038;lang=en"},"modified":"2025-09-29T21:05:44","modified_gmt":"2025-09-29T19:05:44","slug":"officers-committee","status":"publish","type":"page","link":"https:\/\/www.schnauzerclub.sk\/en\/officers-committee\/","title":{"rendered":"Committee"},"content":{"rendered":"\t\t<div data-elementor-type=\"wp-page\" data-elementor-id=\"2941\" class=\"elementor elementor-2941 elementor-127\" data-elementor-post-type=\"page\">\n\t\t\t\t\t\t<main class=\"elementor-section elementor-top-section elementor-element elementor-element-2a7f36ca elementor-section-boxed elementor-section-height-default elementor-section-height-default\" data-id=\"2a7f36ca\" data-element_type=\"section\" data-e-type=\"section\" data-settings=\"{&quot;background_background&quot;:&quot;classic&quot;}\">\n\t\t\t\t\t\t<div class=\"elementor-container elementor-column-gap-wide\">\n\t\t\t\t\t<div class=\"elementor-column elementor-col-50 elementor-top-column elementor-element elementor-element-278e3df9\" data-id=\"278e3df9\" data-element_type=\"column\" data-e-type=\"column\" data-settings=\"{&quot;background_background&quot;:&quot;classic&quot;}\">\n\t\t\t<div class=\"elementor-widget-wrap elementor-element-populated\">\n\t\t\t\t\t\t<div class=\"elementor-element elementor-element-4fc3cefb elementor-widget elementor-widget-image\" data-id=\"4fc3cefb\" data-element_type=\"widget\" data-e-type=\"widget\" data-widget_type=\"image.default\">\n\t\t\t\t<div class=\"elementor-widget-container\">\n\t\t\t\t\t\t\t\t\t\t\t\t\t\t\t<img decoding=\"async\" src=\"https:\/\/www.schnauzerclub.sk\/wp-content\/uploads\/2020\/08\/norika-ficherova.png\" title=\"\" alt=\"\" loading=\"lazy\" \/>\t\t\t\t\t\t\t\t\t\t\t\t\t\t\t<\/div>\n\t\t\t\t<\/div>\n\t\t\t\t<div class=\"elementor-element elementor-element-3790a988 elementor-widget elementor-widget-image\" data-id=\"3790a988\" data-element_type=\"widget\" data-e-type=\"widget\" data-widget_type=\"image.default\">\n\t\t\t\t<div class=\"elementor-widget-container\">\n\t\t\t\t\t\t\t\t\t\t\t\t\t\t\t<img decoding=\"async\" width=\"96\" height=\"96\" src=\"https:\/\/www.schnauzerclub.sk\/wp-content\/uploads\/2013\/08\/kchpb-foto-nedodane-60-150x150.jpg\" class=\"attachment-thumbnail size-thumbnail wp-image-30820\" alt=\"Kchpb foto nedodane\" srcset=\"https:\/\/www.schnauzerclub.sk\/wp-content\/uploads\/2013\/08\/kchpb-foto-nedodane-60-150x150.jpg 150w, https:\/\/www.schnauzerclub.sk\/wp-content\/uploads\/2013\/08\/kchpb-foto-nedodane-60.jpg 300w\" sizes=\"(max-width: 96px) 100vw, 96px\" \/>\t\t\t\t\t\t\t\t\t\t\t\t\t\t\t<\/div>\n\t\t\t\t<\/div>\n\t\t\t\t<div class=\"elementor-element elementor-element-5f1f7311 elementor-widget elementor-widget-text-editor\" data-id=\"5f1f7311\" data-element_type=\"widget\" data-e-type=\"widget\" data-widget_type=\"text-editor.default\">\n\t\t\t\t<div class=\"elementor-widget-container\">\n\t\t\t\t\t\t\t\t\t<h4 class=\"et_pb_module_header\">Erik Okruhlica<\/h4><p class=\"et_pb_member_position\"><span style=\"color: #993300;\">President<\/span><\/p><div><p>Smetanova 1221\/9, 927 01 \u0160a\u013ea\u00a0<br \/>email:\u00a0<a href=\"mailto:e.okruhlica@gmail.com\">e.okruhlica@gmail.com<\/a><\/p><\/div>\t\t\t\t\t\t\t\t<\/div>\n\t\t\t\t<\/div>\n\t\t\t\t\t<\/div>\n\t\t<\/div>\n\t\t\t\t<div class=\"elementor-column elementor-col-50 elementor-top-column elementor-element elementor-element-3b1bd77a\" data-id=\"3b1bd77a\" data-element_type=\"column\" data-e-type=\"column\" data-settings=\"{&quot;background_background&quot;:&quot;classic&quot;}\">\n\t\t\t<div class=\"elementor-widget-wrap elementor-element-populated\">\n\t\t\t\t\t\t<div class=\"elementor-element elementor-element-4a315100 elementor-widget elementor-widget-image\" data-id=\"4a315100\" data-element_type=\"widget\" data-e-type=\"widget\" data-widget_type=\"image.default\">\n\t\t\t\t<div class=\"elementor-widget-container\">\n\t\t\t\t\t\t\t\t\t\t\t\t\t\t\t<img decoding=\"async\" src=\"https:\/\/www.schnauzerclub.sk\/wp-content\/uploads\/2020\/08\/Havlikova.png\" title=\"\" alt=\"\" loading=\"lazy\" \/>\t\t\t\t\t\t\t\t\t\t\t\t\t\t\t<\/div>\n\t\t\t\t<\/div>\n\t\t\t\t<div class=\"elementor-element elementor-element-1354aab elementor-widget elementor-widget-image\" data-id=\"1354aab\" data-element_type=\"widget\" data-e-type=\"widget\" data-widget_type=\"image.default\">\n\t\t\t\t<div class=\"elementor-widget-container\">\n\t\t\t\t\t\t\t\t\t\t\t\t\t\t\t<img decoding=\"async\" width=\"96\" height=\"96\" src=\"https:\/\/www.schnauzerclub.sk\/wp-content\/uploads\/2013\/08\/kchpb-foto-nedodane-60-150x150.jpg\" class=\"attachment-thumbnail size-thumbnail wp-image-30820\" alt=\"Kchpb foto nedodane\" srcset=\"https:\/\/www.schnauzerclub.sk\/wp-content\/uploads\/2013\/08\/kchpb-foto-nedodane-60-150x150.jpg 150w, https:\/\/www.schnauzerclub.sk\/wp-content\/uploads\/2013\/08\/kchpb-foto-nedodane-60.jpg 300w\" sizes=\"(max-width: 96px) 100vw, 96px\" \/>\t\t\t\t\t\t\t\t\t\t\t\t\t\t\t<\/div>\n\t\t\t\t<\/div>\n\t\t\t\t<div class=\"elementor-element elementor-element-73e7deb9 elementor-widget elementor-widget-text-editor\" data-id=\"73e7deb9\" data-element_type=\"widget\" data-e-type=\"widget\" data-widget_type=\"text-editor.default\">\n\t\t\t\t<div class=\"elementor-widget-container\">\n\t\t\t\t\t\t\t\t\t<h4>Andrea Adam\u010diakov\u00e1 Mgr.<\/h4><p id=\"tw-target-text\" class=\"tw-data-text tw-text-large XcVN5d tw-ta\" dir=\"ltr\" data-placeholder=\"Preklad\"><span style=\"color: #993300;\"><span lang=\"en\">Secretary<\/span>, Breeding consultant for standard and giant schnauzers<\/span><\/p><div><p>Likavka 955, 03495<br \/>email:\u00a0<a href=\"mailto:wildrane@centrum.sk\">wildrane@centrum.sk<\/a><\/p><\/div>\t\t\t\t\t\t\t\t<\/div>\n\t\t\t\t<\/div>\n\t\t\t\t\t<\/div>\n\t\t<\/div>\n\t\t\t\t\t<\/div>\n\t\t<\/main>\n\t\t\t\t<main class=\"elementor-section elementor-top-section elementor-element elementor-element-4504285b elementor-section-boxed elementor-section-height-default elementor-section-height-default\" data-id=\"4504285b\" data-element_type=\"section\" data-e-type=\"section\" data-settings=\"{&quot;background_background&quot;:&quot;classic&quot;}\">\n\t\t\t\t\t\t<div class=\"elementor-container elementor-column-gap-wide\">\n\t\t\t\t\t<div class=\"elementor-column elementor-col-50 elementor-top-column elementor-element elementor-element-28f32bf6\" data-id=\"28f32bf6\" data-element_type=\"column\" data-e-type=\"column\" data-settings=\"{&quot;background_background&quot;:&quot;classic&quot;}\">\n\t\t\t<div class=\"elementor-widget-wrap elementor-element-populated\">\n\t\t\t\t\t\t<div class=\"elementor-element elementor-element-a174782 elementor-widget elementor-widget-image\" data-id=\"a174782\" data-element_type=\"widget\" data-e-type=\"widget\" data-widget_type=\"image.default\">\n\t\t\t\t<div class=\"elementor-widget-container\">\n\t\t\t\t\t\t\t\t\t\t\t\t\t\t\t<img decoding=\"async\" width=\"96\" height=\"96\" src=\"https:\/\/www.schnauzerclub.sk\/wp-content\/uploads\/2013\/08\/kchpb-foto-nedodane-60-150x150.jpg\" class=\"attachment-thumbnail size-thumbnail wp-image-30820\" alt=\"Kchpb foto nedodane\" srcset=\"https:\/\/www.schnauzerclub.sk\/wp-content\/uploads\/2013\/08\/kchpb-foto-nedodane-60-150x150.jpg 150w, https:\/\/www.schnauzerclub.sk\/wp-content\/uploads\/2013\/08\/kchpb-foto-nedodane-60.jpg 300w\" sizes=\"(max-width: 96px) 100vw, 96px\" \/>\t\t\t\t\t\t\t\t\t\t\t\t\t\t\t<\/div>\n\t\t\t\t<\/div>\n\t\t\t\t<div class=\"elementor-element elementor-element-20a55d03 elementor-widget elementor-widget-text-editor\" data-id=\"20a55d03\" data-element_type=\"widget\" data-e-type=\"widget\" data-widget_type=\"text-editor.default\">\n\t\t\t\t<div class=\"elementor-widget-container\">\n\t\t\t\t\t\t\t\t\t<h4>Keszely Marco<\/h4><p class=\"et_pb_member_position\"><span style=\"color: #993300;\">Breeding consultant &#8211; Zwergschnauzer<\/span><\/p><div><p>P. J. \u0160af\u00e1rika, 92701 \u0160a\u013ea<br \/>email: <a href=\"mailto:marcokeszely018@gmail.com\">marcokeszely018@gmail.com<\/a><\/p><\/div>\t\t\t\t\t\t\t\t<\/div>\n\t\t\t\t<\/div>\n\t\t\t\t\t<\/div>\n\t\t<\/div>\n\t\t\t\t<div class=\"elementor-column elementor-col-50 elementor-top-column elementor-element elementor-element-3dfe7eca\" data-id=\"3dfe7eca\" data-element_type=\"column\" data-e-type=\"column\" data-settings=\"{&quot;background_background&quot;:&quot;classic&quot;}\">\n\t\t\t<div class=\"elementor-widget-wrap elementor-element-populated\">\n\t\t\t\t\t\t<div class=\"elementor-element elementor-element-7421a8a1 elementor-widget elementor-widget-image\" data-id=\"7421a8a1\" data-element_type=\"widget\" data-e-type=\"widget\" data-widget_type=\"image.default\">\n\t\t\t\t<div class=\"elementor-widget-container\">\n\t\t\t\t\t\t\t\t\t\t\t\t\t\t\t<img decoding=\"async\" width=\"96\" height=\"96\" src=\"https:\/\/www.schnauzerclub.sk\/wp-content\/uploads\/2013\/08\/kchpb-foto-nedodane-60-150x150.jpg\" class=\"attachment-thumbnail size-thumbnail wp-image-30820\" alt=\"Kchpb foto nedodane\" srcset=\"https:\/\/www.schnauzerclub.sk\/wp-content\/uploads\/2013\/08\/kchpb-foto-nedodane-60-150x150.jpg 150w, https:\/\/www.schnauzerclub.sk\/wp-content\/uploads\/2013\/08\/kchpb-foto-nedodane-60.jpg 300w\" sizes=\"(max-width: 96px) 100vw, 96px\" \/>\t\t\t\t\t\t\t\t\t\t\t\t\t\t\t<\/div>\n\t\t\t\t<\/div>\n\t\t\t\t<div class=\"elementor-element elementor-element-ed1fd23 elementor-widget elementor-widget-text-editor\" data-id=\"ed1fd23\" data-element_type=\"widget\" data-e-type=\"widget\" data-widget_type=\"text-editor.default\">\n\t\t\t\t<div class=\"elementor-widget-container\">\n\t\t\t\t\t\t\t\t\t<h4>Hodekov\u00e1 Iveta Ing.<\/h4><p class=\"et_pb_member_position\"><span style=\"color: #993300;\">Treasurer<\/span><\/p><div><p>Hor\u0161a 53, 93401 Levice<br \/>email: <a href=\"mailto:ivetahodekova@gmail.com\">ivetahodekova@gmail.com<\/a><\/p><\/div>\t\t\t\t\t\t\t\t<\/div>\n\t\t\t\t<\/div>\n\t\t\t\t\t<\/div>\n\t\t<\/div>\n\t\t\t\t\t<\/div>\n\t\t<\/main>\n\t\t\t\t<main class=\"elementor-section elementor-top-section elementor-element elementor-element-6ca02f64 elementor-section-boxed elementor-section-height-default elementor-section-height-default\" data-id=\"6ca02f64\" data-element_type=\"section\" data-e-type=\"section\" data-settings=\"{&quot;background_background&quot;:&quot;classic&quot;}\">\n\t\t\t\t\t\t<div class=\"elementor-container elementor-column-gap-wide\">\n\t\t\t\t\t<div class=\"elementor-column elementor-col-50 elementor-top-column elementor-element elementor-element-2fd9ce01\" data-id=\"2fd9ce01\" data-element_type=\"column\" data-e-type=\"column\" data-settings=\"{&quot;background_background&quot;:&quot;classic&quot;}\">\n\t\t\t<div class=\"elementor-widget-wrap elementor-element-populated\">\n\t\t\t\t\t\t<div class=\"elementor-element elementor-element-75250458 elementor-widget elementor-widget-image\" data-id=\"75250458\" data-element_type=\"widget\" data-e-type=\"widget\" data-widget_type=\"image.default\">\n\t\t\t\t<div class=\"elementor-widget-container\">\n\t\t\t\t\t\t\t\t\t\t\t\t\t\t\t<img decoding=\"async\" width=\"96\" height=\"96\" src=\"https:\/\/www.schnauzerclub.sk\/wp-content\/uploads\/2013\/08\/kchpb-foto-nedodane-60-150x150.jpg\" class=\"attachment-thumbnail size-thumbnail wp-image-30820\" alt=\"Kchpb foto nedodane\" srcset=\"https:\/\/www.schnauzerclub.sk\/wp-content\/uploads\/2013\/08\/kchpb-foto-nedodane-60-150x150.jpg 150w, https:\/\/www.schnauzerclub.sk\/wp-content\/uploads\/2013\/08\/kchpb-foto-nedodane-60.jpg 300w\" sizes=\"(max-width: 96px) 100vw, 96px\" \/>\t\t\t\t\t\t\t\t\t\t\t\t\t\t\t<\/div>\n\t\t\t\t<\/div>\n\t\t\t\t<div class=\"elementor-element elementor-element-7562b001 elementor-widget elementor-widget-text-editor\" data-id=\"7562b001\" data-element_type=\"widget\" data-e-type=\"widget\" data-widget_type=\"text-editor.default\">\n\t\t\t\t<div class=\"elementor-widget-container\">\n\t\t\t\t\t\t\t\t\t<h4>Henrieta Okruhlicov\u00e1<\/h4><p class=\"et_pb_member_position\"><span style=\"color: #993300;\">Trainer<\/span><\/p><p>Smetanova 1221\/9 , 927 01 \u0160a\u013ea<br \/>email: <a href=\"mailto:h.okruhlicova@gmail.com\">h.okruhlicova@gmail.com<\/a>\u00a0<\/p>\t\t\t\t\t\t\t\t<\/div>\n\t\t\t\t<\/div>\n\t\t\t\t\t<\/div>\n\t\t<\/div>\n\t\t\t\t<div class=\"elementor-column elementor-col-50 elementor-top-column elementor-element elementor-element-73ab34b9\" data-id=\"73ab34b9\" data-element_type=\"column\" data-e-type=\"column\" data-settings=\"{&quot;background_background&quot;:&quot;classic&quot;}\">\n\t\t\t<div class=\"elementor-widget-wrap elementor-element-populated\">\n\t\t\t\t\t\t<div class=\"elementor-element elementor-element-74904601 elementor-widget elementor-widget-image\" data-id=\"74904601\" data-element_type=\"widget\" data-e-type=\"widget\" data-widget_type=\"image.default\">\n\t\t\t\t<div class=\"elementor-widget-container\">\n\t\t\t\t\t\t\t\t\t\t\t\t\t\t\t<img decoding=\"async\" src=\"https:\/\/www.schnauzerclub.sk\/wp-content\/uploads\/2020\/08\/no-photo.png\" title=\"\" alt=\"\" loading=\"lazy\" \/>\t\t\t\t\t\t\t\t\t\t\t\t\t\t\t<\/div>\n\t\t\t\t<\/div>\n\t\t\t\t<div class=\"elementor-element elementor-element-4eee429f elementor-widget elementor-widget-text-editor\" data-id=\"4eee429f\" data-element_type=\"widget\" data-e-type=\"widget\" data-widget_type=\"text-editor.default\">\n\t\t\t\t<div class=\"elementor-widget-container\">\n\t\t\t\t\t\t\t\t\t<p id=\"tw-target-text\" class=\"tw-data-text tw-text-large XcVN5d tw-ta\" dir=\"ltr\" data-placeholder=\"Preklad\"><strong><span lang=\"en\">Audit Committee<\/span><\/strong><\/p><div><p>President<strong> Lauko Stanislav<\/strong><br \/>Nov\u00e1 \u0161tvr\u0165 \u010d. 277, 92581 Diakovce<br \/><a href=\"mailto:stanislavlauko@centrum.sk\">stanislavlauko@centrum.sk<\/a><br \/><br \/>Member <b>Stan\u00edkov\u00e1 M\u00e1ria\u00a0<br \/><\/b>P\u00e1rnica \u010d. 434, 02601 P\u00e1rnica<a href=\"mailto:stanikova.majka@gmail.com\">stanikova.majka@gmail.com<\/a>\u00a0<\/p><p>Member <b>Koct\u00farov\u00e1 Jana<br \/><\/b>Povstaleck\u00e1 cesta \u010d.33, 97409 Bansk\u00e1 Bystrica\u00a0<br \/><a href=\"mailto:kocturovajanka@gmail.com\">kocturovajanka@gmail.com<\/a><\/p><p><b>\u00a0<\/b><\/p><p>\u00a0<\/p><\/div>\t\t\t\t\t\t\t\t<\/div>\n\t\t\t\t<\/div>\n\t\t\t\t\t<\/div>\n\t\t<\/div>\n\t\t\t\t\t<\/div>\n\t\t<\/main>\n\t\t\t\t<\/div>\n\t\t","protected":false},"excerpt":{"rendered":"<p>Erik Okruhlica President Smetanova 1221\/9, 927 01 \u0160a\u013ea\u00a0email:\u00a0e.okruhlica@gmail.com Andrea Adam\u010diakov\u00e1 Mgr. Secretary, Breeding consultant for standard and giant schnauzers Likavka 955, 03495email:\u00a0wildrane@centrum.sk Keszely Marco Breeding consultant &#8211; Zwergschnauzer P. J. \u0160af\u00e1rika, 92701 \u0160a\u013eaemail: marcokeszely018@gmail.com Hodekov\u00e1 Iveta Ing. Treasurer Hor\u0161a 53, 93401 Leviceemail: ivetahodekova@gmail.com Henrieta Okruhlicov\u00e1 Trainer Smetanova 1221\/9 , 927 01 \u0160a\u013eaemail: h.okruhlicova@gmail.com\u00a0 Audit Committee [&hellip;]<\/p>\n","protected":false},"author":2,"featured_media":0,"parent":0,"menu_order":0,"comment_status":"closed","ping_status":"closed","template":"","meta":{"slim_seo":{"title":"Committee - KCHPB","description":"Erik Okruhlica President Smetanova 1221\/9, 927 01 \u0160a\u013ea\u00a0 email:\u00a0 e.okruhlica@gmail.com Andrea Adam\u010diakov\u00e1 Mgr. Secretary, Breeding consultant for standard and gi"},"footnotes":""},"class_list":["post-2941","page","type-page","status-publish","hentry"],"_links":{"self":[{"href":"https:\/\/www.schnauzerclub.sk\/en\/wp-json\/wp\/v2\/pages\/2941","targetHints":{"allow":["GET"]}}],"collection":[{"href":"https:\/\/www.schnauzerclub.sk\/en\/wp-json\/wp\/v2\/pages"}],"about":[{"href":"https:\/\/www.schnauzerclub.sk\/en\/wp-json\/wp\/v2\/types\/page"}],"author":[{"embeddable":true,"href":"https:\/\/www.schnauzerclub.sk\/en\/wp-json\/wp\/v2\/users\/2"}],"replies":[{"embeddable":true,"href":"https:\/\/www.schnauzerclub.sk\/en\/wp-json\/wp\/v2\/comments?post=2941"}],"version-history":[{"count":0,"href":"https:\/\/www.schnauzerclub.sk\/en\/wp-json\/wp\/v2\/pages\/2941\/revisions"}],"wp:attachment":[{"href":"https:\/\/www.schnauzerclub.sk\/en\/wp-json\/wp\/v2\/media?parent=2941"}],"curies":[{"name":"wp","href":"https:\/\/api.w.org\/{rel}","templated":true}]}}