{"id":2979,"date":"2024-09-05T16:35:14","date_gmt":"2024-09-05T14:35:14","guid":{"rendered":"http:\/\/www.schnauzerclub.sk\/?page_id=2979&#038;lang=en"},"modified":"2024-09-05T16:49:57","modified_gmt":"2024-09-05T14:49:57","slug":"club-champion","status":"publish","type":"page","link":"https:\/\/www.schnauzerclub.sk\/en\/club-champion\/","title":{"rendered":"Club Champion"},"content":{"rendered":"\t\t<div data-elementor-type=\"wp-page\" data-elementor-id=\"2979\" class=\"elementor elementor-2979 elementor-1163\" data-elementor-post-type=\"page\">\n\t\t\t\t<div class=\"elementor-element elementor-element-494f84b e-flex e-con-boxed e-con e-parent\" data-id=\"494f84b\" data-element_type=\"container\" data-e-type=\"container\">\n\t\t\t\t\t<div class=\"e-con-inner\">\n\t\t\t\t<div class=\"elementor-element elementor-element-6839a8e elementor-align-right elementor-widget elementor-widget-button\" data-id=\"6839a8e\" data-element_type=\"widget\" data-e-type=\"widget\" data-widget_type=\"button.default\">\n\t\t\t\t<div class=\"elementor-widget-container\">\n\t\t\t\t\t\t\t\t\t<div class=\"elementor-button-wrapper\">\n\t\t\t\t\t<a class=\"elementor-button elementor-button-link elementor-size-sm\" href=\"#clubchampion\">\n\t\t\t\t\t\t<span class=\"elementor-button-content-wrapper\">\n\t\t\t\t\t\t\t\t\t<span class=\"elementor-button-text\">Club Champion<\/span>\n\t\t\t\t\t<\/span>\n\t\t\t\t\t<\/a>\n\t\t\t\t<\/div>\n\t\t\t\t\t\t\t\t<\/div>\n\t\t\t\t<\/div>\n\t\t\t\t<div class=\"elementor-element elementor-element-c86fa98 elementor-align-left elementor-widget elementor-widget-button\" data-id=\"c86fa98\" data-element_type=\"widget\" data-e-type=\"widget\" data-widget_type=\"button.default\">\n\t\t\t\t<div class=\"elementor-widget-container\">\n\t\t\t\t\t\t\t\t\t<div class=\"elementor-button-wrapper\">\n\t\t\t\t\t<a class=\"elementor-button elementor-button-link elementor-size-sm\" href=\"#ispuchampion\">\n\t\t\t\t\t\t<span class=\"elementor-button-content-wrapper\">\n\t\t\t\t\t\t\t\t\t<span class=\"elementor-button-text\">ISPU Champion<\/span>\n\t\t\t\t\t<\/span>\n\t\t\t\t\t<\/a>\n\t\t\t\t<\/div>\n\t\t\t\t\t\t\t\t<\/div>\n\t\t\t\t<\/div>\n\t\t\t\t\t<\/div>\n\t\t\t\t<\/div>\n\t\t<div class=\"elementor-element elementor-element-60337cd e-flex e-con-boxed e-con e-parent\" data-id=\"60337cd\" data-element_type=\"container\" data-e-type=\"container\">\n\t\t\t\t\t<div class=\"e-con-inner\">\n\t\t<main class=\"elementor-element elementor-element-0227cf5 e-con-full e-flex e-con e-child\" data-id=\"0227cf5\" data-element_type=\"container\" data-e-type=\"container\">\n\t\t\t\t<div class=\"elementor-element elementor-element-11827c4 elementor-widget elementor-widget-menu-anchor\" data-id=\"11827c4\" data-element_type=\"widget\" data-e-type=\"widget\" data-widget_type=\"menu-anchor.default\">\n\t\t\t\t<div class=\"elementor-widget-container\">\n\t\t\t\t\t\t\t<div class=\"elementor-menu-anchor\" id=\"clubchampion\"><\/div>\n\t\t\t\t\t\t<\/div>\n\t\t\t\t<\/div>\n\t\t\t\t<div class=\"elementor-element elementor-element-a54a9e4 elementor-widget elementor-widget-heading\" data-id=\"a54a9e4\" data-element_type=\"widget\" data-e-type=\"widget\" data-widget_type=\"heading.default\">\n\t\t\t\t<div class=\"elementor-widget-container\">\n\t\t\t\t\t<h2 class=\"elementor-heading-title elementor-size-default\">Club Champion<\/h2>\t\t\t\t<\/div>\n\t\t\t\t<\/div>\n\t\t\t\t<div class=\"elementor-element elementor-element-515fdfd elementor-widget elementor-widget-text-editor\" data-id=\"515fdfd\" data-element_type=\"widget\" data-e-type=\"widget\" data-widget_type=\"text-editor.default\">\n\t\t\t\t<div class=\"elementor-widget-container\">\n\t\t\t\t\t\t\t\t\t<h2>2023<\/h2><p><span style=\"color: #800000;\">Junior club champion 2023<\/span><\/p><ul><li>Miniature schnauzer black &#8211; <b>Victorious Star RAISE ME UP<\/b> &#8211; Keszely Marco<\/li><li>Giant schnauzer black and silver &#8211; <b>AMIGO Habr\u016fvka<\/b> &#8211; Sabatulov\u00e1 O\u013ega Mgr.<\/li><\/ul><p><span style=\"color: #800000;\"><br \/>Club champion 2023<\/span><\/p><ul><li>Miniature schnauzer black and silver &#8211; <b>ISABELLA CHRISTINKA Agape<\/b> &#8211; Kro\u010danov\u00e1 Marta<\/li><li>Miniature schnauzer pepper and salt &#8211; <b>COFFEE CANDY Astronaut<\/b> &#8211; Maz\u00e1kov\u00e1 Jana<\/li><li>Standard schnauzer pepper and salt &#8211; <b>NOREEN Imprese<\/b> &#8211; Feben Patrik Mgr.<\/li><li>Giant schnauzer black \u2013 <b>Rovelis AZRAEL<\/b> &#8211; Klein Libor, CZ<\/li><li>Giant schnauzer black &#8211; <b>ESPECIAL EXTRA Triumetal<\/b> -Okruhlicov\u00ed Henrieta a Erik<\/li><\/ul><p><span style=\"color: #800000;\"><br \/>Veteran club champion 2023<\/span><\/p><ul><li>Standard schnauzer pepper and salt &#8211; <b>BEST z\u00a0Pekn\u00e9ho po\u013ea<\/b> -Koll\u00e1rov\u00e1 Zuzana<\/li><\/ul><h2>2022<\/h2><p><span style=\"color: #800000;\">Junior club champion 2022<\/span><\/p><ul><li>Miniature schnauzer black and silver &#8211; <b>AISHA Liptovmax<\/b> &#8211; Polomsk\u00e1 Anna<\/li><li>Standard schnauzer pepper and salt &#8211; <b>NOREEN Imprese &#8211;<\/b>Feben Patrik<\/li><li>Miniature schnauzer pepper and salt \u2013 <b>NAIRA Imprese<\/b> -Br\u0161elov\u00e1 Renata<\/li><\/ul><p><span style=\"color: #800000;\"><br \/>Club champion 2022<\/span><\/p><ul><li>Miniature schnauzer black and silver &#8211; <b>QUICK SILVER DARNEY Kelador<\/b> &#8211; Achbergerov\u00e1 Lujza<\/li><li>Miniature schnauzer pepper and salt &#8211; <b>ODIN Kelador<\/b> &#8211; Braun Juraj<\/li><li>Miniature schnauzer pepper and salt &#8211; <b>WORLD PEACE Astronaut<\/b> &#8211; Maz\u00e1kov\u00e1 Jana<\/li><li>Giant schnauzer pepper and salt &#8211; <b>PENELOPE Kelador<\/b> -Strakov\u00e1 Zuzana<\/li><\/ul><p><span style=\"color: #800000;\"><br \/>Veteran club champion 2022<\/span><\/p><ul><li>Miniature schnauzer black &#8211; <b>AYA SOFYA z\u00a0Gloribamu<\/b> &#8211; \u0158eh\u00e1nkov\u00e1 Iva CZ<\/li><\/ul><h2>2021<\/h2><p><span style=\"color: #800000;\">Junior club champion 2021<\/span><\/p><ul><li>Miniature schnauzer black and silver &#8211; <b>ULLA SILVER Bohemia Ness<\/b> \u2013 Adam\u010diakov\u00e1 Andrea a Monika<\/li><\/ul><p><span style=\"color: #800000;\">Club champion 2021<\/span><\/p><ul><li>Miniature schnauzer black \u2013 <b>LEO YANK Wild Rane<\/b> \u2013 Adam\u010diakov\u00e1 Andrea and Monika<\/li><li>Standard schnauzer black \u2013 <b>CABALLERO od Dalajsk\u00e9ho potoka<\/b> \u2013 Buranov\u00e1 Danica &amp; Lachkovi\u010d Rudolf<\/li><\/ul><p><span style=\"color: #800000;\">Veteran club champion 2021<\/span><\/p><ul><li>Miniature schnauzer pepper and salt \u2013 <b>JESSABELL Kelador<\/b> \u2013 Strakov\u00e1 Zuzana<\/li><\/ul><h2>2020<\/h2><ul><li>Zwergschnauzer pfeffersalz,<span class=\"Apple-converted-space\">\u00a0 <\/span><b>D\u00c1\u0160ENKA Danky dog<\/b>, Daniela Chrenkov\u00e1<\/li><li>Zwergschnauzer pfeffersalz,<span class=\"Apple-converted-space\">\u00a0 <\/span><b>IRON MAN ORIGINAL Astronaut<\/b>, Karol Pova\u017ean<\/li><li>Schnauzer pfeffersalz, <b>MAFIA Imprese<\/b>, Jana Maz\u00e1kov<\/li><li>Riesenschnauzer\u00a0\u00a0schwarz, <b>ENJOY Triumetal<\/b>, Igor Vraniak<\/li><\/ul><p><span style=\"color: #800000;\">Club Veteran Champion 2020<\/span><\/p><ul><li>Schnauzer pfeffersalz, <b>KILLY Imprese<\/b>, Jana Maz\u00e1kov\u00e1<\/li><\/ul><h1>2019<\/h1><ul><li>Zwergschnauzer White, <strong>ABBADO Rebel Alve<\/strong>, Veli\u0161ov\u00e1 Alena, CZ<\/li><li>Zwergschnauzer pfeffersalz, <strong>ELISABETH PRINCESS Wild Rane<\/strong>, \u00a0Andrea a\u00a0Monika Adam\u010diakov\u00e1<\/li><li>Zwergschnauzer Schwarz-Silber, <strong>Whisper Of Wind HYPERSONIC<\/strong>, \u00a0Milo\u0161 Richter, CZ<\/li><li>Riesenschnauzer\u00a0\u00a0schwarz, <strong>HURRICAN ze Slune\u010dn\u00e9 verandy<\/strong>, \u00a0Ing. Jaroslava Sla\u010dkov\u00e1<\/li><li>Riesenschnauzer\u00a0\u00a0schwarz,<a href=\"https:\/\/www.schnauzerclub.sk\/zetta-jones-triumetal\/\"><strong> ZETTA-JONES Triumetal<\/strong><\/a>, \u00a0Ing. Jaroslava Sla\u010dkov\u00e1<\/li><li>Riesenschnauzer\u00a0 pfeffersalz, <strong>NORMANN<span class=\"Apple-converted-space\">\u00a0 <\/span>Kelador<\/strong>, Zuzana Strakov\u00e1<\/li><\/ul><p><span style=\"color: #800000;\"><br \/>Club Junior Champion 2019<\/span><\/p><ul><li>Zwergschnauzer pfeffersalz, <strong>ELISABETH PRINCESS Wild Rane<\/strong>, \u00a0Andrea a\u00a0Monika Adam\u010diakov\u00e1<\/li><li>Schnauer schwarz, <strong>CABALLERO OD DALAJSK\u00c9HO POTOKA<\/strong>, Danica B\u00faranov\u00e1 &amp; Rudolf Lachkovi\u010d<\/li><\/ul><p><span style=\"color: #800000;\"><br \/>Club Veteran Champion 2019<\/span><\/p><ul><li>Zwergschnauzer schwarz, <strong>GLORINDA z\u00a0\u0160ardanu<\/strong>, \u00a0\u0158eh\u00e1nkov\u00e1 Iva, CZ<\/li><li>Riesenschnauzer\u00a0 schwarz, <strong>DARWEEN Kelador<\/strong>, Karol Pova\u017ean<\/li><li>Riesenschnauzer\u00a0 schwarz, <strong>GRETA GARBO<\/strong>\u00a0 Kelador, Ing. Iveta R\u00e1\u010dkov\u00e1<\/li><li>Riesenschnauzer\u00a0 pfeffersalz, <strong>HESTIA Kelador<\/strong>, Zuzana Strakov\u00e1<\/li><li>Riesenschnauzer\u00a0 pfeffersalz,<strong> HORUS Kelador<\/strong>, Zuzana Strakov\u00e1<\/li><\/ul><h1>2018<\/h1><ul><li>Riesenschnauzer pfeffersaltz, <strong>LORRAINE \u00a0 Kelador<\/strong>, Zuzana Strakov\u00e1<\/li><li>Zwergschnauzer schwarz\u00a0<b>BALDWIN EARNUR WILD RANE<\/b>, \u00a0Andrea Adam\u010diakov\u00e1<\/li><li>Zwergschnauzer Schwarz-Silber\u00a0<b>CHRISTIAN LUKE AGAPE<\/b>, \u00a0Luk\u00e1\u0161 Proch\u00e1zka<\/li><li>Zwergschnauzer Schwarz-Silber\u00a0<b>CHRISTINA AG\u00c9 AGAPE<\/b>, \u00a0Marta Kro\u010danov\u00e1<\/li><li>Zwergschnauzer pfeffersaltz\u00a0<a href=\"https:\/\/www.schnauzerclub.sk\/kubko-kelador\/\"><b>KUBKO \u00a0 KELADOR<\/b><\/a>, \u00a0Zuzana Strakov\u00e1<\/li><\/ul><p><span style=\"color: #800000;\"><br \/>Club Junior Champion 2018 <\/span><\/p><ul><li>Zwergschnauzer schwarz\u00a0<b>BALDWIN EARNUR WILD RANE<\/b>, \u00a0Andrea Adam\u010diakov\u00e1<\/li><li>Zwergschnauzer schwarz\u00a0<b>VICTORIOUS STARJUST BEAUTY<\/b>, \u00a0Andrea Adam\u010diakov\u00e1<\/li><li>Zwergschnauzer schwarz, <strong>FELHIT ASMARA SUGAR Wild Rane<\/strong>, \u00a0Marco Keszely<\/li><li>Zwergschnauzer pfeffersaltz, <a href=\"https:\/\/www.schnauzerclub.sk\/iron-man-original-astronaut\/\"><strong>IRON MAN ORIGINAL Astronaut<\/strong><\/a>, \u00a0Karol Pova\u017ean<\/li><\/ul><h1>2017<\/h1><ul><li>Schnauzer pfeffersalz\u00a0<a href=\"https:\/\/www.schnauzerclub.sk\/best-z-pekneho-pola\/\"><b>BEST z PEKN\u00c9HO PO\u013dA<\/b><\/a>, \u00a0MVDr. Zuzana Koll\u00e1rov\u00e1<\/li><li>Riesenschnauzer\u00a0\u00a0schwarz\u00a0<a href=\"https:\/\/www.schnauzerclub.sk\/vesper-triumetal\/\"><b>VESPER TRIUMETAL<\/b><\/a>, \u00a0Ing. Jaroslava Sla\u010dkov\u00e1<\/li><\/ul><h1>2016<\/h1><ul><li>Zwergschnauzer schwarz\u00a0<a href=\"https:\/\/www.schnauzerclub.sk\/en\/niccol-kristina-wild-rane\/?lang=en\"><strong>NICCOL KRIST\u00cdNA Wild Rane<\/strong><\/a>, Monika and Andrea Adam\u010diak<\/li><li>Schnauzer pfeffersalz\u00a0&#8211; <strong><a href=\"https:\/\/www.schnauzerclub.sk\/best-z-pekneho-pola\/\">BEST z Pekn\u00e9ho po\u013ea,\u00a0<\/a><\/strong>MVDr. Zuzana Koll\u00e1rov\u00e1<\/li><li>Riesenschnauzer\u00a0\u00a0schwarz &#8211; <strong><a href=\"https:\/\/www.schnauzerclub.sk\/vesper-triumetal\/\">VESPER Triumetal<\/a><\/strong>, Ing. Jaroslava Sla\u010dkov\u00e1<\/li><\/ul><h1>2015<\/h1><ul><li>Riesenschnauzer\u00a0\u00a0schwarz <strong><a href=\"https:\/\/www.schnauzerclub.sk\/en\/vesper-triumetal\/?lang=en\">VESPER TRIUMETAL<\/a><\/strong>, Ing. Jaroslava Sla\u010dkov\u00e1<\/li><li>Zwergschnauzer pfeffersaltz <strong><a href=\"https:\/\/www.schnauzerclub.sk\/en\/ibsen-kelador\/?lang=en\">IBSEN KELADOR<\/a><\/strong>,\u00a0Ivona a Peter Bre\u0161\u0165ansk\u00ed<\/li><li>Zwergschnauzer pfeffersaltz <a href=\"https:\/\/www.schnauzerclub.sk\/en\/adam-pepper-bikin-dvor\/?lang=en\"><strong>ADAM PEPPER Bikin dvor<\/strong><\/a>,\u00a0\u017dilinec Jaroslav<\/li><li>Zwergschnauzer pfeffersaltz <a href=\"https:\/\/www.schnauzerclub.sk\/en\/unique-pepper-bikin-dvor\/?lang=en\"><strong>UNIQUE PEPPER Bikin dvor<\/strong><\/a>,\u00a0Zuzana Havl\u00edkov\u00e1<\/li><li>Zwergschnauzer schwarz\u00a0<a href=\"https:\/\/www.schnauzerclub.sk\/en\/natar-hamlet-wild-rane\/?lang=en\"><strong>NATAR HAMLET Wild Rane<\/strong><\/a>,\u00a0Pavel Kovacs<\/li><li>Zwergschnauzer schwarz-silber\u00a0<a href=\"http:\/\/www.schnauzerclub.sk\/franceska-frida-agape\/?lang=en\"><strong>FRANCESKA FRIDA Agape<\/strong><\/a>,\u00a0Andrea a Mari\u00e1n Polakovi\u010dov\u00ed<\/li><li>Zwergschnauzer pfeffersaltz <a href=\"https:\/\/www.schnauzerclub.sk\/en\/haidee-hannah-sue-agape\/?lang=en\"><strong>HAIDEE HANNAH SUE Agape<\/strong><\/a>,\u00a0Andrea a Mari\u00e1n Polakovi\u010dov\u00ed, Marta Kro\u010danov\u00e1<\/li><\/ul><h1>2014<\/h1><ul><li>Riesenschnauzer pffefersaltz\u00a0<strong><a href=\"https:\/\/www.schnauzerclub.sk\/en\/horus-kelador\/?lang=en\">HORUS KELADOR<\/a><\/strong>,\u00a0Zuzana Strakov\u00e1<\/li><li>Riesenschnauzer\u00a0\u00a0schwarz <strong><a href=\"https:\/\/www.schnauzerclub.sk\/en\/uriah-heep-radinie-2\/?lang=en\">URIAH HEEP RADINIE<\/a><\/strong>, Ing. Jaroslava Sla\u010dkov\u00e1<\/li><li>Schnauzer pfeffersalz\u00a0<strong><a href=\"https:\/\/www.schnauzerclub.sk\/en\/killy-imprese\/?lang=en\">KILLY\u00a0IMPRESE<\/a><\/strong>,\u00a0Jana Maz\u00e1kov\u00e1<\/li><li>Zwergschnauzer schwarz\u00a0<strong><a href=\"https:\/\/www.schnauzerclub.sk\/en\/jared-enel-fenomen\/?lang=en\">JARED ENEL\u00a0FENOMEN<\/a><\/strong>,<strong>\u00a0<\/strong>Andrea Adam\u010diakov\u00e1<\/li><\/ul><h1>2013<\/h1><ul><li>Riesenschnauzer pffefersaltz <strong><a href=\"https:\/\/www.schnauzerclub.sk\/en\/hestia-kelador\/?lang=en\">HESTIA KELADOR<\/a><\/strong>,\u00a0Zuzana Strakov\u00e1<\/li><li>Schnauzer Pfeffersalz\u00a0<strong>ARMANI\u00a0POSLEDN\u00dd SKAUT<\/strong>,<strong>\u00a0<\/strong>Zuzana Strakov\u00e1<\/li><li>Zwergschnauzer Pfeffersaltz <strong><a href=\"https:\/\/www.schnauzerclub.sk\/en\/indiana-summer-astronaut\/?lang=en\">INDIANA \u00a0SUMMER \u00a0ASTRONAUT<\/a><\/strong>,\u00a0Zuzana Strakov\u00e1<\/li><\/ul><h1>2007<\/h1><ul><li>Zwergschnauzer Schwarz-Silber\u00a0<strong>NOBLE MONUMENT\u00b4S CZECH CHALLENGER<\/strong>, \u0160indel\u00e1\u0159ov\u00e1 Michaela<\/li><\/ul><h1>2003<\/h1><ul><li>Riesenschnauzer pffefersaltz <strong><a href=\"https:\/\/www.schnauzerclub.sk\/en\/angi-gauada\/?lang=en\">ANGI GAUADA<\/a><\/strong>, m: Janka Richterov\u00e1<\/li><\/ul><h1>2002<\/h1><ul><li>Schnauzer Pfeffersalz\u00a0<strong><a href=\"\/?p=917\">CYRT IMPRESE<\/a><\/strong>, Maz\u00e1kov\u00e1 Jana<\/li><li>Zwergschnauzer Schwarz-Silber\u00a0<strong>GIANT BOLERO Z\u00a0DOXIE<\/strong>, \u0160indel\u00e1\u0159ov\u00e1 Michaela<\/li><\/ul><h1>2001<\/h1><ul><li>Zwergschnauzer schwarz\u00a0<b>FABIEN BLACK GRAND CALVERA<\/b>, Alena Mol\u00e1\u010dkov\u00e1<\/li><li>Schnauzer Pfeffersalz\u00a0<b><a href=\"http:\/\/www.schnauzerclub.sk\/aran-bohemia-ness-2\/\">ARAN BOHEMIA NESS<\/a><\/b>, \u0160\u00e1rka Koll\u00e1rov\u00e1<\/li><li>Schnauzer Pfeffersalz\u00a0<b><a href=\"\/?p=958\">BENITA Z\u00a0HOKARU<\/a><\/b>, \u0160\u00e1rka Koll\u00e1rov\u00e1<\/li><li>Zwergschnauzer Pfeffersaltz <b>DORIS SVETOBE\u017dN\u00cdK<\/b>, Anna Holcingerov\u00e1<\/li><\/ul>\t\t\t\t\t\t\t\t<\/div>\n\t\t\t\t<\/div>\n\t\t\t\t<\/main>\n\t\t<div class=\"elementor-element elementor-element-cbbdb76 e-con-full e-flex e-con e-child\" data-id=\"cbbdb76\" data-element_type=\"container\" data-e-type=\"container\">\n\t\t\t\t<div class=\"elementor-element elementor-element-6924c9c elementor-widget elementor-widget-menu-anchor\" data-id=\"6924c9c\" data-element_type=\"widget\" data-e-type=\"widget\" data-widget_type=\"menu-anchor.default\">\n\t\t\t\t<div class=\"elementor-widget-container\">\n\t\t\t\t\t\t\t<div class=\"elementor-menu-anchor\" id=\"clubchampion\"><\/div>\n\t\t\t\t\t\t<\/div>\n\t\t\t\t<\/div>\n\t\t\t\t<div class=\"elementor-element elementor-element-d3da004 elementor-widget elementor-widget-text-editor\" data-id=\"d3da004\" data-element_type=\"widget\" data-e-type=\"widget\" data-widget_type=\"text-editor.default\">\n\t\t\t\t<div class=\"elementor-widget-container\">\n\t\t\t\t\t\t\t\t\t<h4>Order for the Title of Club Champion<\/h4><p><b>THE CLUB CHAMPION TITLE ORDER<\/b><\/p><p>To become a Club Champion one needs:<\/p><p>1) To win the dog \/ bitch won 3x<span class=\"Apple-converted-space\">\u00a0 <\/span>Club Winner at club dog shows<\/p><p>or in combination:<\/p><p>a\/ CS + CS + SS<br \/>b\/ CS + CS + CC<br \/>c\/ CS + SS + CC<br \/>d\/ CS + SS + SS<\/p><p>CS \u2013 Club Show \u2013 title Club Winner<br \/>SS \u2013 Special show (CAC) \u2013 title Winner Special Show<br \/>CC &#8211; Special show (without awarding CAC) &#8211; title Winner Special Show<span class=\"Apple-converted-space\">\u00a0<\/span><\/p><p><b>The application must be accompanied by:<\/b><\/p><p>&#8211; photocopies of assessment sheets with the awarding of the title Club Winner, Winner of SS<br \/>&#8211; a photocopy of the dog &#8216;s pedigree<\/p><p><b>The Club Champion at the request of the owner is confirmed by: <\/b><a href=\"https:\/\/www.schnauzerclub.sk\/en\/officers-committee\/\"><b>the secretary of the club<\/b><\/a><b>.<span class=\"Apple-converted-space\">\u00a0<\/span><\/b><\/p><p><b>THE CLUB<span class=\"Apple-converted-space\">\u00a0 <\/span>JUNIOR CHAMPION TITLE ORDER<\/b><\/p><p>To become a Club Junior Champion one needs:<\/p><p>1) To win the dog \/ bitch won 2 x Junior Club Winner at club dog shows<\/p><p>or in combination:<\/p><p>a\/ CS + SS<br \/>b\/ CS + CC<\/p><p>CS \u2013 Club Show \u2013 title<span class=\"Apple-converted-space\">\u00a0 <\/span>Junior Club Winner<br \/>SS \u2013 Special Show (CAC)<span class=\"Apple-converted-space\">\u00a0 <\/span>\u2013 title Junior Winner Special Show<br \/>CC &#8211; Special show (without awarding CAC) \u2013 title Junior Winner Special Show<\/p><p><b>The application must be accompanied by:<\/b><\/p><p>&#8211; photocopies of assessment sheets with the awarding of the title Junior Club Winner, Winner of SS<br \/>&#8211; a photocopy of the dog &#8216;s pedigree<\/p><p><b>The Junior Club Champion at the request of the owner is confirmed by: <\/b><a href=\"https:\/\/www.schnauzerclub.sk\/en\/officers-committee\/\"><b>the secretary of the club<\/b><\/a><b>.<span class=\"Apple-converted-space\">\u00a0<\/span><\/b><\/p><p><b>For the title of Junior Club champion will be accepted awards received from 09.09.2017<\/b><\/p><p><b>THE CLUB VETERAN CHAMPION TITLE ORDER<\/b><\/p><p>To become a Club VETERAN Champion one needs:<\/p><p>1\/ To win the dog \/ bitch won 2x Club Winner at club dog shows<\/p><p>or in combination:<\/p><p>a\/ CS + SS<br \/>b\/ CS + CC<\/p><p>CS \u2013 Club Show \u2013 title Club Winner of veteran<br \/>SS \u2013 Special Show (CAC)<span class=\"Apple-converted-space\">\u00a0 <\/span>\u2013 title Winner Special show of veteran<br \/>CC \u2013 Special show (without awarding CAC) \u2013 title Winner Special show of veteran<\/p><p><b>The application must be accompanied by:<\/b><\/p><p>&#8211; photocopies of assessment sheets with the awarding of the title Veteran Club Winner, Veteran Winner of SS<br \/>&#8211; a photocopy of the dog &#8216;s pedigree<\/p><p><b>The Veteran Club Champion at the request of the owner is confirmed by: <\/b><a href=\"https:\/\/www.schnauzerclub.sk\/en\/officers-committee\/\"><b>the secretary of the club<\/b><\/a><b>.<span class=\"Apple-converted-space\">\u00a0<\/span><\/b><\/p><p><b>For the title of Veteran Club champion will be accepted awards received from 15.09.2018.<\/b><\/p>\t\t\t\t\t\t\t\t<\/div>\n\t\t\t\t<\/div>\n\t\t\t\t<\/div>\n\t\t\t\t\t<\/div>\n\t\t\t\t<\/div>\n\t\t<div class=\"elementor-element elementor-element-2901916 e-flex e-con-boxed e-con e-parent\" data-id=\"2901916\" data-element_type=\"container\" data-e-type=\"container\">\n\t\t\t\t\t<div class=\"e-con-inner\">\n\t\t<main class=\"elementor-element elementor-element-feac20d e-con-full e-flex e-con e-child\" data-id=\"feac20d\" data-element_type=\"container\" data-e-type=\"container\">\n\t\t\t\t<div class=\"elementor-element elementor-element-354a715 elementor-widget elementor-widget-heading\" data-id=\"354a715\" data-element_type=\"widget\" data-e-type=\"widget\" data-widget_type=\"heading.default\">\n\t\t\t\t<div class=\"elementor-widget-container\">\n\t\t\t\t\t<h2 class=\"elementor-heading-title elementor-size-default\">ISPU Champion<\/h2>\t\t\t\t<\/div>\n\t\t\t\t<\/div>\n\t\t\t\t<div class=\"elementor-element elementor-element-cb91229 elementor-widget elementor-widget-text-editor\" data-id=\"cb91229\" data-element_type=\"widget\" data-e-type=\"widget\" data-widget_type=\"text-editor.default\">\n\t\t\t\t<div class=\"elementor-widget-container\">\n\t\t\t\t\t\t\t\t\t<h2>2019<\/h2>\n<p class=\"p1\"><span class=\"s1\">Riesenschnauzer Schwarz<b><br \/>VESPER Triumetal\u00a0<\/b>own.:\u00a0Ing. Jaroslava Sla\u010dkov\u00e1<b><br \/>RUDOLFA OK-ER<\/b><span class=\"Apple-converted-space\"> own.:<\/span>\u00a0Martin Li\u0161ka<\/span><\/p>\n<p class=\"p1\"><span class=\"s1\">Riesenschnauzer Pfeffersalz<br \/><\/span><span class=\"s1\"><b>LORRAINE Kelador<\/b>, own.: Zuzana Strakov\u00e1<b><br \/>NORMANN Kelador<\/b>, own.: Zuzana Strakov\u00e1<br \/><\/span><span class=\"s1\"><b>NEFERTARI Kelador<\/b>, own.: Zuzana Strakov\u00e1<\/span><\/p>\n<p class=\"p1\"><span class=\"s1\">ISPU \u2013 Club Senior Winner<b><br \/>HESTIA Kelador<\/b>,<span class=\"Apple-converted-space\"> own.:<\/span>\u00a0Zuzana Strakov\u00e1<b><br \/>HORUS Kelador<\/b>, own.: Zuzana Strakov\u00e1<\/span><\/p>\n<h2>2015<\/h2>\n<p>Riesenschnauzer Schwarz<b><br \/><\/b><strong>FELICITAS Kelador<\/strong>, own.: Zuzana Strakov\u00e1<br \/><strong>JESABELL Kelador<\/strong>, own.: Zuzana Strakov\u00e1<\/p>\n<h2>2014<\/h2>\n<p>Riesenschnauzer Schwarz<b><br \/>URIAH HEEP Radinie<\/b>, own.: Jaroslava Sla\u010dkov\u00e1<\/p>\n<p>Riesenschnauzer Pfeffersalz<b><br \/><\/b><strong>HESTIA Kelador<\/strong>, own.: Zuzana Strakov\u00e1<br \/><strong>HORUS Kelador<\/strong>, own.: Zuzana Strakov\u00e1<\/p>\n\t\t\t\t\t\t\t\t<\/div>\n\t\t\t\t<\/div>\n\t\t\t\t<\/main>\n\t\t<div class=\"elementor-element elementor-element-f0eeb42 e-con-full e-flex e-con e-child\" data-id=\"f0eeb42\" data-element_type=\"container\" data-e-type=\"container\">\n\t\t\t\t<div class=\"elementor-element elementor-element-2d554b7 elementor-widget elementor-widget-text-editor\" data-id=\"2d554b7\" data-element_type=\"widget\" data-e-type=\"widget\" data-widget_type=\"text-editor.default\">\n\t\t\t\t<div class=\"elementor-widget-container\">\n\t\t\t\t\t\t\t\t\t<h2>Regulations for the ISPU-Titles<\/h2><p>1. Following titles can be given first from show season 2000, by all members of the ISPU countries<br \/>ISPU-CLUB-WINNER<br \/>ISPU-CLUBYOUTH-WINNER<br \/>ISPU-CLUBSENIOR-WINNER<br \/>The members themselves have the authority and the way of acting, how to request and the presentation of the Titles.<\/p><p>2. The granting of the proposal cards will be in every membership countries the same, as following up:<\/p><p>2.1 The granting of the proposal cards can be given at every special show, were also will be given the CAC, Club champion and so on.<\/p><p>The proposal cards for the title of\u00a0ISPU-CLUBYOUTH-WINNER\u00a0will be given to the dogs in the Youth class.<\/p><p>a) (in the countries with the highest qualification \u201cvery good\u201d in Youth class) VG 1.<br \/>b) \u00a0in the countries with the highest qualification \u201cexcellent\u201d in Youth class) Ex. 1.<\/p><p>2.1.2 The proposal cards for the\u00a0ISPU-CLUB-WINNER\u00a0will be given in all classes (except the Youth \u2013 and Senior or Veteran class) these dogs with Ex. 1.<\/p><p>2.1.3 The proposal cards for the\u00a0ISPU-CLUBSENIOR-WINNER\u00a0the will be given to all placed dogs in the Senior or Veteran class.<\/p><p>3. If you are supplying the proposal cards, the costs are \u20ac 0.75, for every dog which is entered into the catalogue, \u20ac 0.50 will be send to the cashier of the ISPU. For the ISPU show, which is happening every year, will be send \u20ac 1.75 for each dog to the cashier of the ISPU.<\/p><p>4. The ISPU countries admit the given proposals from each other. Every club will exchange every proposal model from each other.<\/p><p>5. The ISPU-Titles are not permitted, by regulation of the FCI, to start into the champion class.<\/p><p>6. The granting of the titles\u00a0ISPU-CLUB-WINNER,\u00a0ISPU-CLUBYOUTH-WINNER\u00a0and\u00a0ISPU-CLUBSENIOR-WINNER\u00a0will be done in each own ISPU \u2013 country in her own account, and every dog need to have 3 proposal cards, and 1 card should be got at the ISPU show, what will be happening only one time every year or at the \u201cJahressiegerauslese\u201d of the Pinscher Schnauzer Klub 1895 e.V.. On this show and the Jahressiegerauslese of the PSK this proposal will be given to all the dogs, in adult class, who have received Excellent or in the youth class Excellent (Very Good). In the Senior and Veteran class to all the placed dogs, will be given this proposal. For the granting of the title\u00a0ISPU-CLUBYOUTH-WINNER\u00a0it is possible to take two proposal cards from the youth-class (one of the ISPU Show) and the next card of other classes up to an age of 24 months. This proposal card is not be able to take for other titles.<\/p><p>The granting of the day-title (ISPU-Show)\u00a0ISPU-Youth-Winner\u00a0will be given to all the\u00a0dogs, who have received in the youth class Excellent 1 (Very Good 1) this proposal.<\/p><p>The granting of the day-title (ISPU-Show) ISPU-Winner will be given (to this dog) after\u00a0judging the classes in the competition of all dogs, which have received in adult class\u00a0Excellent 1 this proposal.\u00a0The granting of the day-title (ISPU-Show)\u00a0ISPU-Senior-Winner\u00a0will be given to all these\u00a0dogs, which are placed at First in the Senior or Veteran class.<\/p>\t\t\t\t\t\t\t\t<\/div>\n\t\t\t\t<\/div>\n\t\t\t\t<\/div>\n\t\t\t\t\t<\/div>\n\t\t\t\t<\/div>\n\t\t\t\t<\/div>\n\t\t","protected":false},"excerpt":{"rendered":"<p>Club Champion ISPU Champion Club Champion 2023 Junior club champion 2023 Miniature schnauzer black &#8211; Victorious Star RAISE ME UP &#8211; Keszely Marco Giant schnauzer black and silver &#8211; AMIGO Habr\u016fvka &#8211; Sabatulov\u00e1 O\u013ega Mgr. Club champion 2023 Miniature schnauzer black and silver &#8211; ISABELLA CHRISTINKA Agape &#8211; Kro\u010danov\u00e1 Marta Miniature schnauzer pepper and salt [&hellip;]<\/p>\n","protected":false},"author":2,"featured_media":0,"parent":0,"menu_order":0,"comment_status":"closed","ping_status":"closed","template":"","meta":{"slim_seo":{"title":"Club Champion - KCHPB","description":"Club Champion ISPU Champion Club Champion 2023 Junior club champion 2023 Miniature schnauzer black - Victorious Star RAISE ME UP - Keszely Marco Giant schnauzer"},"footnotes":""},"class_list":["post-2979","page","type-page","status-publish","hentry"],"_links":{"self":[{"href":"https:\/\/www.schnauzerclub.sk\/en\/wp-json\/wp\/v2\/pages\/2979","targetHints":{"allow":["GET"]}}],"collection":[{"href":"https:\/\/www.schnauzerclub.sk\/en\/wp-json\/wp\/v2\/pages"}],"about":[{"href":"https:\/\/www.schnauzerclub.sk\/en\/wp-json\/wp\/v2\/types\/page"}],"author":[{"embeddable":true,"href":"https:\/\/www.schnauzerclub.sk\/en\/wp-json\/wp\/v2\/users\/2"}],"replies":[{"embeddable":true,"href":"https:\/\/www.schnauzerclub.sk\/en\/wp-json\/wp\/v2\/comments?post=2979"}],"version-history":[{"count":0,"href":"https:\/\/www.schnauzerclub.sk\/en\/wp-json\/wp\/v2\/pages\/2979\/revisions"}],"wp:attachment":[{"href":"https:\/\/www.schnauzerclub.sk\/en\/wp-json\/wp\/v2\/media?parent=2979"}],"curies":[{"name":"wp","href":"https:\/\/api.w.org\/{rel}","templated":true}]}}