{"id":2985,"date":"2025-10-17T16:51:06","date_gmt":"2025-10-17T14:51:06","guid":{"rendered":"http:\/\/www.schnauzerclub.sk\/?page_id=2985&#038;lang=en"},"modified":"2026-01-03T18:46:34","modified_gmt":"2026-01-03T16:46:34","slug":"contact","status":"publish","type":"page","link":"https:\/\/www.schnauzerclub.sk\/en\/contact\/","title":{"rendered":"Contact"},"content":{"rendered":"\t\t<div data-elementor-type=\"wp-page\" data-elementor-id=\"2985\" class=\"elementor elementor-2985 elementor-115\" data-elementor-post-type=\"page\">\n\t\t\t\t<div class=\"elementor-element elementor-element-65991c9 e-flex e-con-boxed e-con e-parent\" data-id=\"65991c9\" data-element_type=\"container\" data-e-type=\"container\">\n\t\t\t\t\t<div class=\"e-con-inner\">\n\t\t<div class=\"elementor-element elementor-element-87cac57 e-con-full e-flex e-con e-child\" data-id=\"87cac57\" data-element_type=\"container\" data-e-type=\"container\">\n\t\t\t\t<div class=\"elementor-element elementor-element-f38f609 elementor-widget elementor-widget-text-editor\" data-id=\"f38f609\" data-element_type=\"widget\" data-e-type=\"widget\" data-widget_type=\"text-editor.default\">\n\t\t\t\t<div class=\"elementor-widget-container\">\n\t\t\t\t\t\t\t\t\t<h3>Klub chovate\u013eov plemena brad\u00e1\u010d<\/h3><p>Smetanova 1221\/9, \u0160a\u013ea 927 01<br>Slovakia<\/p><p>Phone: 00421 907 562 616<br>I\u010cO 42128056<\/p><p>Tatra banka<br>Account number 2941014534\/1100<br>Account name: Klub chovate\u013eov plemena brad\u00e1\u010d<br>IBAN: SK74 1100 0000 0029 4101 4534<br>SWIFT: TATR SK BX<\/p>\t\t\t\t\t\t\t\t<\/div>\n\t\t\t\t<\/div>\n\t\t\t\t<\/div>\n\t\t<div class=\"elementor-element elementor-element-11082eb e-con-full e-flex e-con e-child\" data-id=\"11082eb\" data-element_type=\"container\" data-e-type=\"container\">\n\t\t\t\t<div class=\"elementor-element elementor-element-71dfccb elementor-widget elementor-widget-html\" data-id=\"71dfccb\" data-element_type=\"widget\" data-e-type=\"widget\" data-widget_type=\"html.default\">\n\t\t\t\t<div class=\"elementor-widget-container\">\n\t\t\t\t\t<iframe src=\"https:\/\/www.google.com\/maps\/embed?pb=!1m18!1m12!1m3!1d85181.82067354275!2d17.797067379379527!3d48.15011818461221!2m3!1f0!2f0!3f0!3m2!1i1024!2i768!4f13.1!3m3!1m2!1s0x476b6d0bdb6dfb9b%3A0xb50c8caf684e5ad1!2sSmetanova%201221%2F9%2C%20927%2001%20%C5%A0a%C4%BEa%2C%20Slovensko!5e0!3m2!1ssk!2sfr!4v1760723551530!5m2!1ssk!2sfr\" width=\"600\" height=\"450\" style=\"border:0;\" allowfullscreen=\"\" loading=\"lazy\" referrerpolicy=\"no-referrer-when-downgrade\"><\/iframe>\t\t\t\t<\/div>\n\t\t\t\t<\/div>\n\t\t\t\t<\/div>\n\t\t\t\t\t<\/div>\n\t\t\t\t<\/div>\n\t\t\t\t<\/div>\n\t\t","protected":false},"excerpt":{"rendered":"<p>Klub chovate\u013eov plemena brad\u00e1\u010d Smetanova 1221\/9, \u0160a\u013ea 927 01Slovakia Phone: 00421 907 562 616I\u010cO 42128056 Tatra bankaAccount number 2941014534\/1100Account name: Klub chovate\u013eov plemena brad\u00e1\u010dIBAN: SK74 1100 0000 0029 4101 4534SWIFT: TATR SK BX<\/p>\n","protected":false},"author":2,"featured_media":0,"parent":0,"menu_order":0,"comment_status":"closed","ping_status":"closed","template":"","meta":{"slim_seo":{"title":"Contact - KCHPB","description":"Klub chovate\u013eov plemena brad\u00e1\u010d Smetanova 1221\/9, \u0160a\u013ea 927 01 Slovakia Phone: 00421 907 562 616 I\u010cO 42128056 Tatra banka Account number 2941014534\/1100 Account n"},"footnotes":""},"class_list":["post-2985","page","type-page","status-publish","hentry"],"_links":{"self":[{"href":"https:\/\/www.schnauzerclub.sk\/en\/wp-json\/wp\/v2\/pages\/2985","targetHints":{"allow":["GET"]}}],"collection":[{"href":"https:\/\/www.schnauzerclub.sk\/en\/wp-json\/wp\/v2\/pages"}],"about":[{"href":"https:\/\/www.schnauzerclub.sk\/en\/wp-json\/wp\/v2\/types\/page"}],"author":[{"embeddable":true,"href":"https:\/\/www.schnauzerclub.sk\/en\/wp-json\/wp\/v2\/users\/2"}],"replies":[{"embeddable":true,"href":"https:\/\/www.schnauzerclub.sk\/en\/wp-json\/wp\/v2\/comments?post=2985"}],"version-history":[{"count":0,"href":"https:\/\/www.schnauzerclub.sk\/en\/wp-json\/wp\/v2\/pages\/2985\/revisions"}],"wp:attachment":[{"href":"https:\/\/www.schnauzerclub.sk\/en\/wp-json\/wp\/v2\/media?parent=2985"}],"curies":[{"name":"wp","href":"https:\/\/api.w.org\/{rel}","templated":true}]}}