{"id":2992,"date":"2026-01-03T18:33:01","date_gmt":"2026-01-03T16:33:01","guid":{"rendered":"http:\/\/www.schnauzerclub.sk\/?page_id=2992&#038;lang=en"},"modified":"2026-01-03T18:43:43","modified_gmt":"2026-01-03T16:43:43","slug":"payments","status":"publish","type":"page","link":"https:\/\/www.schnauzerclub.sk\/en\/payments\/","title":{"rendered":"Payments"},"content":{"rendered":"\t\t<div data-elementor-type=\"wp-page\" data-elementor-id=\"2992\" class=\"elementor elementor-2992 elementor-295\" data-elementor-post-type=\"page\">\n\t\t\t\t\t\t<section class=\"elementor-section elementor-top-section elementor-element elementor-element-d0c2fae elementor-section-full_width elementor-section-height-default elementor-section-height-default\" data-id=\"d0c2fae\" data-element_type=\"section\" data-e-type=\"section\" data-settings=\"{&quot;background_background&quot;:&quot;classic&quot;}\">\n\t\t\t\t\t\t<div class=\"elementor-container elementor-column-gap-no\">\n\t\t\t\t\t<div class=\"elementor-column elementor-col-100 elementor-top-column elementor-element elementor-element-d2fc0eb\" data-id=\"d2fc0eb\" data-element_type=\"column\" data-e-type=\"column\">\n\t\t\t<div class=\"elementor-widget-wrap elementor-element-populated\">\n\t\t\t\t\t\t<div class=\"elementor-element elementor-element-b7f09bb elementor-widget elementor-widget-spacer\" data-id=\"b7f09bb\" data-element_type=\"widget\" data-e-type=\"widget\" data-widget_type=\"spacer.default\">\n\t\t\t\t<div class=\"elementor-widget-container\">\n\t\t\t\t\t\t\t<div class=\"elementor-spacer\">\n\t\t\t<div class=\"elementor-spacer-inner\"><\/div>\n\t\t<\/div>\n\t\t\t\t\t\t<\/div>\n\t\t\t\t<\/div>\n\t\t\t\t\t<\/div>\n\t\t<\/div>\n\t\t\t\t\t<\/div>\n\t\t<\/section>\n\t\t\t\t<section class=\"elementor-section elementor-top-section elementor-element elementor-element-53718f51 elementor-section-boxed elementor-section-height-default elementor-section-height-default\" data-id=\"53718f51\" data-element_type=\"section\" data-e-type=\"section\">\n\t\t\t\t\t\t<div class=\"elementor-container elementor-column-gap-default\">\n\t\t\t\t\t<div class=\"elementor-column elementor-col-50 elementor-top-column elementor-element elementor-element-32ce35a0\" data-id=\"32ce35a0\" data-element_type=\"column\" data-e-type=\"column\" data-settings=\"{&quot;background_background&quot;:&quot;classic&quot;}\">\n\t\t\t<div class=\"elementor-widget-wrap elementor-element-populated\">\n\t\t\t\t\t\t<div class=\"elementor-element elementor-element-4f8ce1fc elementor-widget elementor-widget-text-editor\" data-id=\"4f8ce1fc\" data-element_type=\"widget\" data-e-type=\"widget\" data-widget_type=\"text-editor.default\">\n\t\t\t\t<div class=\"elementor-widget-container\">\n\t\t\t\t\t\t\t\t\t<p>V\u0161etky poplatky je potrebn\u00e9 uhradi\u0165 vopred prevodom na \u00fa\u010det <em>(nie priamym vkladom)<\/em> a fotok\u00f3pie \u00fahrady zasla\u0165 spolu so \u017eiados\u0165ami pr\u00edslu\u0161n\u00e9mu \u010dlenovi v\u00fdboru KCHPB.<\/p><p><strong><span style=\"color: #000000; font-family: Calibri; font-size: medium;\">Tatra banka<br \/>N\u00e1zov \u00fa\u010dtu: KCHPB<br \/><\/span><span style=\"color: #000000; font-family: Calibri; font-size: medium;\">\u010c\u00edslo \u00fa\u010dtu: 2941014534\/1100<br \/><\/span><span style=\"color: #000000; font-family: Calibri; font-size: medium;\">IBAN\/BIC: SK74 1100 0000 0029 4101 4534<br \/><\/span><span style=\"color: #000000; font-family: Calibri; font-size: medium;\">SWIFT: TATR SK BX<\/span><\/strong><\/p><div><span style=\"color: #ffffff;\"><img fetchpriority=\"high\" decoding=\"async\" class=\"aligncenter size-full wp-image-35878\" src=\"https:\/\/www.schnauzerclub.sk\/wp-content\/uploads\/2022\/01\/poplatky-EN.png\" alt=\"\" width=\"1388\" height=\"548\" srcset=\"https:\/\/www.schnauzerclub.sk\/wp-content\/uploads\/2022\/01\/poplatky-EN.png 1388w, https:\/\/www.schnauzerclub.sk\/wp-content\/uploads\/2022\/01\/poplatky-EN-300x118.png 300w, https:\/\/www.schnauzerclub.sk\/wp-content\/uploads\/2022\/01\/poplatky-EN-1024x404.png 1024w, https:\/\/www.schnauzerclub.sk\/wp-content\/uploads\/2022\/01\/poplatky-EN-768x303.png 768w\" sizes=\"(max-width: 1388px) 100vw, 1388px\" \/>.<\/span><\/div><div>\u00a0<\/div>\t\t\t\t\t\t\t\t<\/div>\n\t\t\t\t<\/div>\n\t\t\t\t\t<\/div>\n\t\t<\/div>\n\t\t\t\t<div class=\"elementor-column elementor-col-50 elementor-top-column elementor-element elementor-element-d0658a4\" data-id=\"d0658a4\" data-element_type=\"column\" data-e-type=\"column\" data-settings=\"{&quot;background_background&quot;:&quot;classic&quot;}\">\n\t\t\t<div class=\"elementor-widget-wrap elementor-element-populated\">\n\t\t\t\t\t\t\t<\/div>\n\t\t<\/div>\n\t\t\t\t\t<\/div>\n\t\t<\/section>\n\t\t\t\t<\/div>\n\t\t","protected":false},"excerpt":{"rendered":"<p>V\u0161etky poplatky je potrebn\u00e9 uhradi\u0165 vopred prevodom na \u00fa\u010det (nie priamym vkladom) a fotok\u00f3pie \u00fahrady zasla\u0165 spolu so \u017eiados\u0165ami pr\u00edslu\u0161n\u00e9mu \u010dlenovi v\u00fdboru KCHPB. Tatra banka N\u00e1zov \u00fa\u010dtu: KCHPB \u010c\u00edslo \u00fa\u010dtu: 2941014534\/1100 IBAN\/BIC: SK74 1100 0000 0029 4101 4534 SWIFT: TATR SK BX .<\/p>\n","protected":false},"author":2,"featured_media":0,"parent":0,"menu_order":0,"comment_status":"closed","ping_status":"closed","template":"","meta":{"slim_seo":{"title":"Payments - KCHPB","description":"V\u0161etky poplatky je potrebn\u00e9 uhradi\u0165 vopred prevodom na \u00fa\u010det (nie priamym vkladom) a fotok\u00f3pie \u00fahrady zasla\u0165 spolu so \u017eiados\u0165ami pr\u00edslu\u0161n\u00e9mu \u010dlenovi v\u00fdboru KCHPB"},"footnotes":""},"class_list":["post-2992","page","type-page","status-publish","hentry"],"_links":{"self":[{"href":"https:\/\/www.schnauzerclub.sk\/en\/wp-json\/wp\/v2\/pages\/2992","targetHints":{"allow":["GET"]}}],"collection":[{"href":"https:\/\/www.schnauzerclub.sk\/en\/wp-json\/wp\/v2\/pages"}],"about":[{"href":"https:\/\/www.schnauzerclub.sk\/en\/wp-json\/wp\/v2\/types\/page"}],"author":[{"embeddable":true,"href":"https:\/\/www.schnauzerclub.sk\/en\/wp-json\/wp\/v2\/users\/2"}],"replies":[{"embeddable":true,"href":"https:\/\/www.schnauzerclub.sk\/en\/wp-json\/wp\/v2\/comments?post=2992"}],"version-history":[{"count":0,"href":"https:\/\/www.schnauzerclub.sk\/en\/wp-json\/wp\/v2\/pages\/2992\/revisions"}],"wp:attachment":[{"href":"https:\/\/www.schnauzerclub.sk\/en\/wp-json\/wp\/v2\/media?parent=2992"}],"curies":[{"name":"wp","href":"https:\/\/api.w.org\/{rel}","templated":true}]}}