{"id":29969,"date":"2018-12-31T11:57:10","date_gmt":"2018-12-31T09:57:10","guid":{"rendered":"http:\/\/www.schnauzerclub.sk\/stud-book\/2018-zwergschnauzer\/"},"modified":"2021-01-05T20:06:43","modified_gmt":"2021-01-05T18:06:43","slug":"2018-zwergschnauzer","status":"publish","type":"page","link":"https:\/\/www.schnauzerclub.sk\/en\/stud-book\/2018-zwergschnauzer\/","title":{"rendered":"2018 Zwergschnauzer"},"content":{"rendered":"<p><strong>Zwergschnauzer<\/strong><strong><br \/>\n<\/strong><\/p>\n<p lang=\"de-DE\"><b>Dastynella elegant (black)<br \/>\n<\/b>Pint\u00e9r Karol<br \/>\n044 01 Drienovec 350<br \/>\n30.11.2017<br \/>\nEARNUR STAR FROM Dolina Rivendell\/SPKP 2319<br \/>\nKLEOPATRA Dastynella elegant\/SPKP 2552<br \/>\n2854 P AMENHOTEP<br \/>\n2855 S ASTIRET<\/p>\n<p lang=\"en-US\"><b>Dastynella elegant (black)<br \/>\n<\/b>Pint\u00e9r Karol<br \/>\n044 01 Drienovec 350<br \/>\n12.12.2017<br \/>\nCARLSBERG de Lordship\u00b4s\/LOE 232114<br \/>\nKAJA z \u0160ardanu\/SPKP 2104<br \/>\n2857 S BAHITI<br \/>\n2858 S BENNU-VIOLET<\/p>\n<p lang=\"en-US\"><b>z Bieleho domu (white)<br \/>\n<\/b>Stan\u00edk Miroslav<br \/>\nP\u00e1rnica 434,\u00a0026 01 Doln\u00fd Kub\u00edn<br \/>\n11.03.2018<br \/>\nBAILEY WHITE Hel-Mich\/CMKU 8956<br \/>\nBELLATRIX LESTRANGE z \u0160ardanu\/SPKP 2505<br \/>\n2860 P IRMIN<br \/>\n2861 S INNA<br \/>\n2862 S ICY<br \/>\n2863 S IZABELLA<br \/>\n2864 S INES<br \/>\n2865 S IZZI<\/p>\n<p lang=\"en-US\"><b>Dastynella elegant (pepper &amp; salt)<br \/>\n<\/b>Pint\u00e9r Karol<br \/>\n044 01 Drienovec 350<br \/>\n27.03.2018<br \/>\nJIN JANG Vigdergauz\/SPKP 2811<br \/>\nESET Dastynella elegant\/SPKP 2357<br \/>\n2866 P CHEOPS\u00b4S MIRACLE<\/p>\n<p lang=\"en-US\"><b>El Fuerte libre (black &amp; silver)<br \/>\n<\/b>Maruniakov\u00e1 Martina<br \/>\nJavorova 3071\/6<br \/>\n010 07 \u017dilina<br \/>\n07.03.2018<br \/>\nGARRY AIDA Isabau\/SPKP 2248<br \/>\nSTELLA Posledn\u00ed skaut\/SPKP 2219<br \/>\n2867 P CIRO<br \/>\n2868 P CODY<br \/>\n2869 S CLEA<br \/>\n2870 S CAYA<\/p>\n<p lang=\"en-US\"><b>Dastynella elegant (black &amp; silver)<br \/>\n<\/b>Pint\u00e9r Karol<br \/>\n044 01 Drienovec 350<br \/>\n30.04.2018<br \/>\nWINTER SURPRISE z \u0160ardanu\/SPKP 2397<br \/>\nJEKATERINA\u00b4S PEARL FROM Dolina Rivendell\/SPKP 2330<br \/>\n2872 S DAHSHUR HAPPY<br \/>\n2873 S DAJLA<\/p>\n<p lang=\"en-US\"><b>Dastynella elegant (white)<br \/>\n<\/b>Pint\u00e9r Karol<br \/>\n044 01 Drienovec 350<br \/>\n18.05.2018<br \/>\nATAI VAFER Happy Rebels\/SPKP 2498<br \/>\nMONSERRAT el joyero de la Margaux\/SPKP 2569<br \/>\n2874 P EGYPTIAN GOD<br \/>\n2875 P EMISET<br \/>\n2876 P ENEZIB<\/p>\n<p lang=\"en-US\"><b>Wild Rane (kpepper &amp; salt)<br \/>\n<\/b>Adam\u010diakovi Juraj a Andrea<br \/>\n\u017delezni\u010dn\u00e1 955,\u00a0034 95 Likavka<br \/>\n30.06.2018<br \/>\nOLIVER KING Astronaut\/SPKP 2574<br \/>\nTHE KYLIE BEKY Wild Rane\/SPKP 2562<br \/>\n2880 P HAYLEY OLIVER KING<br \/>\n2881 P HENRY OLIVER KING<br \/>\n2882 S HERM\u00cdNA THE KYLIE<br \/>\n2883 S HEDVIGA THE KYLIE<\/p>\n<p lang=\"en-US\"><b>Dastynella elegant (black &amp; silver)<br \/>\n<\/b>Pint\u00e9r Karol<br \/>\n044 01 Drienovec 350<br \/>\n01.07.2018<br \/>\nJEWEL OF THE NILE Dastynella elegant\/SPKP 2515<br \/>\nORKA Enel fenomen\/SPKP 2461<br \/>\n2884 S FLOWER FOR PHARAOH<br \/>\n2885 S FLOWER FOR RAMSES<br \/>\n2886 S FLOWER FROM KARNAK<br \/>\n2887 S FLOWER IN GIZA<br \/>\n2888 S FLOWER OF EGYPT<br \/>\n2889 S FLOWER OF N\u00cdLE<br \/>\n2890 S FLOWER OF PYRAM\u00cdD<\/p>\n<p lang=\"en-US\"><b>Dastynella elegant (black)<br \/>\n<\/b>Pint\u00e9r Karol<br \/>\n044 01 Drienovec 350<br \/>\n03.07.2018<br \/>\nCHEPR\u00c9R Dastynella elegant\/SPKP 2287<br \/>\nKLEOPATRA Dastynella elegant\/SPKP 2552<br \/>\n2891 P GIFT FOR CHEPRER<br \/>\n2892 P GIFT FOR PHARAOH<br \/>\n2893 P GIFT FROM EGYPT IN<br \/>\n2894 S GIFT FOR CLEOPATRA<br \/>\n2895 S GIFT FOR QUEEN<\/p>\n<p lang=\"en-US\"><b>My angel Tomi (black)<br \/>\n<\/b>Nechalovi Jana a Michal<br \/>\nPribinova 21,\u00a0053 11 Smi\u017eany<br \/>\n31.08.2018<br \/>\nJARED Enel fenomen\/SPKP 2259<br \/>\nSUGAR BABY FAIRY Wild Rane\/SPKP 2511<br \/>\n2896 P HIGHWAY TO HELL<br \/>\n2897 P HELL YEAH<br \/>\n2898 P HARD AS A ROCK<br \/>\n2899 S HOT STUFF<br \/>\n2900 S HI FIVE<br \/>\n2901 S HONEY PIE<\/p>\n<p lang=\"en-US\"><b>Wild Rane (black)<br \/>\n<\/b>Adam\u010diakovi Juraj a Andrea<br \/>\n\u017delezni\u010dn\u00e1 955,\u00a0034 95 Likavka<br \/>\n23.08.2018<br \/>\nSUPER STAR Kelly\u00b4s\/AKC 247967<br \/>\nJUST BEAUTY Victorious Star\/SPKP 2798<br \/>\n2902 S IAM STAR INGA<br \/>\n2903 S I LOVE STAR SARAH<br \/>\n2904 S I LOVE STAR SOPHIE<\/p>\n<p lang=\"en-US\"><b>Rosevelt (black &amp; silver)<br \/>\n<\/b>Moln\u00e1rov\u00e1 \u0160tef\u00e1nia<br \/>\n04461 Zlat\u00e1 Idka 238<br \/>\n23.09.2018<br \/>\nJEWEL OF THE NILE Dastynella elegant\/SPKP 2515<br \/>\nJUDITH SILVER Bikin dvor\/SPKP 2726<br \/>\n2906 P ALAN<br \/>\n2907 P ANTONIO<br \/>\n2908 S ALICE<br \/>\n2909 S AMANDA<br \/>\n2910 S ARIA<br \/>\n2911 S AURORA<\/p>\n<p lang=\"en-US\"><b>Bikin dvor (black)<br \/>\n<\/b>Havl\u00edkov\u00e1 Zuzana<br \/>\nSv\u00e4tourbansk\u00e1 40,\u00a0949 01 Nitra<br \/>\n30.09.2018<br \/>\nHEADY WHISKEY z Bractwa Odwaznych\/PKR 127160<br \/>\nEMILY BLACK Bikin dvor\/SPKP 2591<br \/>\n2912 P Q\u00b4BLACK CHICCO<br \/>\n2913 P Q\u00b4BLACK NICCO<br \/>\n2914 S Q\u00b4BLACK HANAYA<br \/>\n2915 S Q\u00b4BLACK YESSI<\/p>\n<p lang=\"en-US\"><b>Dastynella elegant (pepper &amp; salt)<br \/>\n<\/b>Pint\u00e9r Karol<br \/>\n044 01 Drienovec 350<br \/>\n22.10.2018<br \/>\nOWEN WILSON Hildebert\u00b4s\/LV 26141<br \/>\nUSHABTI Dastynella elegant\/SPKP 2702<br \/>\n2916 P HAAIBRE\u00b4S\u00b4USHABTI<br \/>\n2917 S HATHOR\u00b4S\u00b4USHABTI<br \/>\n2918 S HATSHEPSUT\u00b4S\u00b4USHABTI<br \/>\n2919 S HEKET\u00b4S\u00b4USHABTI<\/p>\n<p lang=\"en-US\"><b>Ante Castrum Lewa (black)<br \/>\n<\/b>Berkov\u00e1 Kl\u00e1ra Ing.<br \/>\n93569 Plav\u00e9 Vozokany 305<br \/>\n21.10.2018<br \/>\nBLASIUS Ante Castrum Lewa\/SPKP 2494<br \/>\nJEANNE D\u00b4ARC Enel fenomen\/SPKP 2262<br \/>\n2920 S IFIG\u00c9NIA<br \/>\n2921 S ISAURA<\/p>\n<p lang=\"en-US\"><b>Ante Castrum Lewa (pepper &amp; salt)<br \/>\n<\/b>Berkov\u00e1 Kl\u00e1ra Ing.<br \/>\n93569 Plav\u00e9 Vozokany 305<br \/>\n31.10.2018<br \/>\nKAVALIR Rezlark\/SPKP 2079<br \/>\nBUBA Astronaut\/SPKP 2504<br \/>\n2922 P JOACHIM<br \/>\n2923 S JEZABEL<\/p>\n<p lang=\"en-US\"><b>z Bieleho domu (white)<br \/>\n<\/b>Stan\u00edk Miroslav<br \/>\nP\u00e1rnica 434,\u00a0026 01 Doln\u00fd Kub\u00edn<br \/>\n02.11.2018<br \/>\nDRACO WHITE STAR OF Rainbowland\/PKR 117716<br \/>\nSPECIAL EVENT z \u0160ardanu\/SPKP 2307<br \/>\n2924 P JIMMY<br \/>\n2925 P JERRY<br \/>\n2926 P JOKER<br \/>\n2927 S JULIA<br \/>\n2928 S JESSICA<\/p>\n","protected":false},"excerpt":{"rendered":"<p>Zwergschnauzer Dastynella elegant (black) Pint\u00e9r Karol 044 01 Drienovec 350 30.11.2017 EARNUR STAR FROM Dolina Rivendell\/SPKP 2319 KLEOPATRA Dastynella elegant\/SPKP 2552 2854 P AMENHOTEP 2855 S ASTIRET Dastynella elegant (black) Pint\u00e9r Karol 044 01 Drienovec 350 12.12.2017 CARLSBERG de Lordship\u00b4s\/LOE 232114 KAJA z \u0160ardanu\/SPKP 2104 2857 S BAHITI 2858 S BENNU-VIOLET z Bieleho domu (white) [&hellip;]<\/p>\n","protected":false},"author":2,"featured_media":0,"parent":2990,"menu_order":0,"comment_status":"closed","ping_status":"closed","template":"","meta":{"slim_seo":{"title":"2018 Zwergschnauzer - KCHPB","description":"Zwergschnauzer Dastynella elegant (black) Pint\u00e9r Karol 044 01 Drienovec 350 30.11.2017 EARNUR STAR FROM Dolina Rivendell\/SPKP 2319 KLEOPATRA Dastynella elegant\/"},"footnotes":""},"class_list":["post-29969","page","type-page","status-publish","hentry"],"_links":{"self":[{"href":"https:\/\/www.schnauzerclub.sk\/en\/wp-json\/wp\/v2\/pages\/29969","targetHints":{"allow":["GET"]}}],"collection":[{"href":"https:\/\/www.schnauzerclub.sk\/en\/wp-json\/wp\/v2\/pages"}],"about":[{"href":"https:\/\/www.schnauzerclub.sk\/en\/wp-json\/wp\/v2\/types\/page"}],"author":[{"embeddable":true,"href":"https:\/\/www.schnauzerclub.sk\/en\/wp-json\/wp\/v2\/users\/2"}],"replies":[{"embeddable":true,"href":"https:\/\/www.schnauzerclub.sk\/en\/wp-json\/wp\/v2\/comments?post=29969"}],"version-history":[{"count":0,"href":"https:\/\/www.schnauzerclub.sk\/en\/wp-json\/wp\/v2\/pages\/29969\/revisions"}],"up":[{"embeddable":true,"href":"https:\/\/www.schnauzerclub.sk\/en\/wp-json\/wp\/v2\/pages\/2990"}],"wp:attachment":[{"href":"https:\/\/www.schnauzerclub.sk\/en\/wp-json\/wp\/v2\/media?parent=29969"}],"curies":[{"name":"wp","href":"https:\/\/api.w.org\/{rel}","templated":true}]}}