{"id":29974,"date":"2018-12-31T20:12:44","date_gmt":"2018-12-31T18:12:44","guid":{"rendered":"http:\/\/www.schnauzerclub.sk\/2018-schnauzer\/"},"modified":"2020-03-09T10:38:30","modified_gmt":"2020-03-09T08:38:30","slug":"2018-schnauzer","status":"publish","type":"page","link":"https:\/\/www.schnauzerclub.sk\/en\/stud-book\/2018-schnauzer\/","title":{"rendered":"2018 Schnauzer"},"content":{"rendered":"<p>[et_pb_section bb_built=&#8221;1&#8243; fullwidth=&#8221;on&#8221; _builder_version=&#8221;3.22&#8243; _i=&#8221;0&#8243; _address=&#8221;0&#8243; next_background_color=&#8221;#000000&#8243;][et_pb_fullwidth_menu admin_label=&#8221;Menu na cel\u00fa \u0161\u00edrku&#8221; menu_id=&#8221;68&#8243; submenu_direction=&#8221;downwards&#8221; _builder_version=&#8221;3.0.47&#8243; background_color=&#8221;#376796&#8243; background_layout=&#8221;dark&#8221; _i=&#8221;0&#8243; _address=&#8221;0.0&#8243; \/][\/et_pb_section][et_pb_section bb_built=&#8221;1&#8243; _builder_version=&#8221;3.22&#8243; _i=&#8221;1&#8243; _address=&#8221;1&#8243; prev_background_color=&#8221;#000000&#8243;][et_pb_row column_structure=&#8221;1_4,1_2,1_4&#8243; _builder_version=&#8221;3.25&#8243; background_size=&#8221;initial&#8221; background_position=&#8221;top_left&#8221; background_repeat=&#8221;repeat&#8221; _i=&#8221;0&#8243; _address=&#8221;1.0&#8243;][et_pb_column type=&#8221;1_4&#8243; _builder_version=&#8221;3.25&#8243; custom_padding=&#8221;|||&#8221; _i=&#8221;0&#8243; _address=&#8221;1.0.0&#8243; custom_padding__hover=&#8221;|||&#8221;][et_pb_sidebar admin_label=&#8221;Bo\u010dn\u00fd panel&#8221; area=&#8221;et_pb_widget_area_7&#8243; _builder_version=&#8221;3.0.74&#8243; body_line_height=&#8221;2em&#8221; remove_border=&#8221;off&#8221; _i=&#8221;0&#8243; _address=&#8221;1.0.0.0&#8243; \/][\/et_pb_column][et_pb_column type=&#8221;1_2&#8243; _builder_version=&#8221;3.25&#8243; custom_padding=&#8221;|||&#8221; _i=&#8221;1&#8243; _address=&#8221;1.0.1&#8243; custom_padding__hover=&#8221;|||&#8221;][et_pb_text _builder_version=&#8221;3.27.4&#8243; background_size=&#8221;initial&#8221; background_position=&#8221;top_left&#8221; background_repeat=&#8221;repeat&#8221; _i=&#8221;0&#8243; _address=&#8221;1.0.1.0&#8243; text_text_shadow_horizontal_length=&#8221;text_text_shadow_style,%91object Object%93&#8243; text_text_shadow_horizontal_length_tablet=&#8221;0px&#8221; text_text_shadow_vertical_length=&#8221;text_text_shadow_style,%91object Object%93&#8243; text_text_shadow_vertical_length_tablet=&#8221;0px&#8221; text_text_shadow_blur_strength=&#8221;text_text_shadow_style,%91object Object%93&#8243; text_text_shadow_blur_strength_tablet=&#8221;1px&#8221; link_text_shadow_horizontal_length=&#8221;link_text_shadow_style,%91object Object%93&#8243; link_text_shadow_horizontal_length_tablet=&#8221;0px&#8221; link_text_shadow_vertical_length=&#8221;link_text_shadow_style,%91object Object%93&#8243; link_text_shadow_vertical_length_tablet=&#8221;0px&#8221; link_text_shadow_blur_strength=&#8221;link_text_shadow_style,%91object Object%93&#8243; link_text_shadow_blur_strength_tablet=&#8221;1px&#8221; ul_text_shadow_horizontal_length=&#8221;ul_text_shadow_style,%91object Object%93&#8243; ul_text_shadow_horizontal_length_tablet=&#8221;0px&#8221; ul_text_shadow_vertical_length=&#8221;ul_text_shadow_style,%91object Object%93&#8243; ul_text_shadow_vertical_length_tablet=&#8221;0px&#8221; ul_text_shadow_blur_strength=&#8221;ul_text_shadow_style,%91object Object%93&#8243; ul_text_shadow_blur_strength_tablet=&#8221;1px&#8221; ol_text_shadow_horizontal_length=&#8221;ol_text_shadow_style,%91object Object%93&#8243; ol_text_shadow_horizontal_length_tablet=&#8221;0px&#8221; ol_text_shadow_vertical_length=&#8221;ol_text_shadow_style,%91object Object%93&#8243; ol_text_shadow_vertical_length_tablet=&#8221;0px&#8221; ol_text_shadow_blur_strength=&#8221;ol_text_shadow_style,%91object Object%93&#8243; ol_text_shadow_blur_strength_tablet=&#8221;1px&#8221; quote_text_shadow_horizontal_length=&#8221;quote_text_shadow_style,%91object Object%93&#8243; quote_text_shadow_horizontal_length_tablet=&#8221;0px&#8221; quote_text_shadow_vertical_length=&#8221;quote_text_shadow_style,%91object Object%93&#8243; quote_text_shadow_vertical_length_tablet=&#8221;0px&#8221; quote_text_shadow_blur_strength=&#8221;quote_text_shadow_style,%91object Object%93&#8243; quote_text_shadow_blur_strength_tablet=&#8221;1px&#8221; header_text_shadow_horizontal_length=&#8221;header_text_shadow_style,%91object Object%93&#8243; header_text_shadow_horizontal_length_tablet=&#8221;0px&#8221; header_text_shadow_vertical_length=&#8221;header_text_shadow_style,%91object Object%93&#8243; header_text_shadow_vertical_length_tablet=&#8221;0px&#8221; header_text_shadow_blur_strength=&#8221;header_text_shadow_style,%91object Object%93&#8243; header_text_shadow_blur_strength_tablet=&#8221;1px&#8221; header_2_text_shadow_horizontal_length=&#8221;header_2_text_shadow_style,%91object Object%93&#8243; header_2_text_shadow_horizontal_length_tablet=&#8221;0px&#8221; header_2_text_shadow_vertical_length=&#8221;header_2_text_shadow_style,%91object Object%93&#8243; header_2_text_shadow_vertical_length_tablet=&#8221;0px&#8221; header_2_text_shadow_blur_strength=&#8221;header_2_text_shadow_style,%91object Object%93&#8243; header_2_text_shadow_blur_strength_tablet=&#8221;1px&#8221; header_3_text_shadow_horizontal_length=&#8221;header_3_text_shadow_style,%91object Object%93&#8243; header_3_text_shadow_horizontal_length_tablet=&#8221;0px&#8221; header_3_text_shadow_vertical_length=&#8221;header_3_text_shadow_style,%91object Object%93&#8243; header_3_text_shadow_vertical_length_tablet=&#8221;0px&#8221; header_3_text_shadow_blur_strength=&#8221;header_3_text_shadow_style,%91object Object%93&#8243; header_3_text_shadow_blur_strength_tablet=&#8221;1px&#8221; header_4_text_shadow_horizontal_length=&#8221;header_4_text_shadow_style,%91object Object%93&#8243; header_4_text_shadow_horizontal_length_tablet=&#8221;0px&#8221; header_4_text_shadow_vertical_length=&#8221;header_4_text_shadow_style,%91object Object%93&#8243; header_4_text_shadow_vertical_length_tablet=&#8221;0px&#8221; header_4_text_shadow_blur_strength=&#8221;header_4_text_shadow_style,%91object Object%93&#8243; header_4_text_shadow_blur_strength_tablet=&#8221;1px&#8221; header_5_text_shadow_horizontal_length=&#8221;header_5_text_shadow_style,%91object Object%93&#8243; header_5_text_shadow_horizontal_length_tablet=&#8221;0px&#8221; header_5_text_shadow_vertical_length=&#8221;header_5_text_shadow_style,%91object Object%93&#8243; header_5_text_shadow_vertical_length_tablet=&#8221;0px&#8221; header_5_text_shadow_blur_strength=&#8221;header_5_text_shadow_style,%91object Object%93&#8243; header_5_text_shadow_blur_strength_tablet=&#8221;1px&#8221; header_6_text_shadow_horizontal_length=&#8221;header_6_text_shadow_style,%91object Object%93&#8243; header_6_text_shadow_horizontal_length_tablet=&#8221;0px&#8221; header_6_text_shadow_vertical_length=&#8221;header_6_text_shadow_style,%91object Object%93&#8243; header_6_text_shadow_vertical_length_tablet=&#8221;0px&#8221; header_6_text_shadow_blur_strength=&#8221;header_6_text_shadow_style,%91object Object%93&#8243; header_6_text_shadow_blur_strength_tablet=&#8221;1px&#8221; box_shadow_horizontal_tablet=&#8221;0px&#8221; box_shadow_vertical_tablet=&#8221;0px&#8221; box_shadow_blur_tablet=&#8221;40px&#8221; box_shadow_spread_tablet=&#8221;0px&#8221; z_index_tablet=&#8221;500&#8243;]<\/p>\n<p>Schnauzer <span class=\"Apple-converted-space\">\u00a0 <\/span>MITTELSCHLAG\/<\/p>\n<p><b><i>z\u00a0Romoru (pepper &amp; saltz)<br \/>\n<\/i><\/b>Drli\u010dkov\u00e1 Krist\u00edna<span class=\"Apple-converted-space\"><br \/>\n<\/span>Koll\u00e1rova 1634\/7<span class=\"Apple-converted-space\">,\u00a0<\/span>921 01 Pie\u0161\u0165any<span class=\"Apple-converted-space\"><br \/>\n<\/span>27.12.2017<br \/>\nBEST z Pekn\u00e9ho po\u013ea\/SPKP 1473<span class=\"Apple-converted-space\"><br \/>\n<\/span>EXIMMAA z Romoru\/SPKP 1463<span class=\"Apple-converted-space\"><br \/>\n<\/span>1515 <span class=\"Apple-converted-space\">\u00a0 <\/span>P CHAVIER<br \/>\n1516 <span class=\"Apple-converted-space\">\u00a0 <\/span>P CHERIF<br \/>\n1517 <span class=\"Apple-converted-space\">\u00a0 <\/span>P CHRAN<br \/>\n1518 <span class=\"Apple-converted-space\">\u00a0 <\/span>P CHAPLIN<br \/>\n1519 <span class=\"Apple-converted-space\">\u00a0 <\/span>P CHALIL<br \/>\n1520 <span class=\"Apple-converted-space\">\u00a0 <\/span>P CHAMIR<br \/>\n1521 <span class=\"Apple-converted-space\">\u00a0 <\/span>S CHINNA<br \/>\n1522 <span class=\"Apple-converted-space\">\u00a0 <\/span>S CHLOE<br \/>\n1523 <span class=\"Apple-converted-space\">\u00a0 <\/span>S CHERRY LADY<\/p>\n<p><b><i>z Pekn\u00e9ho po\u013ea (pepper &amp; saltz)<br \/>\n<\/i><\/b>Koll\u00e1rov\u00e1 Zuzana <span class=\"Apple-converted-space\"><br \/>\n<\/span>M. Kopernika 42, 917 01 Trnava <span class=\"Apple-converted-space\"><br \/>\n<\/span>14.06.2018<br \/>\nNEWTON Artax\u00b4s Angels\/PKR 125507<br \/>\nANETT z Pekn\u00e9ho po\u013ea\/SPKP 1407<br \/>\n1525 <span class=\"Apple-converted-space\">\u00a0 <\/span>P CALVIN<br \/>\n1526 <span class=\"Apple-converted-space\">\u00a0 <\/span>P CLARK<br \/>\n1527 <span class=\"Apple-converted-space\">\u00a0 <\/span>P CLEO<br \/>\n1528 <span class=\"Apple-converted-space\">\u00a0 <\/span>S CINDY<br \/>\n1529 <span class=\"Apple-converted-space\">\u00a0 <\/span>S COLLET<br \/>\n1530 <span class=\"Apple-converted-space\">\u00a0 <\/span>S CYNTIA ZOE<\/p>\n<p>[\/et_pb_text][\/et_pb_column][et_pb_column type=&#8221;1_4&#8243; _builder_version=&#8221;3.25&#8243; custom_padding=&#8221;|||&#8221; _i=&#8221;2&#8243; _address=&#8221;1.0.2&#8243; custom_padding__hover=&#8221;|||&#8221;][et_pb_sidebar admin_label=&#8221;Bo\u010dn\u00fd panel&#8221; orientation=&#8221;right&#8221; area=&#8221;sidebar-1&#8243; _builder_version=&#8221;3.27.3&#8243; header_text_color=&#8221;#ebe4dd&#8221; background_color=&#8221;#414d6c&#8221; _i=&#8221;0&#8243; _address=&#8221;1.0.2.0&#8243; \/][\/et_pb_column][\/et_pb_row][\/et_pb_section]<\/p>\n","protected":false},"excerpt":{"rendered":"<p>[et_pb_section bb_built=&#8221;1&#8243; fullwidth=&#8221;on&#8221; _builder_version=&#8221;3.22&#8243; _i=&#8221;0&#8243; _address=&#8221;0&#8243; next_background_color=&#8221;#000000&#8243;][et_pb_fullwidth_menu admin_label=&#8221;Menu na cel\u00fa \u0161\u00edrku&#8221; menu_id=&#8221;68&#8243; submenu_direction=&#8221;downwards&#8221; _builder_version=&#8221;3.0.47&#8243; background_color=&#8221;#376796&#8243; background_layout=&#8221;dark&#8221; _i=&#8221;0&#8243; _address=&#8221;0.0&#8243; \/][\/et_pb_section][et_pb_section bb_built=&#8221;1&#8243; _builder_version=&#8221;3.22&#8243; _i=&#8221;1&#8243; _address=&#8221;1&#8243; prev_background_color=&#8221;#000000&#8243;][et_pb_row column_structure=&#8221;1_4,1_2,1_4&#8243; _builder_version=&#8221;3.25&#8243; background_size=&#8221;initial&#8221; background_position=&#8221;top_left&#8221; background_repeat=&#8221;repeat&#8221; _i=&#8221;0&#8243; _address=&#8221;1.0&#8243;][et_pb_column type=&#8221;1_4&#8243; _builder_version=&#8221;3.25&#8243; custom_padding=&#8221;|||&#8221; _i=&#8221;0&#8243; _address=&#8221;1.0.0&#8243; custom_padding__hover=&#8221;|||&#8221;][et_pb_sidebar admin_label=&#8221;Bo\u010dn\u00fd panel&#8221; area=&#8221;et_pb_widget_area_7&#8243; _builder_version=&#8221;3.0.74&#8243; body_line_height=&#8221;2em&#8221; remove_border=&#8221;off&#8221; _i=&#8221;0&#8243; _address=&#8221;1.0.0.0&#8243; \/][\/et_pb_column][et_pb_column type=&#8221;1_2&#8243; _builder_version=&#8221;3.25&#8243; custom_padding=&#8221;|||&#8221; _i=&#8221;1&#8243; _address=&#8221;1.0.1&#8243; custom_padding__hover=&#8221;|||&#8221;][et_pb_text _builder_version=&#8221;3.27.4&#8243; background_size=&#8221;initial&#8221; background_position=&#8221;top_left&#8221; [&hellip;]<\/p>\n","protected":false},"author":2,"featured_media":0,"parent":2990,"menu_order":0,"comment_status":"closed","ping_status":"closed","template":"","meta":{"slim_seo":{"title":"2018 Schnauzer - KCHPB","description":"[et_pb_section bb_built=\"1\" fullwidth=\"on\" _builder_version=\"3.22\" _i=\"0\" _address=\"0\" next_background_color=\"#000000\"][et_pb_fullwidth_menu admin_label=\"Menu n"},"footnotes":""},"class_list":["post-29974","page","type-page","status-publish","hentry"],"_links":{"self":[{"href":"https:\/\/www.schnauzerclub.sk\/en\/wp-json\/wp\/v2\/pages\/29974","targetHints":{"allow":["GET"]}}],"collection":[{"href":"https:\/\/www.schnauzerclub.sk\/en\/wp-json\/wp\/v2\/pages"}],"about":[{"href":"https:\/\/www.schnauzerclub.sk\/en\/wp-json\/wp\/v2\/types\/page"}],"author":[{"embeddable":true,"href":"https:\/\/www.schnauzerclub.sk\/en\/wp-json\/wp\/v2\/users\/2"}],"replies":[{"embeddable":true,"href":"https:\/\/www.schnauzerclub.sk\/en\/wp-json\/wp\/v2\/comments?post=29974"}],"version-history":[{"count":0,"href":"https:\/\/www.schnauzerclub.sk\/en\/wp-json\/wp\/v2\/pages\/29974\/revisions"}],"up":[{"embeddable":true,"href":"https:\/\/www.schnauzerclub.sk\/en\/wp-json\/wp\/v2\/pages\/2990"}],"wp:attachment":[{"href":"https:\/\/www.schnauzerclub.sk\/en\/wp-json\/wp\/v2\/media?parent=29974"}],"curies":[{"name":"wp","href":"https:\/\/api.w.org\/{rel}","templated":true}]}}