{"id":2998,"date":"2025-10-05T19:38:31","date_gmt":"2025-10-05T17:38:31","guid":{"rendered":"http:\/\/www.schnauzerclub.sk\/?page_id=2998&#038;lang=en"},"modified":"2025-10-06T12:29:00","modified_gmt":"2025-10-06T10:29:00","slug":"results-of-the-club-shows","status":"publish","type":"page","link":"https:\/\/www.schnauzerclub.sk\/en\/results-of-the-club-shows\/","title":{"rendered":"Results of the Club shows"},"content":{"rendered":"\t\t<div data-elementor-type=\"wp-page\" data-elementor-id=\"2998\" class=\"elementor elementor-2998 elementor-1027\" data-elementor-post-type=\"page\">\n\t\t\t\t\t\t<section class=\"elementor-section elementor-top-section elementor-element elementor-element-766bc29 elementor-section-full_width elementor-section-height-default elementor-section-height-default\" data-id=\"766bc29\" data-element_type=\"section\" data-e-type=\"section\" data-settings=\"{&quot;background_background&quot;:&quot;classic&quot;}\">\n\t\t\t\t\t\t<div class=\"elementor-container elementor-column-gap-default\">\n\t\t\t\t\t<div class=\"elementor-column elementor-col-100 elementor-top-column elementor-element elementor-element-6cc86fa\" data-id=\"6cc86fa\" data-element_type=\"column\" data-e-type=\"column\">\n\t\t\t<div class=\"elementor-widget-wrap elementor-element-populated\">\n\t\t\t\t\t\t<div class=\"elementor-element elementor-element-8b56557 elementor-widget elementor-widget-spacer\" data-id=\"8b56557\" data-element_type=\"widget\" data-e-type=\"widget\" data-widget_type=\"spacer.default\">\n\t\t\t\t<div class=\"elementor-widget-container\">\n\t\t\t\t\t\t\t<div class=\"elementor-spacer\">\n\t\t\t<div class=\"elementor-spacer-inner\"><\/div>\n\t\t<\/div>\n\t\t\t\t\t\t<\/div>\n\t\t\t\t<\/div>\n\t\t\t\t\t<\/div>\n\t\t<\/div>\n\t\t\t\t\t<\/div>\n\t\t<\/section>\n\t\t<div class=\"elementor-element elementor-element-9142371 e-flex e-con-boxed e-con e-parent\" data-id=\"9142371\" data-element_type=\"container\" data-e-type=\"container\">\n\t\t\t\t\t<div class=\"e-con-inner\">\n\t\t<div class=\"elementor-element elementor-element-e514082 e-con-full e-flex e-con e-child\" data-id=\"e514082\" data-element_type=\"container\" data-e-type=\"container\" data-settings=\"{&quot;background_background&quot;:&quot;classic&quot;}\">\n\t\t\t\t<div class=\"elementor-element elementor-element-a67a6ad elementor-widget elementor-widget-heading\" data-id=\"a67a6ad\" data-element_type=\"widget\" data-e-type=\"widget\" data-widget_type=\"heading.default\">\n\t\t\t\t<div class=\"elementor-widget-container\">\n\t\t\t\t\t<h2 class=\"elementor-heading-title elementor-size-default\">Results Club Shows<\/h2>\t\t\t\t<\/div>\n\t\t\t\t<\/div>\n\t\t\t\t<div class=\"elementor-element elementor-element-11e54f6 elementor-widget elementor-widget-text-editor\" data-id=\"11e54f6\" data-element_type=\"widget\" data-e-type=\"widget\" data-widget_type=\"text-editor.default\">\n\t\t\t\t<div class=\"elementor-widget-container\">\n\t\t\t\t\t\t\t\t\t<p><strong>IX. Special Show CC 28.09.2025 Tes\u00e1re<br \/><\/strong><a href=\"https:\/\/www.schnauzerclub.sk\/wp-content\/uploads\/2025\/10\/vysledky_sv_28092025_en.pdf\"><span class=\"Apple-converted-space\">RESULTS <\/span><\/a><span class=\"Apple-converted-space\">| <\/span><a href=\"https:\/\/www.rajce.idnes.cz\/bradacklubsk\/album\/ix-specialna-vystava-cc-28-09-2025-tesare?utm_source=notification&amp;utm_medium=email&amp;utm_campaign=album-created\"><span class=\"Apple-converted-space\">PHOTO\u00a0<\/span><\/a><\/p><hr \/><p><strong>XXXVIII. Club Show CAC 27.09.2025 Tes\u00e1re\u00a0<br \/><\/strong><span class=\"Apple-converted-space\"><a href=\"https:\/\/www.schnauzerclub.sk\/wp-content\/uploads\/2025\/10\/vysledky_kv_27092025_en.pdf\">RESULTS<\/a> <\/span><strong><span class=\"Apple-converted-space\">| <\/span><\/strong><a href=\"https:\/\/www.rajce.idnes.cz\/bradacklubsk\/album\/xxxviii-klubova-vystava-cac-27-09-2025-tesare-nove-mlyny?utm_source=notification&amp;utm_medium=email&amp;utm_campaign=album-created\"><span class=\"Apple-converted-space\">PHOTO\u00a0<\/span><\/a><\/p><hr \/><p><strong>VIII. Special Show CC 01.06.2025 Tes\u00e1re <\/strong><span class=\"Apple-converted-space\"><a href=\"https:\/\/www.schnauzerclub.sk\/wp-content\/uploads\/2025\/08\/results_sv_010625_.pd\">RESULTS<\/a> | <a href=\"https:\/\/www.rajce.idnes.cz\/bradacklubsk\/album\/xxvii-specialna-vystava-cac-31-05-2025-tesare-nove-mlyny-video\/1691780635\">VIDEO<\/a> \u00a0| \u00a0<a href=\"https:\/\/www.rajce.idnes.cz\/bradacklubsk\/album\/viii-specialna-vystava-cc-01-06-2025-tesare?utm_source=notification&amp;utm_medium=email&amp;utm_campaign=album-created\">PHOTO<\/a><\/span><\/p><hr \/><p><b>XXVII. Special Show CAC <\/b><b>31.05.2025 Tes\u00e1re <\/b><a href=\"https:\/\/www.schnauzerclub.sk\/wp-content\/uploads\/2025\/08\/results_sv_31052025.pdf\">RESULTS<\/a> | <a href=\"https:\/\/www.rajce.idnes.cz\/bradacklubsk\/album\/xxvii-specialna-vystava-bradacov-cac-31-05-2025-tesare?utm_source=notification&amp;utm_medium=email&amp;utm_campaign=album-created\">PHOTO <\/a><\/p><hr \/><p><strong>VII. Special Show CC 15.09.2024 Tes\u00e1re <\/strong><span class=\"Apple-converted-space\"><a href=\"https:\/\/www.schnauzerclub.sk\/wp-content\/uploads\/2024\/12\/vysledky_15092024_en.pdf\">RESULTS<\/a> | <a href=\"https:\/\/www.rajce.idnes.cz\/bradacklubsk\/album\/vii-specialna-vystava-cc-tesare-nove-mlyny-16-9-2024\">PHOTOS\u00a0<\/a><\/span><\/p><hr \/><p><strong>XXXVII. Club Show CAC 14.09.2024 Tes\u00e1re<\/strong> <b><\/b><span class=\"Apple-converted-space\"><a href=\"https:\/\/www.schnauzerclub.sk\/wp-content\/uploads\/2025\/10\/vysledky_kv_14092024_en.pdf\">RESULTS<\/a> | <a href=\"https:\/\/www.rajce.idnes.cz\/bradacklubsk\/album\/xxxvi-klubova-vystava-cac-tesare-nove-mlyny-15-9-2024\">PHOTOS<\/a>\u00a0<\/span><\/p><hr \/><p><b>VI. Specialty Show <\/b><b>26.05.2024 Tes\u00e1re &#8211; Nov\u00e9 Mlyny <\/b><span class=\"Apple-converted-space\"><a href=\"https:\/\/www.schnauzerclub.sk\/wp-content\/uploads\/2024\/09\/vysledky-en-sv-26052024.pdf\">RESULTS<\/a> | <a href=\"https:\/\/www.rajce.idnes.cz\/bradacklubsk\/album\/vi-specialna-vystava-cc-tesare-nove-mlyny-26-05-24\">PHOTOS<\/a> | <a href=\"https:\/\/www.rajce.idnes.cz\/bradacklubsk\/album\/vi-specialna-vystava-cc-tesare-nove-mlyny-26-05-24-video\/1649739933\">VIDEO<\/a><\/span><\/p><hr \/><p><b>XXVI. Specialty Show <\/b><b>25.05.2024 Tes\u00e1re &#8211; Nov\u00e9 Mlyny<\/b><span class=\"Apple-converted-space\"><a href=\"https:\/\/www.schnauzerclub.sk\/wp-content\/uploads\/2024\/09\/vysledky_en-sv-25052024.pdf\"> RESULTS<\/a> | <a href=\"https:\/\/www.rajce.idnes.cz\/bradacklubsk\/album\/xxvi-specialna-vystava-bradacov-cac-25-05-2024-tesare\">PHOTOS<\/a> | <a href=\"https:\/\/www.rajce.idnes.cz\/bradacklubsk\/album\/vi-specialna-vystava-cc-tesare-nove-mlyny-26-05-24-video\/1649739933\">VIDEO<\/a><\/span><\/p><hr \/><p><strong>II. Jubilee Specialty Show 17.09.23 Tes\u00e1re <\/strong><a href=\"https:\/\/www.schnauzerclub.sk\/wp-content\/uploads\/2023\/11\/vysledky_17092023_sv.pdf\">RESULTS<\/a> | <a href=\"https:\/\/www.rajce.idnes.cz\/bradacklubsk\/album\/ii-jubilejna-specialna-vystava-tesare-nove-mlyny-17-9-2023\">PHOTO<\/a><\/p><hr \/><p><strong>XXXVI. Club Show CAC Tes\u00e1re 16.09.2023 <\/strong><a href=\"https:\/\/www.schnauzerclub.sk\/wp-content\/uploads\/2023\/11\/vysledky_16092023_kv.pdf\">RESULTS<\/a> | <a href=\"https:\/\/www.rajce.idnes.cz\/bradacklubsk\/album\/xxxvi-klubova-vystava-tesare-nove-mlyny-16-9-2023\">PHOTOS<\/a><\/p><hr \/><p><strong>V. Specialty Show Tes\u00e1re 04.06.2023 <\/strong><a href=\"https:\/\/www.schnauzerclub.sk\/wp-content\/uploads\/2023\/09\/vysledky_sv_04062023.pdf\">RESULTS<\/a> | <a href=\"https:\/\/www.rajce.idnes.cz\/bradacklubsk\/album\/v-specialna-vystava-bradacov-cc-tesare-nove-mlyny-4-6-2023\">PHOTOS<\/a><\/p><hr \/><p><strong>XXV. Specialty Show Tes\u00e1re 03.06.2023 <\/strong><a href=\"https:\/\/www.schnauzerclub.sk\/wp-content\/uploads\/2023\/09\/vysledky_sv_03062023.pdf\">RESULTS<\/a><strong> | <\/strong><a href=\"https:\/\/www.rajce.idnes.cz\/bradacklubsk\/album\/xxv-specialna-vystava-bradacov-cac-tesare-nove-mlyny-3-6-2023\">PHOTOS<\/a><\/p><hr \/><p><strong>IV. Specialty Show Tes\u00e1re 11.09.2022 <\/strong><a href=\"https:\/\/www.schnauzerclub.sk\/wp-content\/uploads\/2023\/06\/vysledky_sv_11092022.pdf\">RESULTS<\/a> | <a href=\"https:\/\/bradacklubsk.rajce.idnes.cz\/IV._Specialna_vystava_CC_Tesare_-_Nove_Mlyny_11.09.2022\/\">PHOTOS<\/a><\/p><hr \/><p><strong>XXXV. Club Show Tes\u00e1re 10.09.2022 <\/strong><a href=\"https:\/\/www.schnauzerclub.sk\/wp-content\/uploads\/2023\/06\/vysledky_kv_10092022.pdf\">RESULTS<\/a> | <a href=\"https:\/\/bradacklubsk.rajce.idnes.cz\/XXXV._Klubova_vystava_CAC_Tesare_-_Nove_Mlyny_10.09.2022\/\">PHOTOS\u00a0<\/a><\/p><hr \/><p><strong>XXIV.<\/strong>\u00a0<strong>Specialty Show Nov\u00e1 Ba\u0148a 04.06.22 <a href=\"https:\/\/www.schnauzerclub.sk\/wp-content\/uploads\/2022\/06\/vysledky_SV_04062022.pdf\">RESULTS<\/a><\/strong>\u00a0| <a href=\"https:\/\/bradacklubsk.rajce.idnes.cz\/XXIV._SV_bradacov_04.06.22_Nova_Bana\">PHOTOS<\/a><\/p><hr \/><p><strong>III. Specialty Show CC Tes\u00e1re &#8211; Nov\u00e9 Mlyny 12.9.2021<\/strong> <a href=\"https:\/\/www.schnauzerclub.sk\/wp-content\/uploads\/2021\/10\/vysledky_sv120921_tesare.pdf\">RESULTS<\/a> and <a href=\"https:\/\/bradacklubsk.rajce.idnes.cz\/III._Specialna_vystava_CC_Tesare_-_Nove_Mlyny_12.09.2021\/?fbclid=IwAR1XLr18mWnia3HBZTYvBKi8oNL8o-2mnmOzDevVnb-XPiiHjBeKGPwkh9Q\">PHOTOS<\/a><\/p><hr \/><p><strong>XXXIV. Club Show CAC Tes\u00e1re &#8211; Nov\u00e9 Mlyny 11.9.2021<\/strong> <a href=\"https:\/\/www.schnauzerclub.sk\/wp-content\/uploads\/2021\/10\/vysledky_kv-110921_tesare.pdf\">RESULTS<\/a> \u00a0and <a href=\"https:\/\/bradacklubsk.rajce.idnes.cz\/XXXIV._Klubova_vystava_Tesare_-_Nove_Mlyny_11.09.21\/1510018578?fbclid=IwAR0OjBDFTzudfp_z_3Hpxaq_-NxuyBEh8ULiRWZ_MhL7hSt6QQ8th7yqu8w\">PHOTOS<\/a><\/p><hr \/><p><strong>XXIII. Specialty Show Nov\u00e1 Ba\u0148a 06.06.2021<\/strong> <a href=\"https:\/\/www.schnauzerclub.sk\/wp-content\/uploads\/2021\/06\/vysledky-SV-06062021.pdf\">RESULTS<\/a> and <a href=\"https:\/\/bradacklubsk.rajce.idnes.cz\/XXIII._SV_Bradac_-_Nova_Bana_Bansky_dvor_06.06.2021\/\">PHOTOS<\/a><\/p><hr \/><p><strong>XXII. Specialty Show CAC Tes\u00e1re 13.09.2020 <\/strong><a href=\"https:\/\/www.schnauzerclub.sk\/wp-content\/uploads\/2020\/09\/SV_13092020.pdf\">RESULTS<\/a> and <a href=\"https:\/\/bradacklubsk.rajce.idnes.cz\/XXII._SV_Bradacov_-_Tesare_Nove_Mlyny_13.09.2020\/?\">PHOTOS<\/a><\/p><hr \/><p><strong>XXXIII. Club Show CAC Tes\u00e1re 12.09.2020 <\/strong><a href=\"https:\/\/www.schnauzerclub.sk\/wp-content\/uploads\/2020\/09\/KV_12092020.pdf\">RESULTS<\/a> and <a href=\"https:\/\/bradacklubsk.rajce.idnes.cz\/XXXIII._KV_Bradac_-_Tesare_Nove_Mlyny_12.09.20\/1462135649?\">PHOTOS<\/a><\/p><hr \/><p><strong>II. Schnauzer Specialty Show CC\u00a0Chvojnica 15.09.2019\u00a0<\/strong><a href=\"https:\/\/www.schnauzerclub.sk\/wp-content\/uploads\/2019\/09\/sv_chvojnica_150919.pdf\"><strong>RESULTS <\/strong><\/a>and <a href=\"https:\/\/www.zonerama.com\/Fotkybradacov\/778045?fbclid=IwAR3SA-GFT4FKE6_Q7lFWE_KR72KsXudyn8DgBITJtTXZZP9Kcn_y6V08Nf4\"><strong>PHOTOS<\/strong><\/a><\/p><hr \/><p><strong>XXXII. Schnauzer Club Show CAC\u00a0Chvojnica 14.09.2019 <a href=\"https:\/\/www.schnauzerclub.sk\/wp-content\/uploads\/2019\/09\/kv_chvojnica_140919.pdf\">\u00a0RESULTS <\/a><\/strong>and<a href=\"https:\/\/eva000.rajce.idnes.cz\/Klubova_vystava_bradacov\/\"><strong> PHOTOS<\/strong><\/a><\/p><hr \/><p><strong>XXI. Schnauzer Specialty Show CAC\u00a0Nov\u00e1 Ba\u0148a 19.05.2019\u00a0<\/strong>\u00a0<strong><a href=\"https:\/\/www.schnauzerclub.sk\/wp-content\/uploads\/2019\/05\/SV2019_katalog_vysledky.pdf\">CATALOG and RESULTS<\/a><\/strong>\u00a0and<strong>\u00a0<a href=\"https:\/\/anauel.rajce.idnes.cz\/SKV_Nova_Bana_19.05.19\/?\">PHOTOS<\/a><\/strong><\/p><hr \/><p><strong>XXXI. Schnazuer Club Show CAC Nov\u00e1 Ba\u0148a 15.09.2018 <\/strong><a href=\"https:\/\/www.schnauzerclub.sk\/wp-content\/uploads\/2018\/09\/Katalog-a-vysledky.pdf\"><strong>CATALOG AND RESULTS<\/strong><\/a> AND<strong><br \/><a href=\"https:\/\/www.schnauzerclub.sk\/wp-content\/uploads\/2018\/09\/Katalog.pdf\">CATALOG<\/a>, <a href=\"https:\/\/photos.app.goo.gl\/NZXicApCsYa6S9F68\">PHOTOS<\/a><\/strong><\/p><hr \/><p><strong>II. Anniversary Schnauzer Club Schow CAC Chvojnica 06.05.2018 <\/strong><strong><a href=\"https:\/\/www.schnauzerclub.sk\/wp-content\/uploads\/2018\/05\/Vysledky-VKV-6052018.doc\">CATALOG AND RESULTS<\/a><\/strong> and\u00a0<strong>\u00a0<a href=\"https:\/\/www.schnauzerclub.sk\/wp-content\/uploads\/2018\/05\/Zaverecky-VKV-Chvojnica-06052018.docx\">FINAL COMPETITIONS<\/a><br \/><a href=\"https:\/\/www.schnauzerclub.sk\/wp-content\/uploads\/2018\/05\/katalog_05-06052018.pdf\">CATALOG BOTH DAYS<\/a><br \/><\/strong><\/p><hr \/><p><strong>XX. Schnauzer Specialty Show CAC Chvojnica 05.05.2018 <\/strong>\u00a0<strong><a href=\"https:\/\/www.schnauzerclub.sk\/wp-content\/uploads\/2018\/05\/Vysledky-SV-05052018.doc\">CATALOG AND RESULTS<\/a><\/strong> and<strong>\u00a0<a href=\"https:\/\/www.schnauzerclub.sk\/wp-content\/uploads\/2018\/05\/Zaverecky-SV-Chvojnica-05052018.docx\">FINAL COMPETITIONS\u00a0<\/a><br \/><a href=\"https:\/\/www.schnauzerclub.sk\/wp-content\/uploads\/2018\/05\/katalog_05-06052018.pdf\">CATALOG BOTH DAYS<\/a><br \/><\/strong><\/p><hr \/><p><strong>I. Schnauzer Club Show CC without CAC titulu CAC Nov\u00e1 Ba\u0148a 10.09.2017 <\/strong>\u00a0<a href=\"https:\/\/www.schnauzerclub.sk\/wp-content\/uploads\/2018\/09\/katalog-a-vysledky_KV-2017.pdf\"><strong>CATALOG AND RESULTS<\/strong>\u00a0<\/a><\/p><hr \/><p><strong>\u00a0XXX. Schnauzer Club Shows Nov\u00e1 Ba\u0148a 09.09.2017 <\/strong><a href=\"https:\/\/www.schnauzerclub.sk\/wp-content\/uploads\/2015\/04\/katalog_KV-9-10-092017.pdf\"><strong>CATALOG<\/strong><\/a> and<strong><a href=\"https:\/\/www.schnauzerclub.sk\/wp-content\/uploads\/2015\/04\/vysledky-KV-09092017.pdf\">\u00a0RESULTS<\/a>\u00a0<\/strong><\/p><hr \/><p><strong>XIX.\u00a0Schnauzer Specialty Show Bratislava Incheba\u00a001.04.2017<\/strong> <strong><a href=\"https:\/\/photos.google.com\/share\/AF1QipMKDZBcObOGi5wfi6tO16QL4Se_Rm1ImZ9ouN1au-3LHCy_lK2WD3t0hnTJ2bC-ng?key=NTlfRHNOUHNFZlNDdFhfbk1PWTc3dl9oMWY0WFFR\">PHOTO<\/a><\/strong>, <strong><a href=\"http:\/\/www.schnauzerclub.sk\/wp-content\/uploads\/2017\/08\/katalg_SV-31032017.pdf\">CATALOG<\/a><\/strong> and\u00a0<strong><a href=\"http:\/\/www.schnauzerclub.sk\/wp-content\/uploads\/2017\/04\/Vysledky-SV-01042017.doc\">RESULTS<\/a><\/strong><\/p><hr \/><p><strong>XXIX. Schnauzer Club Show Bratislava 04.11.2016<\/strong> <strong><a href=\"http:\/\/www.schnauzerclub.sk\/wp-content\/uploads\/2017\/08\/katalog_KV-204112016.pdf\">CATALOG<\/a><\/strong>, <strong><a href=\"http:\/\/www.schnauzerclub.sk\/wp-content\/uploads\/2016\/11\/vysledky_KV-04112016.doc\">RESULTS<\/a><\/strong> a <strong><a href=\"https:\/\/goo.gl\/photos\/5NY8NNjE8grf2UuVA\">PHOTOGALLERY<\/a><\/strong><\/p><hr \/><p><strong>XVIII. Schnauzer Specialty Show Nov\u00fd Tekov\u00a028.05.2016<\/strong> <strong><a href=\"https:\/\/get.google.com\/albumarchive\/106619525581081937209\/album\/AF1QipMd2jpdzGiNnbv086m_HgdcDiABMUE9e1AargeJ?source=pwa\">PHOTO<\/a><\/strong>, <strong><a href=\"http:\/\/online.1stflip.com\/dnih\/35e6\/\">CATALOG<\/a><\/strong> and\u00a0<strong><a href=\"http:\/\/www.schnauzerclub.sk\/vysledky-sv-novy-tekov-28-5-2016\/\">RESULTS<\/a><\/strong><\/p><hr \/><p><strong><span class=\"style97\">XXVIII. Schnauzer Club Show Bratislava<\/span>\u00a023.10.2015 <a href=\"http:\/\/online.1stflip.com\/dnih\/34jt\/\" target=\"_blank\" rel=\"noopener noreferrer\">CATALOG<\/a>,<\/strong><strong>\u00a0<a href=\"http:\/\/www.schnauzerclub.sk\/wp-content\/uploads\/2015\/10\/vysledky-KV-Bratislava-23102015.pdf\" target=\"_blank\" rel=\"noopener noreferrer\">RESULTS<\/a>\u00a0<\/strong>and<strong>\u00a0<a href=\"https:\/\/picasaweb.google.com\/114809937149122553076\/KlubovaVystava23102015?authuser=0&amp;feat=directlink\">PHOTOGALLERY<\/a><\/strong><\/p><hr \/><p><strong>I. Anniversary Club Show Jasenie 31.05.2015 <\/strong><strong><a href=\"http:\/\/wildrane.rajce.idnes.cz\/1._Vyrocna_klubova_vystava_bradacov,_Jasenie-31.5.2016\">PHOTO<\/a>\u00a0<\/strong>show,\u00a0<strong><a href=\"http:\/\/wildrane.rajce.idnes.cz\/Raut_-_slavnostna_vecera_-_Jasenie_KCPB\">PHOTO<\/a><\/strong>dinne<strong>r<\/strong>, <strong><a href=\"http:\/\/www.schnauzerclub.sk\/wp-content\/uploads\/2015\/06\/katalog_SVsKV-Jasenie-2015.pdf\" target=\"_blank\" rel=\"noopener noreferrer\">CATALOG<\/a>\u00a0<\/strong>and<strong> <a href=\"http:\/\/online.1stflip.com\/dnih\/342h\/\" target=\"_blank\" rel=\"noopener noreferrer\">RESULTS<\/a><\/strong><\/p><hr \/><p><strong>XVII. Schnauzer Specialty Show Jasenie 30.05.2015<\/strong> <a style=\"line-height: 1.5;\" href=\"http:\/\/wildrane.rajce.idnes.cz\/XVII._Specialna_vystava_bradacov_-_30.5._2015_Jasenie\"><strong>PHOTO<\/strong><\/a><span style=\"line-height: 1.5;\">,\u00a0<strong><a href=\"http:\/\/online.1stflip.com\/dnih\/342g\/\" target=\"_blank\" rel=\"noopener noreferrer\">RESULTS<\/a><\/strong><\/span><\/p><hr \/><p><strong><span class=\"style97\">XXVII. Schnauzer Club Show Nitra<\/span>\u00a028.11.2014 <\/strong><strong style=\"line-height: 1.5;\"><a href=\"http:\/\/wildrane.rajce.idnes.cz\/Klubova_vystava_Nitra_2014\/\" target=\"_blank\" rel=\"noopener noreferrer\">FOTO,<\/a>\u00a0\u00a0<a href=\"http:\/\/online.1stflip.com\/dnih\/33sd\/\" target=\"_blank\" rel=\"noopener noreferrer\">CATALOG and RESULTS<\/a><\/strong><\/p><hr \/><p><strong><span class=\"style97\">XVI. Schnauzer Specialty Show Jasenie &#8211; 24. m\u00e1ja 2014 <\/span><\/strong><strong><a href=\"http:\/\/pssimon.rajce.idnes.cz\/XVI._Specialna_vystava_bradacov_-_Jasenie_24.5.2014\" target=\"_blank\" rel=\"noopener noreferrer\">FOTO<\/a>,\u00a0<a href=\"http:\/\/online.1stflip.com\/dnih\/33se\/\" target=\"_blank\" rel=\"noopener noreferrer\">KATAL\u00d3G a V\u00ddSLEDKY<\/a><\/strong><\/p><hr \/><p><strong><span class=\"style97\">XXVI. Schnauzer Club Show Nitra<\/span>\u00a029.11.2013 <a href=\"http:\/\/wildrane.rajce.idnes.cz\/XXVI._Klubova_vystava_bradacov_-_29.11.2013_-_Nitra\" target=\"_blank\" rel=\"noopener noreferrer\">FOTO<\/a>, <a href=\"http:\/\/online.1stflip.com\/dnih\/33sg\/\" target=\"_blank\" rel=\"noopener noreferrer\">CATALOG and RESULTS<\/a><\/strong><\/p><hr \/><p><strong><span class=\"style97\">XV. Schnauzer Specialty Show \u00a0PODH\u00c1JSKA 26.5.2013 <\/span><span class=\"style97\"><a href=\"http:\/\/frodolord.rajce.idnes.cz\/Specialna_vystava_plemena_bradac_-_Podhajska_2013-05-26\/\">FOTO<\/a>,\u00a0<a href=\"http:\/\/online.1stflip.com\/dnih\/33sh\/\" target=\"_blank\" rel=\"noopener noreferrer\">CATALOG and RESULTS<\/a><\/span><\/strong><\/p><hr \/><p><strong><span class=\"style97\">XXV. Schnauzer Club Show Nitra<\/span>\u00a030.11.2012,<\/strong><strong><span lang=\"en-us\">\u00a0<span class=\"style97\"><a href=\"http:\/\/online.1stflip.com\/dnih\/33si\/\" target=\"_blank\" rel=\"noopener noreferrer\">CATALOG a RESULTS<\/a><\/span><\/span><\/strong><\/p><hr \/><p><strong><span class=\"style97\">XIV. Schnauzer Specialty Show Bratislava 11.5. 2012 <\/span><span lang=\"en-us\"><span class=\"style32\"><span class=\"style99\"><a class=\"style2\" href=\"http:\/\/frodolord.rajce.idnes.cz\/XIV._SPECIALNA_VYSTAVA_11.5.2012_Bratislava\/\">FOTO<\/a>,<\/span><\/span><\/span><span lang=\"en-us\"><span class=\"style32\"><span class=\"style99\">\u00a0<\/span><\/span><\/span><span lang=\"en-us\"><span class=\"style32\"><span class=\"style99\"><span class=\"style97\"><a href=\"http:\/\/online.1stflip.com\/dnih\/33so\/\" target=\"_blank\" rel=\"noopener noreferrer\">RESULTS<\/a><\/span><\/span><\/span><\/span><\/strong><\/p><hr \/><p><strong><span class=\"style18\">XXIV. Schnauzer Club Show Svit\u00a010.9. 2011 <\/span><\/strong><strong style=\"line-height: 1.5;\"><a href=\"http:\/\/wildrane.rajce.idnes.cz\/XXIV._KVB_Svit_2011\">fotogal\u00e9ria I.<\/a>\u00a0<span class=\"style19\">,<\/span>\u00a0<a href=\"https:\/\/picasaweb.google.com\/DENTISZWISLY\/KlubovaVystavaPlemenaBradacSvit10092011?authuser=0&amp;feat=directlink\">fotogal\u00e9ria II.\u00a0<\/a>,\u00a0<span lang=\"en-us\"><span class=\"style96\"><a href=\"http:\/\/www.youtube.com\/watch?v=mcNrzD5s7lE&amp;feature=youtu.be\">video<\/a>, <a href=\"http:\/\/online.1stflip.com\/dnih\/33sp\/\" target=\"_blank\" rel=\"noopener noreferrer\">RESULTS<\/a><\/span><\/span><\/strong><\/p><hr \/><p><strong><span class=\"style18\">XXIII. Schnauzer Club Show 19.11.2010 &#8211; Nitra <\/span><\/strong><strong><a href=\"http:\/\/frodolord.rajce.idnes.cz\/Klubova_vystava_bradacov_Nitra_2010-11-19\/\">fotogal\u00e9ria<\/a>, <a href=\"http:\/\/online.1stflip.com\/dnih\/33ss\/\" target=\"_blank\" rel=\"noopener noreferrer\">RESULTS<\/a><\/strong><\/p><hr \/><p><strong>XII. Schnauzer\u00a0Specialty Show &#8211; 1.5.2010 &#8211; Svit <\/strong><strong><span class=\"style20\"><a href=\"http:\/\/wildrane.rajce.idnes.cz\/SV_Svit_2010\/\">fotogal\u00e9ria<\/a>,\u00a0<\/span><span class=\"style20\"><a href=\"http:\/\/online.1stflip.com\/dnih\/33sr\/\" target=\"_blank\" rel=\"noopener noreferrer\">RESULTS<\/a><\/span><\/strong><\/p><hr \/><p><strong><span class=\"style2\">XII. Schnauzer Club Show Vini\u010dn\u00e9 11.10.2009 <\/span><span class=\"style2\"><a href=\"http:\/\/online.1stflip.com\/dnih\/33sm\/\" target=\"_blank\" rel=\"noopener noreferrer\">RESULTS<\/a><\/span> <\/strong><\/p><hr \/><p><strong><span class=\"style97\">Schnauzer Specialty Show<\/span> 28.03.2009 <a href=\"http:\/\/online.1stflip.com\/dnih\/33sn\/\" target=\"_blank\" rel=\"noopener noreferrer\">RESULTS<\/a><\/strong><\/p><hr \/><p><strong>XXI. Schnauzer Club Show Nitra 01.11.2008 <a href=\"http:\/\/online.1stflip.com\/dnih\/33sl\/\" target=\"_blank\" rel=\"noopener noreferrer\">V\u00ddSLEDKY<\/a><\/strong><\/p><hr \/><p><strong><span class=\"style97\">Schnauzer Specialty Show<\/span> 29.3.2008 <a href=\"http:\/\/www.schnauzerclub.sk\/wp-content\/uploads\/2015\/06\/SV-2008-vysledky.odt\">RESULTS<\/a><\/strong><\/p><hr \/><p><strong>XX. Schnauzer Club Show Nitra 3.11.2007<\/strong><\/p><hr \/><p><strong><span class=\"style97\">Schnauzer Specialty Show<\/span> 17.03.2007 <a href=\"http:\/\/online.1stflip.com\/dnih\/33sk\/\" target=\"_blank\" rel=\"noopener noreferrer\">RESULTS<\/a><\/strong><\/p><hr \/><p><strong>Schnauzer Club Show Nitra 4.11.2006 <a href=\"http:\/\/\u0160peci\u00e1lna v\u00fdstava plemena brad\u00e1\u010d 17.03.2007\" target=\"_blank\" rel=\"noopener noreferrer\">RESULTS<\/a><\/strong><\/p><hr \/><p><strong> <span class=\"style97\">Schnauzer Specialty Show<\/span> Nitra 18.3.2006\u00a0<\/strong><\/p><hr \/>\t\t\t\t\t\t\t\t<\/div>\n\t\t\t\t<\/div>\n\t\t\t\t<\/div>\n\t\t<div class=\"elementor-element elementor-element-c594ba1 e-con-full e-flex e-con e-child\" data-id=\"c594ba1\" data-element_type=\"container\" data-e-type=\"container\" data-settings=\"{&quot;background_background&quot;:&quot;classic&quot;}\">\n\t\t\t\t<\/div>\n\t\t\t\t\t<\/div>\n\t\t\t\t<\/div>\n\t\t\t\t<\/div>\n\t\t","protected":false},"excerpt":{"rendered":"<p>Results Club Shows IX. Special Show CC 28.09.2025 Tes\u00e1reRESULTS | PHOTO\u00a0 XXXVIII. Club Show CAC 27.09.2025 Tes\u00e1re\u00a0RESULTS | PHOTO\u00a0 VIII. Special Show CC 01.06.2025 Tes\u00e1re RESULTS | VIDEO \u00a0| \u00a0PHOTO XXVII. Special Show CAC 31.05.2025 Tes\u00e1re RESULTS | PHOTO VII. Special Show CC 15.09.2024 Tes\u00e1re RESULTS | PHOTOS\u00a0 XXXVII. Club Show CAC 14.09.2024 Tes\u00e1re RESULTS [&hellip;]<\/p>\n","protected":false},"author":2,"featured_media":0,"parent":0,"menu_order":0,"comment_status":"closed","ping_status":"closed","template":"","meta":{"slim_seo":{"title":"Results of the Club shows - KCHPB","description":"Results Club Shows IX. Special Show CC 28.09.2025 Tes\u00e1re RESULTS | PHOTO\u00a0 XXXVIII. Club Show CAC 27.09.2025 Tes\u00e1re\u00a0 RESULTS | PHOTO\u00a0 VIII. Special Show CC 01.06"},"footnotes":""},"class_list":["post-2998","page","type-page","status-publish","hentry"],"_links":{"self":[{"href":"https:\/\/www.schnauzerclub.sk\/en\/wp-json\/wp\/v2\/pages\/2998","targetHints":{"allow":["GET"]}}],"collection":[{"href":"https:\/\/www.schnauzerclub.sk\/en\/wp-json\/wp\/v2\/pages"}],"about":[{"href":"https:\/\/www.schnauzerclub.sk\/en\/wp-json\/wp\/v2\/types\/page"}],"author":[{"embeddable":true,"href":"https:\/\/www.schnauzerclub.sk\/en\/wp-json\/wp\/v2\/users\/2"}],"replies":[{"embeddable":true,"href":"https:\/\/www.schnauzerclub.sk\/en\/wp-json\/wp\/v2\/comments?post=2998"}],"version-history":[{"count":0,"href":"https:\/\/www.schnauzerclub.sk\/en\/wp-json\/wp\/v2\/pages\/2998\/revisions"}],"wp:attachment":[{"href":"https:\/\/www.schnauzerclub.sk\/en\/wp-json\/wp\/v2\/media?parent=2998"}],"curies":[{"name":"wp","href":"https:\/\/api.w.org\/{rel}","templated":true}]}}