{"id":29987,"date":"2019-12-31T10:44:19","date_gmt":"2019-12-31T08:44:19","guid":{"rendered":"http:\/\/www.schnauzerclub.sk\/stud-book\/2019-schnauzer\/"},"modified":"2021-01-05T20:03:09","modified_gmt":"2021-01-05T18:03:09","slug":"2019-schnauzer","status":"publish","type":"page","link":"https:\/\/www.schnauzerclub.sk\/en\/stud-book\/2019-schnauzer\/","title":{"rendered":"2019 Schnauzer"},"content":{"rendered":"<p>Schnauzer mittelschlag<\/p>\n<p><b>z Romoru<\/b> \/ pepper-salt\/<br \/>\nDrli\u010dkov\u00e1 Krist\u00edna<br \/>\nKoll\u00e1rova 1634\/7, 921 01 Pie\u0161\u0165any<br \/>\n11.01.2019<br \/>\nBEST z Pekn\u00e9ho po\u013ea\/SPKP 1473<br \/>\nEXIMMA z Romoru\/SPKP 1463<br \/>\n1534 M IDEAL<br \/>\n1535 M IDEFIX<br \/>\n1536 M IDOL<br \/>\n1537 M INDUS<br \/>\n1538 M IWES<br \/>\n1539 F IKEA<br \/>\n1540 F INGE<br \/>\n1541 F INIKA<br \/>\n1542 F INKAVA<br \/>\n1543 F ISEBEL<br \/>\n1544 F IVETTE<br \/>\n1545 F IZUMI<\/p>\n","protected":false},"excerpt":{"rendered":"<p>Schnauzer mittelschlag z Romoru \/ pepper-salt\/ Drli\u010dkov\u00e1 Krist\u00edna Koll\u00e1rova 1634\/7, 921 01 Pie\u0161\u0165any 11.01.2019 BEST z Pekn\u00e9ho po\u013ea\/SPKP 1473 EXIMMA z Romoru\/SPKP 1463 1534 M IDEAL 1535 M IDEFIX 1536 M IDOL 1537 M INDUS 1538 M IWES 1539 F IKEA 1540 F INGE 1541 F INIKA 1542 F INKAVA 1543 F ISEBEL 1544 F [&hellip;]<\/p>\n","protected":false},"author":2,"featured_media":0,"parent":2990,"menu_order":0,"comment_status":"closed","ping_status":"closed","template":"","meta":{"slim_seo":{"title":"2019 Schnauzer - KCHPB","description":"Schnauzer mittelschlag z Romoru \/ pepper-salt\/ Drli\u010dkov\u00e1 Krist\u00edna Koll\u00e1rova 1634\/7, 921 01 Pie\u0161\u0165any 11.01.2019 BEST z Pekn\u00e9ho po\u013ea\/SPKP 1473 EXIMMA z Romoru\/SPK"},"footnotes":""},"class_list":["post-29987","page","type-page","status-publish","hentry"],"_links":{"self":[{"href":"https:\/\/www.schnauzerclub.sk\/en\/wp-json\/wp\/v2\/pages\/29987","targetHints":{"allow":["GET"]}}],"collection":[{"href":"https:\/\/www.schnauzerclub.sk\/en\/wp-json\/wp\/v2\/pages"}],"about":[{"href":"https:\/\/www.schnauzerclub.sk\/en\/wp-json\/wp\/v2\/types\/page"}],"author":[{"embeddable":true,"href":"https:\/\/www.schnauzerclub.sk\/en\/wp-json\/wp\/v2\/users\/2"}],"replies":[{"embeddable":true,"href":"https:\/\/www.schnauzerclub.sk\/en\/wp-json\/wp\/v2\/comments?post=29987"}],"version-history":[{"count":0,"href":"https:\/\/www.schnauzerclub.sk\/en\/wp-json\/wp\/v2\/pages\/29987\/revisions"}],"up":[{"embeddable":true,"href":"https:\/\/www.schnauzerclub.sk\/en\/wp-json\/wp\/v2\/pages\/2990"}],"wp:attachment":[{"href":"https:\/\/www.schnauzerclub.sk\/en\/wp-json\/wp\/v2\/media?parent=29987"}],"curies":[{"name":"wp","href":"https:\/\/api.w.org\/{rel}","templated":true}]}}